{"id":3496,"date":"2021-09-22T17:21:09","date_gmt":"2021-09-22T17:21:09","guid":{"rendered":"https:\/\/www.bilogistik.com\/politica-privacidad-2\/"},"modified":"2021-11-18T09:15:41","modified_gmt":"2021-11-18T09:15:41","slug":"politique-confidentialite","status":"publish","type":"page","link":"https:\/\/www.bilogistik.com\/fr\/politique-confidentialite\/","title":{"rendered":"Politique de Confidentialit\u00e9"},"content":{"rendered":"<header class=\"entry-header\">\r\n<div class=\"container\">\r\n<h1 class=\"entry-title\">Politique de Confidentialit\u00e9<\/h1>\r\n<\/div>\r\n<\/header>\r\n&nbsp;\r\n<p>Notre Politique de Confidentialit\u00e9 a \u00e9t\u00e9 \u00e9labor\u00e9e conform\u00e9ment au R\u00e8glement G\u00e9n\u00e9ral UE 2016\/679 sur la Protection des Donn\u00e9es, relatif \u00e0 la protection des personnes physiques \u00e0 l\u2019\u00e9gard du traitement des donn\u00e9es personnelles et de la libre circulation de ces derni\u00e8res. En nous apportant vos donn\u00e9es, vous d\u00e9clarez avoir lu et conna\u00eetre la Politique de Confidentialit\u00e9 pr\u00e9sente, et pr\u00eatez votre consentement expr\u00e8s et sans \u00e9quivoque au traitement de vos donn\u00e9es personnelles conform\u00e9ment aux finalit\u00e9s et aux conditions exprim\u00e9es ici. L\u2019entreprise pourra modifier la Politique de Confidentialit\u00e9 pr\u00e9sente pour l\u2019adapter aux nouveaut\u00e9s l\u00e9gislatives, jurisprudentielles ou d\u2019interpr\u00e9tation de l\u2019Agence Espagnole de Protection des Donn\u00e9es.<\/p>\r\n<h3>1. Donn\u00e9es du responsable du traitement<\/h3>\r\n<ul>\r\n<li>Titulaire : BILOGISTIK, S.A.<\/li>\r\n<li>Code d\u2019Identification Fiscale (CIF): A95692083<\/li>\r\n<li>Si\u00e8ge social: TERMINAL FERROVIARIA ADIF. Avenida Iparraguirre, 58. 48980 Santurtzi, Bizkaia<\/li>\r\n<li>Courrier \u00e9lectronique: <a href=\"mailto:agency@bilogistik.com\">agency@bilogistik.com<\/a><\/li>\r\n<li>T\u00e9l\u00e9phone: <a href=\"tel:+34944189069\"> (+34) 944 18 90 69<\/a><\/li>\r\n<\/ul>\r\n<h3>2. Finalit\u00e9<\/h3>\r\n<p><strong>\u00c0 quelle fin sont trait\u00e9es vos donn\u00e9es personnelles\u00a0?<\/strong><\/p>\r\n<p>BILOGISTIK, S.A. traite l\u2019information apport\u00e9e par les int\u00e9ress\u00e9s afin de pouvoir leur offrir des informations sur les produits de leur int\u00e9r\u00eat et de g\u00e9rer la relation commerciale. <strong>Combien de temps conservons-nous vos donn\u00e9es\u00a0?<\/strong> Les donn\u00e9es personnelles apport\u00e9es seront conserv\u00e9es pendant toute la dur\u00e9e de la relation commerciale ou tant que l\u2019int\u00e9ress\u00e9 n\u2019aura pas demand\u00e9 leur effacement.<\/p>\r\n<h3>3. L\u00e9gitimit\u00e9 du traitement<\/h3>\r\n<p><strong>Quel est le fondement l\u00e9gitime du traitement de vos donn\u00e9es\u00a0?<\/strong><\/p>\r\n<p>Le fondement l\u00e9gitime pour le traitement de vos donn\u00e9es est le consentement que vous pr\u00eatez au traitement de vos donn\u00e9es personnelles en vertu des dispositions du R\u00e8glement Europ\u00e9en (UE) 2016\/679 sur la protection des donn\u00e9es personnelles. Dans le cas de nos clients et fournisseurs, la l\u00e9gitimit\u00e9 du traitement est fond\u00e9e sur l\u2019ex\u00e9cution d\u2019un accord de fourniture de produits.<\/p>\r\n<h3>4. Destinataires<\/h3>\r\n<p><strong>\u00c0 qui vos donn\u00e9es seront-elles divulgu\u00e9es\u00a0?<\/strong><\/p>\r\n<p>Les donn\u00e9es apport\u00e9es ne seront pas divulgu\u00e9es ni c\u00e9d\u00e9es \u00e0 des tiers, sauf exigences l\u00e9gales ou afin de satisfaire \u00e0 nos obligations \u00e0 l&rsquo;\u00e9gard des administrations fiscales, de la S\u00e9curit\u00e9 Sociale et des organismes financiers.<\/p>\r\n<h3>5. Droits<\/h3>\r\n<p><strong>Quels sont vos droits lorsque vous nous apportez vos donn\u00e9es\u00a0?<\/strong><\/p>\r\n<p>Tous les utilisateurs ont le droit d\u2019obtenir de BILOGISTIK, S.A. la confirmation du traitement ou non des donn\u00e9es personnelles les concernant. Les int\u00e9ress\u00e9s auront le droit d\u2019acc\u00e9der \u00e0 leurs donn\u00e9es personnelles, de solliciter la rectification des donn\u00e9es inexactes ou, le cas \u00e9ch\u00e9ant, leur effacement lorsque, entre autres motifs, les donn\u00e9es ne seraient plus n\u00e9cessaires aux fins pour lesquelles elles ont \u00e9t\u00e9 collect\u00e9es. Dans certaines circonstances, les int\u00e9ress\u00e9s pourront demander la limitation du traitement de leurs donn\u00e9es, auquel cas celles\u2014ci ne seront conserv\u00e9es que pour l\u2019exercice ou la d\u00e9fense de r\u00e9clamations. Dans certaines circonstances et pour des motifs attenant \u00e0 leur situation personnelle, les int\u00e9ress\u00e9s pourront s\u2019opposer au traitement de leurs donn\u00e9es. BILOGISTIK, S.A. cessera de traiter les donn\u00e9es, sauf motifs imp\u00e9ratifs ou pour l\u2019exercice ou la d\u00e9fense d&rsquo;\u00e9ventuelles r\u00e9clamations. Pour l\u2019exercice de leurs droits, les int\u00e9ress\u00e9s devront indiquer dans leur demande leur nom complet et le droit qu\u2019ils souhaitent exercer, en joignant une copie d&rsquo;une pi\u00e8ce d\u2019identit\u00e9 ou autre document faisant foi de leur identit\u00e9. S&rsquo;ils consid\u00e9raient qu\u2019ils n\u2019ont pas obtenu satisfaction \u00e0 l\u2019\u00e9gard de l\u2019exercice de leurs droits, ils pourront aussi pr\u00e9senter une r\u00e9clamation aupr\u00e8s de l\u2019Agence Espagnole de Protection des Donn\u00e9es.<\/p>","protected":false},"excerpt":{"rendered":"<p>Politique de Confidentialit\u00e9 &nbsp; Notre Politique de Confidentialit\u00e9 a \u00e9t\u00e9 \u00e9labor\u00e9e conform\u00e9ment au R\u00e8glement G\u00e9n\u00e9ral UE 2016\/679 sur la Protection des Donn\u00e9es, relatif \u00e0 la [&hellip;]<\/p>\n","protected":false},"author":1,"featured_media":0,"parent":0,"menu_order":0,"comment_status":"closed","ping_status":"closed","template":"","meta":{"om_disable_all_campaigns":false,"_monsterinsights_skip_tracking":false,"_monsterinsights_sitenote_active":false,"_monsterinsights_sitenote_note":"","_monsterinsights_sitenote_category":0,"footnotes":""},"class_list":["post-3496","page","type-page","status-publish","hentry"],"aioseo_notices":[],"yoast_head":"<!-- This site is optimized with the Yoast SEO plugin v27.5 - https:\/\/yoast.com\/product\/yoast-seo-wordpress\/ -->\n<title>Politique de Confidentialit\u00e9 | Bilogistik<\/title>\n<meta name=\"robots\" content=\"index, follow, max-snippet:-1, max-image-preview:large, max-video-preview:-1\" \/>\n<link rel=\"canonical\" href=\"https:\/\/www.bilogistik.com\/fr\/politique-confidentialite\/\" \/>\n<meta property=\"og:locale\" content=\"fr_FR\" \/>\n<meta property=\"og:type\" content=\"article\" \/>\n<meta property=\"og:title\" content=\"Politique de Confidentialit\u00e9 | Bilogistik\" \/>\n<meta property=\"og:description\" content=\"Politique de Confidentialit\u00e9 &nbsp; Notre Politique de Confidentialit\u00e9 a \u00e9t\u00e9 \u00e9labor\u00e9e conform\u00e9ment au R\u00e8glement G\u00e9n\u00e9ral UE 2016\/679 sur la Protection des Donn\u00e9es, relatif \u00e0 la [&hellip;]\" \/>\n<meta property=\"og:url\" content=\"https:\/\/www.bilogistik.com\/fr\/politique-confidentialite\/\" \/>\n<meta property=\"og:site_name\" content=\"Bilogistik\" \/>\n<meta property=\"article:modified_time\" content=\"2021-11-18T09:15:41+00:00\" \/>\n<meta name=\"twitter:card\" content=\"summary_large_image\" \/>\n<meta name=\"twitter:label1\" content=\"Dur\u00e9e de lecture estim\u00e9e\" \/>\n\t<meta name=\"twitter:data1\" content=\"3 minutes\" \/>\n<script type=\"application\/ld+json\" class=\"yoast-schema-graph\">{\"@context\":\"https:\\\/\\\/schema.org\",\"@graph\":[{\"@type\":\"WebPage\",\"@id\":\"https:\\\/\\\/www.bilogistik.com\\\/fr\\\/politique-confidentialite\\\/\",\"url\":\"https:\\\/\\\/www.bilogistik.com\\\/fr\\\/politique-confidentialite\\\/\",\"name\":\"Politique de Confidentialit\u00e9 | Bilogistik\",\"isPartOf\":{\"@id\":\"https:\\\/\\\/www.bilogistik.com\\\/fr\\\/#website\"},\"datePublished\":\"2021-09-22T17:21:09+00:00\",\"dateModified\":\"2021-11-18T09:15:41+00:00\",\"inLanguage\":\"fr-FR\",\"potentialAction\":[{\"@type\":\"ReadAction\",\"target\":[\"https:\\\/\\\/www.bilogistik.com\\\/fr\\\/politique-confidentialite\\\/\"]}]},{\"@type\":\"WebSite\",\"@id\":\"https:\\\/\\\/www.bilogistik.com\\\/fr\\\/#website\",\"url\":\"https:\\\/\\\/www.bilogistik.com\\\/fr\\\/\",\"name\":\"Bilogistik\",\"description\":\"\",\"potentialAction\":[{\"@type\":\"SearchAction\",\"target\":{\"@type\":\"EntryPoint\",\"urlTemplate\":\"https:\\\/\\\/www.bilogistik.com\\\/fr\\\/?s={search_term_string}\"},\"query-input\":{\"@type\":\"PropertyValueSpecification\",\"valueRequired\":true,\"valueName\":\"search_term_string\"}}],\"inLanguage\":\"fr-FR\"}]}<\/script>\n<!-- \/ Yoast SEO plugin. -->","yoast_head_json":{"title":"Politique de Confidentialit\u00e9 | Bilogistik","robots":{"index":"index","follow":"follow","max-snippet":"max-snippet:-1","max-image-preview":"max-image-preview:large","max-video-preview":"max-video-preview:-1"},"canonical":"https:\/\/www.bilogistik.com\/fr\/politique-confidentialite\/","og_locale":"fr_FR","og_type":"article","og_title":"Politique de Confidentialit\u00e9 | Bilogistik","og_description":"Politique de Confidentialit\u00e9 &nbsp; Notre Politique de Confidentialit\u00e9 a \u00e9t\u00e9 \u00e9labor\u00e9e conform\u00e9ment au R\u00e8glement G\u00e9n\u00e9ral UE 2016\/679 sur la Protection des Donn\u00e9es, relatif \u00e0 la [&hellip;]","og_url":"https:\/\/www.bilogistik.com\/fr\/politique-confidentialite\/","og_site_name":"Bilogistik","article_modified_time":"2021-11-18T09:15:41+00:00","twitter_card":"summary_large_image","twitter_misc":{"Dur\u00e9e de lecture estim\u00e9e":"3 minutes"},"schema":{"@context":"https:\/\/schema.org","@graph":[{"@type":"WebPage","@id":"https:\/\/www.bilogistik.com\/fr\/politique-confidentialite\/","url":"https:\/\/www.bilogistik.com\/fr\/politique-confidentialite\/","name":"Politique de Confidentialit\u00e9 | Bilogistik","isPartOf":{"@id":"https:\/\/www.bilogistik.com\/fr\/#website"},"datePublished":"2021-09-22T17:21:09+00:00","dateModified":"2021-11-18T09:15:41+00:00","inLanguage":"fr-FR","potentialAction":[{"@type":"ReadAction","target":["https:\/\/www.bilogistik.com\/fr\/politique-confidentialite\/"]}]},{"@type":"WebSite","@id":"https:\/\/www.bilogistik.com\/fr\/#website","url":"https:\/\/www.bilogistik.com\/fr\/","name":"Bilogistik","description":"","potentialAction":[{"@type":"SearchAction","target":{"@type":"EntryPoint","urlTemplate":"https:\/\/www.bilogistik.com\/fr\/?s={search_term_string}"},"query-input":{"@type":"PropertyValueSpecification","valueRequired":true,"valueName":"search_term_string"}}],"inLanguage":"fr-FR"}]}},"_links":{"self":[{"href":"https:\/\/www.bilogistik.com\/fr\/wp-json\/wp\/v2\/pages\/3496","targetHints":{"allow":["GET"]}}],"collection":[{"href":"https:\/\/www.bilogistik.com\/fr\/wp-json\/wp\/v2\/pages"}],"about":[{"href":"https:\/\/www.bilogistik.com\/fr\/wp-json\/wp\/v2\/types\/page"}],"author":[{"embeddable":true,"href":"https:\/\/www.bilogistik.com\/fr\/wp-json\/wp\/v2\/users\/1"}],"replies":[{"embeddable":true,"href":"https:\/\/www.bilogistik.com\/fr\/wp-json\/wp\/v2\/comments?post=3496"}],"version-history":[{"count":0,"href":"https:\/\/www.bilogistik.com\/fr\/wp-json\/wp\/v2\/pages\/3496\/revisions"}],"wp:attachment":[{"href":"https:\/\/www.bilogistik.com\/fr\/wp-json\/wp\/v2\/media?parent=3496"}],"curies":[{"name":"wp","href":"https:\/\/api.w.org\/{rel}","templated":true}]}}