{"id":3449,"date":"2021-08-26T10:30:57","date_gmt":"2021-08-26T10:30:57","guid":{"rendered":"https:\/\/www.bilogistik.com\/services-logistiques\/aduanas\/"},"modified":"2021-12-17T10:46:06","modified_gmt":"2021-12-17T10:46:06","slug":"douanes","status":"publish","type":"page","link":"https:\/\/www.bilogistik.com\/fr\/services-logistiques\/douanes\/","title":{"rendered":"Gestion des douanes"},"content":{"rendered":"<header class=\"entry-header\" style=\"background-image: url('\/wp-content\/uploads\/bg-gestion-aduanas.jpg');\">\r\n<div class=\"container\">\r\n<h1 class=\"entry-title\">Gestion des douanes<\/h1>\r\n<p>Pour que la bureaucratie ne soit pas un probl\u00e8me, Bilogistik assouplit les processus et facilite toute la gestion des formalit\u00e9s portuaires et douani\u00e8res \u00e0 travers ses agents des douanes.<\/p>\r\n<p>Nous connaissons les diff\u00e9rents types de marchandises et la r\u00e9glementation appliqu\u00e9e \u00e0 chaque moyen de transport pour faciliter la souplesse et la transparence du service, en \u00e9vitant toutes sortes de retards pour des raisons l\u00e9gales ou fiscales.<\/p>\r\n<\/div>\r\n<\/header>\r\n\r\n\r\n<section>\r\n<h2 class=\"text-center max-900\">Les avantages de notre service de gestion des douanes<\/h2>\r\n<ul class=\"lista-iconos\">\r\n<li><img decoding=\"async\" src=\"https:\/\/www.bilogistik.com\/wp-content\/uploads\/icono-tramites.svg\" alt=\"Todos los tr\u00e1mites\" \/>\r\n<p>Nous nous occupons de toutes les d\u00e9marches n\u00e9cessaires.<\/p>\r\n<\/li>\r\n<li><img decoding=\"async\" src=\"https:\/\/www.bilogistik.com\/wp-content\/uploads\/icono-manipulacion-almacenaje.svg\" alt=\"Agilidad y seguridad\" \/>\r\n<p>Plus de rapidit\u00e9 et de s\u00e9curit\u00e9 de l\u2019op\u00e9ration logistique.<\/p>\r\n<\/li>\r\n<li><img decoding=\"async\" src=\"https:\/\/www.bilogistik.com\/wp-content\/uploads\/icono-eficiencia-costes.svg\" alt=\"Eficiencia en costes\" \/>\r\n<p>Meilleures performances en co\u00fbts.<\/p>\r\n<\/li>\r\n<li><img decoding=\"async\" src=\"https:\/\/www.bilogistik.com\/wp-content\/uploads\/icono-transparencia-proceso.svg\" alt=\"Transparencia en los procesos\" \/>\r\n<p>Transparence des processus.<\/p>\r\n<\/li>\r\n<\/ul>\r\n<p class=\"text-center\"><a class=\"button cta-primary\" href=\"https:\/\/www.bilogistik.com\/fr\/contact\/\">En savoir plus<\/a><\/p>\r\n<\/section>\r\n\r\n\r\n\r\n<section>\r\n<div class=\"row\">\r\n<div class=\"col-6\"><img decoding=\"async\" src=\"https:\/\/www.bilogistik.com\/wp-content\/uploads\/2021\/09\/gestion-aduanas-internacionales.jpg\" alt=\"Gesti\u00f3n de aduanas internacionales\" \/><\/div>\r\n<div class=\"col-6\">\r\n<h2>Gestion de douanes internationales<\/h2>\r\n<p>Les normes internationales en mati\u00e8re de commerce \u00e9voluent constamment, en fonction des diff\u00e9rentes l\u00e9gislations nationales et des accords entre pays ou zones commerciales. C\u2019est pourquoi il est sage de laisser ces d\u00e9marches dans les mains de professionnels, qui se chargeront de satisfaire en toutes circonstances aux demandes des autorit\u00e9s douani\u00e8res.<\/p>\r\n<p>Bilogistik met \u00e0 votre disposition des experts et des conseillers en fiscalit\u00e9 internationale et gestion de douanes. Nous nous occupons de tout, en r\u00e9alisant les formalit\u00e9s et les contr\u00f4les pr\u00e9alables pertinents pour que la cargaison arrive au pays de destination \u00e0 temps, sans p\u00e9nalit\u00e9s ni retenues.<\/p>\r\n<a class=\"button cta-primary\" href=\"https:\/\/www.bilogistik.com\/fr\/contact\/devis\/\">Demander un devis<\/a><\/div>\r\n<\/div>\r\n<\/section>\r\n\r\n\r\n\r\n<section>\r\n<h2>D\u00e9douanements<\/h2>\r\n<p>Le d\u00e9douanement est un ensemble de formalit\u00e9s et d\u2019exigences relatives \u00e0 l\u2019entr\u00e9e et \u00e0 la sortie de marchandises d\u2019un territoire national pr\u00e9cis, destin\u00e9es \u00e0 contr\u00f4ler et approuver ce mouvement. C\u2019est un agent des douanes qui est charg\u00e9 de s\u2019en occuper, en \u00e9mettant la d\u00e9claration d\u2019information aupr\u00e8s de l\u2019autorit\u00e9 douani\u00e8re, en repr\u00e9sentation de l\u2019importateur ou de l\u2019exportateur.<\/p>\r\n<p>Bilogistik vous offre ses services de d\u00e9douanement dans les diff\u00e9rentes modalit\u00e9s possibles :<\/p>\r\n<div class=\"desplazados\">\r\n<div class=\"desplazado\">\r\n<h3>D\u00e9douanement ferroviaire<\/h3>\r\n<p>Nous nous assurons de la gestion correcte de la lettre de voiture CIM pour que votre cargaison atteigne sa destination sans retards ni contretemps, en garantissant le succ\u00e8s de l\u2019op\u00e9ration logistique.<\/p>\r\n<\/div>\r\n<div class=\"desplazado\">\r\n<h3>D\u00e9douanement maritime<\/h3>\r\n<p>Nous g\u00e9rons les documents du Connaissement maritime (B\/L) et du Connaissement propre, pour faciliter le transport de vos marchandises par voie maritime. Pour un service int\u00e9gral, vous pouvez le compl\u00e9ter avec les services de consignataire et affr\u00e8tement.<\/p>\r\n<\/div>\r\n<\/div>\r\n<a class=\"button cta-info\" href=\"https:\/\/www.bilogistik.com\/fr\/contact\/\">En savoir plus<\/a><\/section>\r\n\r\n\r\n\r\n<section class=\"medio-gris inverso\">\r\n<div class=\"container\">\r\n<div class=\"row\">\r\n<div class=\"col-6\">\r\n<h2>Gestion int\u00e9grale des services douaniers<\/h2>\r\n<p>Pour que vous n\u2019ayez \u00e0 vous occuper de rien, nous r\u00e9alisons une gestion compl\u00e8te de toutes les op\u00e9rations relatives aux imp\u00f4ts et aux douanes pour l\u2019importation de tout type de marchandises, en vous garantissant l\u2019arriv\u00e9e de votre cargaison \u00e0 sa destination sans retenues ni surprises.<\/p>\r\n<p>Ce service inclut aussi le traitement de tout type de documents ainsi que la gestion des entrep\u00f4ts sous douane (priv\u00e9s ou francs).<\/p>\r\n<a class=\"button cta-primary\" href=\"https:\/\/www.bilogistik.com\/fr\/contact\/devis\/\">Demander un devis<\/a><\/div>\r\n<div class=\"col-1\">\u00a0<\/div>\r\n<div class=\"col-5\"><img decoding=\"async\" src=\"https:\/\/www.bilogistik.com\/wp-content\/uploads\/2021\/09\/gestion-aduanera-integral.jpg\" alt=\"Gesti\u00f3n aduanera integral\" \/><\/div>\r\n<\/div>\r\n<\/div>\r\n<\/section>\r\n\r\n\r\n\r\n<section>\r\n<h2>Nos services logistiques<\/h2>\r\n<p class=\"limit-850\">En tant qu\u2019experts de tout type de transport, Bilogistik vous accompagne dans chaque \u00e9tape de la cha\u00eene d\u2019approvisionnement avec des solutions sur mesure :<\/p>\r\n<ul class=\"servicios-list\">\r\n<li class=\"multimodal\">\r\n<h3>Transport multimodal<\/h3>\r\n<a class=\"button simple dark cta-info\" href=\"https:\/\/www.bilogistik.com\/fr\/services-logistiques\/transport-multimodal\/\">En savoir plus<\/a><\/li>\r\n<li class=\"flete\">\r\n<h3>Fret maritime<\/h3>\r\n<a class=\"button simple dark cta-info\" href=\"https:\/\/www.bilogistik.com\/fr\/services-logistiques\/transport-multimodal\/\">En savoir plus<\/a><\/li>\r\n<li class=\"consigna\">\r\n<h3>Consignataire <br \/>de navires<\/h3>\r\n<a class=\"button simple dark cta-info\" href=\"https:\/\/www.bilogistik.com\/fr\/services-logistiques\/consignataire-navires\/\">En savoir plus<\/a><\/li>\r\n<li class=\"almacena\">\r\n<h3>Entreposage<\/h3>\r\n<a class=\"button simple dark cta-info\" href=\"https:\/\/www.bilogistik.com\/fr\/services-logistiques\/entreposage\/\">En savoir plus<\/a><\/li>\r\n<li class=\"agente\">\r\n<h3>Transitaire<\/h3>\r\n<a class=\"button simple dark cta-info\" href=\"https:\/\/www.bilogistik.com\/fr\/services-logistiques\/transitaire\/\">En savoir plus<\/a><\/li>\r\n<\/ul>\r\n<\/section>\r\n\r\n\r\n\r\n<section>\r\n<h2>Transporte de todo tipo <br>de Mercanc\u00edas<\/h2>\r\n<ul class=\"material-list\">\r\n<li class=\"mineral\">\r\n\t<h3>Minerales<\/h3>\r\n\t<p>Transportamos tu carga mineral de forma eficiente y adaptada a tus necesidades log\u00edsticas, sea cual sea la dificultad del terreno. Te acompa\u00f1amos en cada fase de la cadena de suministro.<\/p>\r\n\t<a class=\"button simple cta-info\" href=\"https:\/\/www.bilogistik.com\/transporte-materias-primas\/minerales\/\">M\u00e1s informaci\u00f3n<\/a>\r\n<\/li>\r\n<li class=\"metal\">\r\n\t<h3>Metales<\/h3>\r\n\t<p>Dise\u00f1amos una soluci\u00f3n a medida para el transporte de todo tipo de metales, sea un pedido recurrente o puntual. Optimizamos cada proceso para una entrega en \u00f3ptimas condiciones y con total transparencia.<\/p>\r\n\t<a class=\"button simple cta-info\" href=\"https:\/\/www.bilogistik.com\/transporte-materias-primas\/metales\/\">M\u00e1s informaci\u00f3n<\/a>\r\n<\/li>\r\n<li class=\"caucho\">\r\n\t<h3>Caucho<\/h3>\r\n\t<p>Soluciones para el transporte de caucho, ya sea a granel, en forma de neum\u00e1ticos o productos derivados. Dise\u00f1amos la soluci\u00f3n log\u00edstica m\u00e1s adecuada y eficiente para que tus mercanc\u00edas lleguen en perfectas condiciones.<\/p>\r\n\t<a class=\"button simple cta-info\" href=\"https:\/\/www.bilogistik.com\/transporte-materias-primas\/caucho\/\">M\u00e1s informaci\u00f3n<\/a>\r\n<\/li>\r\n<li class=\"peligrosa\">\r\n\t<h3>Mercanc\u00edas Peligrosas<\/h3>\r\n\t<p>Tenemos la soluci\u00f3n log\u00edstica id\u00f3nea para el transporte de mercanc\u00edas peligrosas, como explosivos o corrosivos. Garantizamos una soluci\u00f3n log\u00edstica integral, cumpliendo con todos los est\u00e1ndares de seguridad.<\/p>\r\n\t<a class=\"button simple cta-info\" href=\"https:\/\/www.bilogistik.com\/transporte-materias-primas\/mercancias-peligrosas\/\">M\u00e1s informaci\u00f3n<\/a>\r\n<\/li>\r\n<\/ul>\r\n<\/section>\r\n\r\n\r\n\r\n<section class=\"full full-gris\">\r\n<div class=\"container\">\r\n<div class=\"row\">\r\n<div class=\"col-6\">\r\n<img decoding=\"async\" src=\"https:\/\/www.bilogistik.com\/wp-content\/uploads\/2021\/10\/soluciones-cargas-especiales.jpg\" alt=\"Soluciones para Cargas Especiales y de Proyecto\">\r\n<\/div>\r\n<div class=\"col-6\">\r\n<h2 class=\"lower\">Soluciones para cargas especiales y de proyecto<\/h2>\r\n<p>Gracias a la experiencia en log\u00edstica de nuestro equipo, desde Bilogistik te ofrecemos nuestro servicio de transporte de cargas especiales, tanto de forma puntual como dentro de un proyecto industrial con desplazamientos continuados.<\/p>\r\n<a href=\"https:\/\/www.bilogistik.com\/cargas-especiales-proyecto\/\" class=\"button cta-info\">M\u00e1s informaci\u00f3n<\/a>\r\n<\/div><\/div>\r\n<\/div><\/section>\r\n\r\n\r\n\r\n<section>\r\n<div class=\"row\">\r\n<div class=\"col-6\">\r\n<img decoding=\"async\" src=\"https:\/\/www.bilogistik.com\/wp-content\/uploads\/2021\/10\/contacto.jpg\" alt=\"Contacta con Bilogistik\">\r\n<\/div>\r\n<div class=\"col-6\">\r\n<h2 class=\"oscuro lower\">Contacta con nuestros expertos<\/h2>\r\n<p>\u00bfQuieres saber m\u00e1s sobre nuestros servicios log\u00edsticos?<\/p>\r\n<p>\u00bfDeseas solicitar un presupuesto? <br>Contacta con nuestro equipo de expertos para una atenci\u00f3n personalizada.<\/p>\r\n<a class=\"button cta-primary\" href=\"https:\/\/www.bilogistik.com\/contacto\/\">Contactar<\/a>\r\n<a class=\"button cta-primary\" href=\"https:\/\/www.bilogistik.com\/contacto\/pide-presupuesto\/\">Solicita presupuesto<\/a>\r\n<\/div>\r\n<\/div><\/section>\r\n\r\n\r\n\r\n<p><\/p>\r\n","protected":false},"excerpt":{"rendered":"<p>Gestion des douanes Pour que la bureaucratie ne soit pas un probl\u00e8me, Bilogistik assouplit les processus et facilite toute la gestion des formalit\u00e9s portuaires et [&hellip;]<\/p>\n","protected":false},"author":1,"featured_media":0,"parent":3422,"menu_order":6,"comment_status":"closed","ping_status":"closed","template":"","meta":{"om_disable_all_campaigns":false,"_monsterinsights_skip_tracking":false,"_monsterinsights_sitenote_active":false,"_monsterinsights_sitenote_note":"","_monsterinsights_sitenote_category":0,"footnotes":""},"class_list":["post-3449","page","type-page","status-publish","hentry"],"aioseo_notices":[],"yoast_head":"<!-- This site is optimized with the Yoast SEO plugin v27.5 - https:\/\/yoast.com\/product\/yoast-seo-wordpress\/ -->\n<title>Gestion des douanes | Bilogistik<\/title>\n<meta name=\"description\" content=\"Nous prenons en charge la gestion compl\u00e8te des op\u00e9rations relatives aux imp\u00f4ts et aux douanes. Renseignez-vous et \u00e9vitez tout risque de retard.\" \/>\n<meta name=\"robots\" content=\"index, follow, max-snippet:-1, max-image-preview:large, max-video-preview:-1\" \/>\n<link rel=\"canonical\" href=\"https:\/\/www.bilogistik.com\/fr\/services-logistiques\/douanes\/\" \/>\n<meta property=\"og:locale\" content=\"fr_FR\" \/>\n<meta property=\"og:type\" content=\"article\" \/>\n<meta property=\"og:title\" content=\"Gestion des douanes | Bilogistik\" \/>\n<meta property=\"og:description\" content=\"Nous prenons en charge la gestion compl\u00e8te des op\u00e9rations relatives aux imp\u00f4ts et aux douanes. Renseignez-vous et \u00e9vitez tout risque de retard.\" \/>\n<meta property=\"og:url\" content=\"https:\/\/www.bilogistik.com\/fr\/services-logistiques\/douanes\/\" \/>\n<meta property=\"og:site_name\" content=\"Bilogistik\" \/>\n<meta property=\"article:modified_time\" content=\"2021-12-17T10:46:06+00:00\" \/>\n<meta property=\"og:image\" content=\"https:\/\/www.bilogistik.com\/wp-content\/uploads\/icono-tramites.svg\" \/>\n<meta name=\"twitter:card\" content=\"summary_large_image\" \/>\n<meta name=\"twitter:label1\" content=\"Dur\u00e9e de lecture estim\u00e9e\" \/>\n\t<meta name=\"twitter:data1\" content=\"4 minutes\" \/>\n<script type=\"application\/ld+json\" class=\"yoast-schema-graph\">{\"@context\":\"https:\\\/\\\/schema.org\",\"@graph\":[{\"@type\":\"WebPage\",\"@id\":\"https:\\\/\\\/www.bilogistik.com\\\/fr\\\/services-logistiques\\\/douanes\\\/\",\"url\":\"https:\\\/\\\/www.bilogistik.com\\\/fr\\\/services-logistiques\\\/douanes\\\/\",\"name\":\"Gestion des douanes | Bilogistik\",\"isPartOf\":{\"@id\":\"https:\\\/\\\/www.bilogistik.com\\\/fr\\\/#website\"},\"primaryImageOfPage\":{\"@id\":\"https:\\\/\\\/www.bilogistik.com\\\/fr\\\/services-logistiques\\\/douanes\\\/#primaryimage\"},\"image\":{\"@id\":\"https:\\\/\\\/www.bilogistik.com\\\/fr\\\/services-logistiques\\\/douanes\\\/#primaryimage\"},\"thumbnailUrl\":\"https:\\\/\\\/www.bilogistik.com\\\/wp-content\\\/uploads\\\/icono-tramites.svg\",\"datePublished\":\"2021-08-26T10:30:57+00:00\",\"dateModified\":\"2021-12-17T10:46:06+00:00\",\"description\":\"Nous prenons en charge la gestion compl\u00e8te des op\u00e9rations relatives aux imp\u00f4ts et aux douanes. Renseignez-vous et \u00e9vitez tout risque de retard.\",\"breadcrumb\":{\"@id\":\"https:\\\/\\\/www.bilogistik.com\\\/fr\\\/services-logistiques\\\/douanes\\\/#breadcrumb\"},\"inLanguage\":\"fr-FR\",\"potentialAction\":[{\"@type\":\"ReadAction\",\"target\":[\"https:\\\/\\\/www.bilogistik.com\\\/fr\\\/services-logistiques\\\/douanes\\\/\"]}]},{\"@type\":\"ImageObject\",\"inLanguage\":\"fr-FR\",\"@id\":\"https:\\\/\\\/www.bilogistik.com\\\/fr\\\/services-logistiques\\\/douanes\\\/#primaryimage\",\"url\":\"https:\\\/\\\/www.bilogistik.com\\\/wp-content\\\/uploads\\\/icono-tramites.svg\",\"contentUrl\":\"https:\\\/\\\/www.bilogistik.com\\\/wp-content\\\/uploads\\\/icono-tramites.svg\"},{\"@type\":\"BreadcrumbList\",\"@id\":\"https:\\\/\\\/www.bilogistik.com\\\/fr\\\/services-logistiques\\\/douanes\\\/#breadcrumb\",\"itemListElement\":[{\"@type\":\"ListItem\",\"position\":1,\"name\":\"Services logistiques\",\"item\":\"https:\\\/\\\/www.bilogistik.com\\\/fr\\\/services-logistiques\\\/\"},{\"@type\":\"ListItem\",\"position\":2,\"name\":\"Gestion des douanes\"}]},{\"@type\":\"WebSite\",\"@id\":\"https:\\\/\\\/www.bilogistik.com\\\/fr\\\/#website\",\"url\":\"https:\\\/\\\/www.bilogistik.com\\\/fr\\\/\",\"name\":\"Bilogistik\",\"description\":\"\",\"potentialAction\":[{\"@type\":\"SearchAction\",\"target\":{\"@type\":\"EntryPoint\",\"urlTemplate\":\"https:\\\/\\\/www.bilogistik.com\\\/fr\\\/?s={search_term_string}\"},\"query-input\":{\"@type\":\"PropertyValueSpecification\",\"valueRequired\":true,\"valueName\":\"search_term_string\"}}],\"inLanguage\":\"fr-FR\"}]}<\/script>\n<!-- \/ Yoast SEO plugin. -->","yoast_head_json":{"title":"Gestion des douanes | Bilogistik","description":"Nous prenons en charge la gestion compl\u00e8te des op\u00e9rations relatives aux imp\u00f4ts et aux douanes. Renseignez-vous et \u00e9vitez tout risque de retard.","robots":{"index":"index","follow":"follow","max-snippet":"max-snippet:-1","max-image-preview":"max-image-preview:large","max-video-preview":"max-video-preview:-1"},"canonical":"https:\/\/www.bilogistik.com\/fr\/services-logistiques\/douanes\/","og_locale":"fr_FR","og_type":"article","og_title":"Gestion des douanes | Bilogistik","og_description":"Nous prenons en charge la gestion compl\u00e8te des op\u00e9rations relatives aux imp\u00f4ts et aux douanes. Renseignez-vous et \u00e9vitez tout risque de retard.","og_url":"https:\/\/www.bilogistik.com\/fr\/services-logistiques\/douanes\/","og_site_name":"Bilogistik","article_modified_time":"2021-12-17T10:46:06+00:00","og_image":[{"url":"https:\/\/www.bilogistik.com\/wp-content\/uploads\/icono-tramites.svg","type":"","width":"","height":""}],"twitter_card":"summary_large_image","twitter_misc":{"Dur\u00e9e de lecture estim\u00e9e":"4 minutes"},"schema":{"@context":"https:\/\/schema.org","@graph":[{"@type":"WebPage","@id":"https:\/\/www.bilogistik.com\/fr\/services-logistiques\/douanes\/","url":"https:\/\/www.bilogistik.com\/fr\/services-logistiques\/douanes\/","name":"Gestion des douanes | Bilogistik","isPartOf":{"@id":"https:\/\/www.bilogistik.com\/fr\/#website"},"primaryImageOfPage":{"@id":"https:\/\/www.bilogistik.com\/fr\/services-logistiques\/douanes\/#primaryimage"},"image":{"@id":"https:\/\/www.bilogistik.com\/fr\/services-logistiques\/douanes\/#primaryimage"},"thumbnailUrl":"https:\/\/www.bilogistik.com\/wp-content\/uploads\/icono-tramites.svg","datePublished":"2021-08-26T10:30:57+00:00","dateModified":"2021-12-17T10:46:06+00:00","description":"Nous prenons en charge la gestion compl\u00e8te des op\u00e9rations relatives aux imp\u00f4ts et aux douanes. Renseignez-vous et \u00e9vitez tout risque de retard.","breadcrumb":{"@id":"https:\/\/www.bilogistik.com\/fr\/services-logistiques\/douanes\/#breadcrumb"},"inLanguage":"fr-FR","potentialAction":[{"@type":"ReadAction","target":["https:\/\/www.bilogistik.com\/fr\/services-logistiques\/douanes\/"]}]},{"@type":"ImageObject","inLanguage":"fr-FR","@id":"https:\/\/www.bilogistik.com\/fr\/services-logistiques\/douanes\/#primaryimage","url":"https:\/\/www.bilogistik.com\/wp-content\/uploads\/icono-tramites.svg","contentUrl":"https:\/\/www.bilogistik.com\/wp-content\/uploads\/icono-tramites.svg"},{"@type":"BreadcrumbList","@id":"https:\/\/www.bilogistik.com\/fr\/services-logistiques\/douanes\/#breadcrumb","itemListElement":[{"@type":"ListItem","position":1,"name":"Services logistiques","item":"https:\/\/www.bilogistik.com\/fr\/services-logistiques\/"},{"@type":"ListItem","position":2,"name":"Gestion des douanes"}]},{"@type":"WebSite","@id":"https:\/\/www.bilogistik.com\/fr\/#website","url":"https:\/\/www.bilogistik.com\/fr\/","name":"Bilogistik","description":"","potentialAction":[{"@type":"SearchAction","target":{"@type":"EntryPoint","urlTemplate":"https:\/\/www.bilogistik.com\/fr\/?s={search_term_string}"},"query-input":{"@type":"PropertyValueSpecification","valueRequired":true,"valueName":"search_term_string"}}],"inLanguage":"fr-FR"}]}},"_links":{"self":[{"href":"https:\/\/www.bilogistik.com\/fr\/wp-json\/wp\/v2\/pages\/3449","targetHints":{"allow":["GET"]}}],"collection":[{"href":"https:\/\/www.bilogistik.com\/fr\/wp-json\/wp\/v2\/pages"}],"about":[{"href":"https:\/\/www.bilogistik.com\/fr\/wp-json\/wp\/v2\/types\/page"}],"author":[{"embeddable":true,"href":"https:\/\/www.bilogistik.com\/fr\/wp-json\/wp\/v2\/users\/1"}],"replies":[{"embeddable":true,"href":"https:\/\/www.bilogistik.com\/fr\/wp-json\/wp\/v2\/comments?post=3449"}],"version-history":[{"count":0,"href":"https:\/\/www.bilogistik.com\/fr\/wp-json\/wp\/v2\/pages\/3449\/revisions"}],"up":[{"embeddable":true,"href":"https:\/\/www.bilogistik.com\/fr\/wp-json\/wp\/v2\/pages\/3422"}],"wp:attachment":[{"href":"https:\/\/www.bilogistik.com\/fr\/wp-json\/wp\/v2\/media?parent=3449"}],"curies":[{"name":"wp","href":"https:\/\/api.w.org\/{rel}","templated":true}]}}