{"id":3446,"date":"2021-08-26T10:29:44","date_gmt":"2021-08-26T10:29:44","guid":{"rendered":"https:\/\/www.bilogistik.com\/services-logistiques\/transitario\/"},"modified":"2021-12-17T10:42:56","modified_gmt":"2021-12-17T10:42:56","slug":"transitaire","status":"publish","type":"page","link":"https:\/\/www.bilogistik.com\/fr\/services-logistiques\/transitaire\/","title":{"rendered":"Transitaire de transport"},"content":{"rendered":"\r\n<header class=\"entry-header\" style=\"background-image:url(\/wp-content\/uploads\/bg-agente-transitario.jpg);\">\r\n<div class=\"container\">\r\n<h1 class=\"entry-title\">Transitaire de transport<\/h1>\r\n<p>Bilogistik vous offre son service d\u2019agent transitaire. Que vous importiez ou que vous exportiez, nous op\u00e9rons en votre nom et dans votre int\u00e9r\u00eat pour organiser le transport de vos marchandises de mani\u00e8re s\u00e9curis\u00e9e, efficace et rentable. En d\u2019autres termes, nous mettons \u00e0 votre disposition nos comp\u00e9tences d\u2019expert pour qu\u2019une op\u00e9ration apparemment difficile se d\u00e9roule en toute fluidit\u00e9.<\/p>\r\n\r\n<p>Ainsi, nous nous chargeons du transport, de s\u00e9lectionner la route la plus rentable en temps et en co\u00fbts, de souscrire les assurances, de choisir les emballages appropri\u00e9s selon le type d\u2019exp\u00e9dition, ainsi que de g\u00e9rer l\u2019entreposage et\/ou la distribution de la marchandise, autant de d\u00e9cisions qui font la diff\u00e9rence lorsqu\u2019il s\u2019agit de mesurer l\u2019efficacit\u00e9 d\u2019une op\u00e9ration logistique.<\/p>\r\n<\/div>\r\n<\/header>\r\n\r\n\r\n\r\n<section>\r\n<h2>Comment notre service d\u2019agent transitaire peut vous aider ?<\/h2>\r\n<div class=\"desplazados\">\r\n<div class=\"desplazado\">\r\n\t<p>Recommandations et conseils sur les co\u00fbts. Nous vous proposons l&rsquo;alternative la plus rentable et la plus efficace (co\u00fbts du fret, frais portuaires et douaniers, droits consulaires, co\u00fbts de documentation sp\u00e9ciale, assurances,\u2026).<\/p>\r\n<\/div>\r\n<div class=\"desplazado\">\r\n\t<p>Pr\u00e9paration et pr\u00e9sentation de la documentation requise pour l\u2019exportation des marchandises et pour les diff\u00e9rents acteurs participant \u00e0 l\u2019op\u00e9ration.<\/p>\r\n<\/div>\r\n<div class=\"desplazado\">\r\n\t<p>Conseil sur le transport de la cargaison et l\u2019emballage et l\u2019arrimage de la marchandise. Ce qui implique aussi de faire appel au groupage pour r\u00e9duire les co\u00fbts lorsque la marchandise ne remplit pas le conteneur.<\/p>\r\n<\/div>\r\n<div class=\"desplazado\">\r\n\t<p>Nous r\u00e9servons l\u2019espace n\u00e9cessaire \u00e0 la cargaison dans un moyen de transport et nous nous occupons aussi de l\u2019entreposage et\/ou distribution de la marchandise.<\/p>\r\n<\/div>\r\n<div class=\"desplazado\">\r\n\t<p>Nous nous occupons des formalit\u00e9s avec les agents des douanes \u00e0 l\u2019\u00e9tranger pour assurer le respect des r\u00e9glementations.<\/p>\r\n<\/div>\r\n<div class=\"desplazado\">\r\n\t<p>Processus et d\u00e9marches simplifi\u00e9s. Nous r\u00e9solvons tout type de contretemps pouvant se pr\u00e9senter dans une exp\u00e9dition internationale.<\/p>\r\n<\/div>\r\n<\/div>\r\n<a class=\"button cta-primary\" href=\"https:\/\/www.bilogistik.com\/fr\/contact\/\">En savoir plus<\/a>\r\n<\/section>\r\n\r\n\r\n\r\n<section>\r\n<div class=\"row\">\r\n<div class=\"col-6\">\r\n<img decoding=\"async\" src=\"https:\/\/www.bilogistik.com\/wp-content\/uploads\/2021\/09\/transitario-internacional.jpg\" alt=\"Transitario internacional\">\r\n<\/div>\r\n<div class=\"col-6\">\r\n<h2>Transitaire international<\/h2>\r\n<p>Le r\u00f4le du transitaire internationale s\u2019av\u00e8re particuli\u00e8rement important dans le succ\u00e8s d\u2019une exp\u00e9dition internationale de marchandises, car il intervient comme interm\u00e9diaire entre l\u2019exp\u00e9diteur et les compagnies de transport nationales, pour assurer le transport efficace et sans interf\u00e9rences depuis le pays d\u2019origine jusqu\u2019\u00e0 celui de destination.<\/p>\r\n\r\n<p>Bilogistik dispose d\u2019une \u00e9quipe experte d\u2019agents de transit internationaux. Ainsi, nous nous occupons de faciliter les exp\u00e9ditions des importateurs et exportateurs, en nous portant garant pour que les op\u00e9rations commerciales se r\u00e9alisent suivant les conditions convenues sans causer de pr\u00e9judice \u00e0 aucune des parties impliqu\u00e9es.<\/p>\r\n<a class=\"button cta-primary\" href=\"https:\/\/www.bilogistik.com\/fr\/contact\/devis\/\">Demander un devis<\/a>\r\n<\/div><\/div>\r\n<\/section>\r\n\r\n\r\n\r\n<section>\r\n<h2>Nos services logistiques<\/h2>\r\n<p class=\"limit-850\">En tant qu\u2019experts de tout type de transport, Bilogistik vous accompagne dans chaque \u00e9tape de la cha\u00eene d\u2019approvisionnement avec des solutions sur mesure :<\/p>\r\n<ul class=\"servicios-list\">\r\n<li class=\"multimodal\">\r\n\t<h3>Transport multimodal<\/h3>\r\n\t<a class=\"button simple dark cta-info\" href=\"https:\/\/www.bilogistik.com\/fr\/services-logistiques\/transport-multimodal\/\">En savoir plus<\/a>\r\n<\/li>\r\n<li class=\"flete\">\r\n\t<h3>Fret maritime<\/h3>\r\n\t<a class=\"button simple dark cta-info\" href=\"https:\/\/www.bilogistik.com\/fr\/services-logistiques\/fret-maritime\/\">En savoir plus<\/a>\r\n<\/li>\r\n<li class=\"consigna\">\r\n\t<h3>Consignataire <br>de navires<\/h3>\r\n\t<a class=\"button simple dark cta-info\" href=\"https:\/\/www.bilogistik.com\/fr\/services-logistiques\/consignataire-navires\/\">En savoir plus<\/a>\r\n<\/li>\r\n<li class=\"almacena\">\r\n\t<h3>Entreposage<\/h3>\r\n\t<a class=\"button simple dark cta-info\" href=\"https:\/\/www.bilogistik.com\/fr\/services-logistiques\/entreposage\/\">En savoir plus<\/a>\r\n<\/li>\r\n<li class=\"aduana\">\r\n\t<h3>Gestion des douanes<\/h3>\r\n\t<a class=\"button simple dark cta-info\" href=\"https:\/\/www.bilogistik.com\/fr\/services-logistiques\/douanes\/\">En savoir plus<\/a>\r\n<\/li>\r\n<\/ul>\r\n<\/section>\r\n\r\n\r\n\r\n<section>\r\n<h2>Transporte de todo tipo <br>de Mercanc\u00edas<\/h2>\r\n<ul class=\"material-list\">\r\n<li class=\"mineral\">\r\n\t<h3>Minerales<\/h3>\r\n\t<p>Transportamos tu carga mineral de forma eficiente y adaptada a tus necesidades log\u00edsticas, sea cual sea la dificultad del terreno. Te acompa\u00f1amos en cada fase de la cadena de suministro.<\/p>\r\n\t<a class=\"button simple cta-info\" href=\"https:\/\/www.bilogistik.com\/transporte-materias-primas\/minerales\/\">M\u00e1s informaci\u00f3n<\/a>\r\n<\/li>\r\n<li class=\"metal\">\r\n\t<h3>Metales<\/h3>\r\n\t<p>Dise\u00f1amos una soluci\u00f3n a medida para el transporte de todo tipo de metales, sea un pedido recurrente o puntual. Optimizamos cada proceso para una entrega en \u00f3ptimas condiciones y con total transparencia.<\/p>\r\n\t<a class=\"button simple cta-info\" href=\"https:\/\/www.bilogistik.com\/transporte-materias-primas\/metales\/\">M\u00e1s informaci\u00f3n<\/a>\r\n<\/li>\r\n<li class=\"caucho\">\r\n\t<h3>Caucho<\/h3>\r\n\t<p>Soluciones para el transporte de caucho, ya sea a granel, en forma de neum\u00e1ticos o productos derivados. Dise\u00f1amos la soluci\u00f3n log\u00edstica m\u00e1s adecuada y eficiente para que tus mercanc\u00edas lleguen en perfectas condiciones.<\/p>\r\n\t<a class=\"button simple cta-info\" href=\"https:\/\/www.bilogistik.com\/transporte-materias-primas\/caucho\/\">M\u00e1s informaci\u00f3n<\/a>\r\n<\/li>\r\n<li class=\"peligrosa\">\r\n\t<h3>Mercanc\u00edas Peligrosas<\/h3>\r\n\t<p>Tenemos la soluci\u00f3n log\u00edstica id\u00f3nea para el transporte de mercanc\u00edas peligrosas, como explosivos o corrosivos. Garantizamos una soluci\u00f3n log\u00edstica integral, cumpliendo con todos los est\u00e1ndares de seguridad.<\/p>\r\n\t<a class=\"button simple cta-info\" href=\"https:\/\/www.bilogistik.com\/transporte-materias-primas\/mercancias-peligrosas\/\">M\u00e1s informaci\u00f3n<\/a>\r\n<\/li>\r\n<\/ul>\r\n<\/section>\r\n\r\n\r\n\r\n<section class=\"full full-gris\">\r\n<div class=\"container\">\r\n<div class=\"row\">\r\n<div class=\"col-6\">\r\n<img decoding=\"async\" src=\"https:\/\/www.bilogistik.com\/wp-content\/uploads\/2021\/10\/soluciones-cargas-especiales.jpg\" alt=\"Soluciones para Cargas Especiales y de Proyecto\">\r\n<\/div>\r\n<div class=\"col-6\">\r\n<h2 class=\"lower\">Soluciones para cargas especiales y de proyecto<\/h2>\r\n<p>Gracias a la experiencia en log\u00edstica de nuestro equipo, desde Bilogistik te ofrecemos nuestro servicio de transporte de cargas especiales, tanto de forma puntual como dentro de un proyecto industrial con desplazamientos continuados.<\/p>\r\n<a href=\"https:\/\/www.bilogistik.com\/cargas-especiales-proyecto\/\" class=\"button cta-info\">M\u00e1s informaci\u00f3n<\/a>\r\n<\/div><\/div>\r\n<\/div><\/section>\r\n\r\n\r\n\r\n<section>\r\n<div class=\"row\">\r\n<div class=\"col-6\">\r\n<img decoding=\"async\" src=\"https:\/\/www.bilogistik.com\/wp-content\/uploads\/2021\/10\/contacto.jpg\" alt=\"Contacta con Bilogistik\">\r\n<\/div>\r\n<div class=\"col-6\">\r\n<h2 class=\"oscuro lower\">Contacta con nuestros expertos<\/h2>\r\n<p>\u00bfQuieres saber m\u00e1s sobre nuestros servicios log\u00edsticos?<\/p>\r\n<p>\u00bfDeseas solicitar un presupuesto? <br>Contacta con nuestro equipo de expertos para una atenci\u00f3n personalizada.<\/p>\r\n<a class=\"button cta-primary\" href=\"https:\/\/www.bilogistik.com\/contacto\/\">Contactar<\/a>\r\n<a class=\"button cta-primary\" href=\"https:\/\/www.bilogistik.com\/contacto\/pide-presupuesto\/\">Solicita presupuesto<\/a>\r\n<\/div>\r\n<\/div><\/section>\r\n\r\n\r\n\r\n<p><\/p>\r\n","protected":false},"excerpt":{"rendered":"<p>Transitaire de transport Bilogistik vous offre son service d\u2019agent transitaire. Que vous importiez ou que vous exportiez, nous op\u00e9rons en votre nom et dans votre [&hellip;]<\/p>\n","protected":false},"author":1,"featured_media":0,"parent":3422,"menu_order":5,"comment_status":"closed","ping_status":"closed","template":"","meta":{"om_disable_all_campaigns":false,"_monsterinsights_skip_tracking":false,"_monsterinsights_sitenote_active":false,"_monsterinsights_sitenote_note":"","_monsterinsights_sitenote_category":0,"footnotes":""},"class_list":["post-3446","page","type-page","status-publish","hentry"],"aioseo_notices":[],"yoast_head":"<!-- This site is optimized with the Yoast SEO plugin v27.4 - https:\/\/yoast.com\/product\/yoast-seo-wordpress\/ -->\n<title>Transitaire de transport | Bilogistik<\/title>\n<meta name=\"description\" content=\"Bilogistik se charge de prendre les d\u00e9cisions n\u00e9cessaires dans chaque port pour assurer l\u2019efficacit\u00e9 de votre op\u00e9ration logistique maritime.\" \/>\n<meta name=\"robots\" content=\"index, follow, max-snippet:-1, max-image-preview:large, max-video-preview:-1\" \/>\n<link rel=\"canonical\" href=\"https:\/\/www.bilogistik.com\/fr\/services-logistiques\/transitaire\/\" \/>\n<meta property=\"og:locale\" content=\"fr_FR\" \/>\n<meta property=\"og:type\" content=\"article\" \/>\n<meta property=\"og:title\" content=\"Transitaire de transport | Bilogistik\" \/>\n<meta property=\"og:description\" content=\"Bilogistik se charge de prendre les d\u00e9cisions n\u00e9cessaires dans chaque port pour assurer l\u2019efficacit\u00e9 de votre op\u00e9ration logistique maritime.\" \/>\n<meta property=\"og:url\" content=\"https:\/\/www.bilogistik.com\/fr\/services-logistiques\/transitaire\/\" \/>\n<meta property=\"og:site_name\" content=\"Bilogistik\" \/>\n<meta property=\"article:modified_time\" content=\"2021-12-17T10:42:56+00:00\" \/>\n<meta property=\"og:image\" content=\"https:\/\/www.bilogistik.com\/wp-content\/uploads\/2021\/09\/transitario-internacional.jpg\" \/>\n<meta name=\"twitter:card\" content=\"summary_large_image\" \/>\n<meta name=\"twitter:label1\" content=\"Dur\u00e9e de lecture estim\u00e9e\" \/>\n\t<meta name=\"twitter:data1\" content=\"3 minutes\" \/>\n<script type=\"application\/ld+json\" class=\"yoast-schema-graph\">{\"@context\":\"https:\\\/\\\/schema.org\",\"@graph\":[{\"@type\":\"WebPage\",\"@id\":\"https:\\\/\\\/www.bilogistik.com\\\/fr\\\/services-logistiques\\\/transitaire\\\/\",\"url\":\"https:\\\/\\\/www.bilogistik.com\\\/fr\\\/services-logistiques\\\/transitaire\\\/\",\"name\":\"Transitaire de transport | Bilogistik\",\"isPartOf\":{\"@id\":\"https:\\\/\\\/www.bilogistik.com\\\/fr\\\/#website\"},\"primaryImageOfPage\":{\"@id\":\"https:\\\/\\\/www.bilogistik.com\\\/fr\\\/services-logistiques\\\/transitaire\\\/#primaryimage\"},\"image\":{\"@id\":\"https:\\\/\\\/www.bilogistik.com\\\/fr\\\/services-logistiques\\\/transitaire\\\/#primaryimage\"},\"thumbnailUrl\":\"https:\\\/\\\/www.bilogistik.com\\\/wp-content\\\/uploads\\\/2021\\\/09\\\/transitario-internacional.jpg\",\"datePublished\":\"2021-08-26T10:29:44+00:00\",\"dateModified\":\"2021-12-17T10:42:56+00:00\",\"description\":\"Bilogistik se charge de prendre les d\u00e9cisions n\u00e9cessaires dans chaque port pour assurer l\u2019efficacit\u00e9 de votre op\u00e9ration logistique maritime.\",\"breadcrumb\":{\"@id\":\"https:\\\/\\\/www.bilogistik.com\\\/fr\\\/services-logistiques\\\/transitaire\\\/#breadcrumb\"},\"inLanguage\":\"fr-FR\",\"potentialAction\":[{\"@type\":\"ReadAction\",\"target\":[\"https:\\\/\\\/www.bilogistik.com\\\/fr\\\/services-logistiques\\\/transitaire\\\/\"]}]},{\"@type\":\"ImageObject\",\"inLanguage\":\"fr-FR\",\"@id\":\"https:\\\/\\\/www.bilogistik.com\\\/fr\\\/services-logistiques\\\/transitaire\\\/#primaryimage\",\"url\":\"https:\\\/\\\/www.bilogistik.com\\\/wp-content\\\/uploads\\\/2021\\\/09\\\/transitario-internacional.jpg\",\"contentUrl\":\"https:\\\/\\\/www.bilogistik.com\\\/wp-content\\\/uploads\\\/2021\\\/09\\\/transitario-internacional.jpg\"},{\"@type\":\"BreadcrumbList\",\"@id\":\"https:\\\/\\\/www.bilogistik.com\\\/fr\\\/services-logistiques\\\/transitaire\\\/#breadcrumb\",\"itemListElement\":[{\"@type\":\"ListItem\",\"position\":1,\"name\":\"Services logistiques\",\"item\":\"https:\\\/\\\/www.bilogistik.com\\\/fr\\\/services-logistiques\\\/\"},{\"@type\":\"ListItem\",\"position\":2,\"name\":\"Transitaire de transport\"}]},{\"@type\":\"WebSite\",\"@id\":\"https:\\\/\\\/www.bilogistik.com\\\/fr\\\/#website\",\"url\":\"https:\\\/\\\/www.bilogistik.com\\\/fr\\\/\",\"name\":\"Bilogistik\",\"description\":\"\",\"potentialAction\":[{\"@type\":\"SearchAction\",\"target\":{\"@type\":\"EntryPoint\",\"urlTemplate\":\"https:\\\/\\\/www.bilogistik.com\\\/fr\\\/?s={search_term_string}\"},\"query-input\":{\"@type\":\"PropertyValueSpecification\",\"valueRequired\":true,\"valueName\":\"search_term_string\"}}],\"inLanguage\":\"fr-FR\"}]}<\/script>\n<!-- \/ Yoast SEO plugin. -->","yoast_head_json":{"title":"Transitaire de transport | Bilogistik","description":"Bilogistik se charge de prendre les d\u00e9cisions n\u00e9cessaires dans chaque port pour assurer l\u2019efficacit\u00e9 de votre op\u00e9ration logistique maritime.","robots":{"index":"index","follow":"follow","max-snippet":"max-snippet:-1","max-image-preview":"max-image-preview:large","max-video-preview":"max-video-preview:-1"},"canonical":"https:\/\/www.bilogistik.com\/fr\/services-logistiques\/transitaire\/","og_locale":"fr_FR","og_type":"article","og_title":"Transitaire de transport | Bilogistik","og_description":"Bilogistik se charge de prendre les d\u00e9cisions n\u00e9cessaires dans chaque port pour assurer l\u2019efficacit\u00e9 de votre op\u00e9ration logistique maritime.","og_url":"https:\/\/www.bilogistik.com\/fr\/services-logistiques\/transitaire\/","og_site_name":"Bilogistik","article_modified_time":"2021-12-17T10:42:56+00:00","og_image":[{"url":"https:\/\/www.bilogistik.com\/wp-content\/uploads\/2021\/09\/transitario-internacional.jpg","type":"","width":"","height":""}],"twitter_card":"summary_large_image","twitter_misc":{"Dur\u00e9e de lecture estim\u00e9e":"3 minutes"},"schema":{"@context":"https:\/\/schema.org","@graph":[{"@type":"WebPage","@id":"https:\/\/www.bilogistik.com\/fr\/services-logistiques\/transitaire\/","url":"https:\/\/www.bilogistik.com\/fr\/services-logistiques\/transitaire\/","name":"Transitaire de transport | Bilogistik","isPartOf":{"@id":"https:\/\/www.bilogistik.com\/fr\/#website"},"primaryImageOfPage":{"@id":"https:\/\/www.bilogistik.com\/fr\/services-logistiques\/transitaire\/#primaryimage"},"image":{"@id":"https:\/\/www.bilogistik.com\/fr\/services-logistiques\/transitaire\/#primaryimage"},"thumbnailUrl":"https:\/\/www.bilogistik.com\/wp-content\/uploads\/2021\/09\/transitario-internacional.jpg","datePublished":"2021-08-26T10:29:44+00:00","dateModified":"2021-12-17T10:42:56+00:00","description":"Bilogistik se charge de prendre les d\u00e9cisions n\u00e9cessaires dans chaque port pour assurer l\u2019efficacit\u00e9 de votre op\u00e9ration logistique maritime.","breadcrumb":{"@id":"https:\/\/www.bilogistik.com\/fr\/services-logistiques\/transitaire\/#breadcrumb"},"inLanguage":"fr-FR","potentialAction":[{"@type":"ReadAction","target":["https:\/\/www.bilogistik.com\/fr\/services-logistiques\/transitaire\/"]}]},{"@type":"ImageObject","inLanguage":"fr-FR","@id":"https:\/\/www.bilogistik.com\/fr\/services-logistiques\/transitaire\/#primaryimage","url":"https:\/\/www.bilogistik.com\/wp-content\/uploads\/2021\/09\/transitario-internacional.jpg","contentUrl":"https:\/\/www.bilogistik.com\/wp-content\/uploads\/2021\/09\/transitario-internacional.jpg"},{"@type":"BreadcrumbList","@id":"https:\/\/www.bilogistik.com\/fr\/services-logistiques\/transitaire\/#breadcrumb","itemListElement":[{"@type":"ListItem","position":1,"name":"Services logistiques","item":"https:\/\/www.bilogistik.com\/fr\/services-logistiques\/"},{"@type":"ListItem","position":2,"name":"Transitaire de transport"}]},{"@type":"WebSite","@id":"https:\/\/www.bilogistik.com\/fr\/#website","url":"https:\/\/www.bilogistik.com\/fr\/","name":"Bilogistik","description":"","potentialAction":[{"@type":"SearchAction","target":{"@type":"EntryPoint","urlTemplate":"https:\/\/www.bilogistik.com\/fr\/?s={search_term_string}"},"query-input":{"@type":"PropertyValueSpecification","valueRequired":true,"valueName":"search_term_string"}}],"inLanguage":"fr-FR"}]}},"_links":{"self":[{"href":"https:\/\/www.bilogistik.com\/fr\/wp-json\/wp\/v2\/pages\/3446","targetHints":{"allow":["GET"]}}],"collection":[{"href":"https:\/\/www.bilogistik.com\/fr\/wp-json\/wp\/v2\/pages"}],"about":[{"href":"https:\/\/www.bilogistik.com\/fr\/wp-json\/wp\/v2\/types\/page"}],"author":[{"embeddable":true,"href":"https:\/\/www.bilogistik.com\/fr\/wp-json\/wp\/v2\/users\/1"}],"replies":[{"embeddable":true,"href":"https:\/\/www.bilogistik.com\/fr\/wp-json\/wp\/v2\/comments?post=3446"}],"version-history":[{"count":0,"href":"https:\/\/www.bilogistik.com\/fr\/wp-json\/wp\/v2\/pages\/3446\/revisions"}],"up":[{"embeddable":true,"href":"https:\/\/www.bilogistik.com\/fr\/wp-json\/wp\/v2\/pages\/3422"}],"wp:attachment":[{"href":"https:\/\/www.bilogistik.com\/fr\/wp-json\/wp\/v2\/media?parent=3446"}],"curies":[{"name":"wp","href":"https:\/\/api.w.org\/{rel}","templated":true}]}}