{"id":3443,"date":"2021-08-26T10:28:42","date_gmt":"2021-08-26T10:28:42","guid":{"rendered":"https:\/\/www.bilogistik.com\/services-logistiques\/almacenamiento\/"},"modified":"2021-12-17T10:39:18","modified_gmt":"2021-12-17T10:39:18","slug":"entreposage","status":"publish","type":"page","link":"https:\/\/www.bilogistik.com\/fr\/services-logistiques\/entreposage\/","title":{"rendered":"Entreposage"},"content":{"rendered":"<header class=\"entry-header\" style=\"background-image: url('\/wp-content\/uploads\/bg-almacenamiento.jpg');\">\r\n<div class=\"container\">\r\n<h1 class=\"entry-title\">Entreposage<\/h1>\r\n<p>En tant qu\u2019experts en logistique avanc\u00e9e et dans le cadre de son service int\u00e9gral, Bilogistik vous propose son service d\u2019entreposage de marchandises en transit. Nous r\u00e9ceptionnons vos marchandises et les conservons sous bonne garde jusqu\u2019\u00e0 la date de leur exp\u00e9dition, soit dans notre entrep\u00f4t ext\u00e9rieur, soit dans un entrep\u00f4t douanier dans le port de Bilbao.<\/p>\r\n<\/div>\r\n<\/header>\r\n\r\n\r\n<section>\r\n<h2 class=\"text-center max-900\">Les avantages de notre service d\u2019entreposage<\/h2>\r\n<p class=\"max-900\">L\u2019entreposage de votre cargaison en entrep\u00f4t douanier (franc) ou dans notre entrep\u00f4t ext\u00e9rieur b\u00e9n\u00e9ficie d\u2019avantages fiscaux et douaniers :<\/p>\r\n<ul class=\"lista-iconos\">\r\n<li style=\"max-width: 450px;\"><img decoding=\"async\" src=\"https:\/\/www.bilogistik.com\/wp-content\/uploads\/icono-deposito-aduanero.svg\" alt=\"Dep\u00f3sito aduanero\" \/>\r\n<p>Entrep\u00f4t sous douane (ESD) : <br \/>les marchandises peuvent y s\u00e9journer pour une dur\u00e9e illimit\u00e9e ind\u00e9pendamment de leur origine, nature, quantit\u00e9 ou destination, sans payer de taxes tant qu\u2019elles ne seront pas sorties de l\u2019entrep\u00f4t.\u2028<\/p>\r\n<\/li>\r\n<li style=\"max-width: 450px;\"><img decoding=\"async\" src=\"https:\/\/www.bilogistik.com\/wp-content\/uploads\/icono-deposito-distinto.svg\" alt=\"Dep\u00f3sito distinto del aduanero\" \/>\r\n<p>Entrep\u00f4t autre que sous douane (EASD) : <br \/>toute entreprise communautaire peut l\u2019utiliser pour stocker des marchandises import\u00e9es dans l\u2019UE sans avoir \u00e0 avancer la TVA ni \u00e0 passer les formalit\u00e9s douani\u00e8res.<\/p>\r\n<\/li>\r\n<\/ul>\r\n<p class=\"text-center\"><a class=\"button cta-primary\" href=\"https:\/\/www.bilogistik.com\/fr\/contact\/\">En savoir plus<\/a><\/p>\r\n<\/section>\r\n\r\n\r\n\r\n<section>\r\n<div class=\"row\">\r\n<div class=\"col-6\"><img decoding=\"async\" src=\"https:\/\/www.bilogistik.com\/wp-content\/uploads\/2021\/09\/almacenamiento-deposito-franco.jpg\" alt=\"Almacenamiento en dep\u00f3sito franco\" \/><\/div>\r\n<div class=\"col-6\">\r\n<h2>Entreposage en entrep\u00f4t franc<\/h2>\r\n<p>Bilogistik travaille avec l\u2019entrep\u00f4t douanier de Bilbao, une zone franche cr\u00e9\u00e9e pour favoriser le commerce international, puisqu\u2019elle permet d\u2019entreposer tout type de marchandises provenant d\u2019importations et exportations entre pays, en dotant les processus d\u2019entr\u00e9e et de sortie de tous les types de cargaisons d\u2019une grande ind\u00e9pendance.<\/p>\r\n<p>L\u2019entrep\u00f4t occupe une surface de 35.000 m\u00e8tres carr\u00e9s et se compose de 11 magasins modernes, dot\u00e9s d\u2019\u00e9quipements auxiliaires de pointe pour la manutention et le stockage des cargaisons. De plus, les installations disposent de services de s\u00e9curit\u00e9 permanents et d\u2019une surveillance continue, pour que vos marchandises restent toujours sous contr\u00f4le.<\/p>\r\n<a class=\"button cta-primary\" href=\"https:\/\/www.bilogistik.com\/fr\/contact\/devis\/\">Demander un devis<\/a><\/div>\r\n<\/div>\r\n<\/section>\r\n\r\n\r\n\r\n<section class=\"medio-gris inverso\">\r\n<div class=\"container\">\r\n<div class=\"row\">\r\n<div class=\"col-6\">\r\n<h2>Entreposage en entrep\u00f4t ext\u00e9rieur<\/h2>\r\n<p>Nous g\u00e9rons l\u2019entreposage ext\u00e9rieur de vos marchandises dans notre propre entrep\u00f4t pr\u00e8s du port de Bilbao. Confiez-nous l\u2019entreposage de votre cargaison, quelle qu\u2019elle soit, et nous la garderons en s\u00e9curit\u00e9 jusqu\u2019\u00e0 la date de son exp\u00e9dition. Nous proposons toutes les options dont vous pourriez avoir besoin pour votre marchandise.<\/p>\r\n<p>Dans le cadre aussi de notre service int\u00e9gral, l&rsquo;entreposage en entrep\u00f4t ext\u00e9rieur inclut la r\u00e9ception et l\u2019envoi de marchandises, le contr\u00f4le du produit \u00e0 son arriv\u00e9e comme \u00e0 sa sortie et la gestion des formalit\u00e9s administratives et douani\u00e8res.<\/p>\r\n<a class=\"button cta-primary\" href=\"https:\/\/www.bilogistik.com\/fr\/contact\/devis\/\">Demander un devis<\/a><\/div>\r\n<div class=\"col-1\">\u00a0<\/div>\r\n<div class=\"col-5\"><img decoding=\"async\" src=\"https:\/\/www.bilogistik.com\/wp-content\/uploads\/2021\/09\/almacenamiento-almacen-exterior.jpg\" alt=\"Almacenamiento en almac\u00e9n exterior\" \/><\/div>\r\n<\/div>\r\n<\/div>\r\n<\/section>\r\n\r\n\r\n\r\n<section>\r\n<div class=\"row\">\r\n<div class=\"col-6\"><img decoding=\"async\" src=\"https:\/\/www.bilogistik.com\/wp-content\/uploads\/2021\/09\/almacenamiento-manipulacion-mercancias.jpg\" alt=\"Almacenamiento y manipulaci\u00f3n de todo tipo de mercanc\u00edas\" \/><\/div>\r\n<div class=\"col-6\">\r\n<h2>Entreposage et manutention de tout type de marchandises<\/h2>\r\n<p>Bilogistik adapte tout le processus de stockage et manutention au type, \u00e0 la quantit\u00e9 et au volume de marchandise que vous nous confiez. Nous disposons de moyens et d\u2019\u00e9quipements sp\u00e9cialis\u00e9s pour manipuler et stocker de mani\u00e8re ad\u00e9quate tout type de marchandise, depuis des cargaisons de vrac jusqu\u2019\u00e0 du mat\u00e9riel lourd.<\/p>\r\n<p>De plus, votre marchandise sera \u00e0 tout moment surveill\u00e9e par une \u00e9quipe de professionnels pour pr\u00e9server son int\u00e9grit\u00e9 et pr\u00e9venir tout type de probl\u00e8me. Lorsque votre cargaison sortira de l\u2019entrep\u00f4t, elle le fera dans de parfaites conditions et avec les m\u00eames avantages fiscaux qu\u2019avec un entrep\u00f4t douanier.<\/p>\r\n<a class=\"button cta-info\" href=\"https:\/\/www.bilogistik.com\/fr\/contact\/\">En savoir plus<\/a><\/div>\r\n<\/div>\r\n<\/section>\r\n\r\n\r\n\r\n<section>\r\n<h2>Nos services logistiques<\/h2>\r\n<p class=\"limit-850\">En tant qu\u2019experts de tout type de transport, Bilogistik vous accompagne dans chaque \u00e9tape de la cha\u00eene d\u2019approvisionnement avec des solutions sur mesure :<\/p>\r\n<ul class=\"servicios-list\">\r\n<li class=\"multimodal\">\r\n<h3>Transport multimodal<\/h3>\r\n<a class=\"button simple dark cta-info\" href=\"https:\/\/www.bilogistik.com\/fr\/services-logistiques\/transport-multimodal\/\">En savoir plus<\/a><\/li>\r\n<li class=\"flete\">\r\n<h3>Fret maritime<\/h3>\r\n<a class=\"button simple dark cta-info\" href=\"https:\/\/www.bilogistik.com\/fr\/services-logistiques\/transport-multimodal\/\">En savoir plus<\/a><\/li>\r\n<li class=\"consigna\">\r\n<h3>Consignataire <br \/>de navires<\/h3>\r\n<a class=\"button simple dark cta-info\" href=\"https:\/\/www.bilogistik.com\/fr\/services-logistiques\/consignataire-navires\/\">En savoir plus<\/a><\/li>\r\n<li class=\"agente\">\r\n<h3>Transitaire<\/h3>\r\n<a class=\"button simple dark cta-info\" href=\"https:\/\/www.bilogistik.com\/fr\/services-logistiques\/transitaire\/\">En savoir plus<\/a><\/li>\r\n<li class=\"aduana\">\r\n<h3>Gestion des douanes<\/h3>\r\n<a class=\"button simple dark cta-info\" href=\"https:\/\/www.bilogistik.com\/fr\/services-logistiques\/douanes\/\">En savoir plus<\/a><\/li>\r\n<\/ul>\r\n<\/section>\r\n\r\n\r\n\r\n<section>\r\n<h2>Transporte de todo tipo <br>de Mercanc\u00edas<\/h2>\r\n<ul class=\"material-list\">\r\n<li class=\"mineral\">\r\n\t<h3>Minerales<\/h3>\r\n\t<p>Transportamos tu carga mineral de forma eficiente y adaptada a tus necesidades log\u00edsticas, sea cual sea la dificultad del terreno. Te acompa\u00f1amos en cada fase de la cadena de suministro.<\/p>\r\n\t<a class=\"button simple cta-info\" href=\"https:\/\/www.bilogistik.com\/transporte-materias-primas\/minerales\/\">M\u00e1s informaci\u00f3n<\/a>\r\n<\/li>\r\n<li class=\"metal\">\r\n\t<h3>Metales<\/h3>\r\n\t<p>Dise\u00f1amos una soluci\u00f3n a medida para el transporte de todo tipo de metales, sea un pedido recurrente o puntual. Optimizamos cada proceso para una entrega en \u00f3ptimas condiciones y con total transparencia.<\/p>\r\n\t<a class=\"button simple cta-info\" href=\"https:\/\/www.bilogistik.com\/transporte-materias-primas\/metales\/\">M\u00e1s informaci\u00f3n<\/a>\r\n<\/li>\r\n<li class=\"caucho\">\r\n\t<h3>Caucho<\/h3>\r\n\t<p>Soluciones para el transporte de caucho, ya sea a granel, en forma de neum\u00e1ticos o productos derivados. Dise\u00f1amos la soluci\u00f3n log\u00edstica m\u00e1s adecuada y eficiente para que tus mercanc\u00edas lleguen en perfectas condiciones.<\/p>\r\n\t<a class=\"button simple cta-info\" href=\"https:\/\/www.bilogistik.com\/transporte-materias-primas\/caucho\/\">M\u00e1s informaci\u00f3n<\/a>\r\n<\/li>\r\n<li class=\"peligrosa\">\r\n\t<h3>Mercanc\u00edas Peligrosas<\/h3>\r\n\t<p>Tenemos la soluci\u00f3n log\u00edstica id\u00f3nea para el transporte de mercanc\u00edas peligrosas, como explosivos o corrosivos. Garantizamos una soluci\u00f3n log\u00edstica integral, cumpliendo con todos los est\u00e1ndares de seguridad.<\/p>\r\n\t<a class=\"button simple cta-info\" href=\"https:\/\/www.bilogistik.com\/transporte-materias-primas\/mercancias-peligrosas\/\">M\u00e1s informaci\u00f3n<\/a>\r\n<\/li>\r\n<\/ul>\r\n<\/section>\r\n\r\n\r\n\r\n<section class=\"full full-gris\">\r\n<div class=\"container\">\r\n<div class=\"row\">\r\n<div class=\"col-6\">\r\n<img decoding=\"async\" src=\"https:\/\/www.bilogistik.com\/wp-content\/uploads\/2021\/10\/soluciones-cargas-especiales.jpg\" alt=\"Soluciones para Cargas Especiales y de Proyecto\">\r\n<\/div>\r\n<div class=\"col-6\">\r\n<h2 class=\"lower\">Soluciones para cargas especiales y de proyecto<\/h2>\r\n<p>Gracias a la experiencia en log\u00edstica de nuestro equipo, desde Bilogistik te ofrecemos nuestro servicio de transporte de cargas especiales, tanto de forma puntual como dentro de un proyecto industrial con desplazamientos continuados.<\/p>\r\n<a href=\"https:\/\/www.bilogistik.com\/cargas-especiales-proyecto\/\" class=\"button cta-info\">M\u00e1s informaci\u00f3n<\/a>\r\n<\/div><\/div>\r\n<\/div><\/section>\r\n\r\n\r\n\r\n<section>\r\n<div class=\"row\">\r\n<div class=\"col-6\">\r\n<img decoding=\"async\" src=\"https:\/\/www.bilogistik.com\/wp-content\/uploads\/2021\/10\/contacto.jpg\" alt=\"Contacta con Bilogistik\">\r\n<\/div>\r\n<div class=\"col-6\">\r\n<h2 class=\"oscuro lower\">Contacta con nuestros expertos<\/h2>\r\n<p>\u00bfQuieres saber m\u00e1s sobre nuestros servicios log\u00edsticos?<\/p>\r\n<p>\u00bfDeseas solicitar un presupuesto? <br>Contacta con nuestro equipo de expertos para una atenci\u00f3n personalizada.<\/p>\r\n<a class=\"button cta-primary\" href=\"https:\/\/www.bilogistik.com\/contacto\/\">Contactar<\/a>\r\n<a class=\"button cta-primary\" href=\"https:\/\/www.bilogistik.com\/contacto\/pide-presupuesto\/\">Solicita presupuesto<\/a>\r\n<\/div>\r\n<\/div><\/section>\r\n\r\n\r\n\r\n<p><\/p>\r\n","protected":false},"excerpt":{"rendered":"<p>Entreposage En tant qu\u2019experts en logistique avanc\u00e9e et dans le cadre de son service int\u00e9gral, Bilogistik vous propose son service d\u2019entreposage de marchandises en transit. [&hellip;]<\/p>\n","protected":false},"author":1,"featured_media":0,"parent":3422,"menu_order":4,"comment_status":"closed","ping_status":"closed","template":"","meta":{"om_disable_all_campaigns":false,"_monsterinsights_skip_tracking":false,"_monsterinsights_sitenote_active":false,"_monsterinsights_sitenote_note":"","_monsterinsights_sitenote_category":0,"footnotes":""},"class_list":["post-3443","page","type-page","status-publish","hentry"],"aioseo_notices":[],"yoast_head":"<!-- This site is optimized with the Yoast SEO plugin v27.5 - https:\/\/yoast.com\/product\/yoast-seo-wordpress\/ -->\n<title>Entreposage | Bilogistik<\/title>\n<meta name=\"description\" content=\"Gardez votre marchandise sous contr\u00f4le jusqu\u2019au moment de son exp\u00e9dition gr\u00e2ce \u00e0 notre service d\u2019entreposage. Renseignez-vous sur nos entrep\u00f4ts.\" \/>\n<meta name=\"robots\" content=\"index, follow, max-snippet:-1, max-image-preview:large, max-video-preview:-1\" \/>\n<link rel=\"canonical\" href=\"https:\/\/www.bilogistik.com\/fr\/services-logistiques\/entreposage\/\" \/>\n<meta property=\"og:locale\" content=\"fr_FR\" \/>\n<meta property=\"og:type\" content=\"article\" \/>\n<meta property=\"og:title\" content=\"Entreposage | Bilogistik\" \/>\n<meta property=\"og:description\" content=\"Gardez votre marchandise sous contr\u00f4le jusqu\u2019au moment de son exp\u00e9dition gr\u00e2ce \u00e0 notre service d\u2019entreposage. Renseignez-vous sur nos entrep\u00f4ts.\" \/>\n<meta property=\"og:url\" content=\"https:\/\/www.bilogistik.com\/fr\/services-logistiques\/entreposage\/\" \/>\n<meta property=\"og:site_name\" content=\"Bilogistik\" \/>\n<meta property=\"article:modified_time\" content=\"2021-12-17T10:39:18+00:00\" \/>\n<meta property=\"og:image\" content=\"https:\/\/www.bilogistik.com\/wp-content\/uploads\/icono-deposito-aduanero.svg\" \/>\n<meta name=\"twitter:card\" content=\"summary_large_image\" \/>\n<meta name=\"twitter:label1\" content=\"Dur\u00e9e de lecture estim\u00e9e\" \/>\n\t<meta name=\"twitter:data1\" content=\"4 minutes\" \/>\n<script type=\"application\/ld+json\" class=\"yoast-schema-graph\">{\"@context\":\"https:\\\/\\\/schema.org\",\"@graph\":[{\"@type\":\"WebPage\",\"@id\":\"https:\\\/\\\/www.bilogistik.com\\\/fr\\\/services-logistiques\\\/entreposage\\\/\",\"url\":\"https:\\\/\\\/www.bilogistik.com\\\/fr\\\/services-logistiques\\\/entreposage\\\/\",\"name\":\"Entreposage | Bilogistik\",\"isPartOf\":{\"@id\":\"https:\\\/\\\/www.bilogistik.com\\\/fr\\\/#website\"},\"primaryImageOfPage\":{\"@id\":\"https:\\\/\\\/www.bilogistik.com\\\/fr\\\/services-logistiques\\\/entreposage\\\/#primaryimage\"},\"image\":{\"@id\":\"https:\\\/\\\/www.bilogistik.com\\\/fr\\\/services-logistiques\\\/entreposage\\\/#primaryimage\"},\"thumbnailUrl\":\"https:\\\/\\\/www.bilogistik.com\\\/wp-content\\\/uploads\\\/icono-deposito-aduanero.svg\",\"datePublished\":\"2021-08-26T10:28:42+00:00\",\"dateModified\":\"2021-12-17T10:39:18+00:00\",\"description\":\"Gardez votre marchandise sous contr\u00f4le jusqu\u2019au moment de son exp\u00e9dition gr\u00e2ce \u00e0 notre service d\u2019entreposage. Renseignez-vous sur nos entrep\u00f4ts.\",\"breadcrumb\":{\"@id\":\"https:\\\/\\\/www.bilogistik.com\\\/fr\\\/services-logistiques\\\/entreposage\\\/#breadcrumb\"},\"inLanguage\":\"fr-FR\",\"potentialAction\":[{\"@type\":\"ReadAction\",\"target\":[\"https:\\\/\\\/www.bilogistik.com\\\/fr\\\/services-logistiques\\\/entreposage\\\/\"]}]},{\"@type\":\"ImageObject\",\"inLanguage\":\"fr-FR\",\"@id\":\"https:\\\/\\\/www.bilogistik.com\\\/fr\\\/services-logistiques\\\/entreposage\\\/#primaryimage\",\"url\":\"https:\\\/\\\/www.bilogistik.com\\\/wp-content\\\/uploads\\\/icono-deposito-aduanero.svg\",\"contentUrl\":\"https:\\\/\\\/www.bilogistik.com\\\/wp-content\\\/uploads\\\/icono-deposito-aduanero.svg\"},{\"@type\":\"BreadcrumbList\",\"@id\":\"https:\\\/\\\/www.bilogistik.com\\\/fr\\\/services-logistiques\\\/entreposage\\\/#breadcrumb\",\"itemListElement\":[{\"@type\":\"ListItem\",\"position\":1,\"name\":\"Services logistiques\",\"item\":\"https:\\\/\\\/www.bilogistik.com\\\/fr\\\/services-logistiques\\\/\"},{\"@type\":\"ListItem\",\"position\":2,\"name\":\"Entreposage\"}]},{\"@type\":\"WebSite\",\"@id\":\"https:\\\/\\\/www.bilogistik.com\\\/fr\\\/#website\",\"url\":\"https:\\\/\\\/www.bilogistik.com\\\/fr\\\/\",\"name\":\"Bilogistik\",\"description\":\"\",\"potentialAction\":[{\"@type\":\"SearchAction\",\"target\":{\"@type\":\"EntryPoint\",\"urlTemplate\":\"https:\\\/\\\/www.bilogistik.com\\\/fr\\\/?s={search_term_string}\"},\"query-input\":{\"@type\":\"PropertyValueSpecification\",\"valueRequired\":true,\"valueName\":\"search_term_string\"}}],\"inLanguage\":\"fr-FR\"}]}<\/script>\n<!-- \/ Yoast SEO plugin. -->","yoast_head_json":{"title":"Entreposage | Bilogistik","description":"Gardez votre marchandise sous contr\u00f4le jusqu\u2019au moment de son exp\u00e9dition gr\u00e2ce \u00e0 notre service d\u2019entreposage. Renseignez-vous sur nos entrep\u00f4ts.","robots":{"index":"index","follow":"follow","max-snippet":"max-snippet:-1","max-image-preview":"max-image-preview:large","max-video-preview":"max-video-preview:-1"},"canonical":"https:\/\/www.bilogistik.com\/fr\/services-logistiques\/entreposage\/","og_locale":"fr_FR","og_type":"article","og_title":"Entreposage | Bilogistik","og_description":"Gardez votre marchandise sous contr\u00f4le jusqu\u2019au moment de son exp\u00e9dition gr\u00e2ce \u00e0 notre service d\u2019entreposage. Renseignez-vous sur nos entrep\u00f4ts.","og_url":"https:\/\/www.bilogistik.com\/fr\/services-logistiques\/entreposage\/","og_site_name":"Bilogistik","article_modified_time":"2021-12-17T10:39:18+00:00","og_image":[{"url":"https:\/\/www.bilogistik.com\/wp-content\/uploads\/icono-deposito-aduanero.svg","type":"","width":"","height":""}],"twitter_card":"summary_large_image","twitter_misc":{"Dur\u00e9e de lecture estim\u00e9e":"4 minutes"},"schema":{"@context":"https:\/\/schema.org","@graph":[{"@type":"WebPage","@id":"https:\/\/www.bilogistik.com\/fr\/services-logistiques\/entreposage\/","url":"https:\/\/www.bilogistik.com\/fr\/services-logistiques\/entreposage\/","name":"Entreposage | Bilogistik","isPartOf":{"@id":"https:\/\/www.bilogistik.com\/fr\/#website"},"primaryImageOfPage":{"@id":"https:\/\/www.bilogistik.com\/fr\/services-logistiques\/entreposage\/#primaryimage"},"image":{"@id":"https:\/\/www.bilogistik.com\/fr\/services-logistiques\/entreposage\/#primaryimage"},"thumbnailUrl":"https:\/\/www.bilogistik.com\/wp-content\/uploads\/icono-deposito-aduanero.svg","datePublished":"2021-08-26T10:28:42+00:00","dateModified":"2021-12-17T10:39:18+00:00","description":"Gardez votre marchandise sous contr\u00f4le jusqu\u2019au moment de son exp\u00e9dition gr\u00e2ce \u00e0 notre service d\u2019entreposage. Renseignez-vous sur nos entrep\u00f4ts.","breadcrumb":{"@id":"https:\/\/www.bilogistik.com\/fr\/services-logistiques\/entreposage\/#breadcrumb"},"inLanguage":"fr-FR","potentialAction":[{"@type":"ReadAction","target":["https:\/\/www.bilogistik.com\/fr\/services-logistiques\/entreposage\/"]}]},{"@type":"ImageObject","inLanguage":"fr-FR","@id":"https:\/\/www.bilogistik.com\/fr\/services-logistiques\/entreposage\/#primaryimage","url":"https:\/\/www.bilogistik.com\/wp-content\/uploads\/icono-deposito-aduanero.svg","contentUrl":"https:\/\/www.bilogistik.com\/wp-content\/uploads\/icono-deposito-aduanero.svg"},{"@type":"BreadcrumbList","@id":"https:\/\/www.bilogistik.com\/fr\/services-logistiques\/entreposage\/#breadcrumb","itemListElement":[{"@type":"ListItem","position":1,"name":"Services logistiques","item":"https:\/\/www.bilogistik.com\/fr\/services-logistiques\/"},{"@type":"ListItem","position":2,"name":"Entreposage"}]},{"@type":"WebSite","@id":"https:\/\/www.bilogistik.com\/fr\/#website","url":"https:\/\/www.bilogistik.com\/fr\/","name":"Bilogistik","description":"","potentialAction":[{"@type":"SearchAction","target":{"@type":"EntryPoint","urlTemplate":"https:\/\/www.bilogistik.com\/fr\/?s={search_term_string}"},"query-input":{"@type":"PropertyValueSpecification","valueRequired":true,"valueName":"search_term_string"}}],"inLanguage":"fr-FR"}]}},"_links":{"self":[{"href":"https:\/\/www.bilogistik.com\/fr\/wp-json\/wp\/v2\/pages\/3443","targetHints":{"allow":["GET"]}}],"collection":[{"href":"https:\/\/www.bilogistik.com\/fr\/wp-json\/wp\/v2\/pages"}],"about":[{"href":"https:\/\/www.bilogistik.com\/fr\/wp-json\/wp\/v2\/types\/page"}],"author":[{"embeddable":true,"href":"https:\/\/www.bilogistik.com\/fr\/wp-json\/wp\/v2\/users\/1"}],"replies":[{"embeddable":true,"href":"https:\/\/www.bilogistik.com\/fr\/wp-json\/wp\/v2\/comments?post=3443"}],"version-history":[{"count":0,"href":"https:\/\/www.bilogistik.com\/fr\/wp-json\/wp\/v2\/pages\/3443\/revisions"}],"up":[{"embeddable":true,"href":"https:\/\/www.bilogistik.com\/fr\/wp-json\/wp\/v2\/pages\/3422"}],"wp:attachment":[{"href":"https:\/\/www.bilogistik.com\/fr\/wp-json\/wp\/v2\/media?parent=3443"}],"curies":[{"name":"wp","href":"https:\/\/api.w.org\/{rel}","templated":true}]}}