{"id":3440,"date":"2021-08-26T10:26:42","date_gmt":"2021-08-26T10:26:42","guid":{"rendered":"https:\/\/www.bilogistik.com\/services-logistiques\/consignatario-buques\/"},"modified":"2021-12-17T10:35:57","modified_gmt":"2021-12-17T10:35:57","slug":"consignataire-navires","status":"publish","type":"page","link":"https:\/\/www.bilogistik.com\/fr\/services-logistiques\/consignataire-navires\/","title":{"rendered":"Consignataire de navires"},"content":{"rendered":"\r\n<header class=\"entry-header\" style=\"background-image:url(\/wp-content\/uploads\/bg-consignatario-buques.jpg);\">\r\n<div class=\"container\">\r\n<h1 class=\"entry-title\">Consignataire de navires<\/h1>\r\n<p>En tant que sp\u00e9cialistes d\u2019op\u00e9rations logistiques maritimes, Bilogistik vous offre son service de consignation de navires. Nous intervenons en votre nom et nous nous occupons de toutes les formalit\u00e9s n\u00e9cessaires pour acc\u00e9l\u00e9rer les temps d\u2019escale dans n\u2019importe quel port d\u2019Espagne.<\/p>\r\n<\/div>\r\n<\/header>\r\n\r\n\r\n\r\n<section>\r\n<h2>Comment notre service de Consignataire de navires peut vous aider ?<\/h2>\r\n<p class=\"limit-850\">Notre \u00e9quipe de consignataires prend en charge votre navire d\u00e8s son arriv\u00e9e au port, en vous garantissant que toutes les formalit\u00e9s n\u00e9cessaires pendant l\u2019escale seront r\u00e9alis\u00e9es avec efficacit\u00e9 et au moindre co\u00fbt.<\/p>\r\n<ul class=\"contenedores\">\r\n<li>\r\n\t<img decoding=\"async\" src=\"https:\/\/www.bilogistik.com\/wp-content\/uploads\/2021\/09\/funciones-comerciales.jpg\" alt=\"Funciones comerciales\">\r\n\t<h3>Fonctions commerciales<\/h3>\r\n\t<p>Nous proposons des services de transport aux chargeurs ou transitaires et concluons les contrats de transport pour le navire.<\/p>\r\n<\/li>\r\n<li>\r\n\t<img decoding=\"async\" src=\"https:\/\/www.bilogistik.com\/wp-content\/uploads\/2021\/09\/funciones-operativas.jpg\" alt=\"Funciones operativas\">\r\n\t<h3>Fonctions op\u00e9rationnelles<\/h3>\r\n\t<p>Nous mettons \u00e0 la disposition du navire ou de son \u00e9quipage tous les services de gestion en rapport avec le s\u00e9jour dans le port.<\/p>\r\n\t<p>Cela inclut toutes les t\u00e2ches d\u2019accostage et d\u2019appareillage, les formalit\u00e9s aupr\u00e8s de l\u2019autorit\u00e9 portuaire ou de la douane, le suivi des op\u00e9rations au port et la gestion des droits d\u2019entr\u00e9e et de s\u00e9jour, ainsi que les fournitures de provisions et de combustible ou l\u2019embauche de personnel.<\/p>\r\n<\/li>\r\n<li>\r\n\t<img decoding=\"async\" src=\"https:\/\/www.bilogistik.com\/wp-content\/uploads\/2021\/09\/funciones-gestion-mercancia.jpg\" alt=\"Funciones de gesti\u00f3n de la mercanc\u00eda\">\r\n\t<h3>Fonctions de gestion de la marchandise<\/h3>\r\n\t<p>Nous nous chargeons de pr\u00e9senter \u00e0 la douane le manifeste de chargement, d\u2019\u00e9mettre le document Bon \u00e0 enlever pour que le propri\u00e9taire puisse retirer la marchandise et d\u2019engager du personnel pour le chargement, le d\u00e9chargement, l\u2019arrimage et le d\u00e9bardage.<\/p>\r\n<\/li>\r\n<\/ul>\r\n<p class=\"text-center\"><a class=\"button cta-primary\" href=\"https:\/\/www.bilogistik.com\/fr\/contact\/\">En savoir plus<\/a><\/p>\r\n<\/section>\r\n\r\n\r\n\r\n<section>\r\n<h2>Nos services logistiques<\/h2>\r\n<p class=\"limit-850\">En tant qu\u2019experts de tout type de transport, Bilogistik vous accompagne dans chaque \u00e9tape de la cha\u00eene d\u2019approvisionnement avec des solutions sur mesure :<\/p>\r\n<ul class=\"servicios-list\">\r\n<li class=\"multimodal\">\r\n\t<h3>Transport multimodal<\/h3>\r\n\t<a class=\"button simple dark cta-info\" href=\"https:\/\/www.bilogistik.com\/fr\/services-logistiques\/transport-multimodal\/\">En savoir plus<\/a>\r\n<\/li>\r\n<li class=\"flete\">\r\n\t<h3>Fret maritime<\/h3>\r\n\t<a class=\"button simple dark cta-info\" href=\"https:\/\/www.bilogistik.com\/fr\/services-logistiques\/fret-maritime\/\">En savoir plus<\/a>\r\n<\/li>\r\n<li class=\"almacena\">\r\n\t<h3>Entreposage<\/h3>\r\n\t<a class=\"button simple dark cta-info\" href=\"https:\/\/www.bilogistik.com\/fr\/services-logistiques\/entreposage\/\">En savoir plus<\/a>\r\n<\/li>\r\n<li class=\"agente\">\r\n\t<h3>Transitaire<\/h3>\r\n\t<a class=\"button simple dark cta-info\" href=\"https:\/\/www.bilogistik.com\/fr\/services-logistiques\/transitaire\/\">En savoir plus<\/a>\r\n<\/li>\r\n<li class=\"aduana\">\r\n\t<h3>Gestion des douanes<\/h3>\r\n\t<a class=\"button simple dark cta-info\" href=\"https:\/\/www.bilogistik.com\/fr\/services-logistiques\/douanes\/\">En savoir plus<\/a>\r\n<\/li>\r\n<\/ul>\r\n<\/section>\r\n\r\n\r\n\r\n<section>\r\n<h2>Transporte de todo tipo <br>de Mercanc\u00edas<\/h2>\r\n<ul class=\"material-list\">\r\n<li class=\"mineral\">\r\n\t<h3>Minerales<\/h3>\r\n\t<p>Transportamos tu carga mineral de forma eficiente y adaptada a tus necesidades log\u00edsticas, sea cual sea la dificultad del terreno. Te acompa\u00f1amos en cada fase de la cadena de suministro.<\/p>\r\n\t<a class=\"button simple cta-info\" href=\"https:\/\/www.bilogistik.com\/transporte-materias-primas\/minerales\/\">M\u00e1s informaci\u00f3n<\/a>\r\n<\/li>\r\n<li class=\"metal\">\r\n\t<h3>Metales<\/h3>\r\n\t<p>Dise\u00f1amos una soluci\u00f3n a medida para el transporte de todo tipo de metales, sea un pedido recurrente o puntual. Optimizamos cada proceso para una entrega en \u00f3ptimas condiciones y con total transparencia.<\/p>\r\n\t<a class=\"button simple cta-info\" href=\"https:\/\/www.bilogistik.com\/transporte-materias-primas\/metales\/\">M\u00e1s informaci\u00f3n<\/a>\r\n<\/li>\r\n<li class=\"caucho\">\r\n\t<h3>Caucho<\/h3>\r\n\t<p>Soluciones para el transporte de caucho, ya sea a granel, en forma de neum\u00e1ticos o productos derivados. Dise\u00f1amos la soluci\u00f3n log\u00edstica m\u00e1s adecuada y eficiente para que tus mercanc\u00edas lleguen en perfectas condiciones.<\/p>\r\n\t<a class=\"button simple cta-info\" href=\"https:\/\/www.bilogistik.com\/transporte-materias-primas\/caucho\/\">M\u00e1s informaci\u00f3n<\/a>\r\n<\/li>\r\n<li class=\"peligrosa\">\r\n\t<h3>Mercanc\u00edas Peligrosas<\/h3>\r\n\t<p>Tenemos la soluci\u00f3n log\u00edstica id\u00f3nea para el transporte de mercanc\u00edas peligrosas, como explosivos o corrosivos. Garantizamos una soluci\u00f3n log\u00edstica integral, cumpliendo con todos los est\u00e1ndares de seguridad.<\/p>\r\n\t<a class=\"button simple cta-info\" href=\"https:\/\/www.bilogistik.com\/transporte-materias-primas\/mercancias-peligrosas\/\">M\u00e1s informaci\u00f3n<\/a>\r\n<\/li>\r\n<\/ul>\r\n<\/section>\r\n\r\n\r\n\r\n<section class=\"full full-gris\">\r\n<div class=\"container\">\r\n<div class=\"row\">\r\n<div class=\"col-6\">\r\n<img decoding=\"async\" src=\"https:\/\/www.bilogistik.com\/wp-content\/uploads\/2021\/10\/soluciones-cargas-especiales.jpg\" alt=\"Soluciones para Cargas Especiales y de Proyecto\">\r\n<\/div>\r\n<div class=\"col-6\">\r\n<h2 class=\"lower\">Soluciones para cargas especiales y de proyecto<\/h2>\r\n<p>Gracias a la experiencia en log\u00edstica de nuestro equipo, desde Bilogistik te ofrecemos nuestro servicio de transporte de cargas especiales, tanto de forma puntual como dentro de un proyecto industrial con desplazamientos continuados.<\/p>\r\n<a href=\"https:\/\/www.bilogistik.com\/cargas-especiales-proyecto\/\" class=\"button cta-info\">M\u00e1s informaci\u00f3n<\/a>\r\n<\/div><\/div>\r\n<\/div><\/section>\r\n\r\n\r\n\r\n<section>\r\n<div class=\"row\">\r\n<div class=\"col-6\">\r\n<img decoding=\"async\" src=\"https:\/\/www.bilogistik.com\/wp-content\/uploads\/2021\/10\/contacto.jpg\" alt=\"Contacta con Bilogistik\">\r\n<\/div>\r\n<div class=\"col-6\">\r\n<h2 class=\"oscuro lower\">Contacta con nuestros expertos<\/h2>\r\n<p>\u00bfQuieres saber m\u00e1s sobre nuestros servicios log\u00edsticos?<\/p>\r\n<p>\u00bfDeseas solicitar un presupuesto? <br>Contacta con nuestro equipo de expertos para una atenci\u00f3n personalizada.<\/p>\r\n<a class=\"button cta-primary\" href=\"https:\/\/www.bilogistik.com\/contacto\/\">Contactar<\/a>\r\n<a class=\"button cta-primary\" href=\"https:\/\/www.bilogistik.com\/contacto\/pide-presupuesto\/\">Solicita presupuesto<\/a>\r\n<\/div>\r\n<\/div><\/section>\r\n\r\n\r\n\r\n<p><\/p>\r\n","protected":false},"excerpt":{"rendered":"<p>Consignataire de navires En tant que sp\u00e9cialistes d\u2019op\u00e9rations logistiques maritimes, Bilogistik vous offre son service de consignation de navires. Nous intervenons en votre nom et [&hellip;]<\/p>\n","protected":false},"author":1,"featured_media":0,"parent":3422,"menu_order":3,"comment_status":"closed","ping_status":"closed","template":"","meta":{"om_disable_all_campaigns":false,"_monsterinsights_skip_tracking":false,"_monsterinsights_sitenote_active":false,"_monsterinsights_sitenote_note":"","_monsterinsights_sitenote_category":0,"footnotes":""},"class_list":["post-3440","page","type-page","status-publish","hentry"],"aioseo_notices":[],"yoast_head":"<!-- This site is optimized with the Yoast SEO plugin v27.4 - https:\/\/yoast.com\/product\/yoast-seo-wordpress\/ -->\n<title>Consignataire de navires | Bilogistik<\/title>\n<meta name=\"description\" content=\"Bilogistik se charge des formalit\u00e9s pour vous faciliter les d\u00e9marches portuaires et acc\u00e9l\u00e9rer les temps d\u2019escale dans tous les ports espagnols.\" \/>\n<meta name=\"robots\" content=\"index, follow, max-snippet:-1, max-image-preview:large, max-video-preview:-1\" \/>\n<link rel=\"canonical\" href=\"https:\/\/www.bilogistik.com\/fr\/services-logistiques\/consignataire-navires\/\" \/>\n<meta property=\"og:locale\" content=\"fr_FR\" \/>\n<meta property=\"og:type\" content=\"article\" \/>\n<meta property=\"og:title\" content=\"Consignataire de navires | Bilogistik\" \/>\n<meta property=\"og:description\" content=\"Bilogistik se charge des formalit\u00e9s pour vous faciliter les d\u00e9marches portuaires et acc\u00e9l\u00e9rer les temps d\u2019escale dans tous les ports espagnols.\" \/>\n<meta property=\"og:url\" content=\"https:\/\/www.bilogistik.com\/fr\/services-logistiques\/consignataire-navires\/\" \/>\n<meta property=\"og:site_name\" content=\"Bilogistik\" \/>\n<meta property=\"article:modified_time\" content=\"2021-12-17T10:35:57+00:00\" \/>\n<meta property=\"og:image\" content=\"https:\/\/www.bilogistik.com\/wp-content\/uploads\/2021\/09\/funciones-comerciales.jpg\" \/>\n<meta name=\"twitter:card\" content=\"summary_large_image\" \/>\n<meta name=\"twitter:label1\" content=\"Dur\u00e9e de lecture estim\u00e9e\" \/>\n\t<meta name=\"twitter:data1\" content=\"2 minutes\" \/>\n<script type=\"application\/ld+json\" class=\"yoast-schema-graph\">{\"@context\":\"https:\\\/\\\/schema.org\",\"@graph\":[{\"@type\":\"WebPage\",\"@id\":\"https:\\\/\\\/www.bilogistik.com\\\/fr\\\/services-logistiques\\\/consignataire-navires\\\/\",\"url\":\"https:\\\/\\\/www.bilogistik.com\\\/fr\\\/services-logistiques\\\/consignataire-navires\\\/\",\"name\":\"Consignataire de navires | Bilogistik\",\"isPartOf\":{\"@id\":\"https:\\\/\\\/www.bilogistik.com\\\/fr\\\/#website\"},\"primaryImageOfPage\":{\"@id\":\"https:\\\/\\\/www.bilogistik.com\\\/fr\\\/services-logistiques\\\/consignataire-navires\\\/#primaryimage\"},\"image\":{\"@id\":\"https:\\\/\\\/www.bilogistik.com\\\/fr\\\/services-logistiques\\\/consignataire-navires\\\/#primaryimage\"},\"thumbnailUrl\":\"https:\\\/\\\/www.bilogistik.com\\\/wp-content\\\/uploads\\\/2021\\\/09\\\/funciones-comerciales.jpg\",\"datePublished\":\"2021-08-26T10:26:42+00:00\",\"dateModified\":\"2021-12-17T10:35:57+00:00\",\"description\":\"Bilogistik se charge des formalit\u00e9s pour vous faciliter les d\u00e9marches portuaires et acc\u00e9l\u00e9rer les temps d\u2019escale dans tous les ports espagnols.\",\"breadcrumb\":{\"@id\":\"https:\\\/\\\/www.bilogistik.com\\\/fr\\\/services-logistiques\\\/consignataire-navires\\\/#breadcrumb\"},\"inLanguage\":\"fr-FR\",\"potentialAction\":[{\"@type\":\"ReadAction\",\"target\":[\"https:\\\/\\\/www.bilogistik.com\\\/fr\\\/services-logistiques\\\/consignataire-navires\\\/\"]}]},{\"@type\":\"ImageObject\",\"inLanguage\":\"fr-FR\",\"@id\":\"https:\\\/\\\/www.bilogistik.com\\\/fr\\\/services-logistiques\\\/consignataire-navires\\\/#primaryimage\",\"url\":\"https:\\\/\\\/www.bilogistik.com\\\/wp-content\\\/uploads\\\/2021\\\/09\\\/funciones-comerciales.jpg\",\"contentUrl\":\"https:\\\/\\\/www.bilogistik.com\\\/wp-content\\\/uploads\\\/2021\\\/09\\\/funciones-comerciales.jpg\"},{\"@type\":\"BreadcrumbList\",\"@id\":\"https:\\\/\\\/www.bilogistik.com\\\/fr\\\/services-logistiques\\\/consignataire-navires\\\/#breadcrumb\",\"itemListElement\":[{\"@type\":\"ListItem\",\"position\":1,\"name\":\"Services logistiques\",\"item\":\"https:\\\/\\\/www.bilogistik.com\\\/fr\\\/services-logistiques\\\/\"},{\"@type\":\"ListItem\",\"position\":2,\"name\":\"Consignataire de navires\"}]},{\"@type\":\"WebSite\",\"@id\":\"https:\\\/\\\/www.bilogistik.com\\\/fr\\\/#website\",\"url\":\"https:\\\/\\\/www.bilogistik.com\\\/fr\\\/\",\"name\":\"Bilogistik\",\"description\":\"\",\"potentialAction\":[{\"@type\":\"SearchAction\",\"target\":{\"@type\":\"EntryPoint\",\"urlTemplate\":\"https:\\\/\\\/www.bilogistik.com\\\/fr\\\/?s={search_term_string}\"},\"query-input\":{\"@type\":\"PropertyValueSpecification\",\"valueRequired\":true,\"valueName\":\"search_term_string\"}}],\"inLanguage\":\"fr-FR\"}]}<\/script>\n<!-- \/ Yoast SEO plugin. -->","yoast_head_json":{"title":"Consignataire de navires | Bilogistik","description":"Bilogistik se charge des formalit\u00e9s pour vous faciliter les d\u00e9marches portuaires et acc\u00e9l\u00e9rer les temps d\u2019escale dans tous les ports espagnols.","robots":{"index":"index","follow":"follow","max-snippet":"max-snippet:-1","max-image-preview":"max-image-preview:large","max-video-preview":"max-video-preview:-1"},"canonical":"https:\/\/www.bilogistik.com\/fr\/services-logistiques\/consignataire-navires\/","og_locale":"fr_FR","og_type":"article","og_title":"Consignataire de navires | Bilogistik","og_description":"Bilogistik se charge des formalit\u00e9s pour vous faciliter les d\u00e9marches portuaires et acc\u00e9l\u00e9rer les temps d\u2019escale dans tous les ports espagnols.","og_url":"https:\/\/www.bilogistik.com\/fr\/services-logistiques\/consignataire-navires\/","og_site_name":"Bilogistik","article_modified_time":"2021-12-17T10:35:57+00:00","og_image":[{"url":"https:\/\/www.bilogistik.com\/wp-content\/uploads\/2021\/09\/funciones-comerciales.jpg","type":"","width":"","height":""}],"twitter_card":"summary_large_image","twitter_misc":{"Dur\u00e9e de lecture estim\u00e9e":"2 minutes"},"schema":{"@context":"https:\/\/schema.org","@graph":[{"@type":"WebPage","@id":"https:\/\/www.bilogistik.com\/fr\/services-logistiques\/consignataire-navires\/","url":"https:\/\/www.bilogistik.com\/fr\/services-logistiques\/consignataire-navires\/","name":"Consignataire de navires | Bilogistik","isPartOf":{"@id":"https:\/\/www.bilogistik.com\/fr\/#website"},"primaryImageOfPage":{"@id":"https:\/\/www.bilogistik.com\/fr\/services-logistiques\/consignataire-navires\/#primaryimage"},"image":{"@id":"https:\/\/www.bilogistik.com\/fr\/services-logistiques\/consignataire-navires\/#primaryimage"},"thumbnailUrl":"https:\/\/www.bilogistik.com\/wp-content\/uploads\/2021\/09\/funciones-comerciales.jpg","datePublished":"2021-08-26T10:26:42+00:00","dateModified":"2021-12-17T10:35:57+00:00","description":"Bilogistik se charge des formalit\u00e9s pour vous faciliter les d\u00e9marches portuaires et acc\u00e9l\u00e9rer les temps d\u2019escale dans tous les ports espagnols.","breadcrumb":{"@id":"https:\/\/www.bilogistik.com\/fr\/services-logistiques\/consignataire-navires\/#breadcrumb"},"inLanguage":"fr-FR","potentialAction":[{"@type":"ReadAction","target":["https:\/\/www.bilogistik.com\/fr\/services-logistiques\/consignataire-navires\/"]}]},{"@type":"ImageObject","inLanguage":"fr-FR","@id":"https:\/\/www.bilogistik.com\/fr\/services-logistiques\/consignataire-navires\/#primaryimage","url":"https:\/\/www.bilogistik.com\/wp-content\/uploads\/2021\/09\/funciones-comerciales.jpg","contentUrl":"https:\/\/www.bilogistik.com\/wp-content\/uploads\/2021\/09\/funciones-comerciales.jpg"},{"@type":"BreadcrumbList","@id":"https:\/\/www.bilogistik.com\/fr\/services-logistiques\/consignataire-navires\/#breadcrumb","itemListElement":[{"@type":"ListItem","position":1,"name":"Services logistiques","item":"https:\/\/www.bilogistik.com\/fr\/services-logistiques\/"},{"@type":"ListItem","position":2,"name":"Consignataire de navires"}]},{"@type":"WebSite","@id":"https:\/\/www.bilogistik.com\/fr\/#website","url":"https:\/\/www.bilogistik.com\/fr\/","name":"Bilogistik","description":"","potentialAction":[{"@type":"SearchAction","target":{"@type":"EntryPoint","urlTemplate":"https:\/\/www.bilogistik.com\/fr\/?s={search_term_string}"},"query-input":{"@type":"PropertyValueSpecification","valueRequired":true,"valueName":"search_term_string"}}],"inLanguage":"fr-FR"}]}},"_links":{"self":[{"href":"https:\/\/www.bilogistik.com\/fr\/wp-json\/wp\/v2\/pages\/3440","targetHints":{"allow":["GET"]}}],"collection":[{"href":"https:\/\/www.bilogistik.com\/fr\/wp-json\/wp\/v2\/pages"}],"about":[{"href":"https:\/\/www.bilogistik.com\/fr\/wp-json\/wp\/v2\/types\/page"}],"author":[{"embeddable":true,"href":"https:\/\/www.bilogistik.com\/fr\/wp-json\/wp\/v2\/users\/1"}],"replies":[{"embeddable":true,"href":"https:\/\/www.bilogistik.com\/fr\/wp-json\/wp\/v2\/comments?post=3440"}],"version-history":[{"count":0,"href":"https:\/\/www.bilogistik.com\/fr\/wp-json\/wp\/v2\/pages\/3440\/revisions"}],"up":[{"embeddable":true,"href":"https:\/\/www.bilogistik.com\/fr\/wp-json\/wp\/v2\/pages\/3422"}],"wp:attachment":[{"href":"https:\/\/www.bilogistik.com\/fr\/wp-json\/wp\/v2\/media?parent=3440"}],"curies":[{"name":"wp","href":"https:\/\/api.w.org\/{rel}","templated":true}]}}