{"id":3425,"date":"2021-08-26T09:28:42","date_gmt":"2021-08-26T09:28:42","guid":{"rendered":"https:\/\/www.bilogistik.com\/services-logistiques\/transporte-multimodal\/"},"modified":"2021-12-17T10:18:38","modified_gmt":"2021-12-17T10:18:38","slug":"transport-multimodal","status":"publish","type":"page","link":"https:\/\/www.bilogistik.com\/fr\/services-logistiques\/transport-multimodal\/","title":{"rendered":"Transport multimodal"},"content":{"rendered":"\r\n<header class=\"entry-header\" style=\"background-image:url(\/wp-content\/uploads\/bg-transporte-multimodal.jpg);\">\r\n<div class=\"container\">\r\n<h1 class=\"entry-title\">Transport multimodal<\/h1>\r\n<p>Bilogistik se charge du transport multimodal de tout type de marchandises. Le transport multimodal est un type d\u2019op\u00e9ration qui consiste \u00e0 combiner deux moyens de transport ou plus pour faire parvenir la marchandise \u00e0 destination, en assurant un service porte-\u00e0-porte. Mais sans que les marchandises ne changent de container.<\/p>\r\n\r\n<p>Le transport combin\u00e9 est la meilleure option pour faire face aux enjeux du transport de marchandises entre des territoires \u00e9loign\u00e9s les uns des autres. Ainsi, plus la distance \u00e0 parcourir est longue, plus le r\u00f4le du transport multimodal est important.<\/p>\r\n<\/div>\r\n<\/header>\r\n\r\n\r\n\r\n<section>\r\n\t<h2 class=\"text-center max-900\">Les avantages de notre service de transport multimodal :<\/h2>\r\n\t<ul class=\"lista-iconos\">\r\n\t\t<li>\r\n\t\t\t<img decoding=\"async\" src=\"https:\/\/www.bilogistik.com\/wp-content\/uploads\/icono-unico-contrato.svg\" alt=\"Contrato \u00fanico\">\r\n\t\t\t<p>Un seul contrat de transport.<\/p>\r\n\t\t<\/li>\r\n\t\t<li>\r\n\t\t\t<img decoding=\"async\" src=\"https:\/\/www.bilogistik.com\/wp-content\/uploads\/icono-manipulacion-almacenaje.svg\" alt=\"Sin manipular la carga\">\r\n\t\t\t<p>Il n\u2019est pas n\u00e9cessaire de manipuler les marchandises lors du changement de moyen de transport.<\/p>\r\n\t\t<\/li>\r\n\t\t<li>\r\n\t\t\t<img decoding=\"async\" src=\"https:\/\/www.bilogistik.com\/wp-content\/uploads\/icono-servicio-logistico-integral.svg\" alt=\"Agilidad y seguridad\">\r\n\t\t\t<p>Plus de rapidit\u00e9 et de s\u00e9curit\u00e9 de l\u2019op\u00e9ration logistique.<\/p>\r\n\t\t<\/li>\r\n\t\t<li>\r\n\t\t\t<img decoding=\"async\" src=\"https:\/\/www.bilogistik.com\/wp-content\/uploads\/icono-eficiencia-costes.svg\" alt=\"Eficiencia en costes\">\r\n\t\t\t<p>Meilleures performances en co\u00fbts.<\/p>\r\n\t\t<\/li>\r\n\t\t<li>\r\n\t\t\t<img decoding=\"async\" src=\"https:\/\/www.bilogistik.com\/wp-content\/uploads\/icono-energias-renovables.svg\" alt=\"Menor consumo energ\u00e9tico\">\r\n\t\t\t<p>\u00c9conomies d\u2019\u00e9nergie et de ressources et moins d\u2019\u00e9missions.<\/p>\r\n\t\t<\/li>\r\n\t\t<li>\r\n\t\t\t<img decoding=\"async\" src=\"https:\/\/www.bilogistik.com\/wp-content\/uploads\/icono-transparencia-proceso.svg\" alt=\"Transparencia en los procesos\">\r\n\t\t\t<p>Transparence des processus.<\/p>\r\n\t\t<\/li>\r\n\t<\/ul>\r\n<p class=\"text-center\"><a class=\"button cta-primary\" href=\"https:\/\/www.bilogistik.com\/fr\/contact\/\">En savoir plus<\/a><\/p>\r\n<\/section>\r\n\r\n\r\n\r\n<section>\r\n<h2>Combinaisons<\/h2>\r\n<p class=\"limit-850\">Nous concevons des solutions multimodales personnalis\u00e9es, en nous ajustant au type de cargaison et en prenant le meilleur de chaque moyen de transport pour optimiser les routes ; nous obtenons ainsi une meilleure efficacit\u00e9 dans les processus, les d\u00e9lais et les co\u00fbts.<\/p>\r\n\r\n<p>Les combinaisons les plus fr\u00e9quentes dans ce type de transport sont :<\/p>\r\n<ul class=\"contenedores combi\">\r\n<li>\r\n\t<img decoding=\"async\" src=\"https:\/\/www.bilogistik.com\/wp-content\/uploads\/2021\/09\/combinaciones-multimodal-maritimo.jpg\" alt=\"Multimodal mar\u00edtimo y por carretera\">\r\n\t<h3>Multimodal mer-route<\/h3>\r\n<\/li>\r\n<li>\r\n\t<img decoding=\"async\" src=\"https:\/\/www.bilogistik.com\/wp-content\/uploads\/2021\/09\/combinaciones-multimodal-ferroviario.jpg\" alt=\"Multimodal ferroviario y por carretera\">\r\n\t<h3>Multimodal rail-route<\/h3>\r\n<\/li>\r\n<\/ul>\r\n<a class=\"button cta-primary\" href=\"https:\/\/www.bilogistik.com\/fr\/contact\/devis\/\">Demander un devis<\/a>\r\n<\/section>\r\n\r\n\r\n\r\n<section>\r\n<h2>Types de conteneurs<\/h2>\r\n<p class=\"limit-850\">Chez Bilogistik, nous nous adaptons aux contraintes logistiques de votre exp\u00e9dition. Nous disposons du conteneur multimodal appropri\u00e9 pour que votre marchandise voyage de mani\u00e8re s\u00e9curis\u00e9e et dans de parfaites conditions.<\/p>\r\n<ul class=\"contenedores\">\r\n<li>\r\n\t<img decoding=\"async\" src=\"https:\/\/www.bilogistik.com\/wp-content\/uploads\/2021\/10\/contenedor-bulk.jpg\" alt=\"Contenedor bulk\">\r\n\t<h3>Conteneur bulk<\/h3>\r\n\t<p>Id\u00e9al pour le vrac en raison de ses ouvertures sp\u00e9ciales pour faciliter le d\u00e9chargement.<\/p>\r\n<\/li>\r\n<li>\r\n\t<img decoding=\"async\" src=\"https:\/\/www.bilogistik.com\/wp-content\/uploads\/2021\/10\/contenedor-tank.jpg\" alt=\"Contenedor cisterna o tank\">\r\n\t<h3>Conteneur citerne ou tank<\/h3>\r\n\t<p>Il convient aux transports de liquides, en vrac ou sous forme de gaz liqu\u00e9fi\u00e9s.<\/p>\r\n<\/li>\r\n<li>\r\n\t<img decoding=\"async\" src=\"https:\/\/www.bilogistik.com\/wp-content\/uploads\/2021\/10\/contenedor-open-side.jpg\" alt=\"Contenedor de apertura lateral u open side\">\r\n\t<h3>Conteneur \u00e0 ouverture lat\u00e9rale ou open side<\/h3>\r\n\t<p>Pour des marchandises tr\u00e8s volumineuses, telles que machines lourdes, tuyaux ou \u00e9quipements sp\u00e9ciaux.<\/p>\r\n<\/li>\r\n<li>\r\n\t<img decoding=\"async\" src=\"https:\/\/www.bilogistik.com\/wp-content\/uploads\/2021\/10\/contenedor-open-top.jpg\" alt=\"Contenedor open top half-height\">\r\n\t<h3>Conteneur open top<\/h3>\r\n\t<p>Id\u00e9al pour les marchandises tr\u00e8s volumineuses de type minerais ou produits semi-finis.<\/p>\r\n<\/li>\r\n<li>\r\n\t<img decoding=\"async\" src=\"https:\/\/www.bilogistik.com\/wp-content\/uploads\/2021\/10\/contenedor-flat.jpg\" alt=\"Plataforma flat\">\r\n\t<h3>Plataforme flat<\/h3>\r\n\t<p>Pour des marchandises tr\u00e8s volumineuses qui n\u2019entrent pas dans un conteneur conventionnel. La cargaison est prot\u00e9g\u00e9e par une b\u00e2che solide.<\/p>\r\n<\/li>\r\n<\/ul>\r\n\r\n<\/section>\r\n\r\n\r\n\r\n<section>\r\n<div class=\"row\">\r\n<div class=\"col-6\">\r\n<img decoding=\"async\" src=\"https:\/\/www.bilogistik.com\/wp-content\/uploads\/2021\/09\/transporte-mercancias-peligrosas.jpg\" alt=\"Transporte multimodal de mercanc\u00edas peligrosas\">\r\n<\/div>\r\n<div class=\"col-6\">\r\n<h2>Transport multimodal de marchandises dangereuses<\/h2>\r\n<p>La complexit\u00e9 du transport multimodal de marchandises dangereuses r\u00e9side dans le cahier des charges qui varie suivant le type de transport. C\u2019est pourquoi il est important de pouvoir compter sur une \u00e9quipe experte qui poss\u00e8de les autorisations et les certifications requises.<\/p>\r\n\r\n<p>Chez Bilogistik, nous nous chargeons de tout pour satisfaire aux exigences l\u00e9gales du transport multimodal de marchandises dangereuses.<\/p>\r\n<a class=\"button cta-info\" href=\"https:\/\/www.bilogistik.com\/fr\/transport-matieres-premieres\/marchandises-dangereuses\/\">En savoir plus<\/a>\r\n<\/div><\/div>\r\n<\/section>\r\n\r\n\r\n\r\n<section>\r\n<h2>Nos services logistiques<\/h2>\r\n<p class=\"limit-850\">En tant qu\u2019experts de tout type de transport, Bilogistik vous accompagne dans chaque \u00e9tape de la cha\u00eene d\u2019approvisionnement avec des solutions sur mesure :<\/p>\r\n<ul class=\"servicios-list\">\r\n<li class=\"flete\">\r\n\t<h3>Fret maritime<\/h3>\r\n\t<a class=\"button simple dark cta-info\" href=\"https:\/\/www.bilogistik.com\/fr\/services-logistiques\/transport-multimodal\/\">En savoir plus<\/a>\r\n<\/li>\r\n<li class=\"consigna\">\r\n\t<h3>Consignataire <br>de navires<\/h3>\r\n\t<a class=\"button simple dark cta-info\" href=\"https:\/\/www.bilogistik.com\/fr\/services-logistiques\/consignataire-navires\/\">En savoir plus<\/a>\r\n<\/li>\r\n<li class=\"almacena\">\r\n\t<h3>Entreposage<\/h3>\r\n\t<a class=\"button simple dark cta-info\" href=\"https:\/\/www.bilogistik.com\/fr\/services-logistiques\/entreposage\/\">En savoir plus<\/a>\r\n<\/li>\r\n<li class=\"agente\">\r\n\t<h3>Transitaire<\/h3>\r\n\t<a class=\"button simple dark cta-info\" href=\"https:\/\/www.bilogistik.com\/fr\/services-logistiques\/transitaire\/\">En savoir plus<\/a>\r\n<\/li>\r\n<li class=\"aduana\">\r\n\t<h3>Gestion des douanes<\/h3>\r\n\t<a class=\"button simple dark cta-info\" href=\"https:\/\/www.bilogistik.com\/fr\/services-logistiques\/douanes\/\">En savoir plus<\/a>\r\n<\/li>\r\n<\/ul>\r\n<\/section>\r\n\r\n\r\n\r\n<section>\r\n<h2>Transporte de todo tipo <br>de Mercanc\u00edas<\/h2>\r\n<ul class=\"material-list\">\r\n<li class=\"mineral\">\r\n\t<h3>Minerales<\/h3>\r\n\t<p>Transportamos tu carga mineral de forma eficiente y adaptada a tus necesidades log\u00edsticas, sea cual sea la dificultad del terreno. Te acompa\u00f1amos en cada fase de la cadena de suministro.<\/p>\r\n\t<a class=\"button simple cta-info\" href=\"https:\/\/www.bilogistik.com\/transporte-materias-primas\/minerales\/\">M\u00e1s informaci\u00f3n<\/a>\r\n<\/li>\r\n<li class=\"metal\">\r\n\t<h3>Metales<\/h3>\r\n\t<p>Dise\u00f1amos una soluci\u00f3n a medida para el transporte de todo tipo de metales, sea un pedido recurrente o puntual. Optimizamos cada proceso para una entrega en \u00f3ptimas condiciones y con total transparencia.<\/p>\r\n\t<a class=\"button simple cta-info\" href=\"https:\/\/www.bilogistik.com\/transporte-materias-primas\/metales\/\">M\u00e1s informaci\u00f3n<\/a>\r\n<\/li>\r\n<li class=\"caucho\">\r\n\t<h3>Caucho<\/h3>\r\n\t<p>Soluciones para el transporte de caucho, ya sea a granel, en forma de neum\u00e1ticos o productos derivados. Dise\u00f1amos la soluci\u00f3n log\u00edstica m\u00e1s adecuada y eficiente para que tus mercanc\u00edas lleguen en perfectas condiciones.<\/p>\r\n\t<a class=\"button simple cta-info\" href=\"https:\/\/www.bilogistik.com\/transporte-materias-primas\/caucho\/\">M\u00e1s informaci\u00f3n<\/a>\r\n<\/li>\r\n<li class=\"peligrosa\">\r\n\t<h3>Mercanc\u00edas Peligrosas<\/h3>\r\n\t<p>Tenemos la soluci\u00f3n log\u00edstica id\u00f3nea para el transporte de mercanc\u00edas peligrosas, como explosivos o corrosivos. Garantizamos una soluci\u00f3n log\u00edstica integral, cumpliendo con todos los est\u00e1ndares de seguridad.<\/p>\r\n\t<a class=\"button simple cta-info\" href=\"https:\/\/www.bilogistik.com\/transporte-materias-primas\/mercancias-peligrosas\/\">M\u00e1s informaci\u00f3n<\/a>\r\n<\/li>\r\n<\/ul>\r\n<\/section>\r\n\r\n\r\n\r\n<section class=\"full full-gris\">\r\n<div class=\"container\">\r\n<div class=\"row\">\r\n<div class=\"col-6\">\r\n<img decoding=\"async\" src=\"https:\/\/www.bilogistik.com\/wp-content\/uploads\/2021\/10\/soluciones-cargas-especiales.jpg\" alt=\"Soluciones para Cargas Especiales y de Proyecto\">\r\n<\/div>\r\n<div class=\"col-6\">\r\n<h2 class=\"lower\">Soluciones para cargas especiales y de proyecto<\/h2>\r\n<p>Gracias a la experiencia en log\u00edstica de nuestro equipo, desde Bilogistik te ofrecemos nuestro servicio de transporte de cargas especiales, tanto de forma puntual como dentro de un proyecto industrial con desplazamientos continuados.<\/p>\r\n<a href=\"https:\/\/www.bilogistik.com\/cargas-especiales-proyecto\/\" class=\"button cta-info\">M\u00e1s informaci\u00f3n<\/a>\r\n<\/div><\/div>\r\n<\/div><\/section>\r\n\r\n\r\n\r\n<section>\r\n<div class=\"row\">\r\n<div class=\"col-6\">\r\n<img decoding=\"async\" src=\"https:\/\/www.bilogistik.com\/wp-content\/uploads\/2021\/10\/contacto.jpg\" alt=\"Contacta con Bilogistik\">\r\n<\/div>\r\n<div class=\"col-6\">\r\n<h2 class=\"oscuro lower\">Contacta con nuestros expertos<\/h2>\r\n<p>\u00bfQuieres saber m\u00e1s sobre nuestros servicios log\u00edsticos?<\/p>\r\n<p>\u00bfDeseas solicitar un presupuesto? <br>Contacta con nuestro equipo de expertos para una atenci\u00f3n personalizada.<\/p>\r\n<a class=\"button cta-primary\" href=\"https:\/\/www.bilogistik.com\/contacto\/\">Contactar<\/a>\r\n<a class=\"button cta-primary\" href=\"https:\/\/www.bilogistik.com\/contacto\/pide-presupuesto\/\">Solicita presupuesto<\/a>\r\n<\/div>\r\n<\/div><\/section>\r\n\r\n\r\n\r\n<p><\/p>\r\n","protected":false},"excerpt":{"rendered":"<p>Transport multimodal Bilogistik se charge du transport multimodal de tout type de marchandises. Le transport multimodal est un type d\u2019op\u00e9ration qui consiste \u00e0 combiner deux [&hellip;]<\/p>\n","protected":false},"author":1,"featured_media":0,"parent":3422,"menu_order":1,"comment_status":"closed","ping_status":"closed","template":"","meta":{"om_disable_all_campaigns":false,"_monsterinsights_skip_tracking":false,"_monsterinsights_sitenote_active":false,"_monsterinsights_sitenote_note":"","_monsterinsights_sitenote_category":0,"footnotes":""},"class_list":["post-3425","page","type-page","status-publish","hentry"],"aioseo_notices":[],"yoast_head":"<!-- This site is optimized with the Yoast SEO plugin v27.5 - https:\/\/yoast.com\/product\/yoast-seo-wordpress\/ -->\n<title>Transport multimodal | Bilogistik<\/title>\n<meta name=\"description\" content=\"D\u00e9couvrez notre service logistique de transport multimodal, dans lequel nous combinons des modes de transport a\u00e9riens, terrestres et maritimes.\" \/>\n<meta name=\"robots\" content=\"index, follow, max-snippet:-1, max-image-preview:large, max-video-preview:-1\" \/>\n<link rel=\"canonical\" href=\"https:\/\/www.bilogistik.com\/fr\/services-logistiques\/transport-multimodal\/\" \/>\n<meta property=\"og:locale\" content=\"fr_FR\" \/>\n<meta property=\"og:type\" content=\"article\" \/>\n<meta property=\"og:title\" content=\"Transport multimodal | Bilogistik\" \/>\n<meta property=\"og:description\" content=\"D\u00e9couvrez notre service logistique de transport multimodal, dans lequel nous combinons des modes de transport a\u00e9riens, terrestres et maritimes.\" \/>\n<meta property=\"og:url\" content=\"https:\/\/www.bilogistik.com\/fr\/services-logistiques\/transport-multimodal\/\" \/>\n<meta property=\"og:site_name\" content=\"Bilogistik\" \/>\n<meta property=\"article:modified_time\" content=\"2021-12-17T10:18:38+00:00\" \/>\n<meta property=\"og:image\" content=\"https:\/\/www.bilogistik.com\/wp-content\/uploads\/icono-unico-contrato.svg\" \/>\n<meta name=\"twitter:card\" content=\"summary_large_image\" \/>\n<meta name=\"twitter:label1\" content=\"Dur\u00e9e de lecture estim\u00e9e\" \/>\n\t<meta name=\"twitter:data1\" content=\"5 minutes\" \/>\n<script type=\"application\/ld+json\" class=\"yoast-schema-graph\">{\"@context\":\"https:\\\/\\\/schema.org\",\"@graph\":[{\"@type\":\"WebPage\",\"@id\":\"https:\\\/\\\/www.bilogistik.com\\\/fr\\\/services-logistiques\\\/transport-multimodal\\\/\",\"url\":\"https:\\\/\\\/www.bilogistik.com\\\/fr\\\/services-logistiques\\\/transport-multimodal\\\/\",\"name\":\"Transport multimodal | Bilogistik\",\"isPartOf\":{\"@id\":\"https:\\\/\\\/www.bilogistik.com\\\/fr\\\/#website\"},\"primaryImageOfPage\":{\"@id\":\"https:\\\/\\\/www.bilogistik.com\\\/fr\\\/services-logistiques\\\/transport-multimodal\\\/#primaryimage\"},\"image\":{\"@id\":\"https:\\\/\\\/www.bilogistik.com\\\/fr\\\/services-logistiques\\\/transport-multimodal\\\/#primaryimage\"},\"thumbnailUrl\":\"https:\\\/\\\/www.bilogistik.com\\\/wp-content\\\/uploads\\\/icono-unico-contrato.svg\",\"datePublished\":\"2021-08-26T09:28:42+00:00\",\"dateModified\":\"2021-12-17T10:18:38+00:00\",\"description\":\"D\u00e9couvrez notre service logistique de transport multimodal, dans lequel nous combinons des modes de transport a\u00e9riens, terrestres et maritimes.\",\"breadcrumb\":{\"@id\":\"https:\\\/\\\/www.bilogistik.com\\\/fr\\\/services-logistiques\\\/transport-multimodal\\\/#breadcrumb\"},\"inLanguage\":\"fr-FR\",\"potentialAction\":[{\"@type\":\"ReadAction\",\"target\":[\"https:\\\/\\\/www.bilogistik.com\\\/fr\\\/services-logistiques\\\/transport-multimodal\\\/\"]}]},{\"@type\":\"ImageObject\",\"inLanguage\":\"fr-FR\",\"@id\":\"https:\\\/\\\/www.bilogistik.com\\\/fr\\\/services-logistiques\\\/transport-multimodal\\\/#primaryimage\",\"url\":\"https:\\\/\\\/www.bilogistik.com\\\/wp-content\\\/uploads\\\/icono-unico-contrato.svg\",\"contentUrl\":\"https:\\\/\\\/www.bilogistik.com\\\/wp-content\\\/uploads\\\/icono-unico-contrato.svg\"},{\"@type\":\"BreadcrumbList\",\"@id\":\"https:\\\/\\\/www.bilogistik.com\\\/fr\\\/services-logistiques\\\/transport-multimodal\\\/#breadcrumb\",\"itemListElement\":[{\"@type\":\"ListItem\",\"position\":1,\"name\":\"Services logistiques\",\"item\":\"https:\\\/\\\/www.bilogistik.com\\\/fr\\\/services-logistiques\\\/\"},{\"@type\":\"ListItem\",\"position\":2,\"name\":\"Transport multimodal\"}]},{\"@type\":\"WebSite\",\"@id\":\"https:\\\/\\\/www.bilogistik.com\\\/fr\\\/#website\",\"url\":\"https:\\\/\\\/www.bilogistik.com\\\/fr\\\/\",\"name\":\"Bilogistik\",\"description\":\"\",\"potentialAction\":[{\"@type\":\"SearchAction\",\"target\":{\"@type\":\"EntryPoint\",\"urlTemplate\":\"https:\\\/\\\/www.bilogistik.com\\\/fr\\\/?s={search_term_string}\"},\"query-input\":{\"@type\":\"PropertyValueSpecification\",\"valueRequired\":true,\"valueName\":\"search_term_string\"}}],\"inLanguage\":\"fr-FR\"}]}<\/script>\n<!-- \/ Yoast SEO plugin. -->","yoast_head_json":{"title":"Transport multimodal | Bilogistik","description":"D\u00e9couvrez notre service logistique de transport multimodal, dans lequel nous combinons des modes de transport a\u00e9riens, terrestres et maritimes.","robots":{"index":"index","follow":"follow","max-snippet":"max-snippet:-1","max-image-preview":"max-image-preview:large","max-video-preview":"max-video-preview:-1"},"canonical":"https:\/\/www.bilogistik.com\/fr\/services-logistiques\/transport-multimodal\/","og_locale":"fr_FR","og_type":"article","og_title":"Transport multimodal | Bilogistik","og_description":"D\u00e9couvrez notre service logistique de transport multimodal, dans lequel nous combinons des modes de transport a\u00e9riens, terrestres et maritimes.","og_url":"https:\/\/www.bilogistik.com\/fr\/services-logistiques\/transport-multimodal\/","og_site_name":"Bilogistik","article_modified_time":"2021-12-17T10:18:38+00:00","og_image":[{"url":"https:\/\/www.bilogistik.com\/wp-content\/uploads\/icono-unico-contrato.svg","type":"","width":"","height":""}],"twitter_card":"summary_large_image","twitter_misc":{"Dur\u00e9e de lecture estim\u00e9e":"5 minutes"},"schema":{"@context":"https:\/\/schema.org","@graph":[{"@type":"WebPage","@id":"https:\/\/www.bilogistik.com\/fr\/services-logistiques\/transport-multimodal\/","url":"https:\/\/www.bilogistik.com\/fr\/services-logistiques\/transport-multimodal\/","name":"Transport multimodal | Bilogistik","isPartOf":{"@id":"https:\/\/www.bilogistik.com\/fr\/#website"},"primaryImageOfPage":{"@id":"https:\/\/www.bilogistik.com\/fr\/services-logistiques\/transport-multimodal\/#primaryimage"},"image":{"@id":"https:\/\/www.bilogistik.com\/fr\/services-logistiques\/transport-multimodal\/#primaryimage"},"thumbnailUrl":"https:\/\/www.bilogistik.com\/wp-content\/uploads\/icono-unico-contrato.svg","datePublished":"2021-08-26T09:28:42+00:00","dateModified":"2021-12-17T10:18:38+00:00","description":"D\u00e9couvrez notre service logistique de transport multimodal, dans lequel nous combinons des modes de transport a\u00e9riens, terrestres et maritimes.","breadcrumb":{"@id":"https:\/\/www.bilogistik.com\/fr\/services-logistiques\/transport-multimodal\/#breadcrumb"},"inLanguage":"fr-FR","potentialAction":[{"@type":"ReadAction","target":["https:\/\/www.bilogistik.com\/fr\/services-logistiques\/transport-multimodal\/"]}]},{"@type":"ImageObject","inLanguage":"fr-FR","@id":"https:\/\/www.bilogistik.com\/fr\/services-logistiques\/transport-multimodal\/#primaryimage","url":"https:\/\/www.bilogistik.com\/wp-content\/uploads\/icono-unico-contrato.svg","contentUrl":"https:\/\/www.bilogistik.com\/wp-content\/uploads\/icono-unico-contrato.svg"},{"@type":"BreadcrumbList","@id":"https:\/\/www.bilogistik.com\/fr\/services-logistiques\/transport-multimodal\/#breadcrumb","itemListElement":[{"@type":"ListItem","position":1,"name":"Services logistiques","item":"https:\/\/www.bilogistik.com\/fr\/services-logistiques\/"},{"@type":"ListItem","position":2,"name":"Transport multimodal"}]},{"@type":"WebSite","@id":"https:\/\/www.bilogistik.com\/fr\/#website","url":"https:\/\/www.bilogistik.com\/fr\/","name":"Bilogistik","description":"","potentialAction":[{"@type":"SearchAction","target":{"@type":"EntryPoint","urlTemplate":"https:\/\/www.bilogistik.com\/fr\/?s={search_term_string}"},"query-input":{"@type":"PropertyValueSpecification","valueRequired":true,"valueName":"search_term_string"}}],"inLanguage":"fr-FR"}]}},"_links":{"self":[{"href":"https:\/\/www.bilogistik.com\/fr\/wp-json\/wp\/v2\/pages\/3425","targetHints":{"allow":["GET"]}}],"collection":[{"href":"https:\/\/www.bilogistik.com\/fr\/wp-json\/wp\/v2\/pages"}],"about":[{"href":"https:\/\/www.bilogistik.com\/fr\/wp-json\/wp\/v2\/types\/page"}],"author":[{"embeddable":true,"href":"https:\/\/www.bilogistik.com\/fr\/wp-json\/wp\/v2\/users\/1"}],"replies":[{"embeddable":true,"href":"https:\/\/www.bilogistik.com\/fr\/wp-json\/wp\/v2\/comments?post=3425"}],"version-history":[{"count":0,"href":"https:\/\/www.bilogistik.com\/fr\/wp-json\/wp\/v2\/pages\/3425\/revisions"}],"up":[{"embeddable":true,"href":"https:\/\/www.bilogistik.com\/fr\/wp-json\/wp\/v2\/pages\/3422"}],"wp:attachment":[{"href":"https:\/\/www.bilogistik.com\/fr\/wp-json\/wp\/v2\/media?parent=3425"}],"curies":[{"name":"wp","href":"https:\/\/api.w.org\/{rel}","templated":true}]}}