{"id":3422,"date":"2021-08-26T09:26:24","date_gmt":"2021-08-26T09:26:24","guid":{"rendered":"https:\/\/www.bilogistik.com\/servicios-logisticos\/"},"modified":"2021-12-17T10:15:13","modified_gmt":"2021-12-17T10:15:13","slug":"services-logistiques","status":"publish","type":"page","link":"https:\/\/www.bilogistik.com\/fr\/services-logistiques\/","title":{"rendered":"Services logistiques"},"content":{"rendered":"<header class=\"entry-header\" style=\"background-image: url('\/wp-content\/uploads\/bg-servicios-logisticos.jpg');\">\r\n<div class=\"container\">\r\n<h1 class=\"entry-title\">Services logistiques<\/h1>\r\n<p>En tant qu\u2019experts du transport sous toutes ses formes, Bilogistik vous propose ses services logistiques de mani\u00e8re globale. Nous vous accompagnons \u00e0 chaque \u00e9tape de la cha\u00eene d\u2019approvisionnement et nous nous adaptons totalement \u00e0 vos besoins de transport comme aux exigences de la cargaison.<\/p>\r\n<p>Nous disposons d\u2019experts pour l\u2019optimisation de tous les processus logistiques.<\/p>\r\n<\/div>\r\n<\/header>\r\n\r\n\r\n<section>\r\n<h2>Service logistique complet<\/h2>\r\n<p class=\"limit-850\">Nos services logistiques envisagent toutes les actions n\u00e9cessaires pour une exp\u00e9dition optimale des marchandises, depuis l\u2019entreposage jusqu\u2019\u00e0 la gestion des formalit\u00e9s douani\u00e8res.<\/p>\r\n<p class=\"limit-850\">Nous vous accompagnons dans chaque phase de la cha\u00eene logistique, en vous garantissant transparence et efficacit\u00e9 totale, en temps comme en co\u00fbts.<\/p>\r\n<ul class=\"servicios\">\r\n<li><img decoding=\"async\" src=\"https:\/\/www.bilogistik.com\/wp-content\/uploads\/2021\/09\/transporte-multimodal.jpg\" alt=\"Transporte multimodal\" \/>\r\n<h3>Transport multimodal<\/h3>\r\n<p>Pour faire face aux d\u00e9fis du transport sur de longues distances, nous avons d\u00e9velopp\u00e9 des solutions multimodales pour tout type de marchandises. Nous prenons le meilleur de chaque moyen de transport pour optimiser les routes et obtenir une meilleure efficacit\u00e9.<\/p>\r\n<a class=\"button simple cta-info\" href=\"https:\/\/www.bilogistik.com\/fr\/services-logistiques\/transport-multimodal\/\">En savoir plus<\/a><\/li>\r\n<li><img decoding=\"async\" src=\"https:\/\/www.bilogistik.com\/wp-content\/uploads\/2021\/09\/flete-maritimo.jpg\" alt=\"Flete mar\u00edtimo\" \/>\r\n<h3>Fret maritime<\/h3>\r\n<p>Nous nous chargeons du fret maritime pour le transport de vos marchandises par la mer. Ainsi, nous vous aidons \u00e0 choisir le contrat qui s&rsquo;adapte le mieux \u00e0 vos besoins en fonction du type de cargaison et du volume.<\/p>\r\n<a class=\"button simple cta-info\" href=\"https:\/\/www.bilogistik.com\/fr\/services-logistiques\/fret-maritime\/\">En savoir plus<\/a><\/li>\r\n<li><img decoding=\"async\" src=\"https:\/\/www.bilogistik.com\/wp-content\/uploads\/2021\/09\/consignatario.jpg\" alt=\"Consignatario de buques\" \/>\r\n<h3>Consignataire <br \/>de navires<\/h3>\r\n<p>Pour vous offrir un service int\u00e9gral, nous assumons le r\u00f4le d\u2019interm\u00e9diaire en nous chargeant de toutes les formalit\u00e9s et d\u00e9marches n\u00e9cessaires durant tout le temps o\u00f9 le navire est \u00e0 quai, en vous assurant la meilleure efficacit\u00e9 en temps et en co\u00fbts.<\/p>\r\n<a class=\"button simple cta-info\" href=\"https:\/\/www.bilogistik.com\/fr\/services-logistiques\/consignataire-navires\/\">En savoir plus<\/a><\/li>\r\n<li><img decoding=\"async\" src=\"https:\/\/www.bilogistik.com\/wp-content\/uploads\/2021\/09\/almacenamiento.jpg\" alt=\"Almacenamiento\" \/>\r\n<h3>Entreposage<\/h3>\r\n<p>Nous disposons d\u2019espaces d\u2019entreposage et d\u2019entrep\u00f4ts douaniers (francs) pour vous offrir un service de stockage int\u00e9gral, depuis la r\u00e9ception et l\u2019exp\u00e9dition des marchandises jusqu\u2019au contr\u00f4le du produit et la gestion des formalit\u00e9s.<\/p>\r\n<a class=\"button simple cta-info\" href=\"https:\/\/www.bilogistik.com\/fr\/services-logistiques\/entreposage\/\">En savoir plus<\/a><\/li>\r\n<li><img decoding=\"async\" src=\"https:\/\/www.bilogistik.com\/wp-content\/uploads\/2021\/09\/transitario.jpg\" alt=\"Agente transitario\" \/>\r\n<h3>Transitaire<\/h3>\r\n<p>Nous organisons le transport international de vos marchandises de mani\u00e8re s\u00e9curis\u00e9e et efficace. Nous r\u00e9duisons significativement les temps de gestion et garantissons la s\u00e9curit\u00e9 et la l\u00e9galit\u00e9 de l\u2019ensemble du processus.<\/p>\r\n<a class=\"button simple cta-info\" href=\"https:\/\/www.bilogistik.com\/fr\/services-logistiques\/transitaire\/\">En savoir plus<\/a><\/li>\r\n<li><img decoding=\"async\" src=\"https:\/\/www.bilogistik.com\/wp-content\/uploads\/2021\/09\/aduanas.jpg\" alt=\"Gesti\u00f3n de aduanas\" \/>\r\n<h3>Gestion des douanes<\/h3>\r\n<p>Facilitamos toda la gesti\u00f3n de los tr\u00e1mites portuarios y aduanas para agilizar la expedici\u00f3n de tus mercanc\u00edas, as\u00ed como su almacenaje; todo ello a trav\u00e9s de un proceso c\u00f3modo, \u00e1gil y controlado.<\/p>\r\n<a class=\"button simple cta-info\" href=\"https:\/\/www.bilogistik.com\/fr\/services-logistiques\/douanes\/\">En savoir plus<\/a><\/li>\r\n<\/ul>\r\n<\/section>\r\n\r\n\r\n\r\n<section class=\"full full-gris\">\r\n<div class=\"container\">\r\n<div class=\"row\">\r\n<div class=\"col-6\">\r\n<img decoding=\"async\" src=\"https:\/\/www.bilogistik.com\/wp-content\/uploads\/2021\/10\/soluciones-cargas-especiales.jpg\" alt=\"Soluciones para Cargas Especiales y de Proyecto\">\r\n<\/div>\r\n<div class=\"col-6\">\r\n<h2 class=\"lower\">Soluciones para cargas especiales y de proyecto<\/h2>\r\n<p>Gracias a la experiencia en log\u00edstica de nuestro equipo, desde Bilogistik te ofrecemos nuestro servicio de transporte de cargas especiales, tanto de forma puntual como dentro de un proyecto industrial con desplazamientos continuados.<\/p>\r\n<a href=\"https:\/\/www.bilogistik.com\/cargas-especiales-proyecto\/\" class=\"button cta-info\">M\u00e1s informaci\u00f3n<\/a>\r\n<\/div><\/div>\r\n<\/div><\/section>\r\n\r\n\r\n\r\n<section>\r\n<div class=\"row\">\r\n<div class=\"col-6\">\r\n<img decoding=\"async\" src=\"https:\/\/www.bilogistik.com\/wp-content\/uploads\/2021\/10\/contacto.jpg\" alt=\"Contacta con Bilogistik\">\r\n<\/div>\r\n<div class=\"col-6\">\r\n<h2 class=\"oscuro lower\">Contacta con nuestros expertos<\/h2>\r\n<p>\u00bfQuieres saber m\u00e1s sobre nuestros servicios log\u00edsticos?<\/p>\r\n<p>\u00bfDeseas solicitar un presupuesto? <br>Contacta con nuestro equipo de expertos para una atenci\u00f3n personalizada.<\/p>\r\n<a class=\"button cta-primary\" href=\"https:\/\/www.bilogistik.com\/contacto\/\">Contactar<\/a>\r\n<a class=\"button cta-primary\" href=\"https:\/\/www.bilogistik.com\/contacto\/pide-presupuesto\/\">Solicita presupuesto<\/a>\r\n<\/div>\r\n<\/div><\/section>\r\n\r\n\r\n\r\n<p><\/p>\r\n","protected":false},"excerpt":{"rendered":"<p>Services logistiques En tant qu\u2019experts du transport sous toutes ses formes, Bilogistik vous propose ses services logistiques de mani\u00e8re globale. Nous vous accompagnons \u00e0 chaque [&hellip;]<\/p>\n","protected":false},"author":1,"featured_media":0,"parent":0,"menu_order":0,"comment_status":"closed","ping_status":"closed","template":"","meta":{"om_disable_all_campaigns":false,"_monsterinsights_skip_tracking":false,"_monsterinsights_sitenote_active":false,"_monsterinsights_sitenote_note":"","_monsterinsights_sitenote_category":0,"footnotes":""},"class_list":["post-3422","page","type-page","status-publish","hentry"],"aioseo_notices":[],"yoast_head":"<!-- This site is optimized with the Yoast SEO plugin v27.5 - https:\/\/yoast.com\/product\/yoast-seo-wordpress\/ -->\n<title>Services logistiques | Bilogistik<\/title>\n<meta name=\"description\" content=\"Nous avons l\u2019exp\u00e9rience n\u00e9cessaire pour vous pr\u00eater le meilleur service logistique. Renseignez-vous pour conna\u00eetre notre service adapt\u00e9 \u00e0 vos besoins.\" \/>\n<meta name=\"robots\" content=\"index, follow, max-snippet:-1, max-image-preview:large, max-video-preview:-1\" \/>\n<link rel=\"canonical\" href=\"https:\/\/www.bilogistik.com\/fr\/services-logistiques\/\" \/>\n<meta property=\"og:locale\" content=\"fr_FR\" \/>\n<meta property=\"og:type\" content=\"article\" \/>\n<meta property=\"og:title\" content=\"Services logistiques | Bilogistik\" \/>\n<meta property=\"og:description\" content=\"Nous avons l\u2019exp\u00e9rience n\u00e9cessaire pour vous pr\u00eater le meilleur service logistique. Renseignez-vous pour conna\u00eetre notre service adapt\u00e9 \u00e0 vos besoins.\" \/>\n<meta property=\"og:url\" content=\"https:\/\/www.bilogistik.com\/fr\/services-logistiques\/\" \/>\n<meta property=\"og:site_name\" content=\"Bilogistik\" \/>\n<meta property=\"article:modified_time\" content=\"2021-12-17T10:15:13+00:00\" \/>\n<meta property=\"og:image\" content=\"https:\/\/www.bilogistik.com\/wp-content\/uploads\/2021\/09\/transporte-multimodal.jpg\" \/>\n<meta name=\"twitter:card\" content=\"summary_large_image\" \/>\n<meta name=\"twitter:label1\" content=\"Dur\u00e9e de lecture estim\u00e9e\" \/>\n\t<meta name=\"twitter:data1\" content=\"3 minutes\" \/>\n<script type=\"application\/ld+json\" class=\"yoast-schema-graph\">{\"@context\":\"https:\\\/\\\/schema.org\",\"@graph\":[{\"@type\":\"WebPage\",\"@id\":\"https:\\\/\\\/www.bilogistik.com\\\/fr\\\/services-logistiques\\\/\",\"url\":\"https:\\\/\\\/www.bilogistik.com\\\/fr\\\/services-logistiques\\\/\",\"name\":\"Services logistiques | Bilogistik\",\"isPartOf\":{\"@id\":\"https:\\\/\\\/www.bilogistik.com\\\/fr\\\/#website\"},\"primaryImageOfPage\":{\"@id\":\"https:\\\/\\\/www.bilogistik.com\\\/fr\\\/services-logistiques\\\/#primaryimage\"},\"image\":{\"@id\":\"https:\\\/\\\/www.bilogistik.com\\\/fr\\\/services-logistiques\\\/#primaryimage\"},\"thumbnailUrl\":\"https:\\\/\\\/www.bilogistik.com\\\/wp-content\\\/uploads\\\/2021\\\/09\\\/transporte-multimodal.jpg\",\"datePublished\":\"2021-08-26T09:26:24+00:00\",\"dateModified\":\"2021-12-17T10:15:13+00:00\",\"description\":\"Nous avons l\u2019exp\u00e9rience n\u00e9cessaire pour vous pr\u00eater le meilleur service logistique. Renseignez-vous pour conna\u00eetre notre service adapt\u00e9 \u00e0 vos besoins.\",\"inLanguage\":\"fr-FR\",\"potentialAction\":[{\"@type\":\"ReadAction\",\"target\":[\"https:\\\/\\\/www.bilogistik.com\\\/fr\\\/services-logistiques\\\/\"]}]},{\"@type\":\"ImageObject\",\"inLanguage\":\"fr-FR\",\"@id\":\"https:\\\/\\\/www.bilogistik.com\\\/fr\\\/services-logistiques\\\/#primaryimage\",\"url\":\"https:\\\/\\\/www.bilogistik.com\\\/wp-content\\\/uploads\\\/2021\\\/09\\\/transporte-multimodal.jpg\",\"contentUrl\":\"https:\\\/\\\/www.bilogistik.com\\\/wp-content\\\/uploads\\\/2021\\\/09\\\/transporte-multimodal.jpg\"},{\"@type\":\"WebSite\",\"@id\":\"https:\\\/\\\/www.bilogistik.com\\\/fr\\\/#website\",\"url\":\"https:\\\/\\\/www.bilogistik.com\\\/fr\\\/\",\"name\":\"Bilogistik\",\"description\":\"\",\"potentialAction\":[{\"@type\":\"SearchAction\",\"target\":{\"@type\":\"EntryPoint\",\"urlTemplate\":\"https:\\\/\\\/www.bilogistik.com\\\/fr\\\/?s={search_term_string}\"},\"query-input\":{\"@type\":\"PropertyValueSpecification\",\"valueRequired\":true,\"valueName\":\"search_term_string\"}}],\"inLanguage\":\"fr-FR\"}]}<\/script>\n<!-- \/ Yoast SEO plugin. -->","yoast_head_json":{"title":"Services logistiques | Bilogistik","description":"Nous avons l\u2019exp\u00e9rience n\u00e9cessaire pour vous pr\u00eater le meilleur service logistique. Renseignez-vous pour conna\u00eetre notre service adapt\u00e9 \u00e0 vos besoins.","robots":{"index":"index","follow":"follow","max-snippet":"max-snippet:-1","max-image-preview":"max-image-preview:large","max-video-preview":"max-video-preview:-1"},"canonical":"https:\/\/www.bilogistik.com\/fr\/services-logistiques\/","og_locale":"fr_FR","og_type":"article","og_title":"Services logistiques | Bilogistik","og_description":"Nous avons l\u2019exp\u00e9rience n\u00e9cessaire pour vous pr\u00eater le meilleur service logistique. Renseignez-vous pour conna\u00eetre notre service adapt\u00e9 \u00e0 vos besoins.","og_url":"https:\/\/www.bilogistik.com\/fr\/services-logistiques\/","og_site_name":"Bilogistik","article_modified_time":"2021-12-17T10:15:13+00:00","og_image":[{"url":"https:\/\/www.bilogistik.com\/wp-content\/uploads\/2021\/09\/transporte-multimodal.jpg","type":"","width":"","height":""}],"twitter_card":"summary_large_image","twitter_misc":{"Dur\u00e9e de lecture estim\u00e9e":"3 minutes"},"schema":{"@context":"https:\/\/schema.org","@graph":[{"@type":"WebPage","@id":"https:\/\/www.bilogistik.com\/fr\/services-logistiques\/","url":"https:\/\/www.bilogistik.com\/fr\/services-logistiques\/","name":"Services logistiques | Bilogistik","isPartOf":{"@id":"https:\/\/www.bilogistik.com\/fr\/#website"},"primaryImageOfPage":{"@id":"https:\/\/www.bilogistik.com\/fr\/services-logistiques\/#primaryimage"},"image":{"@id":"https:\/\/www.bilogistik.com\/fr\/services-logistiques\/#primaryimage"},"thumbnailUrl":"https:\/\/www.bilogistik.com\/wp-content\/uploads\/2021\/09\/transporte-multimodal.jpg","datePublished":"2021-08-26T09:26:24+00:00","dateModified":"2021-12-17T10:15:13+00:00","description":"Nous avons l\u2019exp\u00e9rience n\u00e9cessaire pour vous pr\u00eater le meilleur service logistique. Renseignez-vous pour conna\u00eetre notre service adapt\u00e9 \u00e0 vos besoins.","inLanguage":"fr-FR","potentialAction":[{"@type":"ReadAction","target":["https:\/\/www.bilogistik.com\/fr\/services-logistiques\/"]}]},{"@type":"ImageObject","inLanguage":"fr-FR","@id":"https:\/\/www.bilogistik.com\/fr\/services-logistiques\/#primaryimage","url":"https:\/\/www.bilogistik.com\/wp-content\/uploads\/2021\/09\/transporte-multimodal.jpg","contentUrl":"https:\/\/www.bilogistik.com\/wp-content\/uploads\/2021\/09\/transporte-multimodal.jpg"},{"@type":"WebSite","@id":"https:\/\/www.bilogistik.com\/fr\/#website","url":"https:\/\/www.bilogistik.com\/fr\/","name":"Bilogistik","description":"","potentialAction":[{"@type":"SearchAction","target":{"@type":"EntryPoint","urlTemplate":"https:\/\/www.bilogistik.com\/fr\/?s={search_term_string}"},"query-input":{"@type":"PropertyValueSpecification","valueRequired":true,"valueName":"search_term_string"}}],"inLanguage":"fr-FR"}]}},"_links":{"self":[{"href":"https:\/\/www.bilogistik.com\/fr\/wp-json\/wp\/v2\/pages\/3422","targetHints":{"allow":["GET"]}}],"collection":[{"href":"https:\/\/www.bilogistik.com\/fr\/wp-json\/wp\/v2\/pages"}],"about":[{"href":"https:\/\/www.bilogistik.com\/fr\/wp-json\/wp\/v2\/types\/page"}],"author":[{"embeddable":true,"href":"https:\/\/www.bilogistik.com\/fr\/wp-json\/wp\/v2\/users\/1"}],"replies":[{"embeddable":true,"href":"https:\/\/www.bilogistik.com\/fr\/wp-json\/wp\/v2\/comments?post=3422"}],"version-history":[{"count":0,"href":"https:\/\/www.bilogistik.com\/fr\/wp-json\/wp\/v2\/pages\/3422\/revisions"}],"wp:attachment":[{"href":"https:\/\/www.bilogistik.com\/fr\/wp-json\/wp\/v2\/media?parent=3422"}],"curies":[{"name":"wp","href":"https:\/\/api.w.org\/{rel}","templated":true}]}}