{"id":3417,"date":"2021-08-26T09:07:54","date_gmt":"2021-08-26T09:07:54","guid":{"rendered":"https:\/\/www.bilogistik.com\/transport-matieres-premieres\/mercancias-peligrosas\/"},"modified":"2021-12-17T10:05:03","modified_gmt":"2021-12-17T10:05:03","slug":"marchandises-dangereuses","status":"publish","type":"page","link":"https:\/\/www.bilogistik.com\/fr\/transport-matieres-premieres\/marchandises-dangereuses\/","title":{"rendered":"Marchandises dangereuses"},"content":{"rendered":"\r\n<header class=\"entry-header\" style=\"background-image:url('\/wp-content\/uploads\/bg-mercancias-peligrosas.jpg');\">\r\n<div class=\"container\">\r\n<h1 class=\"entry-title\">Solutions pour le transport <br>de marchandises dangereuses<\/h1>\r\n<p>Les marchandises dangereuses exigent un <strong>transport sp\u00e9cial, r\u00e9alis\u00e9 par des professionnels<\/strong>, car leur manipulation inappropri\u00e9e pourrait engendrer de lourdes cons\u00e9quences pour les personnes et l\u2019environnement.<\/p> \r\n\r\n<p>Bilogistik <strong>se charge int\u00e9gralement du transport des cargaisons dangereuses<\/strong> qui exigent une manutention sp\u00e9ciale, telles que les explosifs, les mati\u00e8res inflammables ou les produits toxiques, corrosifs et radioactifs. Nous vous proposons un <strong>service logistique du d\u00e9but jusqu\u2019\u00e0 la fin<\/strong>, en nous occupant de chaque maillon de la cha\u00eene d\u2019approvisionnement et <strong>en nous adaptant<\/strong> \u00e0 vos besoins comme aux exigences de la cargaison.<\/p>\r\n<\/div>\r\n<\/header>\r\n\r\n\r\n\r\n<section>\r\n\t<h2 class=\"limit-850\">Nos solutions pour le transport de marchandises dangereuses incluent :<\/h2>\r\n\t<ul class=\"lista-iconos\">\r\n\t\t<li>\r\n\t\t\t<img decoding=\"async\" src=\"https:\/\/www.bilogistik.com\/wp-content\/uploads\/icono-transporte-maritimo-aereo-terrestre.svg\" alt=\"Transporte multimodal mar\u00edtimo, a\u00e9reo y terrestre\">\r\n\t\t\t<p>Transport international multimodal, maritime, a\u00e9rien et terrestre<\/p>\r\n\t\t<\/li>\r\n\t\t<li>\r\n\t\t\t<img decoding=\"async\" src=\"https:\/\/www.bilogistik.com\/wp-content\/uploads\/icono-almacenamiento.svg\" alt=\"Manipulaci\u00f3n y almacenamiento\">\r\n\t\t\t<p>Manutention et entreposage<\/p>\r\n\t\t<\/li>\r\n\t\t<li>\r\n\t\t\t<img decoding=\"async\" src=\"https:\/\/www.bilogistik.com\/wp-content\/uploads\/icono-gestion-documental.svg\" alt=\"Tr\u00e1mites administrativos\">\r\n\t\t\t<p>Gestion documentaire et formalit\u00e9s administratives<\/p>\r\n\t\t<\/li>\r\n\t\t<li>\r\n\t\t\t<img decoding=\"async\" src=\"https:\/\/www.bilogistik.com\/wp-content\/uploads\/icono-gestion-aduanas.svg\" alt=\"Gesti\u00f3n de aduanas\">\r\n\t\t\t<p>Gestion des douanes<\/p>\r\n\t\t<\/li>\r\n\t\t<li>\r\n\t\t\t<img decoding=\"async\" src=\"https:\/\/www.bilogistik.com\/wp-content\/uploads\/icono-transparencia-proceso.svg\" alt=\"Transparencia en el proceso\">\r\n\t\t\t<p>Transparence tout au long du processus<\/p>\r\n\t\t<\/li>\r\n\t<\/ul>\r\n<p class=\"text-center\"><a class=\"button cta-primary\" href=\"https:\/\/www.bilogistik.com\/fr\/contact\/\">En savoir plus<\/a><\/p>\r\n<\/section>\r\n\r\n\r\n\r\n<section>\r\n<div class=\"row\">\r\n<div class=\"col-6\">\r\n<img decoding=\"async\" src=\"https:\/\/www.bilogistik.com\/wp-content\/uploads\/2021\/09\/transporte-mercancias-peligrosas.jpg\" alt=\"Transporte multimodal de mercanc\u00edas peligrosas\">\r\n<\/div>\r\n<div class=\"col-6\">\r\n<h2>Transport multimodal <br>de marchandises dangereuses<\/h2>\r\n<p>Bilogistik a les capacit\u00e9s pour <strong>transporter des marchandises dangereuses sur tout type de voies de mani\u00e8re s\u00e9curis\u00e9e et rapide, et dans le respect des r\u00e9glementations<\/strong>. Nous poss\u00e9dons les autorisations et les certifications exig\u00e9es pour le transport de ce type de cargaisons dans les diff\u00e9rents v\u00e9hicules qui participent \u00e0 l\u2019op\u00e9ration.<\/p>\r\n\r\n<p>Nous combinons le transport terrestre, a\u00e9rien et maritime suivant vos besoins pour que vos marchandises dangereuses voyagent en toute fluidit\u00e9. Nous vous assurons le <strong>service porte-\u00e0-porte<\/strong> de votre cargaison de mani\u00e8re l\u00e9gale et s\u00e9curis\u00e9e, <strong>sans retarder l\u2019op\u00e9ration logistique<\/strong>.<\/p>\r\n<\/div><\/div><\/section>\r\n\r\n\r\n\r\n<section>\r\n\t<div class=\"row transporte\">\r\n\t\t<div class=\"col-6\">\r\n\t\t\t<h3>Marchandises dangereuses par la route<\/h3>\r\n\t\t\t<p>Nous nous occupons du transport ADR (Agreement on Dangerous Goods) en respectant toutes les normes de s\u00e9curit\u00e9 et en optimisant la cha\u00eene d\u2019approvisionnement pour que votre marchandise arrive intacte \u00e0 destination et sans risque d\u2019accidents en chemin.<\/p>\r\n\t\t<\/div>\r\n\t\t<div class=\"col-6\">\r\n\t\t\t<h3>Marchandises dangereuses par la mer<\/h3>\r\n\t\t\t<p>Nous g\u00e9rons le transport de votre cargaison OMI de mani\u00e8re rapide et s\u00e9curis\u00e9e, en suivant les protocoles d\u2019emballage, \u00e9tiquetage et arrimage sur les navires. Nous \u00e9tablissons par ailleurs des protocoles pour r\u00e9agir \u00e0 d\u2019\u00e9ventuelles situations d\u2019urgence ou accidents.<\/p>\r\n\t\t<\/div>\r\n\t<\/div>\r\n\t<div class=\"row transporte\">\r\n\t\t<div class=\"col-6\">\r\n\t\t\t<h3>Marchandises dangereuses par le rail<\/h3>\r\n\t\t\t<p>Nous nous chargeons du transport de vos marchandises conform\u00e9ment au RID, en misant sur le respect le plus strict des normes de s\u00e9curit\u00e9. Nous offrons un service int\u00e9gral et efficace, en garantissant l\u2019int\u00e9grit\u00e9 des personnes comme de l\u2019environnement.<\/p>\r\n\t\t<\/div>\r\n\t\t<div class=\"col-6\">\r\n\t\t\t<h3>Marchandises dangereuses par voie a\u00e9rienne<\/h3>\r\n\t\t\t<p>Nous manipulons vos cargaisons sensibles par voie a\u00e9rienne en respectant absolument toutes les normes de s\u00e9curit\u00e9, en assurant leur arriv\u00e9e \u00e0 destination dans toute leur int\u00e9grit\u00e9 et avec z\u00e9ro risque pour la marchandise comme pour les personnes ou l\u2019environnement.<\/p>\r\n\t\t<\/div>\r\n\t<\/div>\r\n<p class=\"text-center\"><a class=\"button cta-primary\" href=\"https:\/\/www.bilogistik.com\/fr\/contact\/devis\/\">Demander un devis<\/a><\/p>\r\n<\/section>\r\n\r\n\r\n\r\n<section class=\"full full-gris\">\r\n<div class=\"container\">\r\n<div class=\"row\">\r\n<div class=\"col-6\">\r\n<img decoding=\"async\" src=\"https:\/\/www.bilogistik.com\/wp-content\/uploads\/2021\/10\/soluciones-cargas-especiales.jpg\" alt=\"Soluciones para Cargas Especiales y de Proyecto\">\r\n<\/div>\r\n<div class=\"col-6\">\r\n<h2 class=\"lower\">Soluciones para cargas especiales y de proyecto<\/h2>\r\n<p>Gracias a la experiencia en log\u00edstica de nuestro equipo, desde Bilogistik te ofrecemos nuestro servicio de transporte de cargas especiales, tanto de forma puntual como dentro de un proyecto industrial con desplazamientos continuados.<\/p>\r\n<a href=\"https:\/\/www.bilogistik.com\/cargas-especiales-proyecto\/\" class=\"button cta-info\">M\u00e1s informaci\u00f3n<\/a>\r\n<\/div><\/div>\r\n<\/div><\/section>\r\n\r\n\r\n\r\n<section>\r\n<h2>Transport d\u2019autres mat\u00e9riaux<\/h2>\r\n<p>Bilogistik propose des solutions pour le transport fiable et efficace de diff\u00e9rents types de mat\u00e9riaux :<\/p>\r\n<ul class=\"material-list\">\r\n<li class=\"mineral\">\r\n\t<h3>Minerais<\/h3>\r\n\t<p>Nous transportons votre cargaison de minerai de mani\u00e8re efficace et adapt\u00e9e \u00e0 vos besoins logistiques, quelle que soit la difficult\u00e9 du terrain. Nous vous accompagnons dans chaque phase de la cha\u00eene d\u2019approvisionnement.<\/p>\r\n\t<a class=\"button simple cta-info\" href=\"https:\/\/www.bilogistik.com\/fr\/transport-matieres-premieres\/minerais\/\">En savoir plus<\/a>\r\n<\/li>\r\n<li class=\"metal\">\r\n\t<h3>M\u00e9taux<\/h3>\r\n\t<p>Nous concevons des solutions sur mesure pour le transport de tout type de m\u00e9taux, pour des commandes r\u00e9guli\u00e8res comme ponctuelles. Nous optimisons chaque processus pour une livraison dans des conditions optimales et dans une transparence totale.<\/p>\r\n\t<a class=\"button simple cta-info\" href=\"https:\/\/www.bilogistik.com\/fr\/transport-matieres-premieres\/metaux\/\">En savoir plus<\/a>\r\n<\/li>\r\n<li class=\"caucho\">\r\n\t<h3>Caoutchouc<\/h3>\r\n\t<p>Solutions pour le transport de caoutchouc, en vrac, sous forme de pneus ou produits d\u00e9riv\u00e9s. Nous concevons la solution logistique la mieux adapt\u00e9e et la plus efficace pour que vos marchandises arrivent \u00e0 destination dans de parfaites conditions.<\/p>\r\n\t<a class=\"button simple cta-info\" href=\"https:\/\/www.bilogistik.com\/fr\/transport-matieres-premieres\/caoutchouc\/\">En savoir plus<\/a>\r\n<\/li>\r\n<\/ul>\r\n<\/section>\r\n\r\n\r\n\r\n<section>\r\n<h2>Nuestros servicios log\u00edsticos<\/h2>\r\n<p class=\"limit-850\">Como expertos en todo tipo de transporte, en Bilogistik te acompa\u00f1amos en cada \u00e1mbito de la cadena de suministro con nuestras soluciones a medida:<\/p>\r\n<ul class=\"servicios-list\">\r\n<li class=\"multimodal\">\r\n\t<h3>Transporte multimodal<\/h3>\r\n\t<a class=\"button simple dark cta-info\" href=\"https:\/\/www.bilogistik.com\/servicios-logisticos\/transporte-multimodal\/\">M\u00e1s informaci\u00f3n<\/a>\r\n<\/li>\r\n<li class=\"flete\">\r\n\t<h3>Flete mar\u00edtimo<\/h3>\r\n\t<a class=\"button simple dark cta-info\" href=\"https:\/\/www.bilogistik.com\/servicios-logisticos\/flete-maritimo\/\">M\u00e1s informaci\u00f3n<\/a>\r\n<\/li>\r\n<li class=\"consigna\">\r\n\t<h3>Consignatario <br>de buques<\/h3>\r\n\t<a class=\"button simple dark cta-info\" href=\"https:\/\/www.bilogistik.com\/servicios-logisticos\/consignatario-buques\/\">M\u00e1s informaci\u00f3n<\/a>\r\n<\/li>\r\n<li class=\"almacena\">\r\n\t<h3>Almacenamiento<\/h3>\r\n\t<a class=\"button simple dark cta-info\" href=\"https:\/\/www.bilogistik.com\/servicios-logisticos\/almacenamiento\/\">M\u00e1s informaci\u00f3n<\/a>\r\n<\/li>\r\n<li class=\"agente\">\r\n\t<h3>Agente transitario<\/h3>\r\n\t<a class=\"button simple dark cta-info\" href=\"https:\/\/www.bilogistik.com\/servicios-logisticos\/transitario\/\">M\u00e1s informaci\u00f3n<\/a>\r\n<\/li>\r\n<li class=\"aduana\">\r\n\t<h3>Gesti\u00f3n de aduanas<\/h3>\r\n\t<a class=\"button simple dark cta-info\" href=\"https:\/\/www.bilogistik.com\/servicios-logisticos\/aduanas\/\">M\u00e1s informaci\u00f3n<\/a>\r\n<\/li>\r\n<\/ul>\r\n<\/section>\r\n\r\n\r\n\r\n<section>\r\n<div class=\"row\">\r\n<div class=\"col-6\">\r\n<img decoding=\"async\" src=\"https:\/\/www.bilogistik.com\/wp-content\/uploads\/2021\/10\/contacto.jpg\" alt=\"Contacta con Bilogistik\">\r\n<\/div>\r\n<div class=\"col-6\">\r\n<h2 class=\"oscuro lower\">Contacta con nuestros expertos<\/h2>\r\n<p>\u00bfQuieres saber m\u00e1s sobre nuestros servicios log\u00edsticos?<\/p>\r\n<p>\u00bfDeseas solicitar un presupuesto? <br>Contacta con nuestro equipo de expertos para una atenci\u00f3n personalizada.<\/p>\r\n<a class=\"button cta-primary\" href=\"https:\/\/www.bilogistik.com\/contacto\/\">Contactar<\/a>\r\n<a class=\"button cta-primary\" href=\"https:\/\/www.bilogistik.com\/contacto\/pide-presupuesto\/\">Solicita presupuesto<\/a>\r\n<\/div>\r\n<\/div><\/section>\r\n\r\n\r\n\r\n<p><\/p>\r\n","protected":false},"excerpt":{"rendered":"<p>Solutions pour le transport de marchandises dangereuses Les marchandises dangereuses exigent un transport sp\u00e9cial, r\u00e9alis\u00e9 par des professionnels, car leur manipulation inappropri\u00e9e pourrait engendrer de [&hellip;]<\/p>\n","protected":false},"author":1,"featured_media":0,"parent":3390,"menu_order":4,"comment_status":"closed","ping_status":"closed","template":"","meta":{"om_disable_all_campaigns":false,"_monsterinsights_skip_tracking":false,"_monsterinsights_sitenote_active":false,"_monsterinsights_sitenote_note":"","_monsterinsights_sitenote_category":0,"footnotes":""},"class_list":["post-3417","page","type-page","status-publish","hentry"],"aioseo_notices":[],"yoast_head":"<!-- This site is optimized with the Yoast SEO plugin v27.4 - https:\/\/yoast.com\/product\/yoast-seo-wordpress\/ -->\n<title>Solutions pour le transport de marchandises dangereuses | Bilogistik<\/title>\n<meta name=\"description\" content=\"Nous nous chargeons du transport de marchandises dangereuses en vous garantissant la solution logistique id\u00e9ale qui satisfait aux standards de qualit\u00e9.\" \/>\n<meta name=\"robots\" content=\"index, follow, max-snippet:-1, max-image-preview:large, max-video-preview:-1\" \/>\n<link rel=\"canonical\" href=\"https:\/\/www.bilogistik.com\/fr\/transport-matieres-premieres\/marchandises-dangereuses\/\" \/>\n<meta property=\"og:locale\" content=\"fr_FR\" \/>\n<meta property=\"og:type\" content=\"article\" \/>\n<meta property=\"og:title\" content=\"Solutions pour le transport de marchandises dangereuses | Bilogistik\" \/>\n<meta property=\"og:description\" content=\"Nous nous chargeons du transport de marchandises dangereuses en vous garantissant la solution logistique id\u00e9ale qui satisfait aux standards de qualit\u00e9.\" \/>\n<meta property=\"og:url\" content=\"https:\/\/www.bilogistik.com\/fr\/transport-matieres-premieres\/marchandises-dangereuses\/\" \/>\n<meta property=\"og:site_name\" content=\"Bilogistik\" \/>\n<meta property=\"article:modified_time\" content=\"2021-12-17T10:05:03+00:00\" \/>\n<meta property=\"og:image\" content=\"https:\/\/www.bilogistik.com\/wp-content\/uploads\/icono-transporte-maritimo-aereo-terrestre.svg\" \/>\n<meta name=\"twitter:card\" content=\"summary_large_image\" \/>\n<meta name=\"twitter:label1\" content=\"Dur\u00e9e de lecture estim\u00e9e\" \/>\n\t<meta name=\"twitter:data1\" content=\"4 minutes\" \/>\n<script type=\"application\/ld+json\" class=\"yoast-schema-graph\">{\"@context\":\"https:\\\/\\\/schema.org\",\"@graph\":[{\"@type\":\"WebPage\",\"@id\":\"https:\\\/\\\/www.bilogistik.com\\\/fr\\\/transport-matieres-premieres\\\/marchandises-dangereuses\\\/\",\"url\":\"https:\\\/\\\/www.bilogistik.com\\\/fr\\\/transport-matieres-premieres\\\/marchandises-dangereuses\\\/\",\"name\":\"Solutions pour le transport de marchandises dangereuses | Bilogistik\",\"isPartOf\":{\"@id\":\"https:\\\/\\\/www.bilogistik.com\\\/fr\\\/#website\"},\"primaryImageOfPage\":{\"@id\":\"https:\\\/\\\/www.bilogistik.com\\\/fr\\\/transport-matieres-premieres\\\/marchandises-dangereuses\\\/#primaryimage\"},\"image\":{\"@id\":\"https:\\\/\\\/www.bilogistik.com\\\/fr\\\/transport-matieres-premieres\\\/marchandises-dangereuses\\\/#primaryimage\"},\"thumbnailUrl\":\"https:\\\/\\\/www.bilogistik.com\\\/wp-content\\\/uploads\\\/icono-transporte-maritimo-aereo-terrestre.svg\",\"datePublished\":\"2021-08-26T09:07:54+00:00\",\"dateModified\":\"2021-12-17T10:05:03+00:00\",\"description\":\"Nous nous chargeons du transport de marchandises dangereuses en vous garantissant la solution logistique id\u00e9ale qui satisfait aux standards de qualit\u00e9.\",\"breadcrumb\":{\"@id\":\"https:\\\/\\\/www.bilogistik.com\\\/fr\\\/transport-matieres-premieres\\\/marchandises-dangereuses\\\/#breadcrumb\"},\"inLanguage\":\"fr-FR\",\"potentialAction\":[{\"@type\":\"ReadAction\",\"target\":[\"https:\\\/\\\/www.bilogistik.com\\\/fr\\\/transport-matieres-premieres\\\/marchandises-dangereuses\\\/\"]}]},{\"@type\":\"ImageObject\",\"inLanguage\":\"fr-FR\",\"@id\":\"https:\\\/\\\/www.bilogistik.com\\\/fr\\\/transport-matieres-premieres\\\/marchandises-dangereuses\\\/#primaryimage\",\"url\":\"https:\\\/\\\/www.bilogistik.com\\\/wp-content\\\/uploads\\\/icono-transporte-maritimo-aereo-terrestre.svg\",\"contentUrl\":\"https:\\\/\\\/www.bilogistik.com\\\/wp-content\\\/uploads\\\/icono-transporte-maritimo-aereo-terrestre.svg\"},{\"@type\":\"BreadcrumbList\",\"@id\":\"https:\\\/\\\/www.bilogistik.com\\\/fr\\\/transport-matieres-premieres\\\/marchandises-dangereuses\\\/#breadcrumb\",\"itemListElement\":[{\"@type\":\"ListItem\",\"position\":1,\"name\":\"Transport de mati\u00e8res premi\u00e8res\",\"item\":\"https:\\\/\\\/www.bilogistik.com\\\/fr\\\/transport-matieres-premieres\\\/\"},{\"@type\":\"ListItem\",\"position\":2,\"name\":\"Marchandises dangereuses\"}]},{\"@type\":\"WebSite\",\"@id\":\"https:\\\/\\\/www.bilogistik.com\\\/fr\\\/#website\",\"url\":\"https:\\\/\\\/www.bilogistik.com\\\/fr\\\/\",\"name\":\"Bilogistik\",\"description\":\"\",\"potentialAction\":[{\"@type\":\"SearchAction\",\"target\":{\"@type\":\"EntryPoint\",\"urlTemplate\":\"https:\\\/\\\/www.bilogistik.com\\\/fr\\\/?s={search_term_string}\"},\"query-input\":{\"@type\":\"PropertyValueSpecification\",\"valueRequired\":true,\"valueName\":\"search_term_string\"}}],\"inLanguage\":\"fr-FR\"}]}<\/script>\n<!-- \/ Yoast SEO plugin. -->","yoast_head_json":{"title":"Solutions pour le transport de marchandises dangereuses | Bilogistik","description":"Nous nous chargeons du transport de marchandises dangereuses en vous garantissant la solution logistique id\u00e9ale qui satisfait aux standards de qualit\u00e9.","robots":{"index":"index","follow":"follow","max-snippet":"max-snippet:-1","max-image-preview":"max-image-preview:large","max-video-preview":"max-video-preview:-1"},"canonical":"https:\/\/www.bilogistik.com\/fr\/transport-matieres-premieres\/marchandises-dangereuses\/","og_locale":"fr_FR","og_type":"article","og_title":"Solutions pour le transport de marchandises dangereuses | Bilogistik","og_description":"Nous nous chargeons du transport de marchandises dangereuses en vous garantissant la solution logistique id\u00e9ale qui satisfait aux standards de qualit\u00e9.","og_url":"https:\/\/www.bilogistik.com\/fr\/transport-matieres-premieres\/marchandises-dangereuses\/","og_site_name":"Bilogistik","article_modified_time":"2021-12-17T10:05:03+00:00","og_image":[{"url":"https:\/\/www.bilogistik.com\/wp-content\/uploads\/icono-transporte-maritimo-aereo-terrestre.svg","type":"","width":"","height":""}],"twitter_card":"summary_large_image","twitter_misc":{"Dur\u00e9e de lecture estim\u00e9e":"4 minutes"},"schema":{"@context":"https:\/\/schema.org","@graph":[{"@type":"WebPage","@id":"https:\/\/www.bilogistik.com\/fr\/transport-matieres-premieres\/marchandises-dangereuses\/","url":"https:\/\/www.bilogistik.com\/fr\/transport-matieres-premieres\/marchandises-dangereuses\/","name":"Solutions pour le transport de marchandises dangereuses | Bilogistik","isPartOf":{"@id":"https:\/\/www.bilogistik.com\/fr\/#website"},"primaryImageOfPage":{"@id":"https:\/\/www.bilogistik.com\/fr\/transport-matieres-premieres\/marchandises-dangereuses\/#primaryimage"},"image":{"@id":"https:\/\/www.bilogistik.com\/fr\/transport-matieres-premieres\/marchandises-dangereuses\/#primaryimage"},"thumbnailUrl":"https:\/\/www.bilogistik.com\/wp-content\/uploads\/icono-transporte-maritimo-aereo-terrestre.svg","datePublished":"2021-08-26T09:07:54+00:00","dateModified":"2021-12-17T10:05:03+00:00","description":"Nous nous chargeons du transport de marchandises dangereuses en vous garantissant la solution logistique id\u00e9ale qui satisfait aux standards de qualit\u00e9.","breadcrumb":{"@id":"https:\/\/www.bilogistik.com\/fr\/transport-matieres-premieres\/marchandises-dangereuses\/#breadcrumb"},"inLanguage":"fr-FR","potentialAction":[{"@type":"ReadAction","target":["https:\/\/www.bilogistik.com\/fr\/transport-matieres-premieres\/marchandises-dangereuses\/"]}]},{"@type":"ImageObject","inLanguage":"fr-FR","@id":"https:\/\/www.bilogistik.com\/fr\/transport-matieres-premieres\/marchandises-dangereuses\/#primaryimage","url":"https:\/\/www.bilogistik.com\/wp-content\/uploads\/icono-transporte-maritimo-aereo-terrestre.svg","contentUrl":"https:\/\/www.bilogistik.com\/wp-content\/uploads\/icono-transporte-maritimo-aereo-terrestre.svg"},{"@type":"BreadcrumbList","@id":"https:\/\/www.bilogistik.com\/fr\/transport-matieres-premieres\/marchandises-dangereuses\/#breadcrumb","itemListElement":[{"@type":"ListItem","position":1,"name":"Transport de mati\u00e8res premi\u00e8res","item":"https:\/\/www.bilogistik.com\/fr\/transport-matieres-premieres\/"},{"@type":"ListItem","position":2,"name":"Marchandises dangereuses"}]},{"@type":"WebSite","@id":"https:\/\/www.bilogistik.com\/fr\/#website","url":"https:\/\/www.bilogistik.com\/fr\/","name":"Bilogistik","description":"","potentialAction":[{"@type":"SearchAction","target":{"@type":"EntryPoint","urlTemplate":"https:\/\/www.bilogistik.com\/fr\/?s={search_term_string}"},"query-input":{"@type":"PropertyValueSpecification","valueRequired":true,"valueName":"search_term_string"}}],"inLanguage":"fr-FR"}]}},"_links":{"self":[{"href":"https:\/\/www.bilogistik.com\/fr\/wp-json\/wp\/v2\/pages\/3417","targetHints":{"allow":["GET"]}}],"collection":[{"href":"https:\/\/www.bilogistik.com\/fr\/wp-json\/wp\/v2\/pages"}],"about":[{"href":"https:\/\/www.bilogistik.com\/fr\/wp-json\/wp\/v2\/types\/page"}],"author":[{"embeddable":true,"href":"https:\/\/www.bilogistik.com\/fr\/wp-json\/wp\/v2\/users\/1"}],"replies":[{"embeddable":true,"href":"https:\/\/www.bilogistik.com\/fr\/wp-json\/wp\/v2\/comments?post=3417"}],"version-history":[{"count":0,"href":"https:\/\/www.bilogistik.com\/fr\/wp-json\/wp\/v2\/pages\/3417\/revisions"}],"up":[{"embeddable":true,"href":"https:\/\/www.bilogistik.com\/fr\/wp-json\/wp\/v2\/pages\/3390"}],"wp:attachment":[{"href":"https:\/\/www.bilogistik.com\/fr\/wp-json\/wp\/v2\/media?parent=3417"}],"curies":[{"name":"wp","href":"https:\/\/api.w.org\/{rel}","templated":true}]}}