{"id":3403,"date":"2021-08-26T09:05:17","date_gmt":"2021-08-26T09:05:17","guid":{"rendered":"https:\/\/www.bilogistik.com\/transport-matieres-premieres\/caucho\/"},"modified":"2022-01-03T12:44:05","modified_gmt":"2022-01-03T12:44:05","slug":"caoutchouc","status":"publish","type":"page","link":"https:\/\/www.bilogistik.com\/fr\/transport-matieres-premieres\/caoutchouc\/","title":{"rendered":"Caoutchouc"},"content":{"rendered":"\r\n<header class=\"entry-header\" style=\"background-image:url('\/wp-content\/uploads\/bg-transporte-caucho.jpg');\">\r\n<div class=\"container\">\r\n<h1 class=\"entry-title\">Solutions de transport pour <br>le caoutchouc<\/h1>\r\n<p>Les produits en caoutchouc sont essentiels dans quasiment toutes les cha\u00eenes d\u2019approvisionnement du monde. Cependant, le risque de contamination de ce mat\u00e9riau par des facteurs externes exige une attention sp\u00e9ciale et son transport doit \u00eatre effectu\u00e9 par des professionnels.<\/p>\r\n\r\n<p>Bilogistik poss\u00e8de une exp\u00e9rience solide dans le transport de caoutchouc en vrac, de pneus et d\u2019autres compos\u00e9s connexes. Nous travaillons pour les principales marques de pneus du march\u00e9, et notamment pour la multinationale Bridgestone.<\/p>\r\n\r\n<p>Ce haut niveau de comp\u00e9tence nous permet de proposer des solutions souples et \u00e0 haute valeur ajout\u00e9e aux entreprises du secteur. Nous offrons un service logistique complet, qui englobe chaque maillon de la cha\u00eene d\u2019approvisionnement et enti\u00e8rement adaptable \u00e0 vos besoins sp\u00e9cifiques.<\/p>\r\n<\/div>\r\n<\/header>\r\n\r\n\r\n\r\n<section>\r\n\t<h2 class=\"limit-850\">Nos solutions pour le transport de caoutchouc incluent :<\/h2>\r\n\t<ul class=\"lista-iconos\">\r\n\t\t<li>\r\n\t\t\t<img decoding=\"async\" src=\"https:\/\/www.bilogistik.com\/wp-content\/uploads\/icono-transporte-internacional-multimodal.svg\" alt=\"Transporte multimodal mar\u00edtimo, a\u00e9reo y terrestre\">\r\n\t\t\t<p>Transport international multimodal, maritime, a\u00e9rien et terrestre<\/p>\r\n\t\t<\/li>\r\n\t\t<li>\r\n\t\t\t<img decoding=\"async\" src=\"https:\/\/www.bilogistik.com\/wp-content\/uploads\/icono-almacenamiento.svg\" alt=\"Manipulaci\u00f3n y almacenamiento\">\r\n\t\t\t<p>Manutention et entreposage<\/p>\r\n\t\t<\/li>\r\n\t\t<li>\r\n\t\t\t<img decoding=\"async\" src=\"https:\/\/www.bilogistik.com\/wp-content\/uploads\/icono-gestion-documental.svg\" alt=\"Tr\u00e1mites administrativos\">\r\n\t\t\t<p>Gestion documentaire et formalit\u00e9s administratives<\/p>\r\n\t\t<\/li>\r\n\t\t<li>\r\n\t\t\t<img decoding=\"async\" src=\"https:\/\/www.bilogistik.com\/wp-content\/uploads\/icono-gestion-aduanas.svg\" alt=\"Gesti\u00f3n de aduanas\">\r\n\t\t\t<p>Gestion des douanes<\/p>\r\n\t\t<\/li>\r\n\t\t<li>\r\n\t\t\t<img decoding=\"async\" src=\"https:\/\/www.bilogistik.com\/wp-content\/uploads\/icono-transparencia-proceso.svg\" alt=\"Transparencia en el proceso\">\r\n\t\t\t<p>Transparence tout au long du processus<\/p>\r\n\t\t<\/li>\r\n\t<\/ul>\r\n<p class=\"text-center\"><a class=\"button cta-primary\" href=\"https:\/\/www.bilogistik.com\/fr\/contact\/\">En savoir plus<\/a><\/p>\r\n<\/section>\r\n\r\n\r\n\r\n<section>\r\n<h2>Transport et manutention <br>de caoutchouc en vrac<\/h2>\r\n<div class=\"row\">\r\n<div class=\"col-6\">\r\n<img decoding=\"async\" src=\"https:\/\/www.bilogistik.com\/wp-content\/uploads\/2021\/09\/manipulacion-cacuho-granel.jpg\" alt=\"Transporte y manipulaci\u00f3n de caucho a granel\">\r\n<\/div>\r\n<div class=\"col-6\">\r\n<p>La manipulation du caoutchouc exige des soins sp\u00e9ciaux et des machines sp\u00e9cifiques que seules des \u00e9quipes professionnelles, comme celle de Bilogistik, peuvent apporter. Nous appliquons des processus \u00e9prouv\u00e9s et sp\u00e9cifiques pour la manipulation du caoutchouc, afin d\u2019\u00e9viter la contamination de la marchandise et tout autre incident durant le processus.<\/p> \r\n\r\n<p>Nous nous chargeons aussi de pr\u00eater un service de logistique complet aux clients qui ont besoin de transporter leur cargaison de roues et de pneus en caoutchouc. Nous nous occupons des op\u00e9rations du d\u00e9but jusqu\u2019\u00e0 la fin, en vous offrant la possibilit\u00e9 de r\u00e9aliser un suivi de la marchandise et de son \u00e9tat \u00e0 tout moment.<\/p>\r\n<a class=\"button cta-primary\" href=\"https:\/\/www.bilogistik.com\/fr\/contact\/devis\/\">Demander un devis<\/a>\r\n<\/div><\/div>\r\n<\/section>\r\n\r\n\r\n\r\n<section>\r\n<h2 class=\"text-center\">Transport d\u2019autres mat\u00e9riaux<\/h2>\r\n<p class=\"max-700\">Bilogistik propose des solutions pour le transport fiable et efficace de diff\u00e9rents types de mat\u00e9riaux :<\/p>\r\n<ul class=\"material-list\">\r\n<li class=\"mineral\">\r\n\t<h3>Minerais<\/h3>\r\n\t<p>Nous transportons votre cargaison de minerai de mani\u00e8re efficace et adapt\u00e9e \u00e0 vos besoins logistiques, quelle que soit la difficult\u00e9 du terrain. Nous vous accompagnons dans chaque phase de la cha\u00eene d\u2019approvisionnement.<\/p>\r\n\t<a class=\"button simple cta-info\" href=\"https:\/\/www.bilogistik.com\/fr\/transport-matieres-premieres\/minerais\/\">En savoir plus<\/a>\r\n<\/li>\r\n<li class=\"metal\">\r\n\t<h3>M\u00e9taux<\/h3>\r\n\t<p>Nous concevons des solutions sur mesure pour le transport de tout type de m\u00e9taux, pour des commandes r\u00e9guli\u00e8res comme ponctuelles. Nous optimisons chaque processus pour une livraison dans des conditions optimales et dans une transparence totale.<\/p>\r\n\t<a class=\"button simple cta-info\" href=\"https:\/\/www.bilogistik.com\/fr\/transport-matieres-premieres\/metaux\/\">En savoir plus<\/a>\r\n<\/li>\r\n<li class=\"peligrosa\">\r\n\t<h3>Marchandises dangereuses<\/h3>\r\n\t<p>Nous avons la solution logistique id\u00e9ale pour le transport de marchandises dangereuses, telles que des explosifs ou des produits corrosifs. Nous garantissons une solution logistique int\u00e9grale qui respecte en tous points les r\u00e8gles de s\u00e9curit\u00e9.<\/p>\r\n\t<a class=\"button simple cta-info\" href=\"https:\/\/www.bilogistik.com\/fr\/transport-matieres-premieres\/marchandises-dangereuses\/\">En savoir plus<\/a>\r\n<\/li>\r\n<\/ul>\r\n<\/section>\r\n\r\n\r\n\r\n<section>\r\n<h2>Nuestros servicios log\u00edsticos<\/h2>\r\n<p class=\"limit-850\">Como expertos en todo tipo de transporte, en Bilogistik te acompa\u00f1amos en cada \u00e1mbito de la cadena de suministro con nuestras soluciones a medida:<\/p>\r\n<ul class=\"servicios-list\">\r\n<li class=\"multimodal\">\r\n\t<h3>Transporte multimodal<\/h3>\r\n\t<a class=\"button simple dark cta-info\" href=\"https:\/\/www.bilogistik.com\/servicios-logisticos\/transporte-multimodal\/\">M\u00e1s informaci\u00f3n<\/a>\r\n<\/li>\r\n<li class=\"flete\">\r\n\t<h3>Flete mar\u00edtimo<\/h3>\r\n\t<a class=\"button simple dark cta-info\" href=\"https:\/\/www.bilogistik.com\/servicios-logisticos\/flete-maritimo\/\">M\u00e1s informaci\u00f3n<\/a>\r\n<\/li>\r\n<li class=\"consigna\">\r\n\t<h3>Consignatario <br>de buques<\/h3>\r\n\t<a class=\"button simple dark cta-info\" href=\"https:\/\/www.bilogistik.com\/servicios-logisticos\/consignatario-buques\/\">M\u00e1s informaci\u00f3n<\/a>\r\n<\/li>\r\n<li class=\"almacena\">\r\n\t<h3>Almacenamiento<\/h3>\r\n\t<a class=\"button simple dark cta-info\" href=\"https:\/\/www.bilogistik.com\/servicios-logisticos\/almacenamiento\/\">M\u00e1s informaci\u00f3n<\/a>\r\n<\/li>\r\n<li class=\"agente\">\r\n\t<h3>Agente transitario<\/h3>\r\n\t<a class=\"button simple dark cta-info\" href=\"https:\/\/www.bilogistik.com\/servicios-logisticos\/transitario\/\">M\u00e1s informaci\u00f3n<\/a>\r\n<\/li>\r\n<li class=\"aduana\">\r\n\t<h3>Gesti\u00f3n de aduanas<\/h3>\r\n\t<a class=\"button simple dark cta-info\" href=\"https:\/\/www.bilogistik.com\/servicios-logisticos\/aduanas\/\">M\u00e1s informaci\u00f3n<\/a>\r\n<\/li>\r\n<\/ul>\r\n<\/section>\r\n\r\n\r\n\r\n<section class=\"full full-gris\">\r\n<div class=\"container\">\r\n<div class=\"row\">\r\n<div class=\"col-6\">\r\n<img decoding=\"async\" src=\"https:\/\/www.bilogistik.com\/wp-content\/uploads\/2021\/10\/soluciones-cargas-especiales.jpg\" alt=\"Soluciones para Cargas Especiales y de Proyecto\">\r\n<\/div>\r\n<div class=\"col-6\">\r\n<h2 class=\"lower\">Soluciones para cargas especiales y de proyecto<\/h2>\r\n<p>Gracias a la experiencia en log\u00edstica de nuestro equipo, desde Bilogistik te ofrecemos nuestro servicio de transporte de cargas especiales, tanto de forma puntual como dentro de un proyecto industrial con desplazamientos continuados.<\/p>\r\n<a href=\"https:\/\/www.bilogistik.com\/cargas-especiales-proyecto\/\" class=\"button cta-info\">M\u00e1s informaci\u00f3n<\/a>\r\n<\/div><\/div>\r\n<\/div><\/section>\r\n\r\n\r\n\r\n<section>\r\n<div class=\"row\">\r\n<div class=\"col-6\">\r\n<img decoding=\"async\" src=\"https:\/\/www.bilogistik.com\/wp-content\/uploads\/2021\/10\/contacto.jpg\" alt=\"Contacta con Bilogistik\">\r\n<\/div>\r\n<div class=\"col-6\">\r\n<h2 class=\"oscuro lower\">Contacta con nuestros expertos<\/h2>\r\n<p>\u00bfQuieres saber m\u00e1s sobre nuestros servicios log\u00edsticos?<\/p>\r\n<p>\u00bfDeseas solicitar un presupuesto? <br>Contacta con nuestro equipo de expertos para una atenci\u00f3n personalizada.<\/p>\r\n<a class=\"button cta-primary\" href=\"https:\/\/www.bilogistik.com\/contacto\/\">Contactar<\/a>\r\n<a class=\"button cta-primary\" href=\"https:\/\/www.bilogistik.com\/contacto\/pide-presupuesto\/\">Solicita presupuesto<\/a>\r\n<\/div>\r\n<\/div><\/section>\r\n\r\n\r\n\r\n<p><\/p>\r\n","protected":false},"excerpt":{"rendered":"<p>Solutions de transport pour le caoutchouc Les produits en caoutchouc sont essentiels dans quasiment toutes les cha\u00eenes d\u2019approvisionnement du monde. Cependant, le risque de contamination [&hellip;]<\/p>\n","protected":false},"author":1,"featured_media":0,"parent":3390,"menu_order":3,"comment_status":"closed","ping_status":"closed","template":"","meta":{"om_disable_all_campaigns":false,"_monsterinsights_skip_tracking":false,"_monsterinsights_sitenote_active":false,"_monsterinsights_sitenote_note":"","_monsterinsights_sitenote_category":0,"footnotes":""},"class_list":["post-3403","page","type-page","status-publish","hentry"],"aioseo_notices":[],"yoast_head":"<!-- This site is optimized with the Yoast SEO plugin v27.4 - https:\/\/yoast.com\/product\/yoast-seo-wordpress\/ -->\n<title>Solutions de transport pour le caoutchouc | Bilogistik<\/title>\n<meta name=\"description\" content=\"Nous transportons le caoutchouc sous toutes ses formes, en vous offrant une solution logistique sur mesure, adapt\u00e9e \u00e0 vos besoins.\" \/>\n<meta name=\"robots\" content=\"index, follow, max-snippet:-1, max-image-preview:large, max-video-preview:-1\" \/>\n<link rel=\"canonical\" href=\"https:\/\/www.bilogistik.com\/fr\/transport-matieres-premieres\/caoutchouc\/\" \/>\n<meta property=\"og:locale\" content=\"fr_FR\" \/>\n<meta property=\"og:type\" content=\"article\" \/>\n<meta property=\"og:title\" content=\"Solutions de transport pour le caoutchouc | Bilogistik\" \/>\n<meta property=\"og:description\" content=\"Nous transportons le caoutchouc sous toutes ses formes, en vous offrant une solution logistique sur mesure, adapt\u00e9e \u00e0 vos besoins.\" \/>\n<meta property=\"og:url\" content=\"https:\/\/www.bilogistik.com\/fr\/transport-matieres-premieres\/caoutchouc\/\" \/>\n<meta property=\"og:site_name\" content=\"Bilogistik\" \/>\n<meta property=\"article:modified_time\" content=\"2022-01-03T12:44:05+00:00\" \/>\n<meta property=\"og:image\" content=\"https:\/\/www.bilogistik.com\/wp-content\/uploads\/icono-transporte-internacional-multimodal.svg\" \/>\n<meta name=\"twitter:card\" content=\"summary_large_image\" \/>\n<meta name=\"twitter:label1\" content=\"Dur\u00e9e de lecture estim\u00e9e\" \/>\n\t<meta name=\"twitter:data1\" content=\"3 minutes\" \/>\n<script type=\"application\/ld+json\" class=\"yoast-schema-graph\">{\"@context\":\"https:\\\/\\\/schema.org\",\"@graph\":[{\"@type\":\"WebPage\",\"@id\":\"https:\\\/\\\/www.bilogistik.com\\\/fr\\\/transport-matieres-premieres\\\/caoutchouc\\\/\",\"url\":\"https:\\\/\\\/www.bilogistik.com\\\/fr\\\/transport-matieres-premieres\\\/caoutchouc\\\/\",\"name\":\"Solutions de transport pour le caoutchouc | Bilogistik\",\"isPartOf\":{\"@id\":\"https:\\\/\\\/www.bilogistik.com\\\/fr\\\/#website\"},\"primaryImageOfPage\":{\"@id\":\"https:\\\/\\\/www.bilogistik.com\\\/fr\\\/transport-matieres-premieres\\\/caoutchouc\\\/#primaryimage\"},\"image\":{\"@id\":\"https:\\\/\\\/www.bilogistik.com\\\/fr\\\/transport-matieres-premieres\\\/caoutchouc\\\/#primaryimage\"},\"thumbnailUrl\":\"https:\\\/\\\/www.bilogistik.com\\\/wp-content\\\/uploads\\\/icono-transporte-internacional-multimodal.svg\",\"datePublished\":\"2021-08-26T09:05:17+00:00\",\"dateModified\":\"2022-01-03T12:44:05+00:00\",\"description\":\"Nous transportons le caoutchouc sous toutes ses formes, en vous offrant une solution logistique sur mesure, adapt\u00e9e \u00e0 vos besoins.\",\"breadcrumb\":{\"@id\":\"https:\\\/\\\/www.bilogistik.com\\\/fr\\\/transport-matieres-premieres\\\/caoutchouc\\\/#breadcrumb\"},\"inLanguage\":\"fr-FR\",\"potentialAction\":[{\"@type\":\"ReadAction\",\"target\":[\"https:\\\/\\\/www.bilogistik.com\\\/fr\\\/transport-matieres-premieres\\\/caoutchouc\\\/\"]}]},{\"@type\":\"ImageObject\",\"inLanguage\":\"fr-FR\",\"@id\":\"https:\\\/\\\/www.bilogistik.com\\\/fr\\\/transport-matieres-premieres\\\/caoutchouc\\\/#primaryimage\",\"url\":\"https:\\\/\\\/www.bilogistik.com\\\/wp-content\\\/uploads\\\/icono-transporte-internacional-multimodal.svg\",\"contentUrl\":\"https:\\\/\\\/www.bilogistik.com\\\/wp-content\\\/uploads\\\/icono-transporte-internacional-multimodal.svg\"},{\"@type\":\"BreadcrumbList\",\"@id\":\"https:\\\/\\\/www.bilogistik.com\\\/fr\\\/transport-matieres-premieres\\\/caoutchouc\\\/#breadcrumb\",\"itemListElement\":[{\"@type\":\"ListItem\",\"position\":1,\"name\":\"Transport de mati\u00e8res premi\u00e8res\",\"item\":\"https:\\\/\\\/www.bilogistik.com\\\/fr\\\/transport-matieres-premieres\\\/\"},{\"@type\":\"ListItem\",\"position\":2,\"name\":\"Caoutchouc\"}]},{\"@type\":\"WebSite\",\"@id\":\"https:\\\/\\\/www.bilogistik.com\\\/fr\\\/#website\",\"url\":\"https:\\\/\\\/www.bilogistik.com\\\/fr\\\/\",\"name\":\"Bilogistik\",\"description\":\"\",\"potentialAction\":[{\"@type\":\"SearchAction\",\"target\":{\"@type\":\"EntryPoint\",\"urlTemplate\":\"https:\\\/\\\/www.bilogistik.com\\\/fr\\\/?s={search_term_string}\"},\"query-input\":{\"@type\":\"PropertyValueSpecification\",\"valueRequired\":true,\"valueName\":\"search_term_string\"}}],\"inLanguage\":\"fr-FR\"}]}<\/script>\n<!-- \/ Yoast SEO plugin. -->","yoast_head_json":{"title":"Solutions de transport pour le caoutchouc | Bilogistik","description":"Nous transportons le caoutchouc sous toutes ses formes, en vous offrant une solution logistique sur mesure, adapt\u00e9e \u00e0 vos besoins.","robots":{"index":"index","follow":"follow","max-snippet":"max-snippet:-1","max-image-preview":"max-image-preview:large","max-video-preview":"max-video-preview:-1"},"canonical":"https:\/\/www.bilogistik.com\/fr\/transport-matieres-premieres\/caoutchouc\/","og_locale":"fr_FR","og_type":"article","og_title":"Solutions de transport pour le caoutchouc | Bilogistik","og_description":"Nous transportons le caoutchouc sous toutes ses formes, en vous offrant une solution logistique sur mesure, adapt\u00e9e \u00e0 vos besoins.","og_url":"https:\/\/www.bilogistik.com\/fr\/transport-matieres-premieres\/caoutchouc\/","og_site_name":"Bilogistik","article_modified_time":"2022-01-03T12:44:05+00:00","og_image":[{"url":"https:\/\/www.bilogistik.com\/wp-content\/uploads\/icono-transporte-internacional-multimodal.svg","type":"","width":"","height":""}],"twitter_card":"summary_large_image","twitter_misc":{"Dur\u00e9e de lecture estim\u00e9e":"3 minutes"},"schema":{"@context":"https:\/\/schema.org","@graph":[{"@type":"WebPage","@id":"https:\/\/www.bilogistik.com\/fr\/transport-matieres-premieres\/caoutchouc\/","url":"https:\/\/www.bilogistik.com\/fr\/transport-matieres-premieres\/caoutchouc\/","name":"Solutions de transport pour le caoutchouc | Bilogistik","isPartOf":{"@id":"https:\/\/www.bilogistik.com\/fr\/#website"},"primaryImageOfPage":{"@id":"https:\/\/www.bilogistik.com\/fr\/transport-matieres-premieres\/caoutchouc\/#primaryimage"},"image":{"@id":"https:\/\/www.bilogistik.com\/fr\/transport-matieres-premieres\/caoutchouc\/#primaryimage"},"thumbnailUrl":"https:\/\/www.bilogistik.com\/wp-content\/uploads\/icono-transporte-internacional-multimodal.svg","datePublished":"2021-08-26T09:05:17+00:00","dateModified":"2022-01-03T12:44:05+00:00","description":"Nous transportons le caoutchouc sous toutes ses formes, en vous offrant une solution logistique sur mesure, adapt\u00e9e \u00e0 vos besoins.","breadcrumb":{"@id":"https:\/\/www.bilogistik.com\/fr\/transport-matieres-premieres\/caoutchouc\/#breadcrumb"},"inLanguage":"fr-FR","potentialAction":[{"@type":"ReadAction","target":["https:\/\/www.bilogistik.com\/fr\/transport-matieres-premieres\/caoutchouc\/"]}]},{"@type":"ImageObject","inLanguage":"fr-FR","@id":"https:\/\/www.bilogistik.com\/fr\/transport-matieres-premieres\/caoutchouc\/#primaryimage","url":"https:\/\/www.bilogistik.com\/wp-content\/uploads\/icono-transporte-internacional-multimodal.svg","contentUrl":"https:\/\/www.bilogistik.com\/wp-content\/uploads\/icono-transporte-internacional-multimodal.svg"},{"@type":"BreadcrumbList","@id":"https:\/\/www.bilogistik.com\/fr\/transport-matieres-premieres\/caoutchouc\/#breadcrumb","itemListElement":[{"@type":"ListItem","position":1,"name":"Transport de mati\u00e8res premi\u00e8res","item":"https:\/\/www.bilogistik.com\/fr\/transport-matieres-premieres\/"},{"@type":"ListItem","position":2,"name":"Caoutchouc"}]},{"@type":"WebSite","@id":"https:\/\/www.bilogistik.com\/fr\/#website","url":"https:\/\/www.bilogistik.com\/fr\/","name":"Bilogistik","description":"","potentialAction":[{"@type":"SearchAction","target":{"@type":"EntryPoint","urlTemplate":"https:\/\/www.bilogistik.com\/fr\/?s={search_term_string}"},"query-input":{"@type":"PropertyValueSpecification","valueRequired":true,"valueName":"search_term_string"}}],"inLanguage":"fr-FR"}]}},"_links":{"self":[{"href":"https:\/\/www.bilogistik.com\/fr\/wp-json\/wp\/v2\/pages\/3403","targetHints":{"allow":["GET"]}}],"collection":[{"href":"https:\/\/www.bilogistik.com\/fr\/wp-json\/wp\/v2\/pages"}],"about":[{"href":"https:\/\/www.bilogistik.com\/fr\/wp-json\/wp\/v2\/types\/page"}],"author":[{"embeddable":true,"href":"https:\/\/www.bilogistik.com\/fr\/wp-json\/wp\/v2\/users\/1"}],"replies":[{"embeddable":true,"href":"https:\/\/www.bilogistik.com\/fr\/wp-json\/wp\/v2\/comments?post=3403"}],"version-history":[{"count":0,"href":"https:\/\/www.bilogistik.com\/fr\/wp-json\/wp\/v2\/pages\/3403\/revisions"}],"up":[{"embeddable":true,"href":"https:\/\/www.bilogistik.com\/fr\/wp-json\/wp\/v2\/pages\/3390"}],"wp:attachment":[{"href":"https:\/\/www.bilogistik.com\/fr\/wp-json\/wp\/v2\/media?parent=3403"}],"curies":[{"name":"wp","href":"https:\/\/api.w.org\/{rel}","templated":true}]}}