{"id":3398,"date":"2021-08-26T09:03:45","date_gmt":"2021-08-26T09:03:45","guid":{"rendered":"https:\/\/www.bilogistik.com\/transport-matieres-premieres\/metales\/"},"modified":"2021-12-17T09:59:02","modified_gmt":"2021-12-17T09:59:02","slug":"metaux","status":"publish","type":"page","link":"https:\/\/www.bilogistik.com\/fr\/transport-matieres-premieres\/metaux\/","title":{"rendered":"M\u00e9taux"},"content":{"rendered":"<header class=\"entry-header\" style=\"background-image: url('\/wp-content\/uploads\/bg-transporte-metales.jpg');\">\r\n<div class=\"container\">\r\n<h1 class=\"entry-title\">Solutions pour le transport <br \/>de m\u00e9taux<\/h1>\r\n<p>Les m\u00e9taux sont des <strong>mat\u00e9riaux largement utilis\u00e9s<\/strong> dans une infinit\u00e9 de secteurs industriels, du b\u00e2timent jusqu\u2019\u00e0 l\u2019automobile. C\u2019est pourquoi leur approvisionnement, et par cons\u00e9quent leur logistique, rev\u00eat une <strong>importance vitale<\/strong> dans notre soci\u00e9t\u00e9.<\/p>\r\n<p>Notre grande exp\u00e9rience dans le transport de m\u00e9taux nous permet de fournir des solutions efficaces et \u00e0 haute valeur ajout\u00e9e aux entreprise du <strong>secteur m\u00e9tallurgique<\/strong>. Bilogistik vous offre un service logistique int\u00e9gral, qui couvre chaque phase de la cha\u00eene d\u2019approvisionnement et qui est totalement adapt\u00e9 aux besoins sp\u00e9cifiques de votre marchandise, en garantissant l\u2019efficacit\u00e9 et la visibilit\u00e9 dans chaque processus.<\/p>\r\n<\/div>\r\n<\/header>\r\n\r\n\r\n<section>\r\n<h2 class=\"limit-850\">Nos solutions pour le transport de m\u00e9taux incluent :<\/h2>\r\n<ul class=\"lista-iconos\">\r\n<li><img decoding=\"async\" src=\"https:\/\/www.bilogistik.com\/wp-content\/uploads\/icono-transporte-maritimo-aereo-terrestre.svg\" alt=\"Transporte mar\u00edtimo, a\u00e9reo y terrestre\" \/>\r\n<p>Transport international maritime, a\u00e9rien et terrestre<\/p>\r\n<\/li>\r\n<li><img decoding=\"async\" src=\"https:\/\/www.bilogistik.com\/wp-content\/uploads\/icono-almacenamiento.svg\" alt=\"Almacenamiento\" \/>\r\n<p>Entreposage<\/p>\r\n<\/li>\r\n<li><img decoding=\"async\" src=\"https:\/\/www.bilogistik.com\/wp-content\/uploads\/icono-gestion-documental.svg\" alt=\"Tr\u00e1mites administrativos\" \/>\r\n<p>Gestion documentaire et formalit\u00e9s administratives<\/p>\r\n<\/li>\r\n<li><img decoding=\"async\" src=\"https:\/\/www.bilogistik.com\/wp-content\/uploads\/icono-gestion-aduanas.svg\" alt=\"Gesti\u00f3n de aduanas\" \/>\r\n<p>Gestion des douanes<\/p>\r\n<\/li>\r\n<li><img decoding=\"async\" src=\"https:\/\/www.bilogistik.com\/wp-content\/uploads\/icono-transparencia-proceso.svg\" alt=\"Transparencia en el proceso\" \/>\r\n<p>Transparence tout au long du processus<\/p>\r\n<\/li>\r\n<\/ul>\r\n<p class=\"text-center\"><a class=\"button cta-primary\" href=\"https:\/\/www.bilogistik.com\/fr\/contact\/\">En savoir plus<\/a><\/p>\r\n<\/section>\r\n\r\n\r\n\r\n<section>\r\n<h2>Tout type de m\u00e9taux<\/h2>\r\n<div class=\"row\">\r\n<div class=\"col-6\"><img decoding=\"async\" src=\"https:\/\/www.bilogistik.com\/wp-content\/uploads\/2021\/09\/todo-tipo-metales.jpg\" alt=\"Todo tipo de metales\" \/><\/div>\r\n<div class=\"col-6\">\r\n<p>Chez Bilogistik, nous nous effor\u00e7ons de d\u00e9velopper les meilleures solutions de transport pour tout type de m\u00e9taux : depuis des lingots de fer jusqu\u2019\u00e0 la chromite, l\u2019aluminium ou l\u2019acier, pour des commandes ponctuelles ou r\u00e9guli\u00e8res.<\/p>\r\n<p>Chaque type de m\u00e9tal exige une connaissance appropri\u00e9e de ses propri\u00e9t\u00e9s pour son transport, sa manipulation et son entreposage, afin de garantir une livraison au client final dans des conditions optimales, avec des temps et des co\u00fbts ajust\u00e9s.<\/p>\r\n<a class=\"button cta-primary\" href=\"https:\/\/www.bilogistik.com\/fr\/contact\/devis\/\">Demander un devis<\/a><\/div>\r\n<\/div>\r\n<\/section>\r\n\r\n\r\n\r\n<section>\r\n<div class=\"row transporte\">\r\n<div class=\"col-6\">\r\n<h3>Transport d\u2019aluminium<\/h3>\r\n<p>L\u2019aluminium est le m\u00e9tal non ferreux le plus utilis\u00e9 et ses propri\u00e9t\u00e9s font de lui une mati\u00e8re tr\u00e8s polyvalente. Bilogistik conna\u00eet toutes les exigences n\u00e9cessaires pour assurer la s\u00e9curit\u00e9 de son transport depuis l\u2019origine jusqu\u2019\u00e0 la destination.<\/p>\r\n<\/div>\r\n<div class=\"col-6\">\r\n<h3>Transport d\u2019acier<\/h3>\r\n<p>L\u2019acier est une marchandise que l\u2019on transporte en gros volumes et sous diverses formes. Bilogistik poss\u00e8de une grande exp\u00e9rience dans le transport international d\u2019acier sous ses diff\u00e9rentes formes : t\u00f4le, bobines, tubes, barres, c\u00e2bles\u2026<\/p>\r\n<\/div>\r\n<\/div>\r\n<\/section>\r\n\r\n\r\n\r\n<section>\r\n<h2 class=\"text-center\">Transport d\u2019autres mat\u00e9riaux<\/h2>\r\n<p class=\"max-700\">Bilogistik propose des solutions pour le transport fiable et efficace de diff\u00e9rents types de mat\u00e9riaux :<\/p>\r\n<ul class=\"material-list\">\r\n<li class=\"mineral\">\r\n<h3>Minerais<\/h3>\r\n<p>Nous transportons votre cargaison de minerai de mani\u00e8re efficace et adapt\u00e9e \u00e0 vos besoins logistiques, quelle que soit la difficult\u00e9 du terrain. Nous vous accompagnons dans chaque phase de la cha\u00eene d\u2019approvisionnement.<\/p>\r\n<a class=\"button simple cta-info\" href=\"https:\/\/www.bilogistik.com\/fr\/transport-matieres-premieres\/minerais\/\">En savoir plus<\/a><\/li>\r\n<li class=\"caucho\">\r\n<h3>Caoutchouc<\/h3>\r\n<p>Solutions pour le transport de caoutchouc, en vrac, sous forme de pneus ou produits d\u00e9riv\u00e9s. Nous concevons la solution logistique la mieux adapt\u00e9e et la plus efficace pour que vos marchandises arrivent \u00e0 destination dans de parfaites conditions.<\/p>\r\n<a class=\"button simple cta-info\" href=\"https:\/\/www.bilogistik.com\/fr\/transport-matieres-premieres\/caoutchouc\/\">En savoir plus<\/a><\/li>\r\n<li class=\"peligrosa\">\r\n<h3>Marchandises dangereuses<\/h3>\r\n<p>Nous avons la solution logistique id\u00e9ale pour le transport de marchandises dangereuses, telles que des explosifs ou des produits corrosifs. Nous garantissons une solution logistique int\u00e9grale qui respecte en tous points les r\u00e8gles de s\u00e9curit\u00e9.<\/p>\r\n<a class=\"button simple cta-info\" href=\"https:\/\/www.bilogistik.com\/fr\/transport-matieres-premieres\/marchandises-dangereuses\/\">En savoir plus<\/a><\/li>\r\n<\/ul>\r\n<\/section>\r\n\r\n\r\n\r\n<section>\r\n<h2>Nuestros servicios log\u00edsticos<\/h2>\r\n<p class=\"limit-850\">Como expertos en todo tipo de transporte, en Bilogistik te acompa\u00f1amos en cada \u00e1mbito de la cadena de suministro con nuestras soluciones a medida:<\/p>\r\n<ul class=\"servicios-list\">\r\n<li class=\"multimodal\">\r\n\t<h3>Transporte multimodal<\/h3>\r\n\t<a class=\"button simple dark cta-info\" href=\"https:\/\/www.bilogistik.com\/servicios-logisticos\/transporte-multimodal\/\">M\u00e1s informaci\u00f3n<\/a>\r\n<\/li>\r\n<li class=\"flete\">\r\n\t<h3>Flete mar\u00edtimo<\/h3>\r\n\t<a class=\"button simple dark cta-info\" href=\"https:\/\/www.bilogistik.com\/servicios-logisticos\/flete-maritimo\/\">M\u00e1s informaci\u00f3n<\/a>\r\n<\/li>\r\n<li class=\"consigna\">\r\n\t<h3>Consignatario <br>de buques<\/h3>\r\n\t<a class=\"button simple dark cta-info\" href=\"https:\/\/www.bilogistik.com\/servicios-logisticos\/consignatario-buques\/\">M\u00e1s informaci\u00f3n<\/a>\r\n<\/li>\r\n<li class=\"almacena\">\r\n\t<h3>Almacenamiento<\/h3>\r\n\t<a class=\"button simple dark cta-info\" href=\"https:\/\/www.bilogistik.com\/servicios-logisticos\/almacenamiento\/\">M\u00e1s informaci\u00f3n<\/a>\r\n<\/li>\r\n<li class=\"agente\">\r\n\t<h3>Agente transitario<\/h3>\r\n\t<a class=\"button simple dark cta-info\" href=\"https:\/\/www.bilogistik.com\/servicios-logisticos\/transitario\/\">M\u00e1s informaci\u00f3n<\/a>\r\n<\/li>\r\n<li class=\"aduana\">\r\n\t<h3>Gesti\u00f3n de aduanas<\/h3>\r\n\t<a class=\"button simple dark cta-info\" href=\"https:\/\/www.bilogistik.com\/servicios-logisticos\/aduanas\/\">M\u00e1s informaci\u00f3n<\/a>\r\n<\/li>\r\n<\/ul>\r\n<\/section>\r\n\r\n\r\n\r\n<section class=\"full full-gris\">\r\n<div class=\"container\">\r\n<div class=\"row\">\r\n<div class=\"col-6\">\r\n<img decoding=\"async\" src=\"https:\/\/www.bilogistik.com\/wp-content\/uploads\/2021\/10\/soluciones-cargas-especiales.jpg\" alt=\"Soluciones para Cargas Especiales y de Proyecto\">\r\n<\/div>\r\n<div class=\"col-6\">\r\n<h2 class=\"lower\">Soluciones para cargas especiales y de proyecto<\/h2>\r\n<p>Gracias a la experiencia en log\u00edstica de nuestro equipo, desde Bilogistik te ofrecemos nuestro servicio de transporte de cargas especiales, tanto de forma puntual como dentro de un proyecto industrial con desplazamientos continuados.<\/p>\r\n<a href=\"https:\/\/www.bilogistik.com\/cargas-especiales-proyecto\/\" class=\"button cta-info\">M\u00e1s informaci\u00f3n<\/a>\r\n<\/div><\/div>\r\n<\/div><\/section>\r\n\r\n\r\n\r\n<section>\r\n<div class=\"row\">\r\n<div class=\"col-6\">\r\n<img decoding=\"async\" src=\"https:\/\/www.bilogistik.com\/wp-content\/uploads\/2021\/10\/contacto.jpg\" alt=\"Contacta con Bilogistik\">\r\n<\/div>\r\n<div class=\"col-6\">\r\n<h2 class=\"oscuro lower\">Contacta con nuestros expertos<\/h2>\r\n<p>\u00bfQuieres saber m\u00e1s sobre nuestros servicios log\u00edsticos?<\/p>\r\n<p>\u00bfDeseas solicitar un presupuesto? <br>Contacta con nuestro equipo de expertos para una atenci\u00f3n personalizada.<\/p>\r\n<a class=\"button cta-primary\" href=\"https:\/\/www.bilogistik.com\/contacto\/\">Contactar<\/a>\r\n<a class=\"button cta-primary\" href=\"https:\/\/www.bilogistik.com\/contacto\/pide-presupuesto\/\">Solicita presupuesto<\/a>\r\n<\/div>\r\n<\/div><\/section>\r\n\r\n\r\n\r\n<p><\/p>\r\n","protected":false},"excerpt":{"rendered":"<p>Solutions pour le transport de m\u00e9taux Les m\u00e9taux sont des mat\u00e9riaux largement utilis\u00e9s dans une infinit\u00e9 de secteurs industriels, du b\u00e2timent jusqu\u2019\u00e0 l\u2019automobile. C\u2019est pourquoi [&hellip;]<\/p>\n","protected":false},"author":1,"featured_media":0,"parent":3390,"menu_order":2,"comment_status":"closed","ping_status":"closed","template":"","meta":{"om_disable_all_campaigns":false,"_monsterinsights_skip_tracking":false,"_monsterinsights_sitenote_active":false,"_monsterinsights_sitenote_note":"","_monsterinsights_sitenote_category":0,"footnotes":""},"class_list":["post-3398","page","type-page","status-publish","hentry"],"aioseo_notices":[],"yoast_head":"<!-- This site is optimized with the Yoast SEO plugin v27.4 - https:\/\/yoast.com\/product\/yoast-seo-wordpress\/ -->\n<title>Solutions pour le transport de m\u00e9taux | Bilogistik<\/title>\n<meta name=\"description\" content=\"Nous nous chargeons du transport de votre cargaison de m\u00e9tal de mani\u00e8re efficace et s\u00e9curis\u00e9e, en vous offrant une solution sur mesure.\" \/>\n<meta name=\"robots\" content=\"index, follow, max-snippet:-1, max-image-preview:large, max-video-preview:-1\" \/>\n<link rel=\"canonical\" href=\"https:\/\/www.bilogistik.com\/fr\/transport-matieres-premieres\/metaux\/\" \/>\n<meta property=\"og:locale\" content=\"fr_FR\" \/>\n<meta property=\"og:type\" content=\"article\" \/>\n<meta property=\"og:title\" content=\"Solutions pour le transport de m\u00e9taux | Bilogistik\" \/>\n<meta property=\"og:description\" content=\"Nous nous chargeons du transport de votre cargaison de m\u00e9tal de mani\u00e8re efficace et s\u00e9curis\u00e9e, en vous offrant une solution sur mesure.\" \/>\n<meta property=\"og:url\" content=\"https:\/\/www.bilogistik.com\/fr\/transport-matieres-premieres\/metaux\/\" \/>\n<meta property=\"og:site_name\" content=\"Bilogistik\" \/>\n<meta property=\"article:modified_time\" content=\"2021-12-17T09:59:02+00:00\" \/>\n<meta property=\"og:image\" content=\"https:\/\/www.bilogistik.com\/wp-content\/uploads\/icono-transporte-maritimo-aereo-terrestre.svg\" \/>\n<meta name=\"twitter:card\" content=\"summary_large_image\" \/>\n<meta name=\"twitter:label1\" content=\"Dur\u00e9e de lecture estim\u00e9e\" \/>\n\t<meta name=\"twitter:data1\" content=\"4 minutes\" \/>\n<script type=\"application\/ld+json\" class=\"yoast-schema-graph\">{\"@context\":\"https:\\\/\\\/schema.org\",\"@graph\":[{\"@type\":\"WebPage\",\"@id\":\"https:\\\/\\\/www.bilogistik.com\\\/fr\\\/transport-matieres-premieres\\\/metaux\\\/\",\"url\":\"https:\\\/\\\/www.bilogistik.com\\\/fr\\\/transport-matieres-premieres\\\/metaux\\\/\",\"name\":\"Solutions pour le transport de m\u00e9taux | Bilogistik\",\"isPartOf\":{\"@id\":\"https:\\\/\\\/www.bilogistik.com\\\/fr\\\/#website\"},\"primaryImageOfPage\":{\"@id\":\"https:\\\/\\\/www.bilogistik.com\\\/fr\\\/transport-matieres-premieres\\\/metaux\\\/#primaryimage\"},\"image\":{\"@id\":\"https:\\\/\\\/www.bilogistik.com\\\/fr\\\/transport-matieres-premieres\\\/metaux\\\/#primaryimage\"},\"thumbnailUrl\":\"https:\\\/\\\/www.bilogistik.com\\\/wp-content\\\/uploads\\\/icono-transporte-maritimo-aereo-terrestre.svg\",\"datePublished\":\"2021-08-26T09:03:45+00:00\",\"dateModified\":\"2021-12-17T09:59:02+00:00\",\"description\":\"Nous nous chargeons du transport de votre cargaison de m\u00e9tal de mani\u00e8re efficace et s\u00e9curis\u00e9e, en vous offrant une solution sur mesure.\",\"breadcrumb\":{\"@id\":\"https:\\\/\\\/www.bilogistik.com\\\/fr\\\/transport-matieres-premieres\\\/metaux\\\/#breadcrumb\"},\"inLanguage\":\"fr-FR\",\"potentialAction\":[{\"@type\":\"ReadAction\",\"target\":[\"https:\\\/\\\/www.bilogistik.com\\\/fr\\\/transport-matieres-premieres\\\/metaux\\\/\"]}]},{\"@type\":\"ImageObject\",\"inLanguage\":\"fr-FR\",\"@id\":\"https:\\\/\\\/www.bilogistik.com\\\/fr\\\/transport-matieres-premieres\\\/metaux\\\/#primaryimage\",\"url\":\"https:\\\/\\\/www.bilogistik.com\\\/wp-content\\\/uploads\\\/icono-transporte-maritimo-aereo-terrestre.svg\",\"contentUrl\":\"https:\\\/\\\/www.bilogistik.com\\\/wp-content\\\/uploads\\\/icono-transporte-maritimo-aereo-terrestre.svg\"},{\"@type\":\"BreadcrumbList\",\"@id\":\"https:\\\/\\\/www.bilogistik.com\\\/fr\\\/transport-matieres-premieres\\\/metaux\\\/#breadcrumb\",\"itemListElement\":[{\"@type\":\"ListItem\",\"position\":1,\"name\":\"Transport de mati\u00e8res premi\u00e8res\",\"item\":\"https:\\\/\\\/www.bilogistik.com\\\/fr\\\/transport-matieres-premieres\\\/\"},{\"@type\":\"ListItem\",\"position\":2,\"name\":\"M\u00e9taux\"}]},{\"@type\":\"WebSite\",\"@id\":\"https:\\\/\\\/www.bilogistik.com\\\/fr\\\/#website\",\"url\":\"https:\\\/\\\/www.bilogistik.com\\\/fr\\\/\",\"name\":\"Bilogistik\",\"description\":\"\",\"potentialAction\":[{\"@type\":\"SearchAction\",\"target\":{\"@type\":\"EntryPoint\",\"urlTemplate\":\"https:\\\/\\\/www.bilogistik.com\\\/fr\\\/?s={search_term_string}\"},\"query-input\":{\"@type\":\"PropertyValueSpecification\",\"valueRequired\":true,\"valueName\":\"search_term_string\"}}],\"inLanguage\":\"fr-FR\"}]}<\/script>\n<!-- \/ Yoast SEO plugin. -->","yoast_head_json":{"title":"Solutions pour le transport de m\u00e9taux | Bilogistik","description":"Nous nous chargeons du transport de votre cargaison de m\u00e9tal de mani\u00e8re efficace et s\u00e9curis\u00e9e, en vous offrant une solution sur mesure.","robots":{"index":"index","follow":"follow","max-snippet":"max-snippet:-1","max-image-preview":"max-image-preview:large","max-video-preview":"max-video-preview:-1"},"canonical":"https:\/\/www.bilogistik.com\/fr\/transport-matieres-premieres\/metaux\/","og_locale":"fr_FR","og_type":"article","og_title":"Solutions pour le transport de m\u00e9taux | Bilogistik","og_description":"Nous nous chargeons du transport de votre cargaison de m\u00e9tal de mani\u00e8re efficace et s\u00e9curis\u00e9e, en vous offrant une solution sur mesure.","og_url":"https:\/\/www.bilogistik.com\/fr\/transport-matieres-premieres\/metaux\/","og_site_name":"Bilogistik","article_modified_time":"2021-12-17T09:59:02+00:00","og_image":[{"url":"https:\/\/www.bilogistik.com\/wp-content\/uploads\/icono-transporte-maritimo-aereo-terrestre.svg","type":"","width":"","height":""}],"twitter_card":"summary_large_image","twitter_misc":{"Dur\u00e9e de lecture estim\u00e9e":"4 minutes"},"schema":{"@context":"https:\/\/schema.org","@graph":[{"@type":"WebPage","@id":"https:\/\/www.bilogistik.com\/fr\/transport-matieres-premieres\/metaux\/","url":"https:\/\/www.bilogistik.com\/fr\/transport-matieres-premieres\/metaux\/","name":"Solutions pour le transport de m\u00e9taux | Bilogistik","isPartOf":{"@id":"https:\/\/www.bilogistik.com\/fr\/#website"},"primaryImageOfPage":{"@id":"https:\/\/www.bilogistik.com\/fr\/transport-matieres-premieres\/metaux\/#primaryimage"},"image":{"@id":"https:\/\/www.bilogistik.com\/fr\/transport-matieres-premieres\/metaux\/#primaryimage"},"thumbnailUrl":"https:\/\/www.bilogistik.com\/wp-content\/uploads\/icono-transporte-maritimo-aereo-terrestre.svg","datePublished":"2021-08-26T09:03:45+00:00","dateModified":"2021-12-17T09:59:02+00:00","description":"Nous nous chargeons du transport de votre cargaison de m\u00e9tal de mani\u00e8re efficace et s\u00e9curis\u00e9e, en vous offrant une solution sur mesure.","breadcrumb":{"@id":"https:\/\/www.bilogistik.com\/fr\/transport-matieres-premieres\/metaux\/#breadcrumb"},"inLanguage":"fr-FR","potentialAction":[{"@type":"ReadAction","target":["https:\/\/www.bilogistik.com\/fr\/transport-matieres-premieres\/metaux\/"]}]},{"@type":"ImageObject","inLanguage":"fr-FR","@id":"https:\/\/www.bilogistik.com\/fr\/transport-matieres-premieres\/metaux\/#primaryimage","url":"https:\/\/www.bilogistik.com\/wp-content\/uploads\/icono-transporte-maritimo-aereo-terrestre.svg","contentUrl":"https:\/\/www.bilogistik.com\/wp-content\/uploads\/icono-transporte-maritimo-aereo-terrestre.svg"},{"@type":"BreadcrumbList","@id":"https:\/\/www.bilogistik.com\/fr\/transport-matieres-premieres\/metaux\/#breadcrumb","itemListElement":[{"@type":"ListItem","position":1,"name":"Transport de mati\u00e8res premi\u00e8res","item":"https:\/\/www.bilogistik.com\/fr\/transport-matieres-premieres\/"},{"@type":"ListItem","position":2,"name":"M\u00e9taux"}]},{"@type":"WebSite","@id":"https:\/\/www.bilogistik.com\/fr\/#website","url":"https:\/\/www.bilogistik.com\/fr\/","name":"Bilogistik","description":"","potentialAction":[{"@type":"SearchAction","target":{"@type":"EntryPoint","urlTemplate":"https:\/\/www.bilogistik.com\/fr\/?s={search_term_string}"},"query-input":{"@type":"PropertyValueSpecification","valueRequired":true,"valueName":"search_term_string"}}],"inLanguage":"fr-FR"}]}},"_links":{"self":[{"href":"https:\/\/www.bilogistik.com\/fr\/wp-json\/wp\/v2\/pages\/3398","targetHints":{"allow":["GET"]}}],"collection":[{"href":"https:\/\/www.bilogistik.com\/fr\/wp-json\/wp\/v2\/pages"}],"about":[{"href":"https:\/\/www.bilogistik.com\/fr\/wp-json\/wp\/v2\/types\/page"}],"author":[{"embeddable":true,"href":"https:\/\/www.bilogistik.com\/fr\/wp-json\/wp\/v2\/users\/1"}],"replies":[{"embeddable":true,"href":"https:\/\/www.bilogistik.com\/fr\/wp-json\/wp\/v2\/comments?post=3398"}],"version-history":[{"count":0,"href":"https:\/\/www.bilogistik.com\/fr\/wp-json\/wp\/v2\/pages\/3398\/revisions"}],"up":[{"embeddable":true,"href":"https:\/\/www.bilogistik.com\/fr\/wp-json\/wp\/v2\/pages\/3390"}],"wp:attachment":[{"href":"https:\/\/www.bilogistik.com\/fr\/wp-json\/wp\/v2\/media?parent=3398"}],"curies":[{"name":"wp","href":"https:\/\/api.w.org\/{rel}","templated":true}]}}