{"id":3393,"date":"2021-08-05T10:50:21","date_gmt":"2021-08-05T10:50:21","guid":{"rendered":"https:\/\/www.bilogistik.com\/transport-matieres-premieres\/minerales\/"},"modified":"2021-12-17T09:54:09","modified_gmt":"2021-12-17T09:54:09","slug":"minerais","status":"publish","type":"page","link":"https:\/\/www.bilogistik.com\/fr\/transport-matieres-premieres\/minerais\/","title":{"rendered":"Minerais"},"content":{"rendered":"\r\n<header class=\"entry-header\" style=\"background-image:url('\/wp-content\/uploads\/bg-transporte-minerales.jpg');\">\r\n<div class=\"container\">\r\n<h1 class=\"entry-title\">Solutions pour le transport <br>de minerais<\/h1>\r\n<p>L\u2019<strong>industrie mini\u00e8re<\/strong> est l\u2019un des secteurs cl\u00e9s de l\u2019industrie secondaire et se caract\u00e9rise par des activit\u00e9s qui n\u00e9cessitent une <strong>logistique plus complexe<\/strong>, compte tenu des difficult\u00e9s \u00e0 transporter le minerai depuis les gisements jusqu\u2019aux zones industrielles o\u00f9 il peut \u00eatre travaill\u00e9 avec les \u00e9quipements et les machines appropri\u00e9s.<\/p>\r\n<p>En tant qu\u2019expert en solutions de transport, Bilogistik conna\u00eet les exigences n\u00e9cessaires au transport de minerai. C\u2019est pourquoi nous vous offrons un <strong>service logistique int\u00e9gr\u00e9<\/strong> et sur mesure<strong> : nous g\u00e9rons le transport de votre cargaison de minerai du d\u00e9but jusqu\u2019\u00e0 la fin, en garantissant l\u2019efficacit\u00e9 et la visibilit\u00e9 \u00e0 chaque \u00e9tape de la cha\u00eene logistique.<\/strong><\/p><strong>\r\n<\/strong><\/div><strong>\r\n<\/strong><\/header>\r\n\r\n\r\n\r\n<section>\r\n\t<h2 class=\"limit-850\">Nos solutions pour le transport de minerais incluent :<\/h2>\r\n\t<ul class=\"lista-iconos\">\r\n\t\t<li style=\"max-width:220px\">\r\n\t\t\t<img decoding=\"async\" src=\"https:\/\/www.bilogistik.com\/wp-content\/uploads\/icono-transporte-maritimo-terrestre.svg\" alt=\"Transporte mar\u00edtimo y terrestre\">\r\n\t\t\t<p>Transport maritime et terrestre<\/p>\r\n\t\t<\/li>\r\n\t\t<li style=\"max-width:220px\">\r\n\t\t\t<img decoding=\"async\" src=\"https:\/\/www.bilogistik.com\/wp-content\/uploads\/icono-manipulacion-almacenaje.svg\" alt=\"Manipulaci\u00f3n y almacenaje\">\r\n\t\t\t<p>Manutention et entreposage<\/p>\r\n\t\t<\/li>\r\n\t\t<li style=\"max-width:220px\">\r\n\t\t\t<img decoding=\"async\" src=\"https:\/\/www.bilogistik.com\/wp-content\/uploads\/icono-gestion-aduanas.svg\" alt=\"Gesti\u00f3n de aduanas\">\r\n\t\t\t<p>Gestion des douanes<\/p>\r\n\t\t<\/li>\r\n\t\t<li style=\"max-width:220px\">\r\n\t\t\t<img decoding=\"async\" src=\"https:\/\/www.bilogistik.com\/wp-content\/uploads\/icono-transparencia-proceso.svg\" alt=\"Transparencia en el proceso\">\r\n\t\t\t<p>Transparence tout au long du processus<\/p>\r\n\t\t<\/li>\r\n\t<\/ul>\r\n<p class=\"text-center\"><a class=\"button cta-primary\" href=\"https:\/\/www.bilogistik.com\/fr\/contact\/\">En savoir plus<\/a><\/p>\r\n<\/section>\r\n\r\n\r\n\r\n<section>\r\n<div class=\"row\">\r\n<div class=\"col-6\">\r\n<img decoding=\"async\" src=\"https:\/\/www.bilogistik.com\/wp-content\/uploads\/2021\/09\/manipulacion-minerales-ferroaleaciones.jpg\" alt=\"Manipulaci\u00f3n de minerales y ferroaleaciones\">\r\n<\/div>\r\n<div class=\"col-6\">\r\n<h2>Manipulation de minerais et de ferroalliages<\/h2>\r\n<p>La manipulation des minerais est un processus cl\u00e9 qui exige une grande attention, de m\u00eame que l\u2019utilisation de traitements et conteneurs sp\u00e9ciaux.<\/p>\r\n\r\n<p>Pour vous accompagner dans chaque phase de la cha\u00eene d\u2019approvisionnement, Bilogistik dispose d\u2019une \u00e9quipe d\u2019experts en manipulation de minerais et d\u2019alliages ferreux. Nous appliquons nos proc\u00e9dures et faisons appel \u00e0 des ressources avanc\u00e9es pour vous aider \u00e0 leur gestion optimale, en garantissant le respect des mesures sanitaires et la s\u00e9curit\u00e9 des processus ainsi que le minimum d\u2019impact sur l\u2019environnement.<\/p>\r\n\r\n<p>Nous disposons en outre de polices d\u2019abonnement (flottantes) et d\u2019assurances sp\u00e9cialis\u00e9es pour assurer un service de qualit\u00e9, souple et adapt\u00e9 aux besoins de votre produit.<\/p>\r\n<\/div><\/div>\r\n<\/section>\r\n\r\n\r\n\r\n<section class=\"medio-gris inverso\">\r\n<div class=\"container\">\r\n<div class=\"row\">\r\n<div class=\"col-6\">\r\n<h2>Entreposage de minerais et de ferroalliages<\/h2>\r\n<p>Nos solutions d\u2019entreposage, dans nos propres entrep\u00f4ts comme en entrep\u00f4t douanier portuaire (franc), sont id\u00e9ales pour le stockage de cargaisons de minerais et d\u2019alliages ferreux. Nous disposons d\u2019un <strong>entrep\u00f4t sp\u00e9cialement destin\u00e9 aux ferroalliages<\/strong> tels que le ferromangan\u00e8se, le ferrosilicium ou le ferrochrome<\/p>\r\n\r\n<p>Nous poss\u00e9dons aussi les machines et les \u00e9quipements les mieux adapt\u00e9s pour l\u2019entreposage s\u00e9curis\u00e9 du minerai, sans pertes de charge ni risques de pollution. <strong>Nous contr\u00f4lons toutes les conditions ambiantes qui pourraient avoir une incidence sur les mati\u00e8res<\/strong>, telles que la chaleur ou l\u2019humidit\u00e9, qui peuvent alt\u00e9rer leurs propri\u00e9t\u00e9s chimiques.<\/p>\r\n<a class=\"button cta-primary\" href=\"https:\/\/www.bilogistik.com\/fr\/contact\/devis\/\">Demander un devis<\/a>\r\n<\/div>\r\n<div class=\"col-1\">\r\n<\/div>\r\n<div class=\"col-5\">\r\n<img decoding=\"async\" src=\"https:\/\/www.bilogistik.com\/wp-content\/uploads\/2021\/09\/almacenaje-minerales-ferroaleaciones.jpg\" alt=\"Almacenaje de minerales y ferroaleaciones\">\r\n<\/div>\r\n<\/div>\r\n<\/div><\/section>\r\n\r\n\r\n\r\n<section>\r\n<h2 class=\"text-center\">Transport d\u2019autres mat\u00e9riaux<\/h2>\r\n<p class=\"max-700\">Bilogistik propose des solutions pour le transport fiable et efficace de diff\u00e9rents types de mat\u00e9riaux :<\/p>\r\n<ul class=\"material-list\">\r\n<li class=\"metal\">\r\n\t<h3>M\u00e9taux<\/h3>\r\n\t<p>Nous concevons des solutions sur mesure pour le transport de tout type de m\u00e9taux, pour des commandes r\u00e9guli\u00e8res comme ponctuelles. Nous optimisons chaque processus pour une livraison dans des conditions optimales et dans une transparence totale.<\/p>\r\n\t<a class=\"button simple cta-info\" href=\"https:\/\/www.bilogistik.com\/fr\/transport-matieres-premieres\/metaux\/\">En savoir plus<\/a>\r\n<\/li>\r\n<li class=\"caucho\">\r\n\t<h3>Caoutchouc<\/h3>\r\n\t<p>Solutions pour le transport de caoutchouc, en vrac, sous forme de pneus ou produits d\u00e9riv\u00e9s. Nous concevons la solution logistique la mieux adapt\u00e9e et la plus efficace pour que vos marchandises arrivent \u00e0 destination dans de parfaites conditions.<\/p>\r\n\t<a class=\"button simple cta-info\" href=\"https:\/\/www.bilogistik.com\/fr\/transport-matieres-premieres\/caoutchouc\/\">En savoir plus<\/a>\r\n<\/li>\r\n<li class=\"peligrosa\">\r\n\t<h3>Marchandises dangereuses<\/h3>\r\n\t<p>Nous avons la solution logistique id\u00e9ale pour le transport de marchandises dangereuses, telles que des explosifs ou des produits corrosifs. Nous garantissons une solution logistique int\u00e9grale qui respecte en tous points les r\u00e8gles de s\u00e9curit\u00e9.<\/p>\r\n\t<a class=\"button simple cta-info\" href=\"https:\/\/www.bilogistik.com\/fr\/transport-matieres-premieres\/marchandises-dangereuses\/\">En savoir plus<\/a>\r\n<\/li>\r\n<\/ul>\r\n<\/section>\r\n\r\n\r\n\r\n<section>\r\n<h2>Nuestros servicios log\u00edsticos<\/h2>\r\n<p class=\"limit-850\">Como expertos en todo tipo de transporte, en Bilogistik te acompa\u00f1amos en cada \u00e1mbito de la cadena de suministro con nuestras soluciones a medida:<\/p>\r\n<ul class=\"servicios-list\">\r\n<li class=\"multimodal\">\r\n\t<h3>Transporte multimodal<\/h3>\r\n\t<a class=\"button simple dark cta-info\" href=\"https:\/\/www.bilogistik.com\/servicios-logisticos\/transporte-multimodal\/\">M\u00e1s informaci\u00f3n<\/a>\r\n<\/li>\r\n<li class=\"flete\">\r\n\t<h3>Flete mar\u00edtimo<\/h3>\r\n\t<a class=\"button simple dark cta-info\" href=\"https:\/\/www.bilogistik.com\/servicios-logisticos\/flete-maritimo\/\">M\u00e1s informaci\u00f3n<\/a>\r\n<\/li>\r\n<li class=\"consigna\">\r\n\t<h3>Consignatario <br>de buques<\/h3>\r\n\t<a class=\"button simple dark cta-info\" href=\"https:\/\/www.bilogistik.com\/servicios-logisticos\/consignatario-buques\/\">M\u00e1s informaci\u00f3n<\/a>\r\n<\/li>\r\n<li class=\"almacena\">\r\n\t<h3>Almacenamiento<\/h3>\r\n\t<a class=\"button simple dark cta-info\" href=\"https:\/\/www.bilogistik.com\/servicios-logisticos\/almacenamiento\/\">M\u00e1s informaci\u00f3n<\/a>\r\n<\/li>\r\n<li class=\"agente\">\r\n\t<h3>Agente transitario<\/h3>\r\n\t<a class=\"button simple dark cta-info\" href=\"https:\/\/www.bilogistik.com\/servicios-logisticos\/transitario\/\">M\u00e1s informaci\u00f3n<\/a>\r\n<\/li>\r\n<li class=\"aduana\">\r\n\t<h3>Gesti\u00f3n de aduanas<\/h3>\r\n\t<a class=\"button simple dark cta-info\" href=\"https:\/\/www.bilogistik.com\/servicios-logisticos\/aduanas\/\">M\u00e1s informaci\u00f3n<\/a>\r\n<\/li>\r\n<\/ul>\r\n<\/section>\r\n\r\n\r\n\r\n<section class=\"full full-gris\">\r\n<div class=\"container\">\r\n<div class=\"row\">\r\n<div class=\"col-6\">\r\n<img decoding=\"async\" src=\"https:\/\/www.bilogistik.com\/wp-content\/uploads\/2021\/10\/soluciones-cargas-especiales.jpg\" alt=\"Soluciones para Cargas Especiales y de Proyecto\">\r\n<\/div>\r\n<div class=\"col-6\">\r\n<h2 class=\"lower\">Soluciones para cargas especiales y de proyecto<\/h2>\r\n<p>Gracias a la experiencia en log\u00edstica de nuestro equipo, desde Bilogistik te ofrecemos nuestro servicio de transporte de cargas especiales, tanto de forma puntual como dentro de un proyecto industrial con desplazamientos continuados.<\/p>\r\n<a href=\"https:\/\/www.bilogistik.com\/cargas-especiales-proyecto\/\" class=\"button cta-info\">M\u00e1s informaci\u00f3n<\/a>\r\n<\/div><\/div>\r\n<\/div><\/section>\r\n\r\n\r\n\r\n<section>\r\n<div class=\"row\">\r\n<div class=\"col-6\">\r\n<img decoding=\"async\" src=\"https:\/\/www.bilogistik.com\/wp-content\/uploads\/2021\/10\/contacto.jpg\" alt=\"Contacta con Bilogistik\">\r\n<\/div>\r\n<div class=\"col-6\">\r\n<h2 class=\"oscuro lower\">Contacta con nuestros expertos<\/h2>\r\n<p>\u00bfQuieres saber m\u00e1s sobre nuestros servicios log\u00edsticos?<\/p>\r\n<p>\u00bfDeseas solicitar un presupuesto? <br>Contacta con nuestro equipo de expertos para una atenci\u00f3n personalizada.<\/p>\r\n<a class=\"button cta-primary\" href=\"https:\/\/www.bilogistik.com\/contacto\/\">Contactar<\/a>\r\n<a class=\"button cta-primary\" href=\"https:\/\/www.bilogistik.com\/contacto\/pide-presupuesto\/\">Solicita presupuesto<\/a>\r\n<\/div>\r\n<\/div><\/section>\r\n\r\n\r\n\r\n<p><\/p>\r\n","protected":false},"excerpt":{"rendered":"<p>Solutions pour le transport de minerais L\u2019industrie mini\u00e8re est l\u2019un des secteurs cl\u00e9s de l\u2019industrie secondaire et se caract\u00e9rise par des activit\u00e9s qui n\u00e9cessitent une [&hellip;]<\/p>\n","protected":false},"author":1,"featured_media":0,"parent":3390,"menu_order":1,"comment_status":"closed","ping_status":"closed","template":"","meta":{"om_disable_all_campaigns":false,"_monsterinsights_skip_tracking":false,"_monsterinsights_sitenote_active":false,"_monsterinsights_sitenote_note":"","_monsterinsights_sitenote_category":0,"footnotes":""},"class_list":["post-3393","page","type-page","status-publish","hentry"],"aioseo_notices":[],"yoast_head":"<!-- This site is optimized with the Yoast SEO plugin v27.4 - https:\/\/yoast.com\/product\/yoast-seo-wordpress\/ -->\n<title>Solutions pour le transport de minerais | Bilogistik<\/title>\n<meta name=\"description\" content=\"Nous nous chargeons du transport de votre cargaison de minerai de mani\u00e8re efficace et s\u00e9curis\u00e9e, en nous adaptant \u00e0 vos n\u00e9cessit\u00e9s logistiques.\" \/>\n<meta name=\"robots\" content=\"index, follow, max-snippet:-1, max-image-preview:large, max-video-preview:-1\" \/>\n<link rel=\"canonical\" href=\"https:\/\/www.bilogistik.com\/fr\/transport-matieres-premieres\/minerais\/\" \/>\n<meta property=\"og:locale\" content=\"fr_FR\" \/>\n<meta property=\"og:type\" content=\"article\" \/>\n<meta property=\"og:title\" content=\"Solutions pour le transport de minerais | Bilogistik\" \/>\n<meta property=\"og:description\" content=\"Nous nous chargeons du transport de votre cargaison de minerai de mani\u00e8re efficace et s\u00e9curis\u00e9e, en nous adaptant \u00e0 vos n\u00e9cessit\u00e9s logistiques.\" \/>\n<meta property=\"og:url\" content=\"https:\/\/www.bilogistik.com\/fr\/transport-matieres-premieres\/minerais\/\" \/>\n<meta property=\"og:site_name\" content=\"Bilogistik\" \/>\n<meta property=\"article:modified_time\" content=\"2021-12-17T09:54:09+00:00\" \/>\n<meta property=\"og:image\" content=\"https:\/\/www.bilogistik.com\/wp-content\/uploads\/icono-transporte-maritimo-terrestre.svg\" \/>\n<meta name=\"twitter:card\" content=\"summary_large_image\" \/>\n<meta name=\"twitter:label1\" content=\"Dur\u00e9e de lecture estim\u00e9e\" \/>\n\t<meta name=\"twitter:data1\" content=\"4 minutes\" \/>\n<script type=\"application\/ld+json\" class=\"yoast-schema-graph\">{\"@context\":\"https:\\\/\\\/schema.org\",\"@graph\":[{\"@type\":\"WebPage\",\"@id\":\"https:\\\/\\\/www.bilogistik.com\\\/fr\\\/transport-matieres-premieres\\\/minerais\\\/\",\"url\":\"https:\\\/\\\/www.bilogistik.com\\\/fr\\\/transport-matieres-premieres\\\/minerais\\\/\",\"name\":\"Solutions pour le transport de minerais | Bilogistik\",\"isPartOf\":{\"@id\":\"https:\\\/\\\/www.bilogistik.com\\\/fr\\\/#website\"},\"primaryImageOfPage\":{\"@id\":\"https:\\\/\\\/www.bilogistik.com\\\/fr\\\/transport-matieres-premieres\\\/minerais\\\/#primaryimage\"},\"image\":{\"@id\":\"https:\\\/\\\/www.bilogistik.com\\\/fr\\\/transport-matieres-premieres\\\/minerais\\\/#primaryimage\"},\"thumbnailUrl\":\"https:\\\/\\\/www.bilogistik.com\\\/wp-content\\\/uploads\\\/icono-transporte-maritimo-terrestre.svg\",\"datePublished\":\"2021-08-05T10:50:21+00:00\",\"dateModified\":\"2021-12-17T09:54:09+00:00\",\"description\":\"Nous nous chargeons du transport de votre cargaison de minerai de mani\u00e8re efficace et s\u00e9curis\u00e9e, en nous adaptant \u00e0 vos n\u00e9cessit\u00e9s logistiques.\",\"breadcrumb\":{\"@id\":\"https:\\\/\\\/www.bilogistik.com\\\/fr\\\/transport-matieres-premieres\\\/minerais\\\/#breadcrumb\"},\"inLanguage\":\"fr-FR\",\"potentialAction\":[{\"@type\":\"ReadAction\",\"target\":[\"https:\\\/\\\/www.bilogistik.com\\\/fr\\\/transport-matieres-premieres\\\/minerais\\\/\"]}]},{\"@type\":\"ImageObject\",\"inLanguage\":\"fr-FR\",\"@id\":\"https:\\\/\\\/www.bilogistik.com\\\/fr\\\/transport-matieres-premieres\\\/minerais\\\/#primaryimage\",\"url\":\"https:\\\/\\\/www.bilogistik.com\\\/wp-content\\\/uploads\\\/icono-transporte-maritimo-terrestre.svg\",\"contentUrl\":\"https:\\\/\\\/www.bilogistik.com\\\/wp-content\\\/uploads\\\/icono-transporte-maritimo-terrestre.svg\"},{\"@type\":\"BreadcrumbList\",\"@id\":\"https:\\\/\\\/www.bilogistik.com\\\/fr\\\/transport-matieres-premieres\\\/minerais\\\/#breadcrumb\",\"itemListElement\":[{\"@type\":\"ListItem\",\"position\":1,\"name\":\"Transport de mati\u00e8res premi\u00e8res\",\"item\":\"https:\\\/\\\/www.bilogistik.com\\\/fr\\\/transport-matieres-premieres\\\/\"},{\"@type\":\"ListItem\",\"position\":2,\"name\":\"Minerais\"}]},{\"@type\":\"WebSite\",\"@id\":\"https:\\\/\\\/www.bilogistik.com\\\/fr\\\/#website\",\"url\":\"https:\\\/\\\/www.bilogistik.com\\\/fr\\\/\",\"name\":\"Bilogistik\",\"description\":\"\",\"potentialAction\":[{\"@type\":\"SearchAction\",\"target\":{\"@type\":\"EntryPoint\",\"urlTemplate\":\"https:\\\/\\\/www.bilogistik.com\\\/fr\\\/?s={search_term_string}\"},\"query-input\":{\"@type\":\"PropertyValueSpecification\",\"valueRequired\":true,\"valueName\":\"search_term_string\"}}],\"inLanguage\":\"fr-FR\"}]}<\/script>\n<!-- \/ Yoast SEO plugin. -->","yoast_head_json":{"title":"Solutions pour le transport de minerais | Bilogistik","description":"Nous nous chargeons du transport de votre cargaison de minerai de mani\u00e8re efficace et s\u00e9curis\u00e9e, en nous adaptant \u00e0 vos n\u00e9cessit\u00e9s logistiques.","robots":{"index":"index","follow":"follow","max-snippet":"max-snippet:-1","max-image-preview":"max-image-preview:large","max-video-preview":"max-video-preview:-1"},"canonical":"https:\/\/www.bilogistik.com\/fr\/transport-matieres-premieres\/minerais\/","og_locale":"fr_FR","og_type":"article","og_title":"Solutions pour le transport de minerais | Bilogistik","og_description":"Nous nous chargeons du transport de votre cargaison de minerai de mani\u00e8re efficace et s\u00e9curis\u00e9e, en nous adaptant \u00e0 vos n\u00e9cessit\u00e9s logistiques.","og_url":"https:\/\/www.bilogistik.com\/fr\/transport-matieres-premieres\/minerais\/","og_site_name":"Bilogistik","article_modified_time":"2021-12-17T09:54:09+00:00","og_image":[{"url":"https:\/\/www.bilogistik.com\/wp-content\/uploads\/icono-transporte-maritimo-terrestre.svg","type":"","width":"","height":""}],"twitter_card":"summary_large_image","twitter_misc":{"Dur\u00e9e de lecture estim\u00e9e":"4 minutes"},"schema":{"@context":"https:\/\/schema.org","@graph":[{"@type":"WebPage","@id":"https:\/\/www.bilogistik.com\/fr\/transport-matieres-premieres\/minerais\/","url":"https:\/\/www.bilogistik.com\/fr\/transport-matieres-premieres\/minerais\/","name":"Solutions pour le transport de minerais | Bilogistik","isPartOf":{"@id":"https:\/\/www.bilogistik.com\/fr\/#website"},"primaryImageOfPage":{"@id":"https:\/\/www.bilogistik.com\/fr\/transport-matieres-premieres\/minerais\/#primaryimage"},"image":{"@id":"https:\/\/www.bilogistik.com\/fr\/transport-matieres-premieres\/minerais\/#primaryimage"},"thumbnailUrl":"https:\/\/www.bilogistik.com\/wp-content\/uploads\/icono-transporte-maritimo-terrestre.svg","datePublished":"2021-08-05T10:50:21+00:00","dateModified":"2021-12-17T09:54:09+00:00","description":"Nous nous chargeons du transport de votre cargaison de minerai de mani\u00e8re efficace et s\u00e9curis\u00e9e, en nous adaptant \u00e0 vos n\u00e9cessit\u00e9s logistiques.","breadcrumb":{"@id":"https:\/\/www.bilogistik.com\/fr\/transport-matieres-premieres\/minerais\/#breadcrumb"},"inLanguage":"fr-FR","potentialAction":[{"@type":"ReadAction","target":["https:\/\/www.bilogistik.com\/fr\/transport-matieres-premieres\/minerais\/"]}]},{"@type":"ImageObject","inLanguage":"fr-FR","@id":"https:\/\/www.bilogistik.com\/fr\/transport-matieres-premieres\/minerais\/#primaryimage","url":"https:\/\/www.bilogistik.com\/wp-content\/uploads\/icono-transporte-maritimo-terrestre.svg","contentUrl":"https:\/\/www.bilogistik.com\/wp-content\/uploads\/icono-transporte-maritimo-terrestre.svg"},{"@type":"BreadcrumbList","@id":"https:\/\/www.bilogistik.com\/fr\/transport-matieres-premieres\/minerais\/#breadcrumb","itemListElement":[{"@type":"ListItem","position":1,"name":"Transport de mati\u00e8res premi\u00e8res","item":"https:\/\/www.bilogistik.com\/fr\/transport-matieres-premieres\/"},{"@type":"ListItem","position":2,"name":"Minerais"}]},{"@type":"WebSite","@id":"https:\/\/www.bilogistik.com\/fr\/#website","url":"https:\/\/www.bilogistik.com\/fr\/","name":"Bilogistik","description":"","potentialAction":[{"@type":"SearchAction","target":{"@type":"EntryPoint","urlTemplate":"https:\/\/www.bilogistik.com\/fr\/?s={search_term_string}"},"query-input":{"@type":"PropertyValueSpecification","valueRequired":true,"valueName":"search_term_string"}}],"inLanguage":"fr-FR"}]}},"_links":{"self":[{"href":"https:\/\/www.bilogistik.com\/fr\/wp-json\/wp\/v2\/pages\/3393","targetHints":{"allow":["GET"]}}],"collection":[{"href":"https:\/\/www.bilogistik.com\/fr\/wp-json\/wp\/v2\/pages"}],"about":[{"href":"https:\/\/www.bilogistik.com\/fr\/wp-json\/wp\/v2\/types\/page"}],"author":[{"embeddable":true,"href":"https:\/\/www.bilogistik.com\/fr\/wp-json\/wp\/v2\/users\/1"}],"replies":[{"embeddable":true,"href":"https:\/\/www.bilogistik.com\/fr\/wp-json\/wp\/v2\/comments?post=3393"}],"version-history":[{"count":0,"href":"https:\/\/www.bilogistik.com\/fr\/wp-json\/wp\/v2\/pages\/3393\/revisions"}],"up":[{"embeddable":true,"href":"https:\/\/www.bilogistik.com\/fr\/wp-json\/wp\/v2\/pages\/3390"}],"wp:attachment":[{"href":"https:\/\/www.bilogistik.com\/fr\/wp-json\/wp\/v2\/media?parent=3393"}],"curies":[{"name":"wp","href":"https:\/\/api.w.org\/{rel}","templated":true}]}}