{"id":3382,"date":"2021-08-26T09:12:36","date_gmt":"2021-08-26T09:12:36","guid":{"rendered":"https:\/\/www.bilogistik.com\/cargas-especiales-proyecto\/"},"modified":"2021-12-17T10:12:17","modified_gmt":"2021-12-17T10:12:17","slug":"cargaisons-exceptionnelles-projet","status":"publish","type":"page","link":"https:\/\/www.bilogistik.com\/fr\/cargaisons-exceptionnelles-projet\/","title":{"rendered":"Solutions pour cargaisons exceptionnelles et logistique de projets (Project Cargo)"},"content":{"rendered":"\r\n<header class=\"entry-header\" style=\"background-image:url('\/wp-content\/uploads\/bg-cargas-especiales.jpg');\">\r\n<div class=\"container\">\r\n<h1 class=\"entry-title\">Solutions pour cargaisons exceptionnelles et logistique de projets (Project Cargo)<\/h1>\r\n<p>Le transport de biens d\u2019\u00e9quipement, de machines industrielles, de g\u00e9n\u00e9rateurs \u00e9lectriques et autres cargaisons sp\u00e9ciales ou int\u00e9gr\u00e9es dans un projet logistique, exigent des solutions logistiques sur mesure pour garantir leur arriv\u00e9e \u00e0 destination dans de parfaites conditions.<\/p>\r\n\r\n<p>Gr\u00e2ce \u00e0 l\u2019exp\u00e9rience en logistique de notre \u00e9quipe, Bilogistik vous offre son service de transport exceptionnel, de mani\u00e8re ponctuelle ou dans le cadre d\u2019un projet industriel (Project Cargo) avec des d\u00e9placements r\u00e9guliers.<\/p>\r\n<\/div>\r\n<\/header>\r\n\r\n\r\n\r\n<section>\r\n<div class=\"row\">\r\n<div class=\"col-6\">\r\n<img decoding=\"async\" src=\"https:\/\/www.bilogistik.com\/wp-content\/uploads\/2021\/11\/transporte-puntual.jpg\" alt=\"Transporte Puntual\">\r\n<\/div>\r\n<div class=\"col-6\">\r\n<h2>Transport ponctuel de cargaisons sp\u00e9ciales et surdimensionn\u00e9es<\/h2>\r\n<p>En tant qu\u2019expert dans le transport en convoi exceptionnel, Bilogistik se charge du transport ponctuel de pi\u00e8ces de grandes dimensions et poids et vous accompagne dans un partenariat strat\u00e9gique pour vous aider \u00e0 tracer un plan logistique int\u00e9gral. <\/p>\r\n\r\n<p>Nous mettons \u00e0 votre disposition les services d\u2019arrimage, calculs de levage de charge, entreposage et installation sur le site final, en garantissant l\u2019efficacit\u00e9 de chaque processus. Notre \u00e9quipe d\u2019experts poss\u00e8de par ailleurs une grande connaissance des lignes maritimes et a\u00e9riennes, ainsi que des armateurs de fret conventionnel ou de conteneurs et des transporteurs sp\u00e9cialis\u00e9s dans les marchandises hors gabarits.<\/p>\r\n<a class=\"button cta-primary\" href=\"https:\/\/www.bilogistik.com\/fr\/contact\/\">En savoir plus<\/a>\r\n<\/div><\/div>\r\n<\/section>\r\n\r\n\r\n\r\n<section class=\"full full-gris\">\r\n<div class=\"container\">\r\n<h2>Logistique de transport de projets industriels \u2013 Project Cargo<\/h2>\r\n<div class=\"row\">\r\n<div class=\"col-6\">\r\n<p>Chez Bilogistik, nous pr\u00eatons aussi nos services aux entreprises qui sont en train d\u2019\u00e9laborer un projet industriel et qui ont besoin du transport r\u00e9gulier de leurs cargaisons. Nous nous impliquons \u00e0 fond, en vous accompagnant dans chaque \u00e9tape de la cha\u00eene et en vous offrant notre savoir-faire d\u2019expert en logistique :<\/p>\r\n\r\n<ul class=\"lista\" style=\"padding-left:0;margin-bottom:0\">\r\n<li>Nous pr\u00e9voyons diff\u00e9rents sc\u00e9narios, en \u00e9laborant plusieurs devis optimis\u00e9s du point de vue des d\u00e9lais et des co\u00fbts.<\/li>\r\n<li>Nous vous conseillons sur le fonctionnement des douanes et sur les imp\u00f4ts et taxes de chaque pays de destination.<\/li>\r\n<li>Nous vous accompagnons dans le choix de votre agent des douanes dans le pays de destination du client final.<\/li>\r\n<li>Nous \u00e9laborons un chronogramme d\u2019approvisionnements pour la bonne fin du projet et nous le coordonnons pour que tout soit livr\u00e9 dans les d\u00e9lais \u00e9tablis, conform\u00e9ment aux crit\u00e8res d\u2019ing\u00e9nierie et d\u2019achats.<\/li>\r\n<li>Nous vous conseillons sur le terrain en mettant \u00e0 votre disposition des sp\u00e9cialistes qui s\u2019int\u00e8grent dans l\u2019organisation du projet, en se d\u00e9pla\u00e7ant l\u00e0 o\u00f9 le projet l\u2019exige.<\/li>\r\n<\/ul>\r\n<\/div>\r\n<div class=\"col-6\" style=\"align-self:initial;background-image:url(\/wp-content\/uploads\/2021\/10\/transporte-carga-proyecto.jpg);background-size:cover;\">\r\n<\/div>\r\n<\/div><\/div>\r\n<\/section>\r\n\r\n\r\n\r\n<section>\r\n\t<h2 class=\"text-center\">Pour tout type d\u2019industries<\/h2>\r\n\t<p class=\"max-700\">Transportez vos marchandises hors gabarits ou vos cargaisons de projets logistiques o\u00f9 vous en avez besoin, quelle que soit votre industrie.<\/p>\r\n\t<ul class=\"lista-iconos\">\r\n\t\t<li>\r\n\t\t\t<img decoding=\"async\" src=\"https:\/\/www.bilogistik.com\/wp-content\/uploads\/icono-energias-renovables.svg\" alt=\"Energ\u00edas renovables\">\r\n\t\t\t<h3>\u00c9nergies renouvelables<\/h3>\r\n\t\t<\/li>\r\n\t\t<li>\r\n\t\t\t<img decoding=\"async\" src=\"https:\/\/www.bilogistik.com\/wp-content\/uploads\/icono-redes-electricas.svg\" alt=\"Redes el\u00e9ctricas\">\r\n\t\t\t<h3>R\u00e9seaux \u00e9lectriques<\/h3>\r\n\t\t<\/li>\r\n\t\t<li>\r\n\t\t\t<img decoding=\"async\" src=\"https:\/\/www.bilogistik.com\/wp-content\/uploads\/icono-ciclos-combinados.svg\" alt=\"Ciclos combinados\">\r\n\t\t\t<h3>Cycles combin\u00e9s<\/h3>\r\n\t\t<\/li>\r\n\t\t<li>\r\n\t\t\t<img decoding=\"async\" src=\"https:\/\/www.bilogistik.com\/wp-content\/uploads\/icono-atomica.svg\" alt=\"At\u00f3mica\">\r\n\t\t\t<h3>Nucl\u00e9aire<\/h3>\r\n\t\t<\/li>\r\n\t\t<li>\r\n\t\t\t<img decoding=\"async\" src=\"https:\/\/www.bilogistik.com\/wp-content\/uploads\/icono-construccion.svg\" alt=\"Construcci\u00f3n\">\r\n\t\t\t<h3>B\u00e2timent<\/h3>\r\n\t\t<\/li>\r\n\t<\/ul>\r\n<p class=\"text-center\"><a class=\"button cta-primary\" href=\"https:\/\/www.bilogistik.com\/fr\/contact\/devis\/\">Demander un devis<\/a><\/p>\r\n<\/section>\r\n\r\n\r\n\r\n<section>\r\n<h2>Nuestros servicios log\u00edsticos<\/h2>\r\n<p class=\"limit-850\">Como expertos en todo tipo de transporte, en Bilogistik te acompa\u00f1amos en cada \u00e1mbito de la cadena de suministro con nuestras soluciones a medida:<\/p>\r\n<ul class=\"servicios-list\">\r\n<li class=\"multimodal\">\r\n\t<h3>Transporte multimodal<\/h3>\r\n\t<a class=\"button simple dark cta-info\" href=\"https:\/\/www.bilogistik.com\/servicios-logisticos\/transporte-multimodal\/\">M\u00e1s informaci\u00f3n<\/a>\r\n<\/li>\r\n<li class=\"flete\">\r\n\t<h3>Flete mar\u00edtimo<\/h3>\r\n\t<a class=\"button simple dark cta-info\" href=\"https:\/\/www.bilogistik.com\/servicios-logisticos\/flete-maritimo\/\">M\u00e1s informaci\u00f3n<\/a>\r\n<\/li>\r\n<li class=\"consigna\">\r\n\t<h3>Consignatario <br>de buques<\/h3>\r\n\t<a class=\"button simple dark cta-info\" href=\"https:\/\/www.bilogistik.com\/servicios-logisticos\/consignatario-buques\/\">M\u00e1s informaci\u00f3n<\/a>\r\n<\/li>\r\n<li class=\"almacena\">\r\n\t<h3>Almacenamiento<\/h3>\r\n\t<a class=\"button simple dark cta-info\" href=\"https:\/\/www.bilogistik.com\/servicios-logisticos\/almacenamiento\/\">M\u00e1s informaci\u00f3n<\/a>\r\n<\/li>\r\n<li class=\"agente\">\r\n\t<h3>Agente transitario<\/h3>\r\n\t<a class=\"button simple dark cta-info\" href=\"https:\/\/www.bilogistik.com\/servicios-logisticos\/transitario\/\">M\u00e1s informaci\u00f3n<\/a>\r\n<\/li>\r\n<li class=\"aduana\">\r\n\t<h3>Gesti\u00f3n de aduanas<\/h3>\r\n\t<a class=\"button simple dark cta-info\" href=\"https:\/\/www.bilogistik.com\/servicios-logisticos\/aduanas\/\">M\u00e1s informaci\u00f3n<\/a>\r\n<\/li>\r\n<\/ul>\r\n<\/section>\r\n\r\n\r\n\r\n<section>\r\n<div class=\"row\">\r\n<div class=\"col-6\">\r\n<img decoding=\"async\" src=\"https:\/\/www.bilogistik.com\/wp-content\/uploads\/2021\/10\/contacto.jpg\" alt=\"Contacta con Bilogistik\">\r\n<\/div>\r\n<div class=\"col-6\">\r\n<h2 class=\"oscuro lower\">Contacta con nuestros expertos<\/h2>\r\n<p>\u00bfQuieres saber m\u00e1s sobre nuestros servicios log\u00edsticos?<\/p>\r\n<p>\u00bfDeseas solicitar un presupuesto? <br>Contacta con nuestro equipo de expertos para una atenci\u00f3n personalizada.<\/p>\r\n<a class=\"button cta-primary\" href=\"https:\/\/www.bilogistik.com\/contacto\/\">Contactar<\/a>\r\n<a class=\"button cta-primary\" href=\"https:\/\/www.bilogistik.com\/contacto\/pide-presupuesto\/\">Solicita presupuesto<\/a>\r\n<\/div>\r\n<\/div><\/section>\r\n\r\n\r\n\r\n<p><\/p>\r\n","protected":false},"excerpt":{"rendered":"<p>Solutions pour cargaisons exceptionnelles et logistique de projets (Project Cargo) Le transport de biens d\u2019\u00e9quipement, de machines industrielles, de g\u00e9n\u00e9rateurs \u00e9lectriques et autres cargaisons sp\u00e9ciales [&hellip;]<\/p>\n","protected":false},"author":1,"featured_media":0,"parent":0,"menu_order":0,"comment_status":"closed","ping_status":"closed","template":"","meta":{"om_disable_all_campaigns":false,"_monsterinsights_skip_tracking":false,"_monsterinsights_sitenote_active":false,"_monsterinsights_sitenote_note":"","_monsterinsights_sitenote_category":0,"footnotes":""},"class_list":["post-3382","page","type-page","status-publish","hentry"],"aioseo_notices":[],"yoast_head":"<!-- This site is optimized with the Yoast SEO plugin v27.5 - https:\/\/yoast.com\/product\/yoast-seo-wordpress\/ -->\n<title>Solutions pour cargaisons exceptionnelles | Bilogistik<\/title>\n<meta name=\"description\" content=\"Nous avons l\u2019exp\u00e9rience n\u00e9cessaire pour vous offrir le meilleur service de transport de cargaisons exceptionnelles et de projets industriels.\" \/>\n<meta name=\"robots\" content=\"index, follow, max-snippet:-1, max-image-preview:large, max-video-preview:-1\" \/>\n<link rel=\"canonical\" href=\"https:\/\/www.bilogistik.com\/fr\/cargaisons-exceptionnelles-projet\/\" \/>\n<meta property=\"og:locale\" content=\"fr_FR\" \/>\n<meta property=\"og:type\" content=\"article\" \/>\n<meta property=\"og:title\" content=\"Solutions pour cargaisons exceptionnelles | Bilogistik\" \/>\n<meta property=\"og:description\" content=\"Nous avons l\u2019exp\u00e9rience n\u00e9cessaire pour vous offrir le meilleur service de transport de cargaisons exceptionnelles et de projets industriels.\" \/>\n<meta property=\"og:url\" content=\"https:\/\/www.bilogistik.com\/fr\/cargaisons-exceptionnelles-projet\/\" \/>\n<meta property=\"og:site_name\" content=\"Bilogistik\" \/>\n<meta property=\"article:modified_time\" content=\"2021-12-17T10:12:17+00:00\" \/>\n<meta property=\"og:image\" content=\"https:\/\/www.bilogistik.com\/wp-content\/uploads\/2021\/11\/transporte-puntual.jpg\" \/>\n<meta name=\"twitter:card\" content=\"summary_large_image\" \/>\n<meta name=\"twitter:label1\" content=\"Dur\u00e9e de lecture estim\u00e9e\" \/>\n\t<meta name=\"twitter:data1\" content=\"3 minutes\" \/>\n<script type=\"application\/ld+json\" class=\"yoast-schema-graph\">{\"@context\":\"https:\\\/\\\/schema.org\",\"@graph\":[{\"@type\":\"WebPage\",\"@id\":\"https:\\\/\\\/www.bilogistik.com\\\/fr\\\/cargaisons-exceptionnelles-projet\\\/\",\"url\":\"https:\\\/\\\/www.bilogistik.com\\\/fr\\\/cargaisons-exceptionnelles-projet\\\/\",\"name\":\"Solutions pour cargaisons exceptionnelles | Bilogistik\",\"isPartOf\":{\"@id\":\"https:\\\/\\\/www.bilogistik.com\\\/fr\\\/#website\"},\"primaryImageOfPage\":{\"@id\":\"https:\\\/\\\/www.bilogistik.com\\\/fr\\\/cargaisons-exceptionnelles-projet\\\/#primaryimage\"},\"image\":{\"@id\":\"https:\\\/\\\/www.bilogistik.com\\\/fr\\\/cargaisons-exceptionnelles-projet\\\/#primaryimage\"},\"thumbnailUrl\":\"https:\\\/\\\/www.bilogistik.com\\\/wp-content\\\/uploads\\\/2021\\\/11\\\/transporte-puntual.jpg\",\"datePublished\":\"2021-08-26T09:12:36+00:00\",\"dateModified\":\"2021-12-17T10:12:17+00:00\",\"description\":\"Nous avons l\u2019exp\u00e9rience n\u00e9cessaire pour vous offrir le meilleur service de transport de cargaisons exceptionnelles et de projets industriels.\",\"inLanguage\":\"fr-FR\",\"potentialAction\":[{\"@type\":\"ReadAction\",\"target\":[\"https:\\\/\\\/www.bilogistik.com\\\/fr\\\/cargaisons-exceptionnelles-projet\\\/\"]}]},{\"@type\":\"ImageObject\",\"inLanguage\":\"fr-FR\",\"@id\":\"https:\\\/\\\/www.bilogistik.com\\\/fr\\\/cargaisons-exceptionnelles-projet\\\/#primaryimage\",\"url\":\"https:\\\/\\\/www.bilogistik.com\\\/wp-content\\\/uploads\\\/2021\\\/11\\\/transporte-puntual.jpg\",\"contentUrl\":\"https:\\\/\\\/www.bilogistik.com\\\/wp-content\\\/uploads\\\/2021\\\/11\\\/transporte-puntual.jpg\"},{\"@type\":\"WebSite\",\"@id\":\"https:\\\/\\\/www.bilogistik.com\\\/fr\\\/#website\",\"url\":\"https:\\\/\\\/www.bilogistik.com\\\/fr\\\/\",\"name\":\"Bilogistik\",\"description\":\"\",\"potentialAction\":[{\"@type\":\"SearchAction\",\"target\":{\"@type\":\"EntryPoint\",\"urlTemplate\":\"https:\\\/\\\/www.bilogistik.com\\\/fr\\\/?s={search_term_string}\"},\"query-input\":{\"@type\":\"PropertyValueSpecification\",\"valueRequired\":true,\"valueName\":\"search_term_string\"}}],\"inLanguage\":\"fr-FR\"}]}<\/script>\n<!-- \/ Yoast SEO plugin. -->","yoast_head_json":{"title":"Solutions pour cargaisons exceptionnelles | Bilogistik","description":"Nous avons l\u2019exp\u00e9rience n\u00e9cessaire pour vous offrir le meilleur service de transport de cargaisons exceptionnelles et de projets industriels.","robots":{"index":"index","follow":"follow","max-snippet":"max-snippet:-1","max-image-preview":"max-image-preview:large","max-video-preview":"max-video-preview:-1"},"canonical":"https:\/\/www.bilogistik.com\/fr\/cargaisons-exceptionnelles-projet\/","og_locale":"fr_FR","og_type":"article","og_title":"Solutions pour cargaisons exceptionnelles | Bilogistik","og_description":"Nous avons l\u2019exp\u00e9rience n\u00e9cessaire pour vous offrir le meilleur service de transport de cargaisons exceptionnelles et de projets industriels.","og_url":"https:\/\/www.bilogistik.com\/fr\/cargaisons-exceptionnelles-projet\/","og_site_name":"Bilogistik","article_modified_time":"2021-12-17T10:12:17+00:00","og_image":[{"url":"https:\/\/www.bilogistik.com\/wp-content\/uploads\/2021\/11\/transporte-puntual.jpg","type":"","width":"","height":""}],"twitter_card":"summary_large_image","twitter_misc":{"Dur\u00e9e de lecture estim\u00e9e":"3 minutes"},"schema":{"@context":"https:\/\/schema.org","@graph":[{"@type":"WebPage","@id":"https:\/\/www.bilogistik.com\/fr\/cargaisons-exceptionnelles-projet\/","url":"https:\/\/www.bilogistik.com\/fr\/cargaisons-exceptionnelles-projet\/","name":"Solutions pour cargaisons exceptionnelles | Bilogistik","isPartOf":{"@id":"https:\/\/www.bilogistik.com\/fr\/#website"},"primaryImageOfPage":{"@id":"https:\/\/www.bilogistik.com\/fr\/cargaisons-exceptionnelles-projet\/#primaryimage"},"image":{"@id":"https:\/\/www.bilogistik.com\/fr\/cargaisons-exceptionnelles-projet\/#primaryimage"},"thumbnailUrl":"https:\/\/www.bilogistik.com\/wp-content\/uploads\/2021\/11\/transporte-puntual.jpg","datePublished":"2021-08-26T09:12:36+00:00","dateModified":"2021-12-17T10:12:17+00:00","description":"Nous avons l\u2019exp\u00e9rience n\u00e9cessaire pour vous offrir le meilleur service de transport de cargaisons exceptionnelles et de projets industriels.","inLanguage":"fr-FR","potentialAction":[{"@type":"ReadAction","target":["https:\/\/www.bilogistik.com\/fr\/cargaisons-exceptionnelles-projet\/"]}]},{"@type":"ImageObject","inLanguage":"fr-FR","@id":"https:\/\/www.bilogistik.com\/fr\/cargaisons-exceptionnelles-projet\/#primaryimage","url":"https:\/\/www.bilogistik.com\/wp-content\/uploads\/2021\/11\/transporte-puntual.jpg","contentUrl":"https:\/\/www.bilogistik.com\/wp-content\/uploads\/2021\/11\/transporte-puntual.jpg"},{"@type":"WebSite","@id":"https:\/\/www.bilogistik.com\/fr\/#website","url":"https:\/\/www.bilogistik.com\/fr\/","name":"Bilogistik","description":"","potentialAction":[{"@type":"SearchAction","target":{"@type":"EntryPoint","urlTemplate":"https:\/\/www.bilogistik.com\/fr\/?s={search_term_string}"},"query-input":{"@type":"PropertyValueSpecification","valueRequired":true,"valueName":"search_term_string"}}],"inLanguage":"fr-FR"}]}},"_links":{"self":[{"href":"https:\/\/www.bilogistik.com\/fr\/wp-json\/wp\/v2\/pages\/3382","targetHints":{"allow":["GET"]}}],"collection":[{"href":"https:\/\/www.bilogistik.com\/fr\/wp-json\/wp\/v2\/pages"}],"about":[{"href":"https:\/\/www.bilogistik.com\/fr\/wp-json\/wp\/v2\/types\/page"}],"author":[{"embeddable":true,"href":"https:\/\/www.bilogistik.com\/fr\/wp-json\/wp\/v2\/users\/1"}],"replies":[{"embeddable":true,"href":"https:\/\/www.bilogistik.com\/fr\/wp-json\/wp\/v2\/comments?post=3382"}],"version-history":[{"count":0,"href":"https:\/\/www.bilogistik.com\/fr\/wp-json\/wp\/v2\/pages\/3382\/revisions"}],"wp:attachment":[{"href":"https:\/\/www.bilogistik.com\/fr\/wp-json\/wp\/v2\/media?parent=3382"}],"curies":[{"name":"wp","href":"https:\/\/api.w.org\/{rel}","templated":true}]}}