{"id":3379,"date":"2021-09-01T06:37:31","date_gmt":"2021-09-01T06:37:31","guid":{"rendered":"https:\/\/www.bilogistik.com\/servicios\/"},"modified":"2021-12-17T10:09:17","modified_gmt":"2021-12-17T10:09:17","slug":"services","status":"publish","type":"page","link":"https:\/\/www.bilogistik.com\/fr\/services\/","title":{"rendered":"Services"},"content":{"rendered":"\r\n<section style=\"margin-top: 100px;\">\r\n<h1 class=\"text-center text-secondary\">Services<\/h1>\r\n<p class=\"text-center text-secondary\">Vous pouvez filtrer les services en s\u00e9lectionnant suivant vos besoins:<\/p>\r\n<div class=\"botones\"><button id=\"js-materiales\" class=\"btn-servicios\" type=\"button\">Transport de mat\u00e9riel<\/button> <button id=\"js-cargas\" class=\"btn-servicios\" type=\"button\">Cargaisons exceptionnelles<\/button> <button id=\"js-logistica\" class=\"btn-servicios\" type=\"button\">Services logistiques<\/button> <button id=\"js-todos\" class=\"btn-servicios activado\" type=\"button\">Tous les services<\/button><\/div>\r\n<ul id=\"servicios\" class=\"servicios\">\r\n<li class=\"js-logisticos\"><img decoding=\"async\" src=\"https:\/\/www.bilogistik.com\/wp-content\/uploads\/2021\/09\/transporte-multimodal.jpg\" alt=\"Transporte multimodal\" \/>\r\n<h3>Transport multimodal<\/h3>\r\n<p>Pour faire face aux d\u00e9fis du transport sur de longues distances, nous avons d\u00e9velopp\u00e9 des solutions multimodales pour tout type de marchandises. Nous prenons le meilleur de chaque moyen de transport pour optimiser les routes et obtenir une meilleure efficacit\u00e9.<\/p>\r\n<a class=\"button simple cta-info\" href=\"https:\/\/www.bilogistik.com\/fr\/services-logistiques\/transport-multimodal\/\">En savoir plus<\/a><\/li>\r\n<li class=\"js-logisticos\"><img decoding=\"async\" src=\"https:\/\/www.bilogistik.com\/wp-content\/uploads\/2021\/09\/flete-maritimo.jpg\" alt=\"Flete mar\u00edtimo\" \/>\r\n<h3>Fret maritime<\/h3>\r\n<p>Nous nous chargeons du fret maritime pour le transport de vos marchandises par la mer. Ainsi, nous vous aidons \u00e0 choisir le contrat qui s&rsquo;adapte le mieux \u00e0 vos besoins en fonction du type de cargaison et du volume.<\/p>\r\n<a class=\"button simple cta-info\" href=\"https:\/\/www.bilogistik.com\/fr\/services-logistiques\/transport-multimodal\/\">En savoir plus<\/a><\/li>\r\n<li class=\"js-logisticos\"><img decoding=\"async\" src=\"https:\/\/www.bilogistik.com\/wp-content\/uploads\/2021\/09\/consignatario.jpg\" alt=\"Consignatario de buques\" \/>\r\n<h3>Consignataire <br \/>de navires<\/h3>\r\n<p>Pour vous offrir un service int\u00e9gral, nous assumons le r\u00f4le d\u2019interm\u00e9diaire en nous chargeant de toutes les formalit\u00e9s et d\u00e9marches n\u00e9cessaires durant tout le temps o\u00f9 le navire est \u00e0 quai, en vous assurant la meilleure efficacit\u00e9 en temps et en co\u00fbts.<\/p>\r\n<a class=\"button simple cta-info\" href=\"https:\/\/www.bilogistik.com\/fr\/services-logistiques\/consignataire-navires\/\">En savoir plus<\/a><\/li>\r\n<li class=\"js-logisticos\"><img decoding=\"async\" src=\"https:\/\/www.bilogistik.com\/wp-content\/uploads\/2021\/09\/almacenamiento.jpg\" alt=\"Almacenamiento\" \/>\r\n<h3>Entreposage<\/h3>\r\n<p>Nous disposons d\u2019espaces d\u2019entreposage et d\u2019entrep\u00f4ts douaniers (francs) pour vous offrir un service de stockage int\u00e9gral, depuis la r\u00e9ception et l\u2019exp\u00e9dition des marchandises jusqu\u2019au contr\u00f4le du produit et la gestion des formalit\u00e9s.<\/p>\r\n<a class=\"button simple cta-info\" href=\"https:\/\/www.bilogistik.com\/fr\/services-logistiques\/entreposage\/\">En savoir plus<\/a><\/li>\r\n<li class=\"js-logisticos\"><img decoding=\"async\" src=\"https:\/\/www.bilogistik.com\/wp-content\/uploads\/2021\/09\/transitario.jpg\" alt=\"Agente transitario\" \/>\r\n<h3>Transitaire<\/h3>\r\n<p>Nous organisons le transport international de vos marchandises de mani\u00e8re s\u00e9curis\u00e9e et efficace. Nous r\u00e9duisons significativement les temps de gestion et garantissons la s\u00e9curit\u00e9 et la l\u00e9galit\u00e9 de l\u2019ensemble du processus.<\/p>\r\n<a class=\"button simple cta-info\" href=\"https:\/\/www.bilogistik.com\/fr\/services-logistiques\/transitaire\/\">En savoir plus<\/a><\/li>\r\n<li class=\"js-logisticos\"><img decoding=\"async\" src=\"https:\/\/www.bilogistik.com\/wp-content\/uploads\/2021\/09\/aduanas.jpg\" alt=\"Gesti\u00f3n de aduanas\" \/>\r\n<h3>Gestion des douanes<\/h3>\r\n<p>Nous nous occupons de la gestion de toutes les formalit\u00e9s portuaires et douani\u00e8res pour faciliter l\u2019exp\u00e9dition de vos marchandises et leur entreposage, \u00e0 travers un processus commode, souple et contr\u00f4l\u00e9.<\/p>\r\n<a class=\"button simple cta-info\" href=\"https:\/\/www.bilogistik.com\/fr\/services-logistiques\/douanes\/\">En savoir plus<\/a><\/li>\r\n<li class=\"js-materias\"><img decoding=\"async\" src=\"https:\/\/www.bilogistik.com\/wp-content\/uploads\/2021\/09\/minerales.jpg\" alt=\"Minerales\" \/>\r\n<h3>Minerais<\/h3>\r\n<p>Quel que soit le terrain, nous nous adaptons \u00e0 ses difficult\u00e9s et g\u00e9rons le transport de votre cargaison de minerai du d\u00e9but jusqu\u2019\u00e0 la fin, en vous accompagnant \u00e0 chaque phase de la cha\u00eene d\u2019approvisionnement.<\/p>\r\n<a class=\"button simple cta-info\" href=\"https:\/\/www.bilogistik.com\/fr\/transport-matieres-premieres\/minerais\/\">En savoir plus<\/a><\/li>\r\n<li class=\"js-materias\"><img decoding=\"async\" src=\"https:\/\/www.bilogistik.com\/wp-content\/uploads\/2021\/09\/metales.jpg\" alt=\"Metales\" \/>\r\n<h3>M\u00e9taux<\/h3>\r\n<p>En tant qu\u2019experts en transport de tout type de m\u00e9taux, nous garantissons leur livraison dans des conditions optimales en assurant la transparence de l\u2019ensemble du processus, pour des commandes r\u00e9guli\u00e8res comme de mani\u00e8re ponctuelle.<\/p>\r\n<a class=\"button simple cta-info\" href=\"https:\/\/www.bilogistik.com\/fr\/transport-matieres-premieres\/metaux\/\">En savoir plus<\/a><\/li>\r\n<li class=\"js-materias\"><img decoding=\"async\" src=\"https:\/\/www.bilogistik.com\/wp-content\/uploads\/2021\/09\/caucho.jpg\" alt=\"Caucho\" \/>\r\n<h3>Caoutchouc<\/h3>\r\n<p>En vrac, sous forme de pneus ou de produits d\u00e9riv\u00e9s, nous avons la solution logistique appropri\u00e9e pour le transport s\u00e9curis\u00e9 et efficace de vos produits en caoutchouc.<\/p>\r\n<a class=\"button simple\" href=\"https:\/\/www.bilogistik.com\/fr\/transport-matieres-premieres\/caoutchouc\/\">En savoir plus<\/a><\/li>\r\n<li class=\"js-materias cta-info\"><img decoding=\"async\" src=\"https:\/\/www.bilogistik.com\/wp-content\/uploads\/2021\/09\/mercancia-peligrosa.jpg\" alt=\"Mercanc\u00edas peligrosas\" \/>\r\n<h3>Marchandises dangereuses<\/h3>\r\n<p>Pour les marchandises qui exigent une manipulation sp\u00e9ciale, comme les explosifs ou les mati\u00e8res corrosives. Nous garantissons une solution logistique int\u00e9grale qui respecte en tous points les r\u00e8gles de s\u00e9curit\u00e9.<\/p>\r\n<a class=\"button simple cta-info\" href=\"https:\/\/www.bilogistik.com\/fr\/transport-matieres-premieres\/marchandises-dangereuses\/\">En savoir plus<\/a><\/li>\r\n<li class=\"js-carga\"><img decoding=\"async\" src=\"https:\/\/www.bilogistik.com\/wp-content\/uploads\/2021\/10\/cargas-especiales.jpg\" alt=\"Cargas especiales\" \/>\r\n<h3 class=\"h3-xl\">Cargaisons exceptionnelles et sp\u00e9ciales<\/h3>\r\n<p>Le transport de biens d\u2019\u00e9quipement, de machines industrielles, de g\u00e9n\u00e9rateurs \u00e9lectriques et autres cargaisons sp\u00e9ciales ou int\u00e9gr\u00e9es dans un projet logistique (Project Cargo), exigent des solutions logistiques sur mesure pour garantir leur arriv\u00e9e \u00e0 destination dans de parfaites conditions.<\/p>\r\n<a class=\"button simple cta-info\" href=\"https:\/\/www.bilogistik.com\/fr\/cargaisons-exceptionnelles-projet\/\">En savoir plus<\/a><\/li>\r\n<\/ul>\r\n<\/section>\r\n\r\n\r\n\r\n<section>\r\n<div class=\"row\">\r\n<div class=\"col-6\">\r\n<img decoding=\"async\" src=\"https:\/\/www.bilogistik.com\/wp-content\/uploads\/2021\/10\/contacto.jpg\" alt=\"Contacta con Bilogistik\">\r\n<\/div>\r\n<div class=\"col-6\">\r\n<h2 class=\"oscuro lower\">Contacta con nuestros expertos<\/h2>\r\n<p>\u00bfQuieres saber m\u00e1s sobre nuestros servicios log\u00edsticos?<\/p>\r\n<p>\u00bfDeseas solicitar un presupuesto? <br>Contacta con nuestro equipo de expertos para una atenci\u00f3n personalizada.<\/p>\r\n<a class=\"button cta-primary\" href=\"https:\/\/www.bilogistik.com\/contacto\/\">Contactar<\/a>\r\n<a class=\"button cta-primary\" href=\"https:\/\/www.bilogistik.com\/contacto\/pide-presupuesto\/\">Solicita presupuesto<\/a>\r\n<\/div>\r\n<\/div><\/section>\r\n\r\n\r\n\r\n<p><\/p>\r\n","protected":false},"excerpt":{"rendered":"<p>Services Vous pouvez filtrer les services en s\u00e9lectionnant suivant vos besoins: Transport de mat\u00e9riel Cargaisons exceptionnelles Services logistiques Tous les services Transport multimodal Pour faire [&hellip;]<\/p>\n","protected":false},"author":1,"featured_media":0,"parent":0,"menu_order":0,"comment_status":"closed","ping_status":"closed","template":"","meta":{"om_disable_all_campaigns":false,"_monsterinsights_skip_tracking":false,"_monsterinsights_sitenote_active":false,"_monsterinsights_sitenote_note":"","_monsterinsights_sitenote_category":0,"footnotes":""},"class_list":["post-3379","page","type-page","status-publish","hentry"],"aioseo_notices":[],"yoast_head":"<!-- This site is optimized with the Yoast SEO plugin v27.5 - https:\/\/yoast.com\/product\/yoast-seo-wordpress\/ -->\n<title>Services | Bilogistik<\/title>\n<meta name=\"description\" content=\"Nous proposons plusieurs services pour que vous puissiez choisir celui qui s\u2019adapte le mieux \u00e0 vos besoins, y compris tout type de service logistique.\" \/>\n<meta name=\"robots\" content=\"index, follow, max-snippet:-1, max-image-preview:large, max-video-preview:-1\" \/>\n<link rel=\"canonical\" href=\"https:\/\/www.bilogistik.com\/fr\/services\/\" \/>\n<meta property=\"og:locale\" content=\"fr_FR\" \/>\n<meta property=\"og:type\" content=\"article\" \/>\n<meta property=\"og:title\" content=\"Services | Bilogistik\" \/>\n<meta property=\"og:description\" content=\"Nous proposons plusieurs services pour que vous puissiez choisir celui qui s\u2019adapte le mieux \u00e0 vos besoins, y compris tout type de service logistique.\" \/>\n<meta property=\"og:url\" content=\"https:\/\/www.bilogistik.com\/fr\/services\/\" \/>\n<meta property=\"og:site_name\" content=\"Bilogistik\" \/>\n<meta property=\"article:modified_time\" content=\"2021-12-17T10:09:17+00:00\" \/>\n<meta property=\"og:image\" content=\"https:\/\/www.bilogistik.com\/wp-content\/uploads\/2021\/09\/transporte-multimodal.jpg\" \/>\n<meta name=\"twitter:card\" content=\"summary_large_image\" \/>\n<meta name=\"twitter:label1\" content=\"Dur\u00e9e de lecture estim\u00e9e\" \/>\n\t<meta name=\"twitter:data1\" content=\"5 minutes\" \/>\n<script type=\"application\/ld+json\" class=\"yoast-schema-graph\">{\"@context\":\"https:\\\/\\\/schema.org\",\"@graph\":[{\"@type\":\"WebPage\",\"@id\":\"https:\\\/\\\/www.bilogistik.com\\\/fr\\\/services\\\/\",\"url\":\"https:\\\/\\\/www.bilogistik.com\\\/fr\\\/services\\\/\",\"name\":\"Services | Bilogistik\",\"isPartOf\":{\"@id\":\"https:\\\/\\\/www.bilogistik.com\\\/fr\\\/#website\"},\"primaryImageOfPage\":{\"@id\":\"https:\\\/\\\/www.bilogistik.com\\\/fr\\\/services\\\/#primaryimage\"},\"image\":{\"@id\":\"https:\\\/\\\/www.bilogistik.com\\\/fr\\\/services\\\/#primaryimage\"},\"thumbnailUrl\":\"https:\\\/\\\/www.bilogistik.com\\\/wp-content\\\/uploads\\\/2021\\\/09\\\/transporte-multimodal.jpg\",\"datePublished\":\"2021-09-01T06:37:31+00:00\",\"dateModified\":\"2021-12-17T10:09:17+00:00\",\"description\":\"Nous proposons plusieurs services pour que vous puissiez choisir celui qui s\u2019adapte le mieux \u00e0 vos besoins, y compris tout type de service logistique.\",\"inLanguage\":\"fr-FR\",\"potentialAction\":[{\"@type\":\"ReadAction\",\"target\":[\"https:\\\/\\\/www.bilogistik.com\\\/fr\\\/services\\\/\"]}]},{\"@type\":\"ImageObject\",\"inLanguage\":\"fr-FR\",\"@id\":\"https:\\\/\\\/www.bilogistik.com\\\/fr\\\/services\\\/#primaryimage\",\"url\":\"https:\\\/\\\/www.bilogistik.com\\\/wp-content\\\/uploads\\\/2021\\\/09\\\/transporte-multimodal.jpg\",\"contentUrl\":\"https:\\\/\\\/www.bilogistik.com\\\/wp-content\\\/uploads\\\/2021\\\/09\\\/transporte-multimodal.jpg\"},{\"@type\":\"WebSite\",\"@id\":\"https:\\\/\\\/www.bilogistik.com\\\/fr\\\/#website\",\"url\":\"https:\\\/\\\/www.bilogistik.com\\\/fr\\\/\",\"name\":\"Bilogistik\",\"description\":\"\",\"potentialAction\":[{\"@type\":\"SearchAction\",\"target\":{\"@type\":\"EntryPoint\",\"urlTemplate\":\"https:\\\/\\\/www.bilogistik.com\\\/fr\\\/?s={search_term_string}\"},\"query-input\":{\"@type\":\"PropertyValueSpecification\",\"valueRequired\":true,\"valueName\":\"search_term_string\"}}],\"inLanguage\":\"fr-FR\"}]}<\/script>\n<!-- \/ Yoast SEO plugin. -->","yoast_head_json":{"title":"Services | Bilogistik","description":"Nous proposons plusieurs services pour que vous puissiez choisir celui qui s\u2019adapte le mieux \u00e0 vos besoins, y compris tout type de service logistique.","robots":{"index":"index","follow":"follow","max-snippet":"max-snippet:-1","max-image-preview":"max-image-preview:large","max-video-preview":"max-video-preview:-1"},"canonical":"https:\/\/www.bilogistik.com\/fr\/services\/","og_locale":"fr_FR","og_type":"article","og_title":"Services | Bilogistik","og_description":"Nous proposons plusieurs services pour que vous puissiez choisir celui qui s\u2019adapte le mieux \u00e0 vos besoins, y compris tout type de service logistique.","og_url":"https:\/\/www.bilogistik.com\/fr\/services\/","og_site_name":"Bilogistik","article_modified_time":"2021-12-17T10:09:17+00:00","og_image":[{"url":"https:\/\/www.bilogistik.com\/wp-content\/uploads\/2021\/09\/transporte-multimodal.jpg","type":"","width":"","height":""}],"twitter_card":"summary_large_image","twitter_misc":{"Dur\u00e9e de lecture estim\u00e9e":"5 minutes"},"schema":{"@context":"https:\/\/schema.org","@graph":[{"@type":"WebPage","@id":"https:\/\/www.bilogistik.com\/fr\/services\/","url":"https:\/\/www.bilogistik.com\/fr\/services\/","name":"Services | Bilogistik","isPartOf":{"@id":"https:\/\/www.bilogistik.com\/fr\/#website"},"primaryImageOfPage":{"@id":"https:\/\/www.bilogistik.com\/fr\/services\/#primaryimage"},"image":{"@id":"https:\/\/www.bilogistik.com\/fr\/services\/#primaryimage"},"thumbnailUrl":"https:\/\/www.bilogistik.com\/wp-content\/uploads\/2021\/09\/transporte-multimodal.jpg","datePublished":"2021-09-01T06:37:31+00:00","dateModified":"2021-12-17T10:09:17+00:00","description":"Nous proposons plusieurs services pour que vous puissiez choisir celui qui s\u2019adapte le mieux \u00e0 vos besoins, y compris tout type de service logistique.","inLanguage":"fr-FR","potentialAction":[{"@type":"ReadAction","target":["https:\/\/www.bilogistik.com\/fr\/services\/"]}]},{"@type":"ImageObject","inLanguage":"fr-FR","@id":"https:\/\/www.bilogistik.com\/fr\/services\/#primaryimage","url":"https:\/\/www.bilogistik.com\/wp-content\/uploads\/2021\/09\/transporte-multimodal.jpg","contentUrl":"https:\/\/www.bilogistik.com\/wp-content\/uploads\/2021\/09\/transporte-multimodal.jpg"},{"@type":"WebSite","@id":"https:\/\/www.bilogistik.com\/fr\/#website","url":"https:\/\/www.bilogistik.com\/fr\/","name":"Bilogistik","description":"","potentialAction":[{"@type":"SearchAction","target":{"@type":"EntryPoint","urlTemplate":"https:\/\/www.bilogistik.com\/fr\/?s={search_term_string}"},"query-input":{"@type":"PropertyValueSpecification","valueRequired":true,"valueName":"search_term_string"}}],"inLanguage":"fr-FR"}]}},"_links":{"self":[{"href":"https:\/\/www.bilogistik.com\/fr\/wp-json\/wp\/v2\/pages\/3379","targetHints":{"allow":["GET"]}}],"collection":[{"href":"https:\/\/www.bilogistik.com\/fr\/wp-json\/wp\/v2\/pages"}],"about":[{"href":"https:\/\/www.bilogistik.com\/fr\/wp-json\/wp\/v2\/types\/page"}],"author":[{"embeddable":true,"href":"https:\/\/www.bilogistik.com\/fr\/wp-json\/wp\/v2\/users\/1"}],"replies":[{"embeddable":true,"href":"https:\/\/www.bilogistik.com\/fr\/wp-json\/wp\/v2\/comments?post=3379"}],"version-history":[{"count":0,"href":"https:\/\/www.bilogistik.com\/fr\/wp-json\/wp\/v2\/pages\/3379\/revisions"}],"wp:attachment":[{"href":"https:\/\/www.bilogistik.com\/fr\/wp-json\/wp\/v2\/media?parent=3379"}],"curies":[{"name":"wp","href":"https:\/\/api.w.org\/{rel}","templated":true}]}}