{"id":3374,"date":"2021-09-01T09:58:23","date_gmt":"2021-09-01T09:58:23","guid":{"rendered":"https:\/\/www.bilogistik.com\/certificaciones\/"},"modified":"2023-01-05T09:12:37","modified_gmt":"2023-01-05T09:12:37","slug":"certifications","status":"publish","type":"page","link":"https:\/\/www.bilogistik.com\/fr\/certifications\/","title":{"rendered":"Certifications"},"content":{"rendered":"<header class=\"entry-header bg-white\">\r\n<div class=\"container\">\r\n<h1 class=\"entry-title\">Certifications<\/h1>\r\n<p>Nous travaillons pour offrir un service logistique global et de qualit\u00e9, qui traduise notre engagement pour l\u2019environnement mais aussi pour le bien-\u00eatre de l\u2019\u00e9quipe qui compose Bilogistik. Nous poss\u00e9dons de nombreuses certifications internationales qui t\u00e9moignent de la qualit\u00e9 de nos processus et de nos op\u00e9rations.<\/p>\r\n<\/div>\r\n<\/header>\r\n\r\n\r\n<section class=\"full full-gris\" style=\"margin-top: 0;\">\r\n<div class=\"container\">\r\n<div class=\"certificaciones\">\r\n<div class=\"certificacion\">\r\n<h2>ISO 9001:2015<\/h2>\r\n<h3>Management de la qualit\u00e9<\/h3>\r\n<p>Bilogistik est une entreprise certifi\u00e9e ISO 9001:2015, qui atteste que nous avons fait le n\u00e9cessaire pour implanter un syst\u00e8me de management de la qualit\u00e9, qui garantit que nos services sont soumis \u00e0 des contr\u00f4les continus.<\/p>\r\n<a class=\"button cta-primary\" href=\"https:\/\/www.bilogistik.com\/wp-content\/uploads\/2023\/01\/ISO-9001-BILOGISTIK-1.pdf \"target=\"_blank\">T\u00e9l\u00e9charger certification<\/a><\/div>\r\n<div class=\"certificacion\">\r\n<h2>ISO 14001:2015<\/h2>\r\n<h3>Gestion de l\u2019environnement<\/h3>\r\n<p>La norme ISO 14001:2015 certifie que Bilogistik ex\u00e9cute son activit\u00e9 dans le respect des normes environnementale, en encourageant la protection de l\u2019environnement et en pr\u00e9venant la pollution.<\/p>\r\n<a class=\"button cta-primary\" href=\"https:\/\/www.bilogistik.com\/wp-content\/uploads\/2022\/04\/ISO-14001.pdf\" target=\"_blank\" rel=\"noopener\">T\u00e9l\u00e9charger certification<\/a><\/div>\r\n<div class=\"certificacion\">\r\n<h2>ISO 45001:2018<\/h2>\r\n<h3>S\u00e9curit\u00e9 et sant\u00e9 sur le lieu de travail<\/h3>\r\n<p>La certification ISO 45001:2018 ratifie l\u2019engagement de Bilogistik pour la cr\u00e9ation de meilleures conditions de travail visant \u00e0 r\u00e9duire le risque de sinistres, en identifiant les dangers, en les traitant et en encourageant de bonnes pratiques professionnelles au sein du personnel.<\/p>\r\n<a class=\"button cta-primary\" href=\"https:\/\/www.bilogistik.com\/wp-content\/uploads\/2023\/01\/ISO-45001-BILOGISTIK.pdf\" target=\"_blank\" rel=\"noopener\">T\u00e9l\u00e9charger certification<\/a><\/div>\r\n<div class=\"certificacion\">\r\n<h2>ISO 39001:2013<\/h2>\r\n<h3>Management de la s\u00e9curit\u00e9 routi\u00e8re<\/h3>\r\n<p>Avec la certification ISO 39001:2013, Bilogistik atteste sa conformit\u00e9 aux standards \u00e0 respecter pour adopter un syst\u00e8me de management de la s\u00e9curit\u00e9 routi\u00e8re, en impliquant ainsi toutes les personnes de l\u2019organisation dans l\u2019am\u00e9lioration de la mise en \u0153uvre de la s\u00e9curit\u00e9 routi\u00e8re.<\/p>\r\n<a class=\"button cta-primary\" href=\"https:\/\/www.bilogistik.com\/wp-content\/uploads\/2022\/04\/ISO-39001.pdf\" target=\"_blank\" rel=\"noopener\">T\u00e9l\u00e9charger certification<\/a><\/div>\r\n<div class=\"certificacion\">\r\n<h2>SQAS<\/h2>\r\n<h3>Transport Service Assesment<\/h3>\r\n<p>Bilogistik est une entreprise certifi\u00e9e SQAS (Safety and Quality Assesment for Sustainability) \u2013 Transport Service Assessment. Cette certification atteste le respect des exigences de qualit\u00e9, s\u00e9curit\u00e9 et protection de l\u2019environnement d\u00e9finies par l\u2019industrie chimique pour ses op\u00e9rateurs logistiques.<\/p>\r\n<a class=\"button cta-primary\" href=\"https:\/\/www.bilogistik.com\/wp-content\/uploads\/2023\/01\/SQAS-20.09.2022.pdf\" target=\"_blank\" rel=\"noopener\">T\u00e9l\u00e9charger certification<\/a><\/div>\r\n<div class=\"certificacion\">\r\n<h2>Politique de management<\/h2>\r\n<p>Vous pouvez consulter notre politique de management de la qualit\u00e9, o\u00f9 figure notre engagement pour la Qualit\u00e9, l\u2019Environnement, la S\u00e9curit\u00e9, la Sant\u00e9 et la Protection.<\/p>\r\n<a class=\"button cta-primary\" href=\"https:\/\/www.bilogistik.com\/wp-content\/uploads\/2022\/05\/Poli\u0301tica-integrada-de-gestio\u0301n-rev-8-abril-2022.pdf\" target=\"_blank\" rel=\"noopener\">T\u00e9l\u00e9charger certification<\/a><\/div>\r\n<div class=\"certificacion\">\r\n<h2>EMISSIONS DE CO2<\/h2>\r\n<p>Calcul des \u00e9missions de CO2 2021<\/p>\r\n<p><a class=\"button cta-primary\" href=\"https:\/\/www.bilogistik.com\/wp-content\/uploads\/2022\/12\/Calculo-emisiones-CO2-ANO-2021.pdf\" target=\"_blank\" rel=\"noopener\">T\u00e9l\u00e9charger certification<\/a><\/p>\r\n<\/div>\r\n<\/div>\r\n<\/div>\r\n<\/section>\r\n\r\n\r\n\r\n<section>\r\n<div class=\"row\">\r\n<div class=\"col-6\">\r\n<img decoding=\"async\" src=\"https:\/\/www.bilogistik.com\/wp-content\/uploads\/2021\/10\/contacto.jpg\" alt=\"Contacta con Bilogistik\">\r\n<\/div>\r\n<div class=\"col-6\">\r\n<h2 class=\"oscuro lower\">Contacta con nuestros expertos<\/h2>\r\n<p>\u00bfQuieres saber m\u00e1s sobre nuestros servicios log\u00edsticos?<\/p>\r\n<p>\u00bfDeseas solicitar un presupuesto? <br>Contacta con nuestro equipo de expertos para una atenci\u00f3n personalizada.<\/p>\r\n<a class=\"button cta-primary\" href=\"https:\/\/www.bilogistik.com\/contacto\/\">Contactar<\/a>\r\n<a class=\"button cta-primary\" href=\"https:\/\/www.bilogistik.com\/contacto\/pide-presupuesto\/\">Solicita presupuesto<\/a>\r\n<\/div>\r\n<\/div><\/section>\r\n\r\n\r\n\r\n<p><\/p>\r\n","protected":false},"excerpt":{"rendered":"<p>Certifications Nous travaillons pour offrir un service logistique global et de qualit\u00e9, qui traduise notre engagement pour l\u2019environnement mais aussi pour le bien-\u00eatre de l\u2019\u00e9quipe [&hellip;]<\/p>\n","protected":false},"author":1,"featured_media":0,"parent":0,"menu_order":0,"comment_status":"closed","ping_status":"closed","template":"page-bgris.php","meta":{"om_disable_all_campaigns":false,"_monsterinsights_skip_tracking":false,"_monsterinsights_sitenote_active":false,"_monsterinsights_sitenote_note":"","_monsterinsights_sitenote_category":0,"footnotes":""},"class_list":["post-3374","page","type-page","status-publish","hentry"],"aioseo_notices":[],"yoast_head":"<!-- This site is optimized with the Yoast SEO plugin v27.6 - https:\/\/yoast.com\/product\/yoast-seo-wordpress\/ -->\n<title>Certifications | Bilogistik<\/title>\n<meta name=\"description\" content=\"Nous poss\u00e9dons de nombreuses certifications internationales qui garantissent les standards de qualit\u00e9 de nos services logistiques.\" \/>\n<meta name=\"robots\" content=\"index, follow, max-snippet:-1, max-image-preview:large, max-video-preview:-1\" \/>\n<link rel=\"canonical\" href=\"https:\/\/www.bilogistik.com\/fr\/certifications\/\" \/>\n<meta property=\"og:locale\" content=\"fr_FR\" \/>\n<meta property=\"og:type\" content=\"article\" \/>\n<meta property=\"og:title\" content=\"Certifications | Bilogistik\" \/>\n<meta property=\"og:description\" content=\"Nous poss\u00e9dons de nombreuses certifications internationales qui garantissent les standards de qualit\u00e9 de nos services logistiques.\" \/>\n<meta property=\"og:url\" content=\"https:\/\/www.bilogistik.com\/fr\/certifications\/\" \/>\n<meta property=\"og:site_name\" content=\"Bilogistik\" \/>\n<meta property=\"article:modified_time\" content=\"2023-01-05T09:12:37+00:00\" \/>\n<meta name=\"twitter:card\" content=\"summary_large_image\" \/>\n<meta name=\"twitter:label1\" content=\"Dur\u00e9e de lecture estim\u00e9e\" \/>\n\t<meta name=\"twitter:data1\" content=\"2 minutes\" \/>\n<script type=\"application\/ld+json\" class=\"yoast-schema-graph\">{\"@context\":\"https:\\\/\\\/schema.org\",\"@graph\":[{\"@type\":\"WebPage\",\"@id\":\"https:\\\/\\\/www.bilogistik.com\\\/fr\\\/certifications\\\/\",\"url\":\"https:\\\/\\\/www.bilogistik.com\\\/fr\\\/certifications\\\/\",\"name\":\"Certifications | Bilogistik\",\"isPartOf\":{\"@id\":\"https:\\\/\\\/www.bilogistik.com\\\/fr\\\/#website\"},\"datePublished\":\"2021-09-01T09:58:23+00:00\",\"dateModified\":\"2023-01-05T09:12:37+00:00\",\"description\":\"Nous poss\u00e9dons de nombreuses certifications internationales qui garantissent les standards de qualit\u00e9 de nos services logistiques.\",\"inLanguage\":\"fr-FR\",\"potentialAction\":[{\"@type\":\"ReadAction\",\"target\":[\"https:\\\/\\\/www.bilogistik.com\\\/fr\\\/certifications\\\/\"]}]},{\"@type\":\"WebSite\",\"@id\":\"https:\\\/\\\/www.bilogistik.com\\\/fr\\\/#website\",\"url\":\"https:\\\/\\\/www.bilogistik.com\\\/fr\\\/\",\"name\":\"Bilogistik\",\"description\":\"\",\"potentialAction\":[{\"@type\":\"SearchAction\",\"target\":{\"@type\":\"EntryPoint\",\"urlTemplate\":\"https:\\\/\\\/www.bilogistik.com\\\/fr\\\/?s={search_term_string}\"},\"query-input\":{\"@type\":\"PropertyValueSpecification\",\"valueRequired\":true,\"valueName\":\"search_term_string\"}}],\"inLanguage\":\"fr-FR\"}]}<\/script>\n<!-- \/ Yoast SEO plugin. -->","yoast_head_json":{"title":"Certifications | Bilogistik","description":"Nous poss\u00e9dons de nombreuses certifications internationales qui garantissent les standards de qualit\u00e9 de nos services logistiques.","robots":{"index":"index","follow":"follow","max-snippet":"max-snippet:-1","max-image-preview":"max-image-preview:large","max-video-preview":"max-video-preview:-1"},"canonical":"https:\/\/www.bilogistik.com\/fr\/certifications\/","og_locale":"fr_FR","og_type":"article","og_title":"Certifications | Bilogistik","og_description":"Nous poss\u00e9dons de nombreuses certifications internationales qui garantissent les standards de qualit\u00e9 de nos services logistiques.","og_url":"https:\/\/www.bilogistik.com\/fr\/certifications\/","og_site_name":"Bilogistik","article_modified_time":"2023-01-05T09:12:37+00:00","twitter_card":"summary_large_image","twitter_misc":{"Dur\u00e9e de lecture estim\u00e9e":"2 minutes"},"schema":{"@context":"https:\/\/schema.org","@graph":[{"@type":"WebPage","@id":"https:\/\/www.bilogistik.com\/fr\/certifications\/","url":"https:\/\/www.bilogistik.com\/fr\/certifications\/","name":"Certifications | Bilogistik","isPartOf":{"@id":"https:\/\/www.bilogistik.com\/fr\/#website"},"datePublished":"2021-09-01T09:58:23+00:00","dateModified":"2023-01-05T09:12:37+00:00","description":"Nous poss\u00e9dons de nombreuses certifications internationales qui garantissent les standards de qualit\u00e9 de nos services logistiques.","inLanguage":"fr-FR","potentialAction":[{"@type":"ReadAction","target":["https:\/\/www.bilogistik.com\/fr\/certifications\/"]}]},{"@type":"WebSite","@id":"https:\/\/www.bilogistik.com\/fr\/#website","url":"https:\/\/www.bilogistik.com\/fr\/","name":"Bilogistik","description":"","potentialAction":[{"@type":"SearchAction","target":{"@type":"EntryPoint","urlTemplate":"https:\/\/www.bilogistik.com\/fr\/?s={search_term_string}"},"query-input":{"@type":"PropertyValueSpecification","valueRequired":true,"valueName":"search_term_string"}}],"inLanguage":"fr-FR"}]}},"_links":{"self":[{"href":"https:\/\/www.bilogistik.com\/fr\/wp-json\/wp\/v2\/pages\/3374","targetHints":{"allow":["GET"]}}],"collection":[{"href":"https:\/\/www.bilogistik.com\/fr\/wp-json\/wp\/v2\/pages"}],"about":[{"href":"https:\/\/www.bilogistik.com\/fr\/wp-json\/wp\/v2\/types\/page"}],"author":[{"embeddable":true,"href":"https:\/\/www.bilogistik.com\/fr\/wp-json\/wp\/v2\/users\/1"}],"replies":[{"embeddable":true,"href":"https:\/\/www.bilogistik.com\/fr\/wp-json\/wp\/v2\/comments?post=3374"}],"version-history":[{"count":14,"href":"https:\/\/www.bilogistik.com\/fr\/wp-json\/wp\/v2\/pages\/3374\/revisions"}],"predecessor-version":[{"id":5262,"href":"https:\/\/www.bilogistik.com\/fr\/wp-json\/wp\/v2\/pages\/3374\/revisions\/5262"}],"wp:attachment":[{"href":"https:\/\/www.bilogistik.com\/fr\/wp-json\/wp\/v2\/media?parent=3374"}],"curies":[{"name":"wp","href":"https:\/\/api.w.org\/{rel}","templated":true}]}}