{"id":3353,"date":"2021-08-26T10:38:50","date_gmt":"2021-08-26T10:38:50","guid":{"rendered":"https:\/\/www.bilogistik.com\/contacto\/pide-presupuesto\/"},"modified":"2024-01-25T15:23:41","modified_gmt":"2024-01-25T15:23:41","slug":"devis","status":"publish","type":"page","link":"https:\/\/www.bilogistik.com\/fr\/contact\/devis\/","title":{"rendered":"Demandez un devis"},"content":{"rendered":"<header class=\"entry-header largo-gris\">\r\n<div class=\"container\">\r\n<h1 class=\"entry-title\">Demandez un devis<\/h1>\r\n<p>Que vous ayez besoin d\u2019une exp\u00e9dition ponctuelle ou d\u2019une solution sur mesure pour le transport r\u00e9gulier de vos marchandises, Bilogistik peut vous aider. Nous travaillons au coude-\u00e0-coude avec vous pour trouver le moyen qui s\u2019adapte le mieux \u00e0 vos besoins.<\/p>\r\n<p>Vous \u00eates int\u00e9ress\u00e9 par nos services logistiques ? Vous aimeriez conna\u00eetre nos tarifs ? Expliquez-nous vos besoins et demandez un devis. Un de nos experts vous contactera dans les plus brefs d\u00e9lais.<\/p>\r\n<\/div>\r\n<\/header>\r\n\r\n\r\n<section class=\"doble-margin\">\n<div class=\"wpcf7 no-js\" id=\"wpcf7-f4316-o1\" lang=\"fr-FR\" dir=\"ltr\" data-wpcf7-id=\"4316\">\n<div class=\"screen-reader-response\"><p role=\"status\" aria-live=\"polite\" aria-atomic=\"true\"><\/p> <ul><\/ul><\/div>\n<form action=\"\/fr\/wp-json\/wp\/v2\/pages\/3353#wpcf7-f4316-o1\" method=\"post\" class=\"wpcf7-form init wpcf7-acceptance-as-validation\" id=\"solicitudes-presupuesto\" aria-label=\"Formulaire de contact\" novalidate=\"novalidate\" data-status=\"init\">\n<fieldset class=\"hidden-fields-container\"><input type=\"hidden\" name=\"_wpcf7\" value=\"4316\" \/><input type=\"hidden\" name=\"_wpcf7_version\" value=\"6.1.5\" \/><input type=\"hidden\" name=\"_wpcf7_locale\" value=\"fr_FR\" \/><input type=\"hidden\" name=\"_wpcf7_unit_tag\" value=\"wpcf7-f4316-o1\" \/><input type=\"hidden\" name=\"_wpcf7_container_post\" value=\"0\" \/><input type=\"hidden\" name=\"_wpcf7_posted_data_hash\" value=\"\" \/><input type=\"hidden\" name=\"_wpcf7_recaptcha_response\" value=\"\" \/>\n<\/fieldset>\n<div class=\"row\">\n\t<div class=\"col-6\">\n\t\t<p><label>Pr\u00e9nom et nom*<br \/>\n<span class=\"wpcf7-form-control-wrap\" data-name=\"firstname\"><input size=\"40\" maxlength=\"400\" class=\"wpcf7-form-control wpcf7-text wpcf7-validates-as-required\" aria-required=\"true\" aria-invalid=\"false\" placeholder=\"Pr\u00e9nom et nom\" value=\"\" type=\"text\" name=\"firstname\" \/><\/span> <\/label>\n\t\t<\/p>\n\t<\/div>\n\t<div class=\"col-6\">\n\t\t<p><label>Entreprise*<br \/>\n<span class=\"wpcf7-form-control-wrap\" data-name=\"company\"><input size=\"40\" maxlength=\"400\" class=\"wpcf7-form-control wpcf7-text wpcf7-validates-as-required\" aria-required=\"true\" aria-invalid=\"false\" placeholder=\"Entreprise\" value=\"\" type=\"text\" name=\"company\" \/><\/span> <\/label>\n\t\t<\/p>\n\t<\/div>\n\t<div class=\"col-6\">\n\t\t<p><label>Courrier \u00e9lectronique*<br \/>\n<span class=\"wpcf7-form-control-wrap\" data-name=\"email\"><input size=\"40\" maxlength=\"400\" class=\"wpcf7-form-control wpcf7-email wpcf7-validates-as-required wpcf7-text wpcf7-validates-as-email\" aria-required=\"true\" aria-invalid=\"false\" placeholder=\"Courrier \u00e9lectronique\" value=\"\" type=\"email\" name=\"email\" \/><\/span> <\/label>\n\t\t<\/p>\n\t<\/div>\n\t<div class=\"col-6\">\n\t\t<p><label>T\u00e9l\u00e9phone*<br \/>\n<span class=\"wpcf7-form-control-wrap\" data-name=\"phone\"><input size=\"40\" maxlength=\"400\" class=\"wpcf7-form-control wpcf7-tel wpcf7-validates-as-required wpcf7-text wpcf7-validates-as-tel\" aria-required=\"true\" aria-invalid=\"false\" placeholder=\"T\u00e9l\u00e9phone\" value=\"\" type=\"tel\" name=\"phone\" \/><\/span> <\/label>\n\t\t<\/p>\n\t<\/div>\n\t<div class=\"col-12\">\n\t\t<p><label>De quel type de service avez-vous besoin ?*<br \/>\n<span class=\"wpcf7-form-control-wrap\" data-name=\"interestservice\"><select class=\"wpcf7-form-control wpcf7-select wpcf7-validates-as-required\" aria-required=\"true\" aria-invalid=\"false\" name=\"interestservice\"><option value=\"\">S\u00e9lectionnez une option, s&#039;il vous pla\u00eet<\/option><option value=\"Conseils\">Conseils<\/option><option value=\"Transport de mati\u00e8res premi\u00e8res\">Transport de mati\u00e8res premi\u00e8res<\/option><option value=\"Cargaisons exceptionnelles\">Cargaisons exceptionnelles<\/option><option value=\"Transport multimodal\">Transport multimodal<\/option><option value=\"Fret maritime\">Fret maritime<\/option><option value=\"Consignataire de navires\">Consignataire de navires<\/option><option value=\"Entreposage\">Entreposage<\/option><option value=\"Transitaire de transport\">Transitaire de transport<\/option><option value=\"Gestion des douanes\">Gestion des douanes<\/option><option value=\"Autre\">Autre<\/option><\/select><\/span><\/label>\n\t\t<\/p>\n\t<\/div>\n\t<div class=\"col-12\">\n\t\t<p><label>Expliquez-nous votre cas*<br \/>\n<span class=\"wpcf7-form-control-wrap\" data-name=\"originalquery\"><textarea cols=\"40\" rows=\"10\" maxlength=\"2000\" class=\"wpcf7-form-control wpcf7-textarea\" aria-invalid=\"false\" placeholder=\"Expliquez-nous votre cas\" name=\"originalquery\"><\/textarea><\/span> <\/label>\n\t\t<\/p>\n\t\t<p><span class=\"wpcf7-form-control-wrap\" data-name=\"privacidad\"><span class=\"wpcf7-form-control wpcf7-acceptance\"><span class=\"wpcf7-list-item\"><label><input type=\"checkbox\" name=\"privacidad\" value=\"1\" aria-invalid=\"false\" \/><span class=\"wpcf7-list-item-label\">J\u2019ai lu et j\u2019accepte la <a href=\"https:\/\/www.bilogistik.com\/fr\/politique-confidentialite\/\" target=\"_blank\" rel=\"nofollow\">Politique de confidentialit\u00e9<\/a>.<\/span><\/label><\/span><\/span><\/span>\n\t\t<\/p>\n\t\t<p class=\"form-submit\"><input class=\"wpcf7-form-control wpcf7-submit has-spinner\" type=\"submit\" value=\"Demandez un devis\" \/>\n\t\t<\/p>\n\t<\/div>\n<\/div>\n<p class='rulolu'><span class=\"wpcf7-form-control-wrap\" data-name=\"rulolu\"><input size=\"40\" maxlength=\"400\" class=\"wpcf7-form-control wpcf7-text\" aria-invalid=\"false\" value=\"\" type=\"text\" name=\"rulolu\" \/><\/span>\n<\/p><p style=\"display: none !important;\" class=\"akismet-fields-container\" data-prefix=\"_wpcf7_ak_\"><label>&#916;<textarea name=\"_wpcf7_ak_hp_textarea\" cols=\"45\" rows=\"8\" maxlength=\"100\"><\/textarea><\/label><input type=\"hidden\" id=\"ak_js_1\" name=\"_wpcf7_ak_js\" value=\"185\"\/><script>document.getElementById( \"ak_js_1\" ).setAttribute( \"value\", ( new Date() ).getTime() );<\/script><\/p><div class=\"wpcf7-response-output\" aria-hidden=\"true\"><\/div>\n<\/form>\n<\/div>\n<\/section>\r\n\r\n\r\n\r\n<section>\r\n<h2 class=\"text-center\">Pourquoi Bilogistik<\/h2>\r\n<div id=\"socios\" class=\"full bg-dark razones\">\r\n<div class=\"container\">\r\n<ul class=\"socios-list\">\r\n<li>\r\n<p>Nous sommes experts dans le d\u00e9veloppement de services de transport sp\u00e9cialis\u00e9s et dans la manutention de tout type de marchandises.<\/p>\r\n<\/li>\r\n<li>\r\n<p>Nos processus, \u00e0 haute valeur ajout\u00e9e et d\u2019une grande efficacit\u00e9, satisfont aux plus hauts standards de qualit\u00e9 certifi\u00e9s, aussi bien du point de vue op\u00e9rationnel que financier.<\/p>\r\n<\/li>\r\n<li>\r\n<p>Nous offrons des solutions logistiques int\u00e9gr\u00e9es. R\u00e9alisez l\u2019int\u00e9gralit\u00e9 des op\u00e9rations de la cha\u00eene logistique avec un seul op\u00e9rateur.<\/p>\r\n<\/li>\r\n<\/ul>\r\n<\/div>\r\n<!-- container --><\/div>\r\n<!-- bg-dark --><\/section>\r\n","protected":false},"excerpt":{"rendered":"<p>Demandez un devis Que vous ayez besoin d\u2019une exp\u00e9dition ponctuelle ou d\u2019une solution sur mesure pour le transport r\u00e9gulier de vos marchandises, Bilogistik peut vous [&hellip;]<\/p>\n","protected":false},"author":1,"featured_media":0,"parent":3350,"menu_order":1,"comment_status":"closed","ping_status":"closed","template":"page-bgris.php","meta":{"om_disable_all_campaigns":false,"_monsterinsights_skip_tracking":false,"_monsterinsights_sitenote_active":false,"_monsterinsights_sitenote_note":"","_monsterinsights_sitenote_category":0,"footnotes":""},"class_list":["post-3353","page","type-page","status-publish","hentry"],"aioseo_notices":[],"yoast_head":"<!-- This site is optimized with the Yoast SEO plugin v27.4 - https:\/\/yoast.com\/product\/yoast-seo-wordpress\/ -->\n<title>Demandez un devis | Bilogistik<\/title>\n<meta name=\"description\" content=\"Vous \u00eates int\u00e9ress\u00e9 par l\u2019un de nos services logistiques? Vous souhaitez conna\u00eetre nos tarifs? Expliquez-nous vos besoins et demandez un devis.\" \/>\n<meta name=\"robots\" content=\"index, follow, max-snippet:-1, max-image-preview:large, max-video-preview:-1\" \/>\n<link rel=\"canonical\" href=\"https:\/\/www.bilogistik.com\/fr\/contact\/devis\/\" \/>\n<meta property=\"og:locale\" content=\"fr_FR\" \/>\n<meta property=\"og:type\" content=\"article\" \/>\n<meta property=\"og:title\" content=\"Demandez un devis | Bilogistik\" \/>\n<meta property=\"og:description\" content=\"Vous \u00eates int\u00e9ress\u00e9 par l\u2019un de nos services logistiques? Vous souhaitez conna\u00eetre nos tarifs? Expliquez-nous vos besoins et demandez un devis.\" \/>\n<meta property=\"og:url\" content=\"https:\/\/www.bilogistik.com\/fr\/contact\/devis\/\" \/>\n<meta property=\"og:site_name\" content=\"Bilogistik\" \/>\n<meta property=\"article:modified_time\" content=\"2024-01-25T15:23:41+00:00\" \/>\n<meta name=\"twitter:card\" content=\"summary_large_image\" \/>\n<meta name=\"twitter:label1\" content=\"Dur\u00e9e de lecture estim\u00e9e\" \/>\n\t<meta name=\"twitter:data1\" content=\"1 minute\" \/>\n<script type=\"application\/ld+json\" class=\"yoast-schema-graph\">{\"@context\":\"https:\\\/\\\/schema.org\",\"@graph\":[{\"@type\":\"WebPage\",\"@id\":\"https:\\\/\\\/www.bilogistik.com\\\/fr\\\/contact\\\/devis\\\/\",\"url\":\"https:\\\/\\\/www.bilogistik.com\\\/fr\\\/contact\\\/devis\\\/\",\"name\":\"Demandez un devis | Bilogistik\",\"isPartOf\":{\"@id\":\"https:\\\/\\\/www.bilogistik.com\\\/fr\\\/#website\"},\"datePublished\":\"2021-08-26T10:38:50+00:00\",\"dateModified\":\"2024-01-25T15:23:41+00:00\",\"description\":\"Vous \u00eates int\u00e9ress\u00e9 par l\u2019un de nos services logistiques? Vous souhaitez conna\u00eetre nos tarifs? Expliquez-nous vos besoins et demandez un devis.\",\"breadcrumb\":{\"@id\":\"https:\\\/\\\/www.bilogistik.com\\\/fr\\\/contact\\\/devis\\\/#breadcrumb\"},\"inLanguage\":\"fr-FR\",\"potentialAction\":[{\"@type\":\"ReadAction\",\"target\":[\"https:\\\/\\\/www.bilogistik.com\\\/fr\\\/contact\\\/devis\\\/\"]}]},{\"@type\":\"BreadcrumbList\",\"@id\":\"https:\\\/\\\/www.bilogistik.com\\\/fr\\\/contact\\\/devis\\\/#breadcrumb\",\"itemListElement\":[{\"@type\":\"ListItem\",\"position\":1,\"name\":\"Contact\",\"item\":\"https:\\\/\\\/www.bilogistik.com\\\/fr\\\/contact\\\/\"},{\"@type\":\"ListItem\",\"position\":2,\"name\":\"Demandez un devis\"}]},{\"@type\":\"WebSite\",\"@id\":\"https:\\\/\\\/www.bilogistik.com\\\/fr\\\/#website\",\"url\":\"https:\\\/\\\/www.bilogistik.com\\\/fr\\\/\",\"name\":\"Bilogistik\",\"description\":\"\",\"potentialAction\":[{\"@type\":\"SearchAction\",\"target\":{\"@type\":\"EntryPoint\",\"urlTemplate\":\"https:\\\/\\\/www.bilogistik.com\\\/fr\\\/?s={search_term_string}\"},\"query-input\":{\"@type\":\"PropertyValueSpecification\",\"valueRequired\":true,\"valueName\":\"search_term_string\"}}],\"inLanguage\":\"fr-FR\"}]}<\/script>\n<!-- \/ Yoast SEO plugin. -->","yoast_head_json":{"title":"Demandez un devis | Bilogistik","description":"Vous \u00eates int\u00e9ress\u00e9 par l\u2019un de nos services logistiques? Vous souhaitez conna\u00eetre nos tarifs? Expliquez-nous vos besoins et demandez un devis.","robots":{"index":"index","follow":"follow","max-snippet":"max-snippet:-1","max-image-preview":"max-image-preview:large","max-video-preview":"max-video-preview:-1"},"canonical":"https:\/\/www.bilogistik.com\/fr\/contact\/devis\/","og_locale":"fr_FR","og_type":"article","og_title":"Demandez un devis | Bilogistik","og_description":"Vous \u00eates int\u00e9ress\u00e9 par l\u2019un de nos services logistiques? Vous souhaitez conna\u00eetre nos tarifs? Expliquez-nous vos besoins et demandez un devis.","og_url":"https:\/\/www.bilogistik.com\/fr\/contact\/devis\/","og_site_name":"Bilogistik","article_modified_time":"2024-01-25T15:23:41+00:00","twitter_card":"summary_large_image","twitter_misc":{"Dur\u00e9e de lecture estim\u00e9e":"1 minute"},"schema":{"@context":"https:\/\/schema.org","@graph":[{"@type":"WebPage","@id":"https:\/\/www.bilogistik.com\/fr\/contact\/devis\/","url":"https:\/\/www.bilogistik.com\/fr\/contact\/devis\/","name":"Demandez un devis | Bilogistik","isPartOf":{"@id":"https:\/\/www.bilogistik.com\/fr\/#website"},"datePublished":"2021-08-26T10:38:50+00:00","dateModified":"2024-01-25T15:23:41+00:00","description":"Vous \u00eates int\u00e9ress\u00e9 par l\u2019un de nos services logistiques? Vous souhaitez conna\u00eetre nos tarifs? Expliquez-nous vos besoins et demandez un devis.","breadcrumb":{"@id":"https:\/\/www.bilogistik.com\/fr\/contact\/devis\/#breadcrumb"},"inLanguage":"fr-FR","potentialAction":[{"@type":"ReadAction","target":["https:\/\/www.bilogistik.com\/fr\/contact\/devis\/"]}]},{"@type":"BreadcrumbList","@id":"https:\/\/www.bilogistik.com\/fr\/contact\/devis\/#breadcrumb","itemListElement":[{"@type":"ListItem","position":1,"name":"Contact","item":"https:\/\/www.bilogistik.com\/fr\/contact\/"},{"@type":"ListItem","position":2,"name":"Demandez un devis"}]},{"@type":"WebSite","@id":"https:\/\/www.bilogistik.com\/fr\/#website","url":"https:\/\/www.bilogistik.com\/fr\/","name":"Bilogistik","description":"","potentialAction":[{"@type":"SearchAction","target":{"@type":"EntryPoint","urlTemplate":"https:\/\/www.bilogistik.com\/fr\/?s={search_term_string}"},"query-input":{"@type":"PropertyValueSpecification","valueRequired":true,"valueName":"search_term_string"}}],"inLanguage":"fr-FR"}]}},"_links":{"self":[{"href":"https:\/\/www.bilogistik.com\/fr\/wp-json\/wp\/v2\/pages\/3353","targetHints":{"allow":["GET"]}}],"collection":[{"href":"https:\/\/www.bilogistik.com\/fr\/wp-json\/wp\/v2\/pages"}],"about":[{"href":"https:\/\/www.bilogistik.com\/fr\/wp-json\/wp\/v2\/types\/page"}],"author":[{"embeddable":true,"href":"https:\/\/www.bilogistik.com\/fr\/wp-json\/wp\/v2\/users\/1"}],"replies":[{"embeddable":true,"href":"https:\/\/www.bilogistik.com\/fr\/wp-json\/wp\/v2\/comments?post=3353"}],"version-history":[{"count":1,"href":"https:\/\/www.bilogistik.com\/fr\/wp-json\/wp\/v2\/pages\/3353\/revisions"}],"predecessor-version":[{"id":5635,"href":"https:\/\/www.bilogistik.com\/fr\/wp-json\/wp\/v2\/pages\/3353\/revisions\/5635"}],"up":[{"embeddable":true,"href":"https:\/\/www.bilogistik.com\/fr\/wp-json\/wp\/v2\/pages\/3350"}],"wp:attachment":[{"href":"https:\/\/www.bilogistik.com\/fr\/wp-json\/wp\/v2\/media?parent=3353"}],"curies":[{"name":"wp","href":"https:\/\/api.w.org\/{rel}","templated":true}]}}