{"id":3350,"date":"2021-08-26T10:35:25","date_gmt":"2021-08-26T10:35:25","guid":{"rendered":"https:\/\/www.bilogistik.com\/contacto\/"},"modified":"2024-01-25T13:27:17","modified_gmt":"2024-01-25T13:27:17","slug":"contact","status":"publish","type":"page","link":"https:\/\/www.bilogistik.com\/fr\/contact\/","title":{"rendered":"Contact"},"content":{"rendered":"<header class=\"entry-header largo-gris\">\r\n<div class=\"container\">\r\n<h1 class=\"entry-title\">Contact<\/h1>\r\n<p>Contactez-nous, nous vous aiderons \u00e0 \u00e9claircir tous vos doutes et \u00e0 trouver la solution logistique qui s\u2019adapte le mieux \u00e0 vos besoins.<\/p>\r\n<\/div>\r\n<\/header>\r\n\r\n\r\n<section>\n<div class=\"wpcf7 no-js\" id=\"wpcf7-f4315-o1\" lang=\"fr-FR\" dir=\"ltr\" data-wpcf7-id=\"4315\">\n<div class=\"screen-reader-response\"><p role=\"status\" aria-live=\"polite\" aria-atomic=\"true\"><\/p> <ul><\/ul><\/div>\n<form action=\"\/fr\/wp-json\/wp\/v2\/pages\/3350#wpcf7-f4315-o1\" method=\"post\" class=\"wpcf7-form init wpcf7-acceptance-as-validation\" id=\"formularios-contacto\" aria-label=\"Formulaire de contact\" novalidate=\"novalidate\" data-status=\"init\">\n<fieldset class=\"hidden-fields-container\"><input type=\"hidden\" name=\"_wpcf7\" value=\"4315\" \/><input type=\"hidden\" name=\"_wpcf7_version\" value=\"6.1.5\" \/><input type=\"hidden\" name=\"_wpcf7_locale\" value=\"fr_FR\" \/><input type=\"hidden\" name=\"_wpcf7_unit_tag\" value=\"wpcf7-f4315-o1\" \/><input type=\"hidden\" name=\"_wpcf7_container_post\" value=\"0\" \/><input type=\"hidden\" name=\"_wpcf7_posted_data_hash\" value=\"\" \/><input type=\"hidden\" name=\"_wpcf7_recaptcha_response\" value=\"\" \/>\n<\/fieldset>\n<div class=\"row\">\n\t<div class=\"col-6\">\n\t\t<p><label>Pr\u00e9nom et nom*<br \/>\n<span class=\"wpcf7-form-control-wrap\" data-name=\"firstname\"><input size=\"40\" maxlength=\"400\" class=\"wpcf7-form-control wpcf7-text wpcf7-validates-as-required\" aria-required=\"true\" aria-invalid=\"false\" placeholder=\"Pr\u00e9nom et nom\" value=\"\" type=\"text\" name=\"firstname\" \/><\/span> <\/label>\n\t\t<\/p>\n\t<\/div>\n\t<div class=\"col-6\">\n\t\t<p><label>Entreprise*<br \/>\n<span class=\"wpcf7-form-control-wrap\" data-name=\"company\"><input size=\"40\" maxlength=\"400\" class=\"wpcf7-form-control wpcf7-text wpcf7-validates-as-required\" aria-required=\"true\" aria-invalid=\"false\" placeholder=\"Entreprise\" value=\"\" type=\"text\" name=\"company\" \/><\/span> <\/label>\n\t\t<\/p>\n\t<\/div>\n\t<div class=\"col-6\">\n\t\t<p><label>Courrier \u00e9lectronique*<br \/>\n<span class=\"wpcf7-form-control-wrap\" data-name=\"email\"><input size=\"40\" maxlength=\"400\" class=\"wpcf7-form-control wpcf7-email wpcf7-validates-as-required wpcf7-text wpcf7-validates-as-email\" aria-required=\"true\" aria-invalid=\"false\" placeholder=\"Courrier \u00e9lectronique\" value=\"\" type=\"email\" name=\"email\" \/><\/span> <\/label>\n\t\t<\/p>\n\t<\/div>\n\t<div class=\"col-6\">\n\t\t<p><label>T\u00e9l\u00e9phone*<br \/>\n<span class=\"wpcf7-form-control-wrap\" data-name=\"phone\"><input size=\"40\" maxlength=\"400\" class=\"wpcf7-form-control wpcf7-tel wpcf7-validates-as-required wpcf7-text wpcf7-validates-as-tel\" aria-required=\"true\" aria-invalid=\"false\" placeholder=\"T\u00e9l\u00e9phone\" value=\"\" type=\"tel\" name=\"phone\" \/><\/span> <\/label>\n\t\t<\/p>\n\t<\/div>\n\t<div class=\"col-12\">\n\t\t<p><label>Message*<br \/>\n<span class=\"wpcf7-form-control-wrap\" data-name=\"originalquery\"><textarea cols=\"40\" rows=\"10\" maxlength=\"2000\" class=\"wpcf7-form-control wpcf7-textarea\" aria-invalid=\"false\" placeholder=\"Message\" name=\"originalquery\"><\/textarea><\/span> <\/label>\n\t\t<\/p>\n\t\t<p><span class=\"wpcf7-form-control-wrap\" data-name=\"privacidad\"><span class=\"wpcf7-form-control wpcf7-acceptance\"><span class=\"wpcf7-list-item\"><label><input type=\"checkbox\" name=\"privacidad\" value=\"1\" aria-invalid=\"false\" \/><span class=\"wpcf7-list-item-label\">J\u2019ai lu et j\u2019accepte la <a href=\"https:\/\/www.bilogistik.com\/fr\/politique-confidentialite\/\" target=\"_blank\" rel=\"nofollow\">Politique de confidentialit\u00e9<\/a>.<\/span><\/label><\/span><\/span><\/span>\n\t\t<\/p>\n\t\t<p class=\"form-submit\"><input class=\"wpcf7-form-control wpcf7-submit has-spinner\" type=\"submit\" value=\"Envoyer formulaire\" \/>\n\t\t<\/p>\n\t<\/div>\n<\/div>\n<p class='midisa'><span class=\"wpcf7-form-control-wrap\" data-name=\"midisa\"><input size=\"40\" maxlength=\"400\" class=\"wpcf7-form-control wpcf7-text\" aria-invalid=\"false\" value=\"\" type=\"text\" name=\"midisa\" \/><\/span>\n<\/p>\n<p class='pedivo'><span class=\"wpcf7-form-control-wrap\" data-name=\"pedivo\"><input size=\"40\" maxlength=\"400\" class=\"wpcf7-form-control wpcf7-text\" aria-invalid=\"false\" value=\"\" type=\"text\" name=\"pedivo\" \/><\/span>\n<\/p>\n<p class='yipiko'><span class=\"wpcf7-form-control-wrap\" data-name=\"yipiko\"><input size=\"40\" maxlength=\"400\" class=\"wpcf7-form-control wpcf7-text\" aria-invalid=\"false\" value=\"\" type=\"text\" name=\"yipiko\" \/><\/span>\n<\/p>\n<p class='macuxa'><span class=\"wpcf7-form-control-wrap\" data-name=\"macuxa\"><input size=\"40\" maxlength=\"400\" class=\"wpcf7-form-control wpcf7-text\" aria-invalid=\"false\" value=\"\" type=\"text\" name=\"macuxa\" \/><\/span>\n<\/p><p style=\"display: none !important;\" class=\"akismet-fields-container\" data-prefix=\"_wpcf7_ak_\"><label>&#916;<textarea name=\"_wpcf7_ak_hp_textarea\" cols=\"45\" rows=\"8\" maxlength=\"100\"><\/textarea><\/label><input type=\"hidden\" id=\"ak_js_1\" name=\"_wpcf7_ak_js\" value=\"241\"\/><script>document.getElementById( \"ak_js_1\" ).setAttribute( \"value\", ( new Date() ).getTime() );<\/script><\/p><div class=\"wpcf7-response-output\" aria-hidden=\"true\"><\/div>\n<\/form>\n<\/div>\n<\/section>\r\n\r\n\r\n\r\n<section id=\"info\" class=\"full bg-dark\">\r\n<div class=\"container\">\r\n<h2>Informations de contact<\/h2>\r\n<h3>Espagne<\/h3>\r\n<h4>BILOGISTIK<\/h4>\r\n<div class=\"row\">\r\n<div class=\"col-4\">\r\n<h5>Adress<\/h5>\r\n<p>Terminal Ferroviaria ADIF.<\/p>\r\n<p>Avenida Iparraguirre, 58 <br \/>48980 Santurtzi, Bizkaia <br \/>Espagne<\/p>\r\n<\/div>\r\n<div class=\"col-4\">\r\n<h5>T\u00e9l\u00e9phone<\/h5>\r\n<a href=\"tel:+34944189069\">+34 944 18 90 69<\/a><\/div>\r\n<div class=\"col-4\">\r\n<h5>Courrier \u00e9lectronique<\/h5>\r\n<a href=\"mailto:agency@bilogistik.com\">agency@bilogistik.com<\/a> <br \/><br \/><b>Administration<\/b> <br \/><a href=\"mailto:administracion@bilogistik.com\">administracion@bilogistik.com<\/a><\/div>\r\n<\/div>\r\n<h3>France<\/h3>\r\n<h4>DOLT LOGISTICS<\/h4>\r\n<h5>Adresse<\/h5>\r\n<p>144 Rue D\u00b4lau. <br \/>59149 Bousignies Sur Roc <br \/>France<\/p>\r\n<\/div>\r\n<!-- container --><\/section>\r\n\r\n\r\n\r\n<section class=\"full full-gris\">\r\n<div class=\"container\">\r\n<div class=\"row down-arrow\">\r\n<div class=\"col-6\"><img decoding=\"async\" src=\"https:\/\/www.bilogistik.com\/wp-content\/uploads\/2021\/09\/pide-presupuesto.jpg\" alt=\"Pide Presupuesto\" \/><\/div>\r\n<div class=\"col-6\">\r\n<h2 class=\"text-dark\">Demandez un devis<\/h2>\r\n<p>Vous \u00eates int\u00e9ress\u00e9 par l\u2019un de nos services logistiques ? Vous souhaitez conna\u00eetre nos tarifs ?<\/p>\r\n<p>Expliquez-nous vos besoins et demandez un devis.<\/p>\r\n<a class=\"button\" href=\"https:\/\/www.bilogistik.com\/fr\/contact\/devis\/\">En savoir plus<\/a><\/div>\r\n<\/div>\r\n<\/div>\r\n<\/section>\r\n\r\n\r\n\r\n<section>\r\n<div class=\"row down-arrow\">\r\n<div class=\"col-6\"><img decoding=\"async\" src=\"https:\/\/www.bilogistik.com\/wp-content\/uploads\/2021\/08\/trabaja-con-nosotros.jpg\" alt=\"Trabaja con Nosotros\" \/><\/div>\r\n<div class=\"col-6\">\r\n<h2 class=\"text-dark\">Travaillez avec nous<\/h2>\r\n<p>Vous aimeriez participer \u00e0 des projets logistiques et de transport mondiaux ou collaborer au d\u00e9veloppement de solutions logistiques innovantes ?<\/p>\r\n<p>D\u00e9veloppez votre carri\u00e8re professionnelle avec Bilogistik.<\/p>\r\n<a class=\"button\" href=\"https:\/\/www.bilogistik.com\/fr\/nous\/travaillez-avec-nous\/\">En savoir plus<\/a><\/div>\r\n<\/div>\r\n<\/section>\r\n","protected":false},"excerpt":{"rendered":"<p>Contact Contactez-nous, nous vous aiderons \u00e0 \u00e9claircir tous vos doutes et \u00e0 trouver la solution logistique qui s\u2019adapte le mieux \u00e0 vos besoins. Informations de [&hellip;]<\/p>\n","protected":false},"author":1,"featured_media":0,"parent":0,"menu_order":0,"comment_status":"closed","ping_status":"closed","template":"page-bgris.php","meta":{"om_disable_all_campaigns":false,"_monsterinsights_skip_tracking":false,"_monsterinsights_sitenote_active":false,"_monsterinsights_sitenote_note":"","_monsterinsights_sitenote_category":0,"footnotes":""},"class_list":["post-3350","page","type-page","status-publish","hentry"],"aioseo_notices":[],"yoast_head":"<!-- This site is optimized with the Yoast SEO plugin v27.4 - https:\/\/yoast.com\/product\/yoast-seo-wordpress\/ -->\n<title>Contact | Bilogistik<\/title>\n<meta name=\"description\" content=\"Contactez-nous \u00e0 travers notre formulaire, par t\u00e9l\u00e9phone ou par courrier \u00e9lectronique. Nous serons ravis de r\u00e9pondre \u00e0 vos questions.\" \/>\n<meta name=\"robots\" content=\"index, follow, max-snippet:-1, max-image-preview:large, max-video-preview:-1\" \/>\n<link rel=\"canonical\" href=\"https:\/\/www.bilogistik.com\/fr\/contact\/\" \/>\n<meta property=\"og:locale\" content=\"fr_FR\" \/>\n<meta property=\"og:type\" content=\"article\" \/>\n<meta property=\"og:title\" content=\"Contact | Bilogistik\" \/>\n<meta property=\"og:description\" content=\"Contactez-nous \u00e0 travers notre formulaire, par t\u00e9l\u00e9phone ou par courrier \u00e9lectronique. Nous serons ravis de r\u00e9pondre \u00e0 vos questions.\" \/>\n<meta property=\"og:url\" content=\"https:\/\/www.bilogistik.com\/fr\/contact\/\" \/>\n<meta property=\"og:site_name\" content=\"Bilogistik\" \/>\n<meta property=\"article:modified_time\" content=\"2024-01-25T13:27:17+00:00\" \/>\n<meta property=\"og:image\" content=\"https:\/\/www.bilogistik.com\/wp-content\/uploads\/2021\/09\/pide-presupuesto.jpg\" \/>\n<meta name=\"twitter:card\" content=\"summary_large_image\" \/>\n<meta name=\"twitter:label1\" content=\"Dur\u00e9e de lecture estim\u00e9e\" \/>\n\t<meta name=\"twitter:data1\" content=\"1 minute\" \/>\n<script type=\"application\/ld+json\" class=\"yoast-schema-graph\">{\"@context\":\"https:\\\/\\\/schema.org\",\"@graph\":[{\"@type\":\"WebPage\",\"@id\":\"https:\\\/\\\/www.bilogistik.com\\\/fr\\\/contact\\\/\",\"url\":\"https:\\\/\\\/www.bilogistik.com\\\/fr\\\/contact\\\/\",\"name\":\"Contact | Bilogistik\",\"isPartOf\":{\"@id\":\"https:\\\/\\\/www.bilogistik.com\\\/fr\\\/#website\"},\"primaryImageOfPage\":{\"@id\":\"https:\\\/\\\/www.bilogistik.com\\\/fr\\\/contact\\\/#primaryimage\"},\"image\":{\"@id\":\"https:\\\/\\\/www.bilogistik.com\\\/fr\\\/contact\\\/#primaryimage\"},\"thumbnailUrl\":\"https:\\\/\\\/www.bilogistik.com\\\/wp-content\\\/uploads\\\/2021\\\/09\\\/pide-presupuesto.jpg\",\"datePublished\":\"2021-08-26T10:35:25+00:00\",\"dateModified\":\"2024-01-25T13:27:17+00:00\",\"description\":\"Contactez-nous \u00e0 travers notre formulaire, par t\u00e9l\u00e9phone ou par courrier \u00e9lectronique. Nous serons ravis de r\u00e9pondre \u00e0 vos questions.\",\"inLanguage\":\"fr-FR\",\"potentialAction\":[{\"@type\":\"ReadAction\",\"target\":[\"https:\\\/\\\/www.bilogistik.com\\\/fr\\\/contact\\\/\"]}]},{\"@type\":\"ImageObject\",\"inLanguage\":\"fr-FR\",\"@id\":\"https:\\\/\\\/www.bilogistik.com\\\/fr\\\/contact\\\/#primaryimage\",\"url\":\"https:\\\/\\\/www.bilogistik.com\\\/wp-content\\\/uploads\\\/2021\\\/09\\\/pide-presupuesto.jpg\",\"contentUrl\":\"https:\\\/\\\/www.bilogistik.com\\\/wp-content\\\/uploads\\\/2021\\\/09\\\/pide-presupuesto.jpg\"},{\"@type\":\"WebSite\",\"@id\":\"https:\\\/\\\/www.bilogistik.com\\\/fr\\\/#website\",\"url\":\"https:\\\/\\\/www.bilogistik.com\\\/fr\\\/\",\"name\":\"Bilogistik\",\"description\":\"\",\"potentialAction\":[{\"@type\":\"SearchAction\",\"target\":{\"@type\":\"EntryPoint\",\"urlTemplate\":\"https:\\\/\\\/www.bilogistik.com\\\/fr\\\/?s={search_term_string}\"},\"query-input\":{\"@type\":\"PropertyValueSpecification\",\"valueRequired\":true,\"valueName\":\"search_term_string\"}}],\"inLanguage\":\"fr-FR\"}]}<\/script>\n<!-- \/ Yoast SEO plugin. -->","yoast_head_json":{"title":"Contact | Bilogistik","description":"Contactez-nous \u00e0 travers notre formulaire, par t\u00e9l\u00e9phone ou par courrier \u00e9lectronique. Nous serons ravis de r\u00e9pondre \u00e0 vos questions.","robots":{"index":"index","follow":"follow","max-snippet":"max-snippet:-1","max-image-preview":"max-image-preview:large","max-video-preview":"max-video-preview:-1"},"canonical":"https:\/\/www.bilogistik.com\/fr\/contact\/","og_locale":"fr_FR","og_type":"article","og_title":"Contact | Bilogistik","og_description":"Contactez-nous \u00e0 travers notre formulaire, par t\u00e9l\u00e9phone ou par courrier \u00e9lectronique. Nous serons ravis de r\u00e9pondre \u00e0 vos questions.","og_url":"https:\/\/www.bilogistik.com\/fr\/contact\/","og_site_name":"Bilogistik","article_modified_time":"2024-01-25T13:27:17+00:00","og_image":[{"url":"https:\/\/www.bilogistik.com\/wp-content\/uploads\/2021\/09\/pide-presupuesto.jpg","type":"","width":"","height":""}],"twitter_card":"summary_large_image","twitter_misc":{"Dur\u00e9e de lecture estim\u00e9e":"1 minute"},"schema":{"@context":"https:\/\/schema.org","@graph":[{"@type":"WebPage","@id":"https:\/\/www.bilogistik.com\/fr\/contact\/","url":"https:\/\/www.bilogistik.com\/fr\/contact\/","name":"Contact | Bilogistik","isPartOf":{"@id":"https:\/\/www.bilogistik.com\/fr\/#website"},"primaryImageOfPage":{"@id":"https:\/\/www.bilogistik.com\/fr\/contact\/#primaryimage"},"image":{"@id":"https:\/\/www.bilogistik.com\/fr\/contact\/#primaryimage"},"thumbnailUrl":"https:\/\/www.bilogistik.com\/wp-content\/uploads\/2021\/09\/pide-presupuesto.jpg","datePublished":"2021-08-26T10:35:25+00:00","dateModified":"2024-01-25T13:27:17+00:00","description":"Contactez-nous \u00e0 travers notre formulaire, par t\u00e9l\u00e9phone ou par courrier \u00e9lectronique. Nous serons ravis de r\u00e9pondre \u00e0 vos questions.","inLanguage":"fr-FR","potentialAction":[{"@type":"ReadAction","target":["https:\/\/www.bilogistik.com\/fr\/contact\/"]}]},{"@type":"ImageObject","inLanguage":"fr-FR","@id":"https:\/\/www.bilogistik.com\/fr\/contact\/#primaryimage","url":"https:\/\/www.bilogistik.com\/wp-content\/uploads\/2021\/09\/pide-presupuesto.jpg","contentUrl":"https:\/\/www.bilogistik.com\/wp-content\/uploads\/2021\/09\/pide-presupuesto.jpg"},{"@type":"WebSite","@id":"https:\/\/www.bilogistik.com\/fr\/#website","url":"https:\/\/www.bilogistik.com\/fr\/","name":"Bilogistik","description":"","potentialAction":[{"@type":"SearchAction","target":{"@type":"EntryPoint","urlTemplate":"https:\/\/www.bilogistik.com\/fr\/?s={search_term_string}"},"query-input":{"@type":"PropertyValueSpecification","valueRequired":true,"valueName":"search_term_string"}}],"inLanguage":"fr-FR"}]}},"_links":{"self":[{"href":"https:\/\/www.bilogistik.com\/fr\/wp-json\/wp\/v2\/pages\/3350","targetHints":{"allow":["GET"]}}],"collection":[{"href":"https:\/\/www.bilogistik.com\/fr\/wp-json\/wp\/v2\/pages"}],"about":[{"href":"https:\/\/www.bilogistik.com\/fr\/wp-json\/wp\/v2\/types\/page"}],"author":[{"embeddable":true,"href":"https:\/\/www.bilogistik.com\/fr\/wp-json\/wp\/v2\/users\/1"}],"replies":[{"embeddable":true,"href":"https:\/\/www.bilogistik.com\/fr\/wp-json\/wp\/v2\/comments?post=3350"}],"version-history":[{"count":1,"href":"https:\/\/www.bilogistik.com\/fr\/wp-json\/wp\/v2\/pages\/3350\/revisions"}],"predecessor-version":[{"id":5631,"href":"https:\/\/www.bilogistik.com\/fr\/wp-json\/wp\/v2\/pages\/3350\/revisions\/5631"}],"wp:attachment":[{"href":"https:\/\/www.bilogistik.com\/fr\/wp-json\/wp\/v2\/media?parent=3350"}],"curies":[{"name":"wp","href":"https:\/\/api.w.org\/{rel}","templated":true}]}}