{"id":3343,"date":"2021-08-26T08:45:41","date_gmt":"2021-08-26T08:45:41","guid":{"rendered":"https:\/\/www.bilogistik.com\/nous\/nos-clients\/areas-geograficas\/"},"modified":"2021-12-17T09:45:32","modified_gmt":"2021-12-17T09:45:32","slug":"zones-geographiques","status":"publish","type":"page","link":"https:\/\/www.bilogistik.com\/fr\/nous\/nos-clients\/zones-geographiques\/","title":{"rendered":"Zones g\u00e9ographiques"},"content":{"rendered":"<header class=\"entry-header\" style=\"background-image: url('\/wp-content\/uploads\/2021\/11\/cabecera-areas-geograficas-1.jpg'); background-position-y: center;\">\r\n<div class=\"container\">\r\n<h1 class=\"entry-title\">Zones g\u00e9ographiques<\/h1>\r\n<p>Bilogistik est votre op\u00e9rateur logistique \u00e0 l\u2019international : nous vous accompagnons \u00e0 chaque phase de la cha\u00eene logistique et supervisons votre marchandise o\u00f9 qu\u2019elle aille, gr\u00e2ce \u00e0 nos services r\u00e9partis \u00e0 travers le monde.<\/p>\r\n<\/div>\r\n<\/header>\r\n\r\n\r\n<section id=\"soluciones-logisticas\" class=\"full bg-dark\" style=\"overflow: hidden;\">\r\n<div class=\"container\">\r\n<div class=\"row\">\r\n<div class=\"col-6\"><video id=\"bgvid\" class=\"lazy\" poster=\"https:\/\/www.bilogistik.com\/wp-content\/themes\/bilogistik\/img\/soluciones-logisticas.jpg\" autoplay=\"autoplay\" loop=\"loop\" muted=\"\" width=\"300\" height=\"150\">\r\n<source data-src=\"https:\/\/www.bilogistik.com\/wp-content\/uploads\/areas-geograficas.mp4\" type=\"video\/mp4\" \/><\/video><\/div>\r\n<div class=\"col-6\">\r\n<h2>Solutions logistiques mondiales<\/h2>\r\n<p>Confiez vos op\u00e9rations logistiques internationales \u00e0 un seul op\u00e9rateur de confiance et gardez le contr\u00f4le de chaque processus. Nous disposons d\u2019un r\u00e9seau d\u2019agents sur les 5 continents.<\/p>\r\n<p>Gr\u00e2ce \u00e0 nos experts en transport, entreposage, douanes et \u00e0 nos transitaires internationaux, nous garantissons le maximum de transparence, ainsi que l\u2019efficacit\u00e9 des co\u00fbts et des op\u00e9rations.<\/p>\r\n<a class=\"button dark cta-primary\" href=\"https:\/\/www.bilogistik.com\/fr\/contact\/devis\/\">Demander un devis<\/a><\/div>\r\n<\/div>\r\n<\/div>\r\n<\/section>\r\n\r\n\r\n\r\n<section>\r\n<h2>Des solutions logistiques pour<br \/>chaque secteur<\/h2>\r\n<p class=\"limit-700\">En tant qu\u2019experts dans le transport de marchandises, nous \u00e9laborons des solutions logistiques \u00e0 haute valeur ajout\u00e9e pour des clients de tous les secteurs industriels.<\/p>\r\n<ul class=\"servicios sector\">\r\n<li><img decoding=\"async\" src=\"https:\/\/www.bilogistik.com\/wp-content\/uploads\/2021\/10\/siderurgico.jpg\" alt=\"Sector sider\u00fargico\" \/>\r\n<h3>Sid\u00e9rurgie<\/h3>\r\n<\/li>\r\n<li><img decoding=\"async\" src=\"https:\/\/www.bilogistik.com\/wp-content\/uploads\/2021\/10\/minero.jpg\" alt=\"Sector minero\" \/>\r\n<h3>Secteur minier<\/h3>\r\n<\/li>\r\n<li><img decoding=\"async\" src=\"https:\/\/www.bilogistik.com\/wp-content\/uploads\/2021\/10\/petroquimico.jpg\" alt=\"Sector petroqu\u00edmico\" \/>\r\n<h3>P\u00e9trochimie<\/h3>\r\n<\/li>\r\n<li><img decoding=\"async\" src=\"https:\/\/www.bilogistik.com\/wp-content\/uploads\/2021\/10\/neumaticos.jpg\" alt=\"Fabricaci\u00f3n de neum\u00e1ticos\" \/>\r\n<h3>Fabrication de pneus<\/h3>\r\n<\/li>\r\n<\/ul>\r\n<a class=\"button cta-info\" href=\"https:\/\/www.bilogistik.com\/fr\/nous\/nos-clients\/secteurs\/\">En savoir plus<\/a><\/section>\r\n\r\n\r\n\r\n<section>\r\n<div class=\"row\">\r\n<div class=\"col-6\">\r\n<img decoding=\"async\" src=\"https:\/\/www.bilogistik.com\/wp-content\/uploads\/2021\/10\/contacto.jpg\" alt=\"Contacta con Bilogistik\">\r\n<\/div>\r\n<div class=\"col-6\">\r\n<h2 class=\"oscuro lower\">Contacta con nuestros expertos<\/h2>\r\n<p>\u00bfQuieres saber m\u00e1s sobre nuestros servicios log\u00edsticos?<\/p>\r\n<p>\u00bfDeseas solicitar un presupuesto? <br>Contacta con nuestro equipo de expertos para una atenci\u00f3n personalizada.<\/p>\r\n<a class=\"button cta-primary\" href=\"https:\/\/www.bilogistik.com\/contacto\/\">Contactar<\/a>\r\n<a class=\"button cta-primary\" href=\"https:\/\/www.bilogistik.com\/contacto\/pide-presupuesto\/\">Solicita presupuesto<\/a>\r\n<\/div>\r\n<\/div><\/section>\r\n\r\n\r\n\r\n<p><\/p>\r\n","protected":false},"excerpt":{"rendered":"<p>Zones g\u00e9ographiques Bilogistik est votre op\u00e9rateur logistique \u00e0 l\u2019international : nous vous accompagnons \u00e0 chaque phase de la cha\u00eene logistique et supervisons votre marchandise o\u00f9 [&hellip;]<\/p>\n","protected":false},"author":1,"featured_media":0,"parent":3332,"menu_order":2,"comment_status":"closed","ping_status":"closed","template":"","meta":{"om_disable_all_campaigns":false,"_monsterinsights_skip_tracking":false,"_monsterinsights_sitenote_active":false,"_monsterinsights_sitenote_note":"","_monsterinsights_sitenote_category":0,"footnotes":""},"class_list":["post-3343","page","type-page","status-publish","hentry"],"aioseo_notices":[],"yoast_head":"<!-- This site is optimized with the Yoast SEO plugin v27.6 - https:\/\/yoast.com\/product\/yoast-seo-wordpress\/ -->\n<title>Zones g\u00e9ographiques | Bilogistik<\/title>\n<meta name=\"description\" content=\"Nous offrons des services globaux pour pouvoir vous accompagner dans chaque phase et \u00eatre votre prestataire sur la sc\u00e8ne internationale.\" \/>\n<meta name=\"robots\" content=\"index, follow, max-snippet:-1, max-image-preview:large, max-video-preview:-1\" \/>\n<link rel=\"canonical\" href=\"https:\/\/www.bilogistik.com\/fr\/nous\/nos-clients\/zones-geographiques\/\" \/>\n<meta property=\"og:locale\" content=\"fr_FR\" \/>\n<meta property=\"og:type\" content=\"article\" \/>\n<meta property=\"og:title\" content=\"Zones g\u00e9ographiques | Bilogistik\" \/>\n<meta property=\"og:description\" content=\"Nous offrons des services globaux pour pouvoir vous accompagner dans chaque phase et \u00eatre votre prestataire sur la sc\u00e8ne internationale.\" \/>\n<meta property=\"og:url\" content=\"https:\/\/www.bilogistik.com\/fr\/nous\/nos-clients\/zones-geographiques\/\" \/>\n<meta property=\"og:site_name\" content=\"Bilogistik\" \/>\n<meta property=\"article:modified_time\" content=\"2021-12-17T09:45:32+00:00\" \/>\n<meta property=\"og:image\" content=\"https:\/\/www.bilogistik.com\/wp-content\/uploads\/2021\/10\/siderurgico.jpg\" \/>\n<meta name=\"twitter:card\" content=\"summary_large_image\" \/>\n<meta name=\"twitter:label1\" content=\"Dur\u00e9e de lecture estim\u00e9e\" \/>\n\t<meta name=\"twitter:data1\" content=\"2 minutes\" \/>\n<script type=\"application\/ld+json\" class=\"yoast-schema-graph\">{\"@context\":\"https:\\\/\\\/schema.org\",\"@graph\":[{\"@type\":\"WebPage\",\"@id\":\"https:\\\/\\\/www.bilogistik.com\\\/fr\\\/nous\\\/nos-clients\\\/zones-geographiques\\\/\",\"url\":\"https:\\\/\\\/www.bilogistik.com\\\/fr\\\/nous\\\/nos-clients\\\/zones-geographiques\\\/\",\"name\":\"Zones g\u00e9ographiques | Bilogistik\",\"isPartOf\":{\"@id\":\"https:\\\/\\\/www.bilogistik.com\\\/fr\\\/#website\"},\"primaryImageOfPage\":{\"@id\":\"https:\\\/\\\/www.bilogistik.com\\\/fr\\\/nous\\\/nos-clients\\\/zones-geographiques\\\/#primaryimage\"},\"image\":{\"@id\":\"https:\\\/\\\/www.bilogistik.com\\\/fr\\\/nous\\\/nos-clients\\\/zones-geographiques\\\/#primaryimage\"},\"thumbnailUrl\":\"https:\\\/\\\/www.bilogistik.com\\\/wp-content\\\/uploads\\\/2021\\\/10\\\/siderurgico.jpg\",\"datePublished\":\"2021-08-26T08:45:41+00:00\",\"dateModified\":\"2021-12-17T09:45:32+00:00\",\"description\":\"Nous offrons des services globaux pour pouvoir vous accompagner dans chaque phase et \u00eatre votre prestataire sur la sc\u00e8ne internationale.\",\"breadcrumb\":{\"@id\":\"https:\\\/\\\/www.bilogistik.com\\\/fr\\\/nous\\\/nos-clients\\\/zones-geographiques\\\/#breadcrumb\"},\"inLanguage\":\"fr-FR\",\"potentialAction\":[{\"@type\":\"ReadAction\",\"target\":[\"https:\\\/\\\/www.bilogistik.com\\\/fr\\\/nous\\\/nos-clients\\\/zones-geographiques\\\/\"]}]},{\"@type\":\"ImageObject\",\"inLanguage\":\"fr-FR\",\"@id\":\"https:\\\/\\\/www.bilogistik.com\\\/fr\\\/nous\\\/nos-clients\\\/zones-geographiques\\\/#primaryimage\",\"url\":\"https:\\\/\\\/www.bilogistik.com\\\/wp-content\\\/uploads\\\/2021\\\/10\\\/siderurgico.jpg\",\"contentUrl\":\"https:\\\/\\\/www.bilogistik.com\\\/wp-content\\\/uploads\\\/2021\\\/10\\\/siderurgico.jpg\"},{\"@type\":\"BreadcrumbList\",\"@id\":\"https:\\\/\\\/www.bilogistik.com\\\/fr\\\/nous\\\/nos-clients\\\/zones-geographiques\\\/#breadcrumb\",\"itemListElement\":[{\"@type\":\"ListItem\",\"position\":1,\"name\":\"\u00c0 propos de nous\",\"item\":\"https:\\\/\\\/www.bilogistik.com\\\/fr\\\/nous\\\/\"},{\"@type\":\"ListItem\",\"position\":2,\"name\":\"Nos clients\",\"item\":\"https:\\\/\\\/www.bilogistik.com\\\/fr\\\/nous\\\/nos-clients\\\/\"},{\"@type\":\"ListItem\",\"position\":3,\"name\":\"Zones g\u00e9ographiques\"}]},{\"@type\":\"WebSite\",\"@id\":\"https:\\\/\\\/www.bilogistik.com\\\/fr\\\/#website\",\"url\":\"https:\\\/\\\/www.bilogistik.com\\\/fr\\\/\",\"name\":\"Bilogistik\",\"description\":\"\",\"potentialAction\":[{\"@type\":\"SearchAction\",\"target\":{\"@type\":\"EntryPoint\",\"urlTemplate\":\"https:\\\/\\\/www.bilogistik.com\\\/fr\\\/?s={search_term_string}\"},\"query-input\":{\"@type\":\"PropertyValueSpecification\",\"valueRequired\":true,\"valueName\":\"search_term_string\"}}],\"inLanguage\":\"fr-FR\"}]}<\/script>\n<!-- \/ Yoast SEO plugin. -->","yoast_head_json":{"title":"Zones g\u00e9ographiques | Bilogistik","description":"Nous offrons des services globaux pour pouvoir vous accompagner dans chaque phase et \u00eatre votre prestataire sur la sc\u00e8ne internationale.","robots":{"index":"index","follow":"follow","max-snippet":"max-snippet:-1","max-image-preview":"max-image-preview:large","max-video-preview":"max-video-preview:-1"},"canonical":"https:\/\/www.bilogistik.com\/fr\/nous\/nos-clients\/zones-geographiques\/","og_locale":"fr_FR","og_type":"article","og_title":"Zones g\u00e9ographiques | Bilogistik","og_description":"Nous offrons des services globaux pour pouvoir vous accompagner dans chaque phase et \u00eatre votre prestataire sur la sc\u00e8ne internationale.","og_url":"https:\/\/www.bilogistik.com\/fr\/nous\/nos-clients\/zones-geographiques\/","og_site_name":"Bilogistik","article_modified_time":"2021-12-17T09:45:32+00:00","og_image":[{"url":"https:\/\/www.bilogistik.com\/wp-content\/uploads\/2021\/10\/siderurgico.jpg","type":"","width":"","height":""}],"twitter_card":"summary_large_image","twitter_misc":{"Dur\u00e9e de lecture estim\u00e9e":"2 minutes"},"schema":{"@context":"https:\/\/schema.org","@graph":[{"@type":"WebPage","@id":"https:\/\/www.bilogistik.com\/fr\/nous\/nos-clients\/zones-geographiques\/","url":"https:\/\/www.bilogistik.com\/fr\/nous\/nos-clients\/zones-geographiques\/","name":"Zones g\u00e9ographiques | Bilogistik","isPartOf":{"@id":"https:\/\/www.bilogistik.com\/fr\/#website"},"primaryImageOfPage":{"@id":"https:\/\/www.bilogistik.com\/fr\/nous\/nos-clients\/zones-geographiques\/#primaryimage"},"image":{"@id":"https:\/\/www.bilogistik.com\/fr\/nous\/nos-clients\/zones-geographiques\/#primaryimage"},"thumbnailUrl":"https:\/\/www.bilogistik.com\/wp-content\/uploads\/2021\/10\/siderurgico.jpg","datePublished":"2021-08-26T08:45:41+00:00","dateModified":"2021-12-17T09:45:32+00:00","description":"Nous offrons des services globaux pour pouvoir vous accompagner dans chaque phase et \u00eatre votre prestataire sur la sc\u00e8ne internationale.","breadcrumb":{"@id":"https:\/\/www.bilogistik.com\/fr\/nous\/nos-clients\/zones-geographiques\/#breadcrumb"},"inLanguage":"fr-FR","potentialAction":[{"@type":"ReadAction","target":["https:\/\/www.bilogistik.com\/fr\/nous\/nos-clients\/zones-geographiques\/"]}]},{"@type":"ImageObject","inLanguage":"fr-FR","@id":"https:\/\/www.bilogistik.com\/fr\/nous\/nos-clients\/zones-geographiques\/#primaryimage","url":"https:\/\/www.bilogistik.com\/wp-content\/uploads\/2021\/10\/siderurgico.jpg","contentUrl":"https:\/\/www.bilogistik.com\/wp-content\/uploads\/2021\/10\/siderurgico.jpg"},{"@type":"BreadcrumbList","@id":"https:\/\/www.bilogistik.com\/fr\/nous\/nos-clients\/zones-geographiques\/#breadcrumb","itemListElement":[{"@type":"ListItem","position":1,"name":"\u00c0 propos de nous","item":"https:\/\/www.bilogistik.com\/fr\/nous\/"},{"@type":"ListItem","position":2,"name":"Nos clients","item":"https:\/\/www.bilogistik.com\/fr\/nous\/nos-clients\/"},{"@type":"ListItem","position":3,"name":"Zones g\u00e9ographiques"}]},{"@type":"WebSite","@id":"https:\/\/www.bilogistik.com\/fr\/#website","url":"https:\/\/www.bilogistik.com\/fr\/","name":"Bilogistik","description":"","potentialAction":[{"@type":"SearchAction","target":{"@type":"EntryPoint","urlTemplate":"https:\/\/www.bilogistik.com\/fr\/?s={search_term_string}"},"query-input":{"@type":"PropertyValueSpecification","valueRequired":true,"valueName":"search_term_string"}}],"inLanguage":"fr-FR"}]}},"_links":{"self":[{"href":"https:\/\/www.bilogistik.com\/fr\/wp-json\/wp\/v2\/pages\/3343","targetHints":{"allow":["GET"]}}],"collection":[{"href":"https:\/\/www.bilogistik.com\/fr\/wp-json\/wp\/v2\/pages"}],"about":[{"href":"https:\/\/www.bilogistik.com\/fr\/wp-json\/wp\/v2\/types\/page"}],"author":[{"embeddable":true,"href":"https:\/\/www.bilogistik.com\/fr\/wp-json\/wp\/v2\/users\/1"}],"replies":[{"embeddable":true,"href":"https:\/\/www.bilogistik.com\/fr\/wp-json\/wp\/v2\/comments?post=3343"}],"version-history":[{"count":0,"href":"https:\/\/www.bilogistik.com\/fr\/wp-json\/wp\/v2\/pages\/3343\/revisions"}],"up":[{"embeddable":true,"href":"https:\/\/www.bilogistik.com\/fr\/wp-json\/wp\/v2\/pages\/3332"}],"wp:attachment":[{"href":"https:\/\/www.bilogistik.com\/fr\/wp-json\/wp\/v2\/media?parent=3343"}],"curies":[{"name":"wp","href":"https:\/\/api.w.org\/{rel}","templated":true}]}}