{"id":3336,"date":"2021-08-26T08:48:17","date_gmt":"2021-08-26T08:48:17","guid":{"rendered":"https:\/\/www.bilogistik.com\/nous\/nos-clients\/sectores\/"},"modified":"2021-12-14T11:50:46","modified_gmt":"2021-12-14T11:50:46","slug":"secteurs","status":"publish","type":"page","link":"https:\/\/www.bilogistik.com\/fr\/nous\/nos-clients\/secteurs\/","title":{"rendered":"Secteurs"},"content":{"rendered":"<header class=\"entry-header\" style=\"background-image: url('\/wp-content\/uploads\/bg-sectores.jpg');\">\r\n<div class=\"container\">\r\n<h1 class=\"entry-title\">Solutions logistiques pour<br \/>le secteur industriel<\/h1>\r\n<p>En tant qu\u2019experts dans le transport de marchandises, Bilogistik adapte ses services et \u00e9labore des solutions logistiques pour des clients de tous les secteurs industriels, en garantissant en toutes circonstances le respect des r\u00e9glementations de chaque industrie et en faisant preuve de la plus haute efficacit\u00e9.<\/p>\r\n<\/div>\r\n<\/header>\r\n\r\n\r\n<section>\r\n<h2>Sp\u00e9cialis\u00e9 dans les secteurs industriels<\/h2>\r\n<ul class=\"material-list sectores\">\r\n<li class=\"siderurgico\">\r\n<h3>Sid\u00e9rurgie<\/h3>\r\n<p>Nous disposons d\u2019une exp\u00e9rience solide dans les solutions \u00e0 haute valeur ajout\u00e9e pour les entreprises du secteur sid\u00e9rurgique. <br \/><br \/>Gr\u00e2ce \u00e0 notre \u00e9quipe professionnelle et sp\u00e9cialis\u00e9e, nous pr\u00eatons un service logistique complet \u00e0 tous les maillons de la cha\u00eene. Ce qui inclut le transport maritime et terrestre, l\u2019entreposage et bien entendu, la gestion des douanes.<\/p>\r\n<\/li>\r\n<li class=\"minero\">\r\n<h3>Secteur minier<\/h3>\r\n<p>Bilogistik dispose d\u2019une \u00e9quipe d\u2019experts en transport de minerai et offre un service de logistique int\u00e9gr\u00e9e \u00e0 chaque maillon de la cha\u00eene, jusqu\u2019au client final. <br \/><br \/>Nous nous chargeons de chaque phase de la cha\u00eene logistique, ce qui inclut le transport maritime et terrestre, l\u2019entreposage et bien entendu, la gestion des douanes.<\/p>\r\n<\/li>\r\n<li class=\"petroquimico\">\r\n<h3>P\u00e9trochimie<\/h3>\r\n<p>Nous offrons une gestion globale de la logistique aux entreprises du secteur p\u00e9trochimique qui transportent des marchandises class\u00e9es dangereuses. <br \/><br \/>Nous g\u00e9rons l\u2019int\u00e9gralit\u00e9 du processus, y compris le chargement et d\u00e9chargement, l\u2019arrimage, le d\u00e9bardage, le transport, et bien entendu, les formalit\u00e9s correspondantes.<\/p>\r\n<\/li>\r\n<li class=\"neumaticos\">\r\n<h3>Fabrication de pneus<\/h3>\r\n<p>Bilogistik dispose d\u2019une \u00e9quipe de sp\u00e9cialistes dans le transport et l\u2019entreposage de caoutchouc, qu\u2019il soit sous forme de vrac ou de pneus. <br \/><br \/>Nous transportons le caoutchouc et ses d\u00e9riv\u00e9s par tout type de voies, m\u00eame si les meilleurs r\u00e9sultats sont obtenus avec un transport multimodal combinant mer et route.<\/p>\r\n<\/li>\r\n<\/ul>\r\n<\/section>\r\n\r\n\r\n\r\n<section class=\"full full-gris\">\r\n<div class=\"container\">\r\n<div class=\"row\">\r\n<div class=\"col-6\">\r\n<img decoding=\"async\" src=\"https:\/\/www.bilogistik.com\/wp-content\/uploads\/2021\/10\/soluciones-cargas-especiales.jpg\" alt=\"Soluciones para Cargas Especiales y de Proyecto\">\r\n<\/div>\r\n<div class=\"col-6\">\r\n<h2 class=\"lower\">Soluciones para cargas especiales y de proyecto<\/h2>\r\n<p>Gracias a la experiencia en log\u00edstica de nuestro equipo, desde Bilogistik te ofrecemos nuestro servicio de transporte de cargas especiales, tanto de forma puntual como dentro de un proyecto industrial con desplazamientos continuados.<\/p>\r\n<a href=\"https:\/\/www.bilogistik.com\/cargas-especiales-proyecto\/\" class=\"button cta-info\">M\u00e1s informaci\u00f3n<\/a>\r\n<\/div><\/div>\r\n<\/div><\/section>\r\n\r\n\r\n\r\n<section>\r\n<div class=\"row\">\r\n<div class=\"col-6\">\r\n<img decoding=\"async\" src=\"https:\/\/www.bilogistik.com\/wp-content\/uploads\/2021\/10\/contacto.jpg\" alt=\"Contacta con Bilogistik\">\r\n<\/div>\r\n<div class=\"col-6\">\r\n<h2 class=\"oscuro lower\">Contacta con nuestros expertos<\/h2>\r\n<p>\u00bfQuieres saber m\u00e1s sobre nuestros servicios log\u00edsticos?<\/p>\r\n<p>\u00bfDeseas solicitar un presupuesto? <br>Contacta con nuestro equipo de expertos para una atenci\u00f3n personalizada.<\/p>\r\n<a class=\"button cta-primary\" href=\"https:\/\/www.bilogistik.com\/contacto\/\">Contactar<\/a>\r\n<a class=\"button cta-primary\" href=\"https:\/\/www.bilogistik.com\/contacto\/pide-presupuesto\/\">Solicita presupuesto<\/a>\r\n<\/div>\r\n<\/div><\/section>\r\n\r\n\r\n\r\n<p><\/p>\r\n","protected":false},"excerpt":{"rendered":"<p>Solutions logistiques pourle secteur industriel En tant qu\u2019experts dans le transport de marchandises, Bilogistik adapte ses services et \u00e9labore des solutions logistiques pour des clients [&hellip;]<\/p>\n","protected":false},"author":1,"featured_media":0,"parent":3332,"menu_order":1,"comment_status":"closed","ping_status":"closed","template":"","meta":{"om_disable_all_campaigns":false,"_monsterinsights_skip_tracking":false,"_monsterinsights_sitenote_active":false,"_monsterinsights_sitenote_note":"","_monsterinsights_sitenote_category":0,"footnotes":""},"class_list":["post-3336","page","type-page","status-publish","hentry"],"aioseo_notices":[],"yoast_head":"<!-- This site is optimized with the Yoast SEO plugin v27.5 - https:\/\/yoast.com\/product\/yoast-seo-wordpress\/ -->\n<title>Solutions logistiques pour le secteur industriel | Bilogistik<\/title>\n<meta name=\"description\" content=\"Nous \u00e9laborons des solutions logistiques int\u00e9grales pour des clients de tout secteur, en garantissant le respect des normes pertinentes.\" \/>\n<meta name=\"robots\" content=\"index, follow, max-snippet:-1, max-image-preview:large, max-video-preview:-1\" \/>\n<link rel=\"canonical\" href=\"https:\/\/www.bilogistik.com\/fr\/nous\/nos-clients\/secteurs\/\" \/>\n<meta property=\"og:locale\" content=\"fr_FR\" \/>\n<meta property=\"og:type\" content=\"article\" \/>\n<meta property=\"og:title\" content=\"Solutions logistiques pour le secteur industriel | Bilogistik\" \/>\n<meta property=\"og:description\" content=\"Nous \u00e9laborons des solutions logistiques int\u00e9grales pour des clients de tout secteur, en garantissant le respect des normes pertinentes.\" \/>\n<meta property=\"og:url\" content=\"https:\/\/www.bilogistik.com\/fr\/nous\/nos-clients\/secteurs\/\" \/>\n<meta property=\"og:site_name\" content=\"Bilogistik\" \/>\n<meta property=\"article:modified_time\" content=\"2021-12-14T11:50:46+00:00\" \/>\n<meta name=\"twitter:card\" content=\"summary_large_image\" \/>\n<meta name=\"twitter:label1\" content=\"Dur\u00e9e de lecture estim\u00e9e\" \/>\n\t<meta name=\"twitter:data1\" content=\"2 minutes\" \/>\n<script type=\"application\/ld+json\" class=\"yoast-schema-graph\">{\"@context\":\"https:\\\/\\\/schema.org\",\"@graph\":[{\"@type\":\"WebPage\",\"@id\":\"https:\\\/\\\/www.bilogistik.com\\\/fr\\\/nous\\\/nos-clients\\\/secteurs\\\/\",\"url\":\"https:\\\/\\\/www.bilogistik.com\\\/fr\\\/nous\\\/nos-clients\\\/secteurs\\\/\",\"name\":\"Solutions logistiques pour le secteur industriel | Bilogistik\",\"isPartOf\":{\"@id\":\"https:\\\/\\\/www.bilogistik.com\\\/fr\\\/#website\"},\"datePublished\":\"2021-08-26T08:48:17+00:00\",\"dateModified\":\"2021-12-14T11:50:46+00:00\",\"description\":\"Nous \u00e9laborons des solutions logistiques int\u00e9grales pour des clients de tout secteur, en garantissant le respect des normes pertinentes.\",\"breadcrumb\":{\"@id\":\"https:\\\/\\\/www.bilogistik.com\\\/fr\\\/nous\\\/nos-clients\\\/secteurs\\\/#breadcrumb\"},\"inLanguage\":\"fr-FR\",\"potentialAction\":[{\"@type\":\"ReadAction\",\"target\":[\"https:\\\/\\\/www.bilogistik.com\\\/fr\\\/nous\\\/nos-clients\\\/secteurs\\\/\"]}]},{\"@type\":\"BreadcrumbList\",\"@id\":\"https:\\\/\\\/www.bilogistik.com\\\/fr\\\/nous\\\/nos-clients\\\/secteurs\\\/#breadcrumb\",\"itemListElement\":[{\"@type\":\"ListItem\",\"position\":1,\"name\":\"\u00c0 propos de nous\",\"item\":\"https:\\\/\\\/www.bilogistik.com\\\/fr\\\/nous\\\/\"},{\"@type\":\"ListItem\",\"position\":2,\"name\":\"Nos clients\",\"item\":\"https:\\\/\\\/www.bilogistik.com\\\/fr\\\/nous\\\/nos-clients\\\/\"},{\"@type\":\"ListItem\",\"position\":3,\"name\":\"Secteurs\"}]},{\"@type\":\"WebSite\",\"@id\":\"https:\\\/\\\/www.bilogistik.com\\\/fr\\\/#website\",\"url\":\"https:\\\/\\\/www.bilogistik.com\\\/fr\\\/\",\"name\":\"Bilogistik\",\"description\":\"\",\"potentialAction\":[{\"@type\":\"SearchAction\",\"target\":{\"@type\":\"EntryPoint\",\"urlTemplate\":\"https:\\\/\\\/www.bilogistik.com\\\/fr\\\/?s={search_term_string}\"},\"query-input\":{\"@type\":\"PropertyValueSpecification\",\"valueRequired\":true,\"valueName\":\"search_term_string\"}}],\"inLanguage\":\"fr-FR\"}]}<\/script>\n<!-- \/ Yoast SEO plugin. -->","yoast_head_json":{"title":"Solutions logistiques pour le secteur industriel | Bilogistik","description":"Nous \u00e9laborons des solutions logistiques int\u00e9grales pour des clients de tout secteur, en garantissant le respect des normes pertinentes.","robots":{"index":"index","follow":"follow","max-snippet":"max-snippet:-1","max-image-preview":"max-image-preview:large","max-video-preview":"max-video-preview:-1"},"canonical":"https:\/\/www.bilogistik.com\/fr\/nous\/nos-clients\/secteurs\/","og_locale":"fr_FR","og_type":"article","og_title":"Solutions logistiques pour le secteur industriel | Bilogistik","og_description":"Nous \u00e9laborons des solutions logistiques int\u00e9grales pour des clients de tout secteur, en garantissant le respect des normes pertinentes.","og_url":"https:\/\/www.bilogistik.com\/fr\/nous\/nos-clients\/secteurs\/","og_site_name":"Bilogistik","article_modified_time":"2021-12-14T11:50:46+00:00","twitter_card":"summary_large_image","twitter_misc":{"Dur\u00e9e de lecture estim\u00e9e":"2 minutes"},"schema":{"@context":"https:\/\/schema.org","@graph":[{"@type":"WebPage","@id":"https:\/\/www.bilogistik.com\/fr\/nous\/nos-clients\/secteurs\/","url":"https:\/\/www.bilogistik.com\/fr\/nous\/nos-clients\/secteurs\/","name":"Solutions logistiques pour le secteur industriel | Bilogistik","isPartOf":{"@id":"https:\/\/www.bilogistik.com\/fr\/#website"},"datePublished":"2021-08-26T08:48:17+00:00","dateModified":"2021-12-14T11:50:46+00:00","description":"Nous \u00e9laborons des solutions logistiques int\u00e9grales pour des clients de tout secteur, en garantissant le respect des normes pertinentes.","breadcrumb":{"@id":"https:\/\/www.bilogistik.com\/fr\/nous\/nos-clients\/secteurs\/#breadcrumb"},"inLanguage":"fr-FR","potentialAction":[{"@type":"ReadAction","target":["https:\/\/www.bilogistik.com\/fr\/nous\/nos-clients\/secteurs\/"]}]},{"@type":"BreadcrumbList","@id":"https:\/\/www.bilogistik.com\/fr\/nous\/nos-clients\/secteurs\/#breadcrumb","itemListElement":[{"@type":"ListItem","position":1,"name":"\u00c0 propos de nous","item":"https:\/\/www.bilogistik.com\/fr\/nous\/"},{"@type":"ListItem","position":2,"name":"Nos clients","item":"https:\/\/www.bilogistik.com\/fr\/nous\/nos-clients\/"},{"@type":"ListItem","position":3,"name":"Secteurs"}]},{"@type":"WebSite","@id":"https:\/\/www.bilogistik.com\/fr\/#website","url":"https:\/\/www.bilogistik.com\/fr\/","name":"Bilogistik","description":"","potentialAction":[{"@type":"SearchAction","target":{"@type":"EntryPoint","urlTemplate":"https:\/\/www.bilogistik.com\/fr\/?s={search_term_string}"},"query-input":{"@type":"PropertyValueSpecification","valueRequired":true,"valueName":"search_term_string"}}],"inLanguage":"fr-FR"}]}},"_links":{"self":[{"href":"https:\/\/www.bilogistik.com\/fr\/wp-json\/wp\/v2\/pages\/3336","targetHints":{"allow":["GET"]}}],"collection":[{"href":"https:\/\/www.bilogistik.com\/fr\/wp-json\/wp\/v2\/pages"}],"about":[{"href":"https:\/\/www.bilogistik.com\/fr\/wp-json\/wp\/v2\/types\/page"}],"author":[{"embeddable":true,"href":"https:\/\/www.bilogistik.com\/fr\/wp-json\/wp\/v2\/users\/1"}],"replies":[{"embeddable":true,"href":"https:\/\/www.bilogistik.com\/fr\/wp-json\/wp\/v2\/comments?post=3336"}],"version-history":[{"count":0,"href":"https:\/\/www.bilogistik.com\/fr\/wp-json\/wp\/v2\/pages\/3336\/revisions"}],"up":[{"embeddable":true,"href":"https:\/\/www.bilogistik.com\/fr\/wp-json\/wp\/v2\/pages\/3332"}],"wp:attachment":[{"href":"https:\/\/www.bilogistik.com\/fr\/wp-json\/wp\/v2\/media?parent=3336"}],"curies":[{"name":"wp","href":"https:\/\/api.w.org\/{rel}","templated":true}]}}