{"id":3332,"date":"2021-08-25T11:48:43","date_gmt":"2021-08-25T11:48:43","guid":{"rendered":"https:\/\/www.bilogistik.com\/nous\/nuestros-clientes\/"},"modified":"2021-12-17T09:42:01","modified_gmt":"2021-12-17T09:42:01","slug":"nos-clients","status":"publish","type":"page","link":"https:\/\/www.bilogistik.com\/fr\/nous\/nos-clients\/","title":{"rendered":"Nos clients"},"content":{"rendered":"<header class=\"entry-header\" style=\"background-image: url('\/wp-content\/uploads\/bg-nuestros-clientes.jpg');\">\r\n<div class=\"container\">\r\n<h1 class=\"entry-title\">Nos Clients<\/h1>\r\n<p>Bilogistik poss\u00e8de une exp\u00e9rience solide dans le transport de marchandises, aussi bien national qu\u2019international, et dans tout type de secteurs industriels. Nous proposons des solutions personnalis\u00e9es et apportons des r\u00e9ponses \u00e0 tout type de besoin en logistique.<\/p>\r\n<\/div>\r\n<\/header>\r\n\r\n\r\n<section>\r\n<div class=\"row\">\r\n<div class=\"col-6\"><img decoding=\"async\" src=\"https:\/\/www.bilogistik.com\/wp-content\/uploads\/2021\/09\/sectores-industriales.jpg\" alt=\"Sectores Industriales\" \/><\/div>\r\n<div class=\"col-6\">\r\n<h2>Secteurs industriels<\/h2>\r\n<p>Nous prenons en charge le transport de marchandises pour tout type de secteurs industriels.<\/p>\r\n<p>Nous travaillons avec du personnel qualifi\u00e9 et des v\u00e9hicules homologu\u00e9s, en mettant \u00e0 profit une exp\u00e9rience qui nous permet d\u2019optimiser la cha\u00eene d\u2019approvisionnement pour que votre marchandise soit livr\u00e9e intacte et sans \u00eatre expos\u00e9e \u00e0 des risques en chemin.<\/p>\r\n<a class=\"button cta-info\" href=\"https:\/\/www.bilogistik.com\/fr\/nous\/nos-clients\/secteurs\/\">En savoir plus<\/a><\/div>\r\n<\/div>\r\n<\/section>\r\n\r\n\r\n\r\n<section>\r\n<div class=\"row\">\r\n<div class=\"col-6\">\r\n<h2>Zones g\u00e9ographiques<\/h2>\r\n<p>Bilogistik vous accompagne dans le transport de vos marchandises \u00e0 l\u2019international. Nous vous fournissons un service global \u00e0 chaque phase de la cha\u00eene logistique, avec le maximum d\u2019efficacit\u00e9 et de transparence, o\u00f9 que vous alliez.<\/p>\r\n<a class=\"button cta-info\" href=\"https:\/\/www.bilogistik.com\/fr\/nous\/nos-clients\/zones-geographiques\/\">En savoir plus<\/a><\/div>\r\n<div class=\"col-6\"><img decoding=\"async\" src=\"https:\/\/www.bilogistik.com\/wp-content\/uploads\/2021\/09\/areas-geograficas.jpg\" alt=\"\u00c1reas Geogr\u00e1ficas\" \/><\/div>\r\n<\/div>\r\n<\/section>\r\n\r\n\r\n\r\n<section class=\"text-center max-900 doble-margin\">\r\n<h2>Clientes<\/h2>\r\n<p>En Bilogistik contamos con amplia experiencia en el desarrollo de soluciones log\u00edsticas \u00e1giles y de alto valor. Ayudamos a empresas de todo tipo de sectores a mantener su liderazgo, as\u00ed como a potenciar su competitividad con nuestras soluciones a medida.<\/p>\r\n<ul class=\"clientes\">\r\n<li><img decoding=\"async\" src=\"https:\/\/www.bilogistik.com\/wp-content\/uploads\/2021\/09\/logo-repsol.png\" alt=\"Logo Repsol\" \/><\/li>\r\n<li><img decoding=\"async\" src=\"https:\/\/www.bilogistik.com\/wp-content\/uploads\/2021\/09\/logo-petronor.png\" alt=\"Logo Petronor\" \/><\/li>\r\n<li><img decoding=\"async\" src=\"https:\/\/www.bilogistik.com\/wp-content\/uploads\/2021\/09\/logo-nizi.png\" alt=\"Logo Nizi\" \/><\/li>\r\n<li><img decoding=\"async\" src=\"https:\/\/www.bilogistik.com\/wp-content\/uploads\/2021\/09\/logo-rio-tinto.png\" alt=\"Logo Riotinto\" \/><\/li>\r\n<\/ul>\r\n<\/section>\r\n\r\n\r\n\r\n<section>\r\n<div class=\"row\">\r\n<div class=\"col-6\">\r\n<img decoding=\"async\" src=\"https:\/\/www.bilogistik.com\/wp-content\/uploads\/2021\/10\/contacto.jpg\" alt=\"Contacta con Bilogistik\">\r\n<\/div>\r\n<div class=\"col-6\">\r\n<h2 class=\"oscuro lower\">Contacta con nuestros expertos<\/h2>\r\n<p>\u00bfQuieres saber m\u00e1s sobre nuestros servicios log\u00edsticos?<\/p>\r\n<p>\u00bfDeseas solicitar un presupuesto? <br>Contacta con nuestro equipo de expertos para una atenci\u00f3n personalizada.<\/p>\r\n<a class=\"button cta-primary\" href=\"https:\/\/www.bilogistik.com\/contacto\/\">Contactar<\/a>\r\n<a class=\"button cta-primary\" href=\"https:\/\/www.bilogistik.com\/contacto\/pide-presupuesto\/\">Solicita presupuesto<\/a>\r\n<\/div>\r\n<\/div><\/section>\r\n\r\n\r\n\r\n<p><\/p>\r\n","protected":false},"excerpt":{"rendered":"<p>Nos Clients Bilogistik poss\u00e8de une exp\u00e9rience solide dans le transport de marchandises, aussi bien national qu\u2019international, et dans tout type de secteurs industriels. Nous proposons [&hellip;]<\/p>\n","protected":false},"author":1,"featured_media":0,"parent":3311,"menu_order":2,"comment_status":"closed","ping_status":"closed","template":"","meta":{"om_disable_all_campaigns":false,"_monsterinsights_skip_tracking":false,"_monsterinsights_sitenote_active":false,"_monsterinsights_sitenote_note":"","_monsterinsights_sitenote_category":0,"footnotes":""},"class_list":["post-3332","page","type-page","status-publish","hentry"],"aioseo_notices":[],"yoast_head":"<!-- This site is optimized with the Yoast SEO plugin v27.5 - https:\/\/yoast.com\/product\/yoast-seo-wordpress\/ -->\n<title>Nos clients | Bilogistik<\/title>\n<meta name=\"description\" content=\"Nous poss\u00e9dons une grande exp\u00e9rience dans le transport de marchandises. D\u00e9couvrez quelles entreprises ont fait confiance \u00e0 notre service int\u00e9gral.\" \/>\n<meta name=\"robots\" content=\"index, follow, max-snippet:-1, max-image-preview:large, max-video-preview:-1\" \/>\n<link rel=\"canonical\" href=\"https:\/\/www.bilogistik.com\/fr\/nous\/nos-clients\/\" \/>\n<meta property=\"og:locale\" content=\"fr_FR\" \/>\n<meta property=\"og:type\" content=\"article\" \/>\n<meta property=\"og:title\" content=\"Nos clients | Bilogistik\" \/>\n<meta property=\"og:description\" content=\"Nous poss\u00e9dons une grande exp\u00e9rience dans le transport de marchandises. D\u00e9couvrez quelles entreprises ont fait confiance \u00e0 notre service int\u00e9gral.\" \/>\n<meta property=\"og:url\" content=\"https:\/\/www.bilogistik.com\/fr\/nous\/nos-clients\/\" \/>\n<meta property=\"og:site_name\" content=\"Bilogistik\" \/>\n<meta property=\"article:modified_time\" content=\"2021-12-17T09:42:01+00:00\" \/>\n<meta property=\"og:image\" content=\"https:\/\/www.bilogistik.com\/wp-content\/uploads\/2021\/09\/sectores-industriales.jpg\" \/>\n<meta name=\"twitter:card\" content=\"summary_large_image\" \/>\n<meta name=\"twitter:label1\" content=\"Dur\u00e9e de lecture estim\u00e9e\" \/>\n\t<meta name=\"twitter:data1\" content=\"2 minutes\" \/>\n<script type=\"application\/ld+json\" class=\"yoast-schema-graph\">{\"@context\":\"https:\\\/\\\/schema.org\",\"@graph\":[{\"@type\":\"WebPage\",\"@id\":\"https:\\\/\\\/www.bilogistik.com\\\/fr\\\/nous\\\/nos-clients\\\/\",\"url\":\"https:\\\/\\\/www.bilogistik.com\\\/fr\\\/nous\\\/nos-clients\\\/\",\"name\":\"Nos clients | Bilogistik\",\"isPartOf\":{\"@id\":\"https:\\\/\\\/www.bilogistik.com\\\/fr\\\/#website\"},\"primaryImageOfPage\":{\"@id\":\"https:\\\/\\\/www.bilogistik.com\\\/fr\\\/nous\\\/nos-clients\\\/#primaryimage\"},\"image\":{\"@id\":\"https:\\\/\\\/www.bilogistik.com\\\/fr\\\/nous\\\/nos-clients\\\/#primaryimage\"},\"thumbnailUrl\":\"https:\\\/\\\/www.bilogistik.com\\\/wp-content\\\/uploads\\\/2021\\\/09\\\/sectores-industriales.jpg\",\"datePublished\":\"2021-08-25T11:48:43+00:00\",\"dateModified\":\"2021-12-17T09:42:01+00:00\",\"description\":\"Nous poss\u00e9dons une grande exp\u00e9rience dans le transport de marchandises. D\u00e9couvrez quelles entreprises ont fait confiance \u00e0 notre service int\u00e9gral.\",\"breadcrumb\":{\"@id\":\"https:\\\/\\\/www.bilogistik.com\\\/fr\\\/nous\\\/nos-clients\\\/#breadcrumb\"},\"inLanguage\":\"fr-FR\",\"potentialAction\":[{\"@type\":\"ReadAction\",\"target\":[\"https:\\\/\\\/www.bilogistik.com\\\/fr\\\/nous\\\/nos-clients\\\/\"]}]},{\"@type\":\"ImageObject\",\"inLanguage\":\"fr-FR\",\"@id\":\"https:\\\/\\\/www.bilogistik.com\\\/fr\\\/nous\\\/nos-clients\\\/#primaryimage\",\"url\":\"https:\\\/\\\/www.bilogistik.com\\\/wp-content\\\/uploads\\\/2021\\\/09\\\/sectores-industriales.jpg\",\"contentUrl\":\"https:\\\/\\\/www.bilogistik.com\\\/wp-content\\\/uploads\\\/2021\\\/09\\\/sectores-industriales.jpg\"},{\"@type\":\"BreadcrumbList\",\"@id\":\"https:\\\/\\\/www.bilogistik.com\\\/fr\\\/nous\\\/nos-clients\\\/#breadcrumb\",\"itemListElement\":[{\"@type\":\"ListItem\",\"position\":1,\"name\":\"\u00c0 propos de nous\",\"item\":\"https:\\\/\\\/www.bilogistik.com\\\/fr\\\/nous\\\/\"},{\"@type\":\"ListItem\",\"position\":2,\"name\":\"Nos clients\"}]},{\"@type\":\"WebSite\",\"@id\":\"https:\\\/\\\/www.bilogistik.com\\\/fr\\\/#website\",\"url\":\"https:\\\/\\\/www.bilogistik.com\\\/fr\\\/\",\"name\":\"Bilogistik\",\"description\":\"\",\"potentialAction\":[{\"@type\":\"SearchAction\",\"target\":{\"@type\":\"EntryPoint\",\"urlTemplate\":\"https:\\\/\\\/www.bilogistik.com\\\/fr\\\/?s={search_term_string}\"},\"query-input\":{\"@type\":\"PropertyValueSpecification\",\"valueRequired\":true,\"valueName\":\"search_term_string\"}}],\"inLanguage\":\"fr-FR\"}]}<\/script>\n<!-- \/ Yoast SEO plugin. -->","yoast_head_json":{"title":"Nos clients | Bilogistik","description":"Nous poss\u00e9dons une grande exp\u00e9rience dans le transport de marchandises. D\u00e9couvrez quelles entreprises ont fait confiance \u00e0 notre service int\u00e9gral.","robots":{"index":"index","follow":"follow","max-snippet":"max-snippet:-1","max-image-preview":"max-image-preview:large","max-video-preview":"max-video-preview:-1"},"canonical":"https:\/\/www.bilogistik.com\/fr\/nous\/nos-clients\/","og_locale":"fr_FR","og_type":"article","og_title":"Nos clients | Bilogistik","og_description":"Nous poss\u00e9dons une grande exp\u00e9rience dans le transport de marchandises. D\u00e9couvrez quelles entreprises ont fait confiance \u00e0 notre service int\u00e9gral.","og_url":"https:\/\/www.bilogistik.com\/fr\/nous\/nos-clients\/","og_site_name":"Bilogistik","article_modified_time":"2021-12-17T09:42:01+00:00","og_image":[{"url":"https:\/\/www.bilogistik.com\/wp-content\/uploads\/2021\/09\/sectores-industriales.jpg","type":"","width":"","height":""}],"twitter_card":"summary_large_image","twitter_misc":{"Dur\u00e9e de lecture estim\u00e9e":"2 minutes"},"schema":{"@context":"https:\/\/schema.org","@graph":[{"@type":"WebPage","@id":"https:\/\/www.bilogistik.com\/fr\/nous\/nos-clients\/","url":"https:\/\/www.bilogistik.com\/fr\/nous\/nos-clients\/","name":"Nos clients | Bilogistik","isPartOf":{"@id":"https:\/\/www.bilogistik.com\/fr\/#website"},"primaryImageOfPage":{"@id":"https:\/\/www.bilogistik.com\/fr\/nous\/nos-clients\/#primaryimage"},"image":{"@id":"https:\/\/www.bilogistik.com\/fr\/nous\/nos-clients\/#primaryimage"},"thumbnailUrl":"https:\/\/www.bilogistik.com\/wp-content\/uploads\/2021\/09\/sectores-industriales.jpg","datePublished":"2021-08-25T11:48:43+00:00","dateModified":"2021-12-17T09:42:01+00:00","description":"Nous poss\u00e9dons une grande exp\u00e9rience dans le transport de marchandises. D\u00e9couvrez quelles entreprises ont fait confiance \u00e0 notre service int\u00e9gral.","breadcrumb":{"@id":"https:\/\/www.bilogistik.com\/fr\/nous\/nos-clients\/#breadcrumb"},"inLanguage":"fr-FR","potentialAction":[{"@type":"ReadAction","target":["https:\/\/www.bilogistik.com\/fr\/nous\/nos-clients\/"]}]},{"@type":"ImageObject","inLanguage":"fr-FR","@id":"https:\/\/www.bilogistik.com\/fr\/nous\/nos-clients\/#primaryimage","url":"https:\/\/www.bilogistik.com\/wp-content\/uploads\/2021\/09\/sectores-industriales.jpg","contentUrl":"https:\/\/www.bilogistik.com\/wp-content\/uploads\/2021\/09\/sectores-industriales.jpg"},{"@type":"BreadcrumbList","@id":"https:\/\/www.bilogistik.com\/fr\/nous\/nos-clients\/#breadcrumb","itemListElement":[{"@type":"ListItem","position":1,"name":"\u00c0 propos de nous","item":"https:\/\/www.bilogistik.com\/fr\/nous\/"},{"@type":"ListItem","position":2,"name":"Nos clients"}]},{"@type":"WebSite","@id":"https:\/\/www.bilogistik.com\/fr\/#website","url":"https:\/\/www.bilogistik.com\/fr\/","name":"Bilogistik","description":"","potentialAction":[{"@type":"SearchAction","target":{"@type":"EntryPoint","urlTemplate":"https:\/\/www.bilogistik.com\/fr\/?s={search_term_string}"},"query-input":{"@type":"PropertyValueSpecification","valueRequired":true,"valueName":"search_term_string"}}],"inLanguage":"fr-FR"}]}},"_links":{"self":[{"href":"https:\/\/www.bilogistik.com\/fr\/wp-json\/wp\/v2\/pages\/3332","targetHints":{"allow":["GET"]}}],"collection":[{"href":"https:\/\/www.bilogistik.com\/fr\/wp-json\/wp\/v2\/pages"}],"about":[{"href":"https:\/\/www.bilogistik.com\/fr\/wp-json\/wp\/v2\/types\/page"}],"author":[{"embeddable":true,"href":"https:\/\/www.bilogistik.com\/fr\/wp-json\/wp\/v2\/users\/1"}],"replies":[{"embeddable":true,"href":"https:\/\/www.bilogistik.com\/fr\/wp-json\/wp\/v2\/comments?post=3332"}],"version-history":[{"count":0,"href":"https:\/\/www.bilogistik.com\/fr\/wp-json\/wp\/v2\/pages\/3332\/revisions"}],"up":[{"embeddable":true,"href":"https:\/\/www.bilogistik.com\/fr\/wp-json\/wp\/v2\/pages\/3311"}],"wp:attachment":[{"href":"https:\/\/www.bilogistik.com\/fr\/wp-json\/wp\/v2\/media?parent=3332"}],"curies":[{"name":"wp","href":"https:\/\/api.w.org\/{rel}","templated":true}]}}