{"id":3326,"date":"2021-08-25T11:43:32","date_gmt":"2021-08-25T11:43:32","guid":{"rendered":"https:\/\/www.bilogistik.com\/nous\/groupe-bilogistik\/navisa\/"},"modified":"2021-12-20T10:39:37","modified_gmt":"2021-12-20T10:39:37","slug":"navisa","status":"publish","type":"page","link":"https:\/\/www.bilogistik.com\/fr\/nous\/groupe-bilogistik\/navisa\/","title":{"rendered":"Navisa"},"content":{"rendered":"\r\n<header class=\"entry-header\" style=\"background-image:url(\/wp-content\/uploads\/bg-navisa.jpg);min-height:400px\">\r\n<div class=\"container\">\r\n<h1 class=\"entry-title\">Navisa Alfaship<\/h1>\r\n<\/div>\r\n<\/header>\r\n\r\n\r\n\r\n<section class=\"medio-gris\">\r\n<div class=\"container\">\r\n<div class=\"row\">\r\n<div class=\"col-5\">\r\n<img decoding=\"async\" src=\"https:\/\/www.bilogistik.com\/wp-content\/uploads\/2021\/10\/que-es-navisa.jpg\" alt=\"Navisa\">\r\n<\/div>\r\n<div class=\"col-1\">\r\n<\/div>\r\n<div class=\"col-6\">\r\n<h2>Pr\u00e9sentation de Navisa<\/h2>\r\n<p>Navisa est une entreprise consignataire appartenant au Groupe Bilogistik et filiale de la compagnie Alfaship, qui op\u00e8re dans tous les ports espagnols et principalement dans le port de Bilbao.<\/p>\r\n\r\n<p>Elle est sp\u00e9cialis\u00e9e dans la consignation de navires-citernes pour l\u2019industrie p\u00e9trochimique et de navires vraquiers. Elle travaille aussi avec des armateurs du monde entier et propose aux clients un conseil sp\u00e9cialis\u00e9 gr\u00e2ce \u00e0 ses agents experts dans le secteur.<\/p>\r\n\r\n<p>Elle peut ainsi offrir un service int\u00e9gr\u00e9 \u00e0 tout type de navires durant leur s\u00e9jour dans le port, qui inclut depuis les d\u00e9marches et formalit\u00e9s portuaires, consulaires, douani\u00e8res, visas et permis, jusqu\u2019\u00e0 l\u2019h\u00e9bergement, l\u2019assistance m\u00e9dicale ou le ravitaillement des \u00e9quipages.<\/p>\r\n<\/div><\/div>\r\n<\/div><\/section>\r\n\r\n\r\n\r\n<section>\r\n<h2 class=\"text-center\">Groupe Bilogistik<\/h2>\r\n<ul class=\"servicios grupo\">\r\n<li><img decoding=\"async\" src=\"https:\/\/www.bilogistik.com\/wp-content\/uploads\/2021\/12\/grupo-bilogistik-ancoa.jpg\" alt=\"ANCOA XXI\" \/>\r\n<h3>ANCOA XXI<\/h3>\r\n<p><strong>Transport terrestre<\/strong><\/p>\r\n<p>Experts in the land transport of bulk goods offering the very best in quality and efficiency.<\/p>\r\n<a class=\"button simple cta-info\" href=\"https:\/\/www.bilogistik.com\/fr\/nous\/groupe-bilogistik\/ancoa-xxi\/\">En savoir plus<\/a><\/li>\r\n<li><img decoding=\"async\" src=\"https:\/\/www.bilogistik.com\/wp-content\/uploads\/2021\/12\/grupo-bilogistik-atxapunte.jpg\" alt=\"ATXAPUNTE\" \/>\r\n<h3>ATXAPUNTE<\/h3>\r\n<p><strong>Transport terrestre<\/strong><\/p>\r\n<p>Experts dans le transport terrestre de marchandises en vrac avec le maximum de qualit\u00e9 et d\u2019efficacit\u00e9.<\/p>\r\n<a class=\"button simple cta-info\" href=\"https:\/\/www.bilogistik.com\/fr\/nous\/groupe-bilogistik\/atxapunte\/\">En savoir plus<\/a><\/li>\r\n<\/ul>\r\n<\/section>\r\n\r\n\r\n\r\n<section class=\"text-center max-900 doble-margin\">\r\n<h2>Clientes<\/h2>\r\n<p>En Bilogistik contamos con amplia experiencia en el desarrollo de soluciones log\u00edsticas \u00e1giles y de alto valor. Ayudamos a empresas de todo tipo de sectores a mantener su liderazgo, as\u00ed como a potenciar su competitividad con nuestras soluciones a medida.<\/p>\r\n<ul class=\"clientes\">\r\n<li><img decoding=\"async\" src=\"https:\/\/www.bilogistik.com\/wp-content\/uploads\/2021\/09\/logo-repsol.png\" alt=\"Logo Repsol\" \/><\/li>\r\n<li><img decoding=\"async\" src=\"https:\/\/www.bilogistik.com\/wp-content\/uploads\/2021\/09\/logo-petronor.png\" alt=\"Logo Petronor\" \/><\/li>\r\n<li><img decoding=\"async\" src=\"https:\/\/www.bilogistik.com\/wp-content\/uploads\/2021\/09\/logo-nizi.png\" alt=\"Logo Nizi\" \/><\/li>\r\n<li><img decoding=\"async\" src=\"https:\/\/www.bilogistik.com\/wp-content\/uploads\/2021\/09\/logo-rio-tinto.png\" alt=\"Logo Riotinto\" \/><\/li>\r\n<\/ul>\r\n<\/section>\r\n\r\n\r\n\r\n<section>\r\n<div class=\"row\">\r\n<div class=\"col-6\">\r\n<img decoding=\"async\" src=\"https:\/\/www.bilogistik.com\/wp-content\/uploads\/2021\/10\/contacto.jpg\" alt=\"Contacta con Bilogistik\">\r\n<\/div>\r\n<div class=\"col-6\">\r\n<h2 class=\"oscuro lower\">Contacta con nuestros expertos<\/h2>\r\n<p>\u00bfQuieres saber m\u00e1s sobre nuestros servicios log\u00edsticos?<\/p>\r\n<p>\u00bfDeseas solicitar un presupuesto? <br>Contacta con nuestro equipo de expertos para una atenci\u00f3n personalizada.<\/p>\r\n<a class=\"button cta-primary\" href=\"https:\/\/www.bilogistik.com\/contacto\/\">Contactar<\/a>\r\n<a class=\"button cta-primary\" href=\"https:\/\/www.bilogistik.com\/contacto\/pide-presupuesto\/\">Solicita presupuesto<\/a>\r\n<\/div>\r\n<\/div><\/section>\r\n\r\n\r\n\r\n<p><\/p>\r\n","protected":false},"excerpt":{"rendered":"<p>Navisa Alfaship Pr\u00e9sentation de Navisa Navisa est une entreprise consignataire appartenant au Groupe Bilogistik et filiale de la compagnie Alfaship, qui op\u00e8re dans tous les [&hellip;]<\/p>\n","protected":false},"author":1,"featured_media":0,"parent":3316,"menu_order":3,"comment_status":"closed","ping_status":"closed","template":"","meta":{"om_disable_all_campaigns":false,"_monsterinsights_skip_tracking":false,"_monsterinsights_sitenote_active":false,"_monsterinsights_sitenote_note":"","_monsterinsights_sitenote_category":0,"footnotes":""},"class_list":["post-3326","page","type-page","status-publish","hentry"],"aioseo_notices":[],"yoast_head":"<!-- This site is optimized with the Yoast SEO plugin v27.5 - https:\/\/yoast.com\/product\/yoast-seo-wordpress\/ -->\n<title>Navisa | Groupe Bilogistik<\/title>\n<meta name=\"description\" content=\"Navisa, avec une grande exp\u00e9rience professionnelle dans la consignation de navires en Espagne et dans le monde entier, fait partie du Groupe Bilogistik.\" \/>\n<meta name=\"robots\" content=\"index, follow, max-snippet:-1, max-image-preview:large, max-video-preview:-1\" \/>\n<link rel=\"canonical\" href=\"https:\/\/www.bilogistik.com\/fr\/nous\/groupe-bilogistik\/navisa\/\" \/>\n<meta property=\"og:locale\" content=\"fr_FR\" \/>\n<meta property=\"og:type\" content=\"article\" \/>\n<meta property=\"og:title\" content=\"Navisa | Groupe Bilogistik\" \/>\n<meta property=\"og:description\" content=\"Navisa, avec une grande exp\u00e9rience professionnelle dans la consignation de navires en Espagne et dans le monde entier, fait partie du Groupe Bilogistik.\" \/>\n<meta property=\"og:url\" content=\"https:\/\/www.bilogistik.com\/fr\/nous\/groupe-bilogistik\/navisa\/\" \/>\n<meta property=\"og:site_name\" content=\"Bilogistik\" \/>\n<meta property=\"article:modified_time\" content=\"2021-12-20T10:39:37+00:00\" \/>\n<meta property=\"og:image\" content=\"https:\/\/www.bilogistik.com\/wp-content\/uploads\/2021\/10\/que-es-navisa.jpg\" \/>\n<meta name=\"twitter:card\" content=\"summary_large_image\" \/>\n<meta name=\"twitter:label1\" content=\"Dur\u00e9e de lecture estim\u00e9e\" \/>\n\t<meta name=\"twitter:data1\" content=\"1 minute\" \/>\n<script type=\"application\/ld+json\" class=\"yoast-schema-graph\">{\"@context\":\"https:\\\/\\\/schema.org\",\"@graph\":[{\"@type\":\"WebPage\",\"@id\":\"https:\\\/\\\/www.bilogistik.com\\\/fr\\\/nous\\\/groupe-bilogistik\\\/navisa\\\/\",\"url\":\"https:\\\/\\\/www.bilogistik.com\\\/fr\\\/nous\\\/groupe-bilogistik\\\/navisa\\\/\",\"name\":\"Navisa | Groupe Bilogistik\",\"isPartOf\":{\"@id\":\"https:\\\/\\\/www.bilogistik.com\\\/fr\\\/#website\"},\"primaryImageOfPage\":{\"@id\":\"https:\\\/\\\/www.bilogistik.com\\\/fr\\\/nous\\\/groupe-bilogistik\\\/navisa\\\/#primaryimage\"},\"image\":{\"@id\":\"https:\\\/\\\/www.bilogistik.com\\\/fr\\\/nous\\\/groupe-bilogistik\\\/navisa\\\/#primaryimage\"},\"thumbnailUrl\":\"https:\\\/\\\/www.bilogistik.com\\\/wp-content\\\/uploads\\\/2021\\\/10\\\/que-es-navisa.jpg\",\"datePublished\":\"2021-08-25T11:43:32+00:00\",\"dateModified\":\"2021-12-20T10:39:37+00:00\",\"description\":\"Navisa, avec une grande exp\u00e9rience professionnelle dans la consignation de navires en Espagne et dans le monde entier, fait partie du Groupe Bilogistik.\",\"breadcrumb\":{\"@id\":\"https:\\\/\\\/www.bilogistik.com\\\/fr\\\/nous\\\/groupe-bilogistik\\\/navisa\\\/#breadcrumb\"},\"inLanguage\":\"fr-FR\",\"potentialAction\":[{\"@type\":\"ReadAction\",\"target\":[\"https:\\\/\\\/www.bilogistik.com\\\/fr\\\/nous\\\/groupe-bilogistik\\\/navisa\\\/\"]}]},{\"@type\":\"ImageObject\",\"inLanguage\":\"fr-FR\",\"@id\":\"https:\\\/\\\/www.bilogistik.com\\\/fr\\\/nous\\\/groupe-bilogistik\\\/navisa\\\/#primaryimage\",\"url\":\"https:\\\/\\\/www.bilogistik.com\\\/wp-content\\\/uploads\\\/2021\\\/10\\\/que-es-navisa.jpg\",\"contentUrl\":\"https:\\\/\\\/www.bilogistik.com\\\/wp-content\\\/uploads\\\/2021\\\/10\\\/que-es-navisa.jpg\"},{\"@type\":\"BreadcrumbList\",\"@id\":\"https:\\\/\\\/www.bilogistik.com\\\/fr\\\/nous\\\/groupe-bilogistik\\\/navisa\\\/#breadcrumb\",\"itemListElement\":[{\"@type\":\"ListItem\",\"position\":1,\"name\":\"\u00c0 propos de nous\",\"item\":\"https:\\\/\\\/www.bilogistik.com\\\/fr\\\/nous\\\/\"},{\"@type\":\"ListItem\",\"position\":2,\"name\":\"Groupe Bilogistik\",\"item\":\"https:\\\/\\\/www.bilogistik.com\\\/fr\\\/nous\\\/groupe-bilogistik\\\/\"},{\"@type\":\"ListItem\",\"position\":3,\"name\":\"Navisa\"}]},{\"@type\":\"WebSite\",\"@id\":\"https:\\\/\\\/www.bilogistik.com\\\/fr\\\/#website\",\"url\":\"https:\\\/\\\/www.bilogistik.com\\\/fr\\\/\",\"name\":\"Bilogistik\",\"description\":\"\",\"potentialAction\":[{\"@type\":\"SearchAction\",\"target\":{\"@type\":\"EntryPoint\",\"urlTemplate\":\"https:\\\/\\\/www.bilogistik.com\\\/fr\\\/?s={search_term_string}\"},\"query-input\":{\"@type\":\"PropertyValueSpecification\",\"valueRequired\":true,\"valueName\":\"search_term_string\"}}],\"inLanguage\":\"fr-FR\"}]}<\/script>\n<!-- \/ Yoast SEO plugin. -->","yoast_head_json":{"title":"Navisa | Groupe Bilogistik","description":"Navisa, avec une grande exp\u00e9rience professionnelle dans la consignation de navires en Espagne et dans le monde entier, fait partie du Groupe Bilogistik.","robots":{"index":"index","follow":"follow","max-snippet":"max-snippet:-1","max-image-preview":"max-image-preview:large","max-video-preview":"max-video-preview:-1"},"canonical":"https:\/\/www.bilogistik.com\/fr\/nous\/groupe-bilogistik\/navisa\/","og_locale":"fr_FR","og_type":"article","og_title":"Navisa | Groupe Bilogistik","og_description":"Navisa, avec une grande exp\u00e9rience professionnelle dans la consignation de navires en Espagne et dans le monde entier, fait partie du Groupe Bilogistik.","og_url":"https:\/\/www.bilogistik.com\/fr\/nous\/groupe-bilogistik\/navisa\/","og_site_name":"Bilogistik","article_modified_time":"2021-12-20T10:39:37+00:00","og_image":[{"url":"https:\/\/www.bilogistik.com\/wp-content\/uploads\/2021\/10\/que-es-navisa.jpg","type":"","width":"","height":""}],"twitter_card":"summary_large_image","twitter_misc":{"Dur\u00e9e de lecture estim\u00e9e":"1 minute"},"schema":{"@context":"https:\/\/schema.org","@graph":[{"@type":"WebPage","@id":"https:\/\/www.bilogistik.com\/fr\/nous\/groupe-bilogistik\/navisa\/","url":"https:\/\/www.bilogistik.com\/fr\/nous\/groupe-bilogistik\/navisa\/","name":"Navisa | Groupe Bilogistik","isPartOf":{"@id":"https:\/\/www.bilogistik.com\/fr\/#website"},"primaryImageOfPage":{"@id":"https:\/\/www.bilogistik.com\/fr\/nous\/groupe-bilogistik\/navisa\/#primaryimage"},"image":{"@id":"https:\/\/www.bilogistik.com\/fr\/nous\/groupe-bilogistik\/navisa\/#primaryimage"},"thumbnailUrl":"https:\/\/www.bilogistik.com\/wp-content\/uploads\/2021\/10\/que-es-navisa.jpg","datePublished":"2021-08-25T11:43:32+00:00","dateModified":"2021-12-20T10:39:37+00:00","description":"Navisa, avec une grande exp\u00e9rience professionnelle dans la consignation de navires en Espagne et dans le monde entier, fait partie du Groupe Bilogistik.","breadcrumb":{"@id":"https:\/\/www.bilogistik.com\/fr\/nous\/groupe-bilogistik\/navisa\/#breadcrumb"},"inLanguage":"fr-FR","potentialAction":[{"@type":"ReadAction","target":["https:\/\/www.bilogistik.com\/fr\/nous\/groupe-bilogistik\/navisa\/"]}]},{"@type":"ImageObject","inLanguage":"fr-FR","@id":"https:\/\/www.bilogistik.com\/fr\/nous\/groupe-bilogistik\/navisa\/#primaryimage","url":"https:\/\/www.bilogistik.com\/wp-content\/uploads\/2021\/10\/que-es-navisa.jpg","contentUrl":"https:\/\/www.bilogistik.com\/wp-content\/uploads\/2021\/10\/que-es-navisa.jpg"},{"@type":"BreadcrumbList","@id":"https:\/\/www.bilogistik.com\/fr\/nous\/groupe-bilogistik\/navisa\/#breadcrumb","itemListElement":[{"@type":"ListItem","position":1,"name":"\u00c0 propos de nous","item":"https:\/\/www.bilogistik.com\/fr\/nous\/"},{"@type":"ListItem","position":2,"name":"Groupe Bilogistik","item":"https:\/\/www.bilogistik.com\/fr\/nous\/groupe-bilogistik\/"},{"@type":"ListItem","position":3,"name":"Navisa"}]},{"@type":"WebSite","@id":"https:\/\/www.bilogistik.com\/fr\/#website","url":"https:\/\/www.bilogistik.com\/fr\/","name":"Bilogistik","description":"","potentialAction":[{"@type":"SearchAction","target":{"@type":"EntryPoint","urlTemplate":"https:\/\/www.bilogistik.com\/fr\/?s={search_term_string}"},"query-input":{"@type":"PropertyValueSpecification","valueRequired":true,"valueName":"search_term_string"}}],"inLanguage":"fr-FR"}]}},"_links":{"self":[{"href":"https:\/\/www.bilogistik.com\/fr\/wp-json\/wp\/v2\/pages\/3326","targetHints":{"allow":["GET"]}}],"collection":[{"href":"https:\/\/www.bilogistik.com\/fr\/wp-json\/wp\/v2\/pages"}],"about":[{"href":"https:\/\/www.bilogistik.com\/fr\/wp-json\/wp\/v2\/types\/page"}],"author":[{"embeddable":true,"href":"https:\/\/www.bilogistik.com\/fr\/wp-json\/wp\/v2\/users\/1"}],"replies":[{"embeddable":true,"href":"https:\/\/www.bilogistik.com\/fr\/wp-json\/wp\/v2\/comments?post=3326"}],"version-history":[{"count":0,"href":"https:\/\/www.bilogistik.com\/fr\/wp-json\/wp\/v2\/pages\/3326\/revisions"}],"up":[{"embeddable":true,"href":"https:\/\/www.bilogistik.com\/fr\/wp-json\/wp\/v2\/pages\/3316"}],"wp:attachment":[{"href":"https:\/\/www.bilogistik.com\/fr\/wp-json\/wp\/v2\/media?parent=3326"}],"curies":[{"name":"wp","href":"https:\/\/api.w.org\/{rel}","templated":true}]}}