{"id":3319,"date":"2021-08-25T11:41:03","date_gmt":"2021-08-25T11:41:03","guid":{"rendered":"https:\/\/www.bilogistik.com\/nous\/groupe-bilogistik\/ancoa-xxi\/"},"modified":"2021-12-20T10:37:57","modified_gmt":"2021-12-20T10:37:57","slug":"ancoa-xxi","status":"publish","type":"page","link":"https:\/\/www.bilogistik.com\/fr\/nous\/groupe-bilogistik\/ancoa-xxi\/","title":{"rendered":"Ancoa XXI"},"content":{"rendered":"\r\n<header class=\"entry-header\" style=\"background-image:url(\/wp-content\/uploads\/bg-ancoa.jpg);min-height: 400px;\">\r\n<div class=\"container\">\r\n<h1 class=\"entry-title\">Ancoa XXI<\/h1>\r\n<\/div>\r\n<\/header>\r\n\r\n\r\n\r\n<section class=\"medio-gris\">\r\n<div class=\"container\">\r\n<div class=\"row\">\r\n<div class=\"col-5\">\r\n<img decoding=\"async\" src=\"https:\/\/www.bilogistik.com\/wp-content\/uploads\/2021\/09\/ancoa-xxi.jpg\" alt=\"Ancoa XXI\">\r\n<\/div>\r\n<div class=\"col-1\">\r\n<\/div>\r\n<div class=\"col-6\">\r\n<h2>Pr\u00e9sentation d\u2019Ancoa XXI<\/h2>\r\n<p>Ancoa XXI est une entreprise qui a pour activit\u00e9 le transport de vrac solide, coke de p\u00e9trole, soufre et bitume.<\/p>\r\n\r\n<p>Elle est sp\u00e9cialis\u00e9e dans les transports ADR et dispose de 25 tracteurs routiers, 35 semi-remorques \u00e0 benne basculante, 12 citernes \u00e0 bitume et semi-remorques pour le transport de vrac d\u2019une capacit\u00e9 allant jusqu\u2019\u00e0 40 tonnes.<\/p>\r\n\r\n<p>Elle assure aussi des transports nationaux et internationaux en disposant d\u2019\u00e9quipements ultramodernes et dot\u00e9s des technologies les plus avanc\u00e9es en termes de s\u00e9curit\u00e9.<\/p>\r\n<\/div><\/div>\r\n<\/div><\/section>\r\n\r\n\r\n\r\n<section>\r\n<h2 class=\"text-center\">Groupe Bilogistik<\/h2>\r\n<ul class=\"servicios grupo\">\r\n<li><img decoding=\"async\" src=\"https:\/\/www.bilogistik.com\/wp-content\/uploads\/2021\/12\/grupo-bilogistik-navisa.jpg\" alt=\"NAVISA ALFASHIP\" \/>\r\n<h3>NAVISA ALFASHIP<\/h3>\r\n<p><strong>Transport multimodal<\/strong><\/p>\r\n<p>Une \u00e9quipe professionnelle sp\u00e9cialis\u00e9e dans la consignation de navires, \u00e0 l\u2019\u00e9chelle nationale et internationale.<\/p>\r\n<a class=\"button simple cta-info\" href=\"https:\/\/www.bilogistik.com\/fr\/nous\/groupe-bilogistik\/navisa\/\">En savoir plus<\/a><\/li>\r\n<li><img decoding=\"async\" src=\"https:\/\/www.bilogistik.com\/wp-content\/uploads\/2021\/12\/grupo-bilogistik-atxapunte.jpg\" alt=\"ATXAPUNTE\" \/>\r\n<h3>ATXAPUNTE<\/h3>\r\n<p><strong>Transport terrestre<\/strong><\/p>\r\n<p>Experts dans le transport terrestre de marchandises en vrac avec le maximum de qualit\u00e9 et d\u2019efficacit\u00e9.<\/p>\r\n<a class=\"button simple cta-info\" href=\"https:\/\/www.bilogistik.com\/fr\/nous\/groupe-bilogistik\/atxapunte\/\">En savoir plus<\/a><\/li>\r\n<\/ul>\r\n<\/section>\r\n\r\n\r\n\r\n<section class=\"text-center max-900 doble-margin\">\r\n<h2>Clientes<\/h2>\r\n<p>En Bilogistik contamos con amplia experiencia en el desarrollo de soluciones log\u00edsticas \u00e1giles y de alto valor. Ayudamos a empresas de todo tipo de sectores a mantener su liderazgo, as\u00ed como a potenciar su competitividad con nuestras soluciones a medida.<\/p>\r\n<ul class=\"clientes\">\r\n<li><img decoding=\"async\" src=\"https:\/\/www.bilogistik.com\/wp-content\/uploads\/2021\/09\/logo-repsol.png\" alt=\"Logo Repsol\" \/><\/li>\r\n<li><img decoding=\"async\" src=\"https:\/\/www.bilogistik.com\/wp-content\/uploads\/2021\/09\/logo-petronor.png\" alt=\"Logo Petronor\" \/><\/li>\r\n<li><img decoding=\"async\" src=\"https:\/\/www.bilogistik.com\/wp-content\/uploads\/2021\/09\/logo-nizi.png\" alt=\"Logo Nizi\" \/><\/li>\r\n<li><img decoding=\"async\" src=\"https:\/\/www.bilogistik.com\/wp-content\/uploads\/2021\/09\/logo-rio-tinto.png\" alt=\"Logo Riotinto\" \/><\/li>\r\n<\/ul>\r\n<\/section>\r\n\r\n\r\n\r\n<section>\r\n<div class=\"row\">\r\n<div class=\"col-6\">\r\n<img decoding=\"async\" src=\"https:\/\/www.bilogistik.com\/wp-content\/uploads\/2021\/10\/contacto.jpg\" alt=\"Contacta con Bilogistik\">\r\n<\/div>\r\n<div class=\"col-6\">\r\n<h2 class=\"oscuro lower\">Contacta con nuestros expertos<\/h2>\r\n<p>\u00bfQuieres saber m\u00e1s sobre nuestros servicios log\u00edsticos?<\/p>\r\n<p>\u00bfDeseas solicitar un presupuesto? <br>Contacta con nuestro equipo de expertos para una atenci\u00f3n personalizada.<\/p>\r\n<a class=\"button cta-primary\" href=\"https:\/\/www.bilogistik.com\/contacto\/\">Contactar<\/a>\r\n<a class=\"button cta-primary\" href=\"https:\/\/www.bilogistik.com\/contacto\/pide-presupuesto\/\">Solicita presupuesto<\/a>\r\n<\/div>\r\n<\/div><\/section>\r\n\r\n\r\n\r\n<p><\/p>\r\n","protected":false},"excerpt":{"rendered":"<p>Ancoa XXI Pr\u00e9sentation d\u2019Ancoa XXI Ancoa XXI est une entreprise qui a pour activit\u00e9 le transport de vrac solide, coke de p\u00e9trole, soufre et bitume. [&hellip;]<\/p>\n","protected":false},"author":1,"featured_media":0,"parent":3316,"menu_order":1,"comment_status":"closed","ping_status":"closed","template":"","meta":{"om_disable_all_campaigns":false,"_monsterinsights_skip_tracking":false,"_monsterinsights_sitenote_active":false,"_monsterinsights_sitenote_note":"","_monsterinsights_sitenote_category":0,"footnotes":""},"class_list":["post-3319","page","type-page","status-publish","hentry"],"aioseo_notices":[],"yoast_head":"<!-- This site is optimized with the Yoast SEO plugin v27.5 - https:\/\/yoast.com\/product\/yoast-seo-wordpress\/ -->\n<title>Ancoa XXI | Groupe Bilogistik<\/title>\n<meta name=\"description\" content=\"Ancoa XXI, grand expert du transport national et international de vrac et de marchandises dangereuses, fait partie du Groupe Bilogistik.\" \/>\n<meta name=\"robots\" content=\"index, follow, max-snippet:-1, max-image-preview:large, max-video-preview:-1\" \/>\n<link rel=\"canonical\" href=\"https:\/\/www.bilogistik.com\/fr\/nous\/groupe-bilogistik\/ancoa-xxi\/\" \/>\n<meta property=\"og:locale\" content=\"fr_FR\" \/>\n<meta property=\"og:type\" content=\"article\" \/>\n<meta property=\"og:title\" content=\"Ancoa XXI | Groupe Bilogistik\" \/>\n<meta property=\"og:description\" content=\"Ancoa XXI, grand expert du transport national et international de vrac et de marchandises dangereuses, fait partie du Groupe Bilogistik.\" \/>\n<meta property=\"og:url\" content=\"https:\/\/www.bilogistik.com\/fr\/nous\/groupe-bilogistik\/ancoa-xxi\/\" \/>\n<meta property=\"og:site_name\" content=\"Bilogistik\" \/>\n<meta property=\"article:modified_time\" content=\"2021-12-20T10:37:57+00:00\" \/>\n<meta property=\"og:image\" content=\"https:\/\/www.bilogistik.com\/wp-content\/uploads\/2021\/09\/ancoa-xxi.jpg\" \/>\n<meta name=\"twitter:card\" content=\"summary_large_image\" \/>\n<meta name=\"twitter:label1\" content=\"Dur\u00e9e de lecture estim\u00e9e\" \/>\n\t<meta name=\"twitter:data1\" content=\"1 minute\" \/>\n<script type=\"application\/ld+json\" class=\"yoast-schema-graph\">{\"@context\":\"https:\\\/\\\/schema.org\",\"@graph\":[{\"@type\":\"WebPage\",\"@id\":\"https:\\\/\\\/www.bilogistik.com\\\/fr\\\/nous\\\/groupe-bilogistik\\\/ancoa-xxi\\\/\",\"url\":\"https:\\\/\\\/www.bilogistik.com\\\/fr\\\/nous\\\/groupe-bilogistik\\\/ancoa-xxi\\\/\",\"name\":\"Ancoa XXI | Groupe Bilogistik\",\"isPartOf\":{\"@id\":\"https:\\\/\\\/www.bilogistik.com\\\/fr\\\/#website\"},\"primaryImageOfPage\":{\"@id\":\"https:\\\/\\\/www.bilogistik.com\\\/fr\\\/nous\\\/groupe-bilogistik\\\/ancoa-xxi\\\/#primaryimage\"},\"image\":{\"@id\":\"https:\\\/\\\/www.bilogistik.com\\\/fr\\\/nous\\\/groupe-bilogistik\\\/ancoa-xxi\\\/#primaryimage\"},\"thumbnailUrl\":\"https:\\\/\\\/www.bilogistik.com\\\/wp-content\\\/uploads\\\/2021\\\/09\\\/ancoa-xxi.jpg\",\"datePublished\":\"2021-08-25T11:41:03+00:00\",\"dateModified\":\"2021-12-20T10:37:57+00:00\",\"description\":\"Ancoa XXI, grand expert du transport national et international de vrac et de marchandises dangereuses, fait partie du Groupe Bilogistik.\",\"breadcrumb\":{\"@id\":\"https:\\\/\\\/www.bilogistik.com\\\/fr\\\/nous\\\/groupe-bilogistik\\\/ancoa-xxi\\\/#breadcrumb\"},\"inLanguage\":\"fr-FR\",\"potentialAction\":[{\"@type\":\"ReadAction\",\"target\":[\"https:\\\/\\\/www.bilogistik.com\\\/fr\\\/nous\\\/groupe-bilogistik\\\/ancoa-xxi\\\/\"]}]},{\"@type\":\"ImageObject\",\"inLanguage\":\"fr-FR\",\"@id\":\"https:\\\/\\\/www.bilogistik.com\\\/fr\\\/nous\\\/groupe-bilogistik\\\/ancoa-xxi\\\/#primaryimage\",\"url\":\"https:\\\/\\\/www.bilogistik.com\\\/wp-content\\\/uploads\\\/2021\\\/09\\\/ancoa-xxi.jpg\",\"contentUrl\":\"https:\\\/\\\/www.bilogistik.com\\\/wp-content\\\/uploads\\\/2021\\\/09\\\/ancoa-xxi.jpg\"},{\"@type\":\"BreadcrumbList\",\"@id\":\"https:\\\/\\\/www.bilogistik.com\\\/fr\\\/nous\\\/groupe-bilogistik\\\/ancoa-xxi\\\/#breadcrumb\",\"itemListElement\":[{\"@type\":\"ListItem\",\"position\":1,\"name\":\"\u00c0 propos de nous\",\"item\":\"https:\\\/\\\/www.bilogistik.com\\\/fr\\\/nous\\\/\"},{\"@type\":\"ListItem\",\"position\":2,\"name\":\"Groupe Bilogistik\",\"item\":\"https:\\\/\\\/www.bilogistik.com\\\/fr\\\/nous\\\/groupe-bilogistik\\\/\"},{\"@type\":\"ListItem\",\"position\":3,\"name\":\"Ancoa XXI\"}]},{\"@type\":\"WebSite\",\"@id\":\"https:\\\/\\\/www.bilogistik.com\\\/fr\\\/#website\",\"url\":\"https:\\\/\\\/www.bilogistik.com\\\/fr\\\/\",\"name\":\"Bilogistik\",\"description\":\"\",\"potentialAction\":[{\"@type\":\"SearchAction\",\"target\":{\"@type\":\"EntryPoint\",\"urlTemplate\":\"https:\\\/\\\/www.bilogistik.com\\\/fr\\\/?s={search_term_string}\"},\"query-input\":{\"@type\":\"PropertyValueSpecification\",\"valueRequired\":true,\"valueName\":\"search_term_string\"}}],\"inLanguage\":\"fr-FR\"}]}<\/script>\n<!-- \/ Yoast SEO plugin. -->","yoast_head_json":{"title":"Ancoa XXI | Groupe Bilogistik","description":"Ancoa XXI, grand expert du transport national et international de vrac et de marchandises dangereuses, fait partie du Groupe Bilogistik.","robots":{"index":"index","follow":"follow","max-snippet":"max-snippet:-1","max-image-preview":"max-image-preview:large","max-video-preview":"max-video-preview:-1"},"canonical":"https:\/\/www.bilogistik.com\/fr\/nous\/groupe-bilogistik\/ancoa-xxi\/","og_locale":"fr_FR","og_type":"article","og_title":"Ancoa XXI | Groupe Bilogistik","og_description":"Ancoa XXI, grand expert du transport national et international de vrac et de marchandises dangereuses, fait partie du Groupe Bilogistik.","og_url":"https:\/\/www.bilogistik.com\/fr\/nous\/groupe-bilogistik\/ancoa-xxi\/","og_site_name":"Bilogistik","article_modified_time":"2021-12-20T10:37:57+00:00","og_image":[{"url":"https:\/\/www.bilogistik.com\/wp-content\/uploads\/2021\/09\/ancoa-xxi.jpg","type":"","width":"","height":""}],"twitter_card":"summary_large_image","twitter_misc":{"Dur\u00e9e de lecture estim\u00e9e":"1 minute"},"schema":{"@context":"https:\/\/schema.org","@graph":[{"@type":"WebPage","@id":"https:\/\/www.bilogistik.com\/fr\/nous\/groupe-bilogistik\/ancoa-xxi\/","url":"https:\/\/www.bilogistik.com\/fr\/nous\/groupe-bilogistik\/ancoa-xxi\/","name":"Ancoa XXI | Groupe Bilogistik","isPartOf":{"@id":"https:\/\/www.bilogistik.com\/fr\/#website"},"primaryImageOfPage":{"@id":"https:\/\/www.bilogistik.com\/fr\/nous\/groupe-bilogistik\/ancoa-xxi\/#primaryimage"},"image":{"@id":"https:\/\/www.bilogistik.com\/fr\/nous\/groupe-bilogistik\/ancoa-xxi\/#primaryimage"},"thumbnailUrl":"https:\/\/www.bilogistik.com\/wp-content\/uploads\/2021\/09\/ancoa-xxi.jpg","datePublished":"2021-08-25T11:41:03+00:00","dateModified":"2021-12-20T10:37:57+00:00","description":"Ancoa XXI, grand expert du transport national et international de vrac et de marchandises dangereuses, fait partie du Groupe Bilogistik.","breadcrumb":{"@id":"https:\/\/www.bilogistik.com\/fr\/nous\/groupe-bilogistik\/ancoa-xxi\/#breadcrumb"},"inLanguage":"fr-FR","potentialAction":[{"@type":"ReadAction","target":["https:\/\/www.bilogistik.com\/fr\/nous\/groupe-bilogistik\/ancoa-xxi\/"]}]},{"@type":"ImageObject","inLanguage":"fr-FR","@id":"https:\/\/www.bilogistik.com\/fr\/nous\/groupe-bilogistik\/ancoa-xxi\/#primaryimage","url":"https:\/\/www.bilogistik.com\/wp-content\/uploads\/2021\/09\/ancoa-xxi.jpg","contentUrl":"https:\/\/www.bilogistik.com\/wp-content\/uploads\/2021\/09\/ancoa-xxi.jpg"},{"@type":"BreadcrumbList","@id":"https:\/\/www.bilogistik.com\/fr\/nous\/groupe-bilogistik\/ancoa-xxi\/#breadcrumb","itemListElement":[{"@type":"ListItem","position":1,"name":"\u00c0 propos de nous","item":"https:\/\/www.bilogistik.com\/fr\/nous\/"},{"@type":"ListItem","position":2,"name":"Groupe Bilogistik","item":"https:\/\/www.bilogistik.com\/fr\/nous\/groupe-bilogistik\/"},{"@type":"ListItem","position":3,"name":"Ancoa XXI"}]},{"@type":"WebSite","@id":"https:\/\/www.bilogistik.com\/fr\/#website","url":"https:\/\/www.bilogistik.com\/fr\/","name":"Bilogistik","description":"","potentialAction":[{"@type":"SearchAction","target":{"@type":"EntryPoint","urlTemplate":"https:\/\/www.bilogistik.com\/fr\/?s={search_term_string}"},"query-input":{"@type":"PropertyValueSpecification","valueRequired":true,"valueName":"search_term_string"}}],"inLanguage":"fr-FR"}]}},"_links":{"self":[{"href":"https:\/\/www.bilogistik.com\/fr\/wp-json\/wp\/v2\/pages\/3319","targetHints":{"allow":["GET"]}}],"collection":[{"href":"https:\/\/www.bilogistik.com\/fr\/wp-json\/wp\/v2\/pages"}],"about":[{"href":"https:\/\/www.bilogistik.com\/fr\/wp-json\/wp\/v2\/types\/page"}],"author":[{"embeddable":true,"href":"https:\/\/www.bilogistik.com\/fr\/wp-json\/wp\/v2\/users\/1"}],"replies":[{"embeddable":true,"href":"https:\/\/www.bilogistik.com\/fr\/wp-json\/wp\/v2\/comments?post=3319"}],"version-history":[{"count":0,"href":"https:\/\/www.bilogistik.com\/fr\/wp-json\/wp\/v2\/pages\/3319\/revisions"}],"up":[{"embeddable":true,"href":"https:\/\/www.bilogistik.com\/fr\/wp-json\/wp\/v2\/pages\/3316"}],"wp:attachment":[{"href":"https:\/\/www.bilogistik.com\/fr\/wp-json\/wp\/v2\/media?parent=3319"}],"curies":[{"name":"wp","href":"https:\/\/api.w.org\/{rel}","templated":true}]}}