{"id":3316,"date":"2021-08-25T11:39:15","date_gmt":"2021-08-25T11:39:15","guid":{"rendered":"https:\/\/www.bilogistik.com\/nous\/grupo-bilogistik\/"},"modified":"2021-12-17T09:38:57","modified_gmt":"2021-12-17T09:38:57","slug":"groupe-bilogistik","status":"publish","type":"page","link":"https:\/\/www.bilogistik.com\/fr\/nous\/groupe-bilogistik\/","title":{"rendered":"Groupe Bilogistik"},"content":{"rendered":"<header class=\"entry-header\" style=\"background-image: url('\/wp-content\/uploads\/bg-grupo-bilogistik.jpg');\">\r\n<div class=\"container\">\r\n<h1 class=\"entry-title\">Groupe Bilogistik<\/h1>\r\n<p>Bilogistik a \u00e9t\u00e9 cr\u00e9\u00e9e en 2012 par trois associ\u00e9s attestant diff\u00e9rentes exp\u00e9riences dans le transport routier, le secteur services et la logistique, y compris des postes \u00e0 haute responsabilit\u00e9 dans des multinationales du secteur.<\/p>\r\n<p>Des synergies et de la collaboration entre ces trois partenaires ne pouvait na\u00eetre qu\u2019une entreprise orient\u00e9e \u00e0 la couverture globale des besoins logistiques du client, quel que soit le niveau d\u2019exigence.<\/p>\r\n<p>Bilogistik, c\u2019est une entreprise de logistique proche de vous et pr\u00eate \u00e0 vous conseiller, avec les standards de qualit\u00e9 d\u2019une multinationale.<\/p>\r\n<\/div>\r\n<\/header>\r\n\r\n\r\n<section class=\"integral\">\r\n<div class=\"row\">\r\n<div class=\"col-6\">\r\n<h2>Notre objectif<\/h2>\r\n<p>Contribuer \u00e0 la croissance de nos clients en leur facilitant l\u2019acc\u00e8s \u00e0 n\u2019importe quel march\u00e9 international, gr\u00e2ce \u00e0 notre exp\u00e9rience et \u00e0 notre r\u00e9seau d\u2019agents sur les 5 continents.<\/p>\r\n<p>Et tout en m\u00eame temps, essayer nous-m\u00eames de grandir, de cr\u00e9er des emplois et d\u2019accompagner nos employ\u00e9s dans leur \u00e9panouissement et l\u2019am\u00e9lioration de leurs comp\u00e9tences.<\/p>\r\n<p>Nous avons pris un engagement ferme pour le recrutement de personnes jeunes et qualifi\u00e9es, qui apportent de l\u2019\u00e9nergie au projet et nous aident \u00e0 ne pas perdre la perspective des changements qui se produisent au sein de la soci\u00e9t\u00e9.<\/p>\r\n<\/div>\r\n<div class=\"col-6\">\r\n<div class=\"integral-img\"><img decoding=\"async\" src=\"https:\/\/www.bilogistik.com\/wp-content\/uploads\/2021\/10\/nuestro-objetivo.jpg\" alt=\"Nuestro Objetivo\" \/><\/div>\r\n<\/div>\r\n<\/div>\r\n<\/section>\r\n\r\n\r\n\r\n<section>\r\n<div class=\"row\">\r\n<div class=\"col-6\"><img decoding=\"async\" src=\"https:\/\/www.bilogistik.com\/wp-content\/uploads\/2021\/09\/servicios-logisticos.jpg\" alt=\"Servicios Log\u00edsticos de Alto Valor\" \/><\/div>\r\n<div class=\"col-6\">\r\n<h2>Services logistiques \u00e0 haute valeur ajout\u00e9e<\/h2>\r\n<p>Bilogistik offre un service logistique global et int\u00e9gr\u00e9, en se chargeant de la marchandise depuis la r\u00e9ception au point d\u2019origine jusqu\u2019\u00e0 la livraison \u00e0 destination.<\/p>\r\n<p>Nous poss\u00e9dons une exp\u00e9rience solide dans le transport a\u00e9rien, maritime, ferroviaire, terrestre ou multimodal. Nous proposons aussi des services d\u2019entreposage, de transitaire, de consignataire maritime et de gestion des douanes pour tout type de cargaisons.<\/p>\r\n<\/div>\r\n<\/div>\r\n<\/section>\r\n\r\n\r\n\r\n<section id=\"socios\" class=\"full bg-dark\">\r\n<div class=\"container\">\r\n<div class=\"row\">\r\n<div class=\"col-12\">\r\n<h2 class=\"text-center\">Nos associ\u00e9s<\/h2>\r\n<p class=\"max-900 text-center\">Groupe Bilogistik est une machine bien huil\u00e9e compos\u00e9e de 3 pi\u00e8ces : Ancoa XXI, Navisa Alfaship et Atxapunte, trois entreprises distinctes qui ont converg\u00e9 dans un m\u00eame groupe pour mieux aborder les diff\u00e9rentes phases du processus logistique.<\/p>\r\n<p class=\"max-900 text-center\">En tant qu\u2019entreprise d\u2019envergure mondiale, nous nous adaptons \u00e0 chaque op\u00e9ration en faisant appel \u00e0 des partenaires internationaux. Le plus important d\u2019entre eux est DOLT Logistics, avec qui nous travaillons en France, en Belgique, en Hollande et en Scandinavie.<\/p>\r\n<ul class=\"socios-list\">\r\n<li>\r\n<p class=\"text-center\" style=\"margin-top: 30px; margin-bottom: 50px;\"><a class=\"btn-servicios empresa\" href=\"https:\/\/www.bilogistik.com\/fr\/nous\/groupe-bilogistik\/ancoa-xxi\/\">Ancoa XXI<\/a><\/p>\r\n<p>Entreprise sp\u00e9cialiste du transport de vrac solide, coke de p\u00e9trole, soufre et bitume.<\/p>\r\n<a class=\"button simple cta-info\" href=\"https:\/\/www.bilogistik.com\/fr\/nous\/groupe-bilogistik\/ancoa-xxi\/\">En savoir plus<\/a><\/li>\r\n<li>\r\n<p class=\"text-center\" style=\"margin-top: 30px; margin-bottom: 50px;\"><a class=\"btn-servicios empresa\" href=\"https:\/\/www.bilogistik.com\/fr\/nous\/groupe-bilogistik\/atxapunte\/\">Atxapunte<\/a><\/p>\r\n<p>Experts dans le transport terrestre de marchandises en vrac avec le maximum de qualit\u00e9 et d\u2019efficacit\u00e9.<\/p>\r\n<a class=\"button simple cta-info\" href=\"https:\/\/www.bilogistik.com\/fr\/nous\/groupe-bilogistik\/atxapunte\/\">En savoir plus<\/a><\/li>\r\n<li>\r\n<p class=\"text-center\" style=\"margin-top: 30px; margin-bottom: 50px;\"><a class=\"btn-servicios empresa\" href=\"https:\/\/www.bilogistik.com\/fr\/nous\/groupe-bilogistik\/navisa\/\">Navisa<\/a><\/p>\r\n<p>Une \u00e9quipe professionnelle sp\u00e9cialis\u00e9e dans la consignation de navires, \u00e0 l\u2019\u00e9chelle nationale et internationale.<\/p>\r\n<a class=\"button simple cta-info\" href=\"https:\/\/www.bilogistik.com\/fr\/nous\/groupe-bilogistik\/navisa\/\">En savoir plus<\/a><\/li>\r\n<\/ul>\r\n<\/div>\r\n<\/div>\r\n<\/div>\r\n<\/section>\r\n\r\n\r\n\r\n<section>\r\n<div class=\"row\">\r\n<div class=\"col-6\">\r\n<img decoding=\"async\" src=\"https:\/\/www.bilogistik.com\/wp-content\/uploads\/2021\/10\/contacto.jpg\" alt=\"Contacta con Bilogistik\">\r\n<\/div>\r\n<div class=\"col-6\">\r\n<h2 class=\"oscuro lower\">Contacta con nuestros expertos<\/h2>\r\n<p>\u00bfQuieres saber m\u00e1s sobre nuestros servicios log\u00edsticos?<\/p>\r\n<p>\u00bfDeseas solicitar un presupuesto? <br>Contacta con nuestro equipo de expertos para una atenci\u00f3n personalizada.<\/p>\r\n<a class=\"button cta-primary\" href=\"https:\/\/www.bilogistik.com\/contacto\/\">Contactar<\/a>\r\n<a class=\"button cta-primary\" href=\"https:\/\/www.bilogistik.com\/contacto\/pide-presupuesto\/\">Solicita presupuesto<\/a>\r\n<\/div>\r\n<\/div><\/section>\r\n\r\n\r\n\r\n<p><\/p>\r\n","protected":false},"excerpt":{"rendered":"<p>Groupe Bilogistik Bilogistik a \u00e9t\u00e9 cr\u00e9\u00e9e en 2012 par trois associ\u00e9s attestant diff\u00e9rentes exp\u00e9riences dans le transport routier, le secteur services et la logistique, y [&hellip;]<\/p>\n","protected":false},"author":1,"featured_media":0,"parent":3311,"menu_order":1,"comment_status":"closed","ping_status":"closed","template":"","meta":{"om_disable_all_campaigns":false,"_monsterinsights_skip_tracking":false,"_monsterinsights_sitenote_active":false,"_monsterinsights_sitenote_note":"","_monsterinsights_sitenote_category":0,"footnotes":""},"class_list":["post-3316","page","type-page","status-publish","hentry"],"aioseo_notices":[],"yoast_head":"<!-- This site is optimized with the Yoast SEO plugin v27.5 - https:\/\/yoast.com\/product\/yoast-seo-wordpress\/ -->\n<title>D\u00e9couvrez le Groupe Bilogistik<\/title>\n<meta name=\"description\" content=\"Groupe Bilogistik est une entreprise form\u00e9e par trois associ\u00e9s, experts en logistique et dans les services logistiques \u00e0 haute valeur ajout\u00e9e.\" \/>\n<meta name=\"robots\" content=\"index, follow, max-snippet:-1, max-image-preview:large, max-video-preview:-1\" \/>\n<link rel=\"canonical\" href=\"https:\/\/www.bilogistik.com\/fr\/nous\/groupe-bilogistik\/\" \/>\n<meta property=\"og:locale\" content=\"fr_FR\" \/>\n<meta property=\"og:type\" content=\"article\" \/>\n<meta property=\"og:title\" content=\"D\u00e9couvrez le Groupe Bilogistik\" \/>\n<meta property=\"og:description\" content=\"Groupe Bilogistik est une entreprise form\u00e9e par trois associ\u00e9s, experts en logistique et dans les services logistiques \u00e0 haute valeur ajout\u00e9e.\" \/>\n<meta property=\"og:url\" content=\"https:\/\/www.bilogistik.com\/fr\/nous\/groupe-bilogistik\/\" \/>\n<meta property=\"og:site_name\" content=\"Bilogistik\" \/>\n<meta property=\"article:modified_time\" content=\"2021-12-17T09:38:57+00:00\" \/>\n<meta property=\"og:image\" content=\"https:\/\/www.bilogistik.com\/wp-content\/uploads\/2021\/10\/nuestro-objetivo.jpg\" \/>\n<meta name=\"twitter:card\" content=\"summary_large_image\" \/>\n<meta name=\"twitter:label1\" content=\"Dur\u00e9e de lecture estim\u00e9e\" \/>\n\t<meta name=\"twitter:data1\" content=\"3 minutes\" \/>\n<script type=\"application\/ld+json\" class=\"yoast-schema-graph\">{\"@context\":\"https:\\\/\\\/schema.org\",\"@graph\":[{\"@type\":\"WebPage\",\"@id\":\"https:\\\/\\\/www.bilogistik.com\\\/fr\\\/nous\\\/groupe-bilogistik\\\/\",\"url\":\"https:\\\/\\\/www.bilogistik.com\\\/fr\\\/nous\\\/groupe-bilogistik\\\/\",\"name\":\"D\u00e9couvrez le Groupe Bilogistik\",\"isPartOf\":{\"@id\":\"https:\\\/\\\/www.bilogistik.com\\\/fr\\\/#website\"},\"primaryImageOfPage\":{\"@id\":\"https:\\\/\\\/www.bilogistik.com\\\/fr\\\/nous\\\/groupe-bilogistik\\\/#primaryimage\"},\"image\":{\"@id\":\"https:\\\/\\\/www.bilogistik.com\\\/fr\\\/nous\\\/groupe-bilogistik\\\/#primaryimage\"},\"thumbnailUrl\":\"https:\\\/\\\/www.bilogistik.com\\\/wp-content\\\/uploads\\\/2021\\\/10\\\/nuestro-objetivo.jpg\",\"datePublished\":\"2021-08-25T11:39:15+00:00\",\"dateModified\":\"2021-12-17T09:38:57+00:00\",\"description\":\"Groupe Bilogistik est une entreprise form\u00e9e par trois associ\u00e9s, experts en logistique et dans les services logistiques \u00e0 haute valeur ajout\u00e9e.\",\"breadcrumb\":{\"@id\":\"https:\\\/\\\/www.bilogistik.com\\\/fr\\\/nous\\\/groupe-bilogistik\\\/#breadcrumb\"},\"inLanguage\":\"fr-FR\",\"potentialAction\":[{\"@type\":\"ReadAction\",\"target\":[\"https:\\\/\\\/www.bilogistik.com\\\/fr\\\/nous\\\/groupe-bilogistik\\\/\"]}]},{\"@type\":\"ImageObject\",\"inLanguage\":\"fr-FR\",\"@id\":\"https:\\\/\\\/www.bilogistik.com\\\/fr\\\/nous\\\/groupe-bilogistik\\\/#primaryimage\",\"url\":\"https:\\\/\\\/www.bilogistik.com\\\/wp-content\\\/uploads\\\/2021\\\/10\\\/nuestro-objetivo.jpg\",\"contentUrl\":\"https:\\\/\\\/www.bilogistik.com\\\/wp-content\\\/uploads\\\/2021\\\/10\\\/nuestro-objetivo.jpg\"},{\"@type\":\"BreadcrumbList\",\"@id\":\"https:\\\/\\\/www.bilogistik.com\\\/fr\\\/nous\\\/groupe-bilogistik\\\/#breadcrumb\",\"itemListElement\":[{\"@type\":\"ListItem\",\"position\":1,\"name\":\"\u00c0 propos de nous\",\"item\":\"https:\\\/\\\/www.bilogistik.com\\\/fr\\\/nous\\\/\"},{\"@type\":\"ListItem\",\"position\":2,\"name\":\"Groupe Bilogistik\"}]},{\"@type\":\"WebSite\",\"@id\":\"https:\\\/\\\/www.bilogistik.com\\\/fr\\\/#website\",\"url\":\"https:\\\/\\\/www.bilogistik.com\\\/fr\\\/\",\"name\":\"Bilogistik\",\"description\":\"\",\"potentialAction\":[{\"@type\":\"SearchAction\",\"target\":{\"@type\":\"EntryPoint\",\"urlTemplate\":\"https:\\\/\\\/www.bilogistik.com\\\/fr\\\/?s={search_term_string}\"},\"query-input\":{\"@type\":\"PropertyValueSpecification\",\"valueRequired\":true,\"valueName\":\"search_term_string\"}}],\"inLanguage\":\"fr-FR\"}]}<\/script>\n<!-- \/ Yoast SEO plugin. -->","yoast_head_json":{"title":"D\u00e9couvrez le Groupe Bilogistik","description":"Groupe Bilogistik est une entreprise form\u00e9e par trois associ\u00e9s, experts en logistique et dans les services logistiques \u00e0 haute valeur ajout\u00e9e.","robots":{"index":"index","follow":"follow","max-snippet":"max-snippet:-1","max-image-preview":"max-image-preview:large","max-video-preview":"max-video-preview:-1"},"canonical":"https:\/\/www.bilogistik.com\/fr\/nous\/groupe-bilogistik\/","og_locale":"fr_FR","og_type":"article","og_title":"D\u00e9couvrez le Groupe Bilogistik","og_description":"Groupe Bilogistik est une entreprise form\u00e9e par trois associ\u00e9s, experts en logistique et dans les services logistiques \u00e0 haute valeur ajout\u00e9e.","og_url":"https:\/\/www.bilogistik.com\/fr\/nous\/groupe-bilogistik\/","og_site_name":"Bilogistik","article_modified_time":"2021-12-17T09:38:57+00:00","og_image":[{"url":"https:\/\/www.bilogistik.com\/wp-content\/uploads\/2021\/10\/nuestro-objetivo.jpg","type":"","width":"","height":""}],"twitter_card":"summary_large_image","twitter_misc":{"Dur\u00e9e de lecture estim\u00e9e":"3 minutes"},"schema":{"@context":"https:\/\/schema.org","@graph":[{"@type":"WebPage","@id":"https:\/\/www.bilogistik.com\/fr\/nous\/groupe-bilogistik\/","url":"https:\/\/www.bilogistik.com\/fr\/nous\/groupe-bilogistik\/","name":"D\u00e9couvrez le Groupe Bilogistik","isPartOf":{"@id":"https:\/\/www.bilogistik.com\/fr\/#website"},"primaryImageOfPage":{"@id":"https:\/\/www.bilogistik.com\/fr\/nous\/groupe-bilogistik\/#primaryimage"},"image":{"@id":"https:\/\/www.bilogistik.com\/fr\/nous\/groupe-bilogistik\/#primaryimage"},"thumbnailUrl":"https:\/\/www.bilogistik.com\/wp-content\/uploads\/2021\/10\/nuestro-objetivo.jpg","datePublished":"2021-08-25T11:39:15+00:00","dateModified":"2021-12-17T09:38:57+00:00","description":"Groupe Bilogistik est une entreprise form\u00e9e par trois associ\u00e9s, experts en logistique et dans les services logistiques \u00e0 haute valeur ajout\u00e9e.","breadcrumb":{"@id":"https:\/\/www.bilogistik.com\/fr\/nous\/groupe-bilogistik\/#breadcrumb"},"inLanguage":"fr-FR","potentialAction":[{"@type":"ReadAction","target":["https:\/\/www.bilogistik.com\/fr\/nous\/groupe-bilogistik\/"]}]},{"@type":"ImageObject","inLanguage":"fr-FR","@id":"https:\/\/www.bilogistik.com\/fr\/nous\/groupe-bilogistik\/#primaryimage","url":"https:\/\/www.bilogistik.com\/wp-content\/uploads\/2021\/10\/nuestro-objetivo.jpg","contentUrl":"https:\/\/www.bilogistik.com\/wp-content\/uploads\/2021\/10\/nuestro-objetivo.jpg"},{"@type":"BreadcrumbList","@id":"https:\/\/www.bilogistik.com\/fr\/nous\/groupe-bilogistik\/#breadcrumb","itemListElement":[{"@type":"ListItem","position":1,"name":"\u00c0 propos de nous","item":"https:\/\/www.bilogistik.com\/fr\/nous\/"},{"@type":"ListItem","position":2,"name":"Groupe Bilogistik"}]},{"@type":"WebSite","@id":"https:\/\/www.bilogistik.com\/fr\/#website","url":"https:\/\/www.bilogistik.com\/fr\/","name":"Bilogistik","description":"","potentialAction":[{"@type":"SearchAction","target":{"@type":"EntryPoint","urlTemplate":"https:\/\/www.bilogistik.com\/fr\/?s={search_term_string}"},"query-input":{"@type":"PropertyValueSpecification","valueRequired":true,"valueName":"search_term_string"}}],"inLanguage":"fr-FR"}]}},"_links":{"self":[{"href":"https:\/\/www.bilogistik.com\/fr\/wp-json\/wp\/v2\/pages\/3316","targetHints":{"allow":["GET"]}}],"collection":[{"href":"https:\/\/www.bilogistik.com\/fr\/wp-json\/wp\/v2\/pages"}],"about":[{"href":"https:\/\/www.bilogistik.com\/fr\/wp-json\/wp\/v2\/types\/page"}],"author":[{"embeddable":true,"href":"https:\/\/www.bilogistik.com\/fr\/wp-json\/wp\/v2\/users\/1"}],"replies":[{"embeddable":true,"href":"https:\/\/www.bilogistik.com\/fr\/wp-json\/wp\/v2\/comments?post=3316"}],"version-history":[{"count":0,"href":"https:\/\/www.bilogistik.com\/fr\/wp-json\/wp\/v2\/pages\/3316\/revisions"}],"up":[{"embeddable":true,"href":"https:\/\/www.bilogistik.com\/fr\/wp-json\/wp\/v2\/pages\/3311"}],"wp:attachment":[{"href":"https:\/\/www.bilogistik.com\/fr\/wp-json\/wp\/v2\/media?parent=3316"}],"curies":[{"name":"wp","href":"https:\/\/api.w.org\/{rel}","templated":true}]}}