{"id":3311,"date":"2021-08-25T11:34:24","date_gmt":"2021-08-25T11:34:24","guid":{"rendered":"https:\/\/www.bilogistik.com\/nosotros\/"},"modified":"2021-12-17T09:35:03","modified_gmt":"2021-12-17T09:35:03","slug":"nous","status":"publish","type":"page","link":"https:\/\/www.bilogistik.com\/fr\/nous\/","title":{"rendered":"\u00c0 propos de nous"},"content":{"rendered":"<header class=\"entry-header\" style=\"background-image: url('\/wp-content\/uploads\/bg-nosotros.jpg'); background-position: bottom;\">\r\n<div class=\"container\">\r\n<h1 class=\"entry-title\">\u00c0 propos de nous<\/h1>\r\n<p>Bilogistik a \u00e9t\u00e9 cr\u00e9\u00e9e en 2012 par trois associ\u00e9s attestant diff\u00e9rentes exp\u00e9riences dans le transport routier, le secteur services et la logistique, y compris des postes \u00e0 haute responsabilit\u00e9 dans des multinationales du secteur.<\/p>\r\n<p>Des synergies et de la collaboration entre ces trois partenaires ne pouvait na\u00eetre qu\u2019une entreprise orient\u00e9e \u00e0 la couverture globale des besoins logistiques du client, quel que soit le niveau d\u2019exigence.<\/p>\r\n<\/div>\r\n<\/header>\r\n\r\n\r\n<section class=\"medio-gris\">\r\n<div class=\"container\">\r\n<div class=\"row\">\r\n<div class=\"col-5\"><img decoding=\"async\" src=\"https:\/\/www.bilogistik.com\/wp-content\/uploads\/2021\/09\/grupo-bilogistik.jpg\" alt=\"Grupo Bilogistik\" \/><\/div>\r\n<div class=\"col-1\">\u00a0<\/div>\r\n<div class=\"col-6\">\r\n<h2 class=\"lower\">Groupe Bilogistik<\/h2>\r\n<p>D\u00e9couvrez Groupe Bilogistik, une entreprise form\u00e9e par trois associ\u00e9s, experte dans le transport de marchandises et de services logistiques \u00e0 haute valeur ajout\u00e9e.<\/p>\r\n<a class=\"button cta-info\" href=\"https:\/\/www.bilogistik.com\/fr\/nous\/groupe-bilogistik\/\">En savoir plus<\/a><\/div>\r\n<\/div>\r\n<\/div>\r\n<\/section>\r\n\r\n\r\n\r\n<section>\r\n<div class=\"row\">\r\n<div class=\"col-6\"><img decoding=\"async\" src=\"https:\/\/www.bilogistik.com\/wp-content\/uploads\/2021\/08\/trabaja-con-nosotros.jpg\" alt=\"Trabaja con Nosotros\" \/><\/div>\r\n<div class=\"col-6\">\r\n<h2 class=\"oscuro lower\">Travaillez avec nous<\/h2>\r\n<p>D\u00e9veloppez votre carri\u00e8re professionnelle dans le secteur de la logistique avec Bilogistik. Nous sommes \u00e0 la recherche de nouveaux talents. Vous aimeriez vous joindre \u00e0 nous ?<\/p>\r\n<a class=\"button cta-info\" href=\"https:\/\/www.bilogistik.com\/fr\/nous\/travaillez-avec-nous\/\">En savoir plus<\/a><\/div>\r\n<\/div>\r\n<\/section>\r\n\r\n\r\n\r\n<section>\r\n<div class=\"row\">\r\n<div class=\"col-6\">\r\n<img decoding=\"async\" src=\"https:\/\/www.bilogistik.com\/wp-content\/uploads\/2021\/10\/contacto.jpg\" alt=\"Contacta con Bilogistik\">\r\n<\/div>\r\n<div class=\"col-6\">\r\n<h2 class=\"oscuro lower\">Contacta con nuestros expertos<\/h2>\r\n<p>\u00bfQuieres saber m\u00e1s sobre nuestros servicios log\u00edsticos?<\/p>\r\n<p>\u00bfDeseas solicitar un presupuesto? <br>Contacta con nuestro equipo de expertos para una atenci\u00f3n personalizada.<\/p>\r\n<a class=\"button cta-primary\" href=\"https:\/\/www.bilogistik.com\/contacto\/\">Contactar<\/a>\r\n<a class=\"button cta-primary\" href=\"https:\/\/www.bilogistik.com\/contacto\/pide-presupuesto\/\">Solicita presupuesto<\/a>\r\n<\/div>\r\n<\/div><\/section>\r\n\r\n\r\n\r\n<p><\/p>\r\n","protected":false},"excerpt":{"rendered":"<p>\u00c0 propos de nous Bilogistik a \u00e9t\u00e9 cr\u00e9\u00e9e en 2012 par trois associ\u00e9s attestant diff\u00e9rentes exp\u00e9riences dans le transport routier, le secteur services et la [&hellip;]<\/p>\n","protected":false},"author":1,"featured_media":0,"parent":0,"menu_order":0,"comment_status":"closed","ping_status":"closed","template":"","meta":{"om_disable_all_campaigns":false,"_monsterinsights_skip_tracking":false,"_monsterinsights_sitenote_active":false,"_monsterinsights_sitenote_note":"","_monsterinsights_sitenote_category":0,"footnotes":""},"class_list":["post-3311","page","type-page","status-publish","hentry"],"aioseo_notices":[],"yoast_head":"<!-- This site is optimized with the Yoast SEO plugin v27.4 - https:\/\/yoast.com\/product\/yoast-seo-wordpress\/ -->\n<title>\u00c0 propos de nous | Bilogistik<\/title>\n<meta name=\"description\" content=\"Nous offrons une couverture globale et int\u00e9grale adapt\u00e9e aux besoins de chaque projet. Nous r\u00e9alisons toutes les op\u00e9rations de la cha\u00eene logistique.\" \/>\n<meta name=\"robots\" content=\"index, follow, max-snippet:-1, max-image-preview:large, max-video-preview:-1\" \/>\n<link rel=\"canonical\" href=\"https:\/\/www.bilogistik.com\/fr\/nous\/\" \/>\n<meta property=\"og:locale\" content=\"fr_FR\" \/>\n<meta property=\"og:type\" content=\"article\" \/>\n<meta property=\"og:title\" content=\"\u00c0 propos de nous | Bilogistik\" \/>\n<meta property=\"og:description\" content=\"Nous offrons une couverture globale et int\u00e9grale adapt\u00e9e aux besoins de chaque projet. Nous r\u00e9alisons toutes les op\u00e9rations de la cha\u00eene logistique.\" \/>\n<meta property=\"og:url\" content=\"https:\/\/www.bilogistik.com\/fr\/nous\/\" \/>\n<meta property=\"og:site_name\" content=\"Bilogistik\" \/>\n<meta property=\"article:modified_time\" content=\"2021-12-17T09:35:03+00:00\" \/>\n<meta property=\"og:image\" content=\"https:\/\/www.bilogistik.com\/wp-content\/uploads\/2021\/09\/grupo-bilogistik.jpg\" \/>\n<meta name=\"twitter:card\" content=\"summary_large_image\" \/>\n<meta name=\"twitter:label1\" content=\"Dur\u00e9e de lecture estim\u00e9e\" \/>\n\t<meta name=\"twitter:data1\" content=\"1 minute\" \/>\n<script type=\"application\/ld+json\" class=\"yoast-schema-graph\">{\"@context\":\"https:\\\/\\\/schema.org\",\"@graph\":[{\"@type\":\"WebPage\",\"@id\":\"https:\\\/\\\/www.bilogistik.com\\\/fr\\\/nous\\\/\",\"url\":\"https:\\\/\\\/www.bilogistik.com\\\/fr\\\/nous\\\/\",\"name\":\"\u00c0 propos de nous | Bilogistik\",\"isPartOf\":{\"@id\":\"https:\\\/\\\/www.bilogistik.com\\\/fr\\\/#website\"},\"primaryImageOfPage\":{\"@id\":\"https:\\\/\\\/www.bilogistik.com\\\/fr\\\/nous\\\/#primaryimage\"},\"image\":{\"@id\":\"https:\\\/\\\/www.bilogistik.com\\\/fr\\\/nous\\\/#primaryimage\"},\"thumbnailUrl\":\"https:\\\/\\\/www.bilogistik.com\\\/wp-content\\\/uploads\\\/2021\\\/09\\\/grupo-bilogistik.jpg\",\"datePublished\":\"2021-08-25T11:34:24+00:00\",\"dateModified\":\"2021-12-17T09:35:03+00:00\",\"description\":\"Nous offrons une couverture globale et int\u00e9grale adapt\u00e9e aux besoins de chaque projet. Nous r\u00e9alisons toutes les op\u00e9rations de la cha\u00eene logistique.\",\"inLanguage\":\"fr-FR\",\"potentialAction\":[{\"@type\":\"ReadAction\",\"target\":[\"https:\\\/\\\/www.bilogistik.com\\\/fr\\\/nous\\\/\"]}]},{\"@type\":\"ImageObject\",\"inLanguage\":\"fr-FR\",\"@id\":\"https:\\\/\\\/www.bilogistik.com\\\/fr\\\/nous\\\/#primaryimage\",\"url\":\"https:\\\/\\\/www.bilogistik.com\\\/wp-content\\\/uploads\\\/2021\\\/09\\\/grupo-bilogistik.jpg\",\"contentUrl\":\"https:\\\/\\\/www.bilogistik.com\\\/wp-content\\\/uploads\\\/2021\\\/09\\\/grupo-bilogistik.jpg\"},{\"@type\":\"WebSite\",\"@id\":\"https:\\\/\\\/www.bilogistik.com\\\/fr\\\/#website\",\"url\":\"https:\\\/\\\/www.bilogistik.com\\\/fr\\\/\",\"name\":\"Bilogistik\",\"description\":\"\",\"potentialAction\":[{\"@type\":\"SearchAction\",\"target\":{\"@type\":\"EntryPoint\",\"urlTemplate\":\"https:\\\/\\\/www.bilogistik.com\\\/fr\\\/?s={search_term_string}\"},\"query-input\":{\"@type\":\"PropertyValueSpecification\",\"valueRequired\":true,\"valueName\":\"search_term_string\"}}],\"inLanguage\":\"fr-FR\"}]}<\/script>\n<!-- \/ Yoast SEO plugin. -->","yoast_head_json":{"title":"\u00c0 propos de nous | Bilogistik","description":"Nous offrons une couverture globale et int\u00e9grale adapt\u00e9e aux besoins de chaque projet. Nous r\u00e9alisons toutes les op\u00e9rations de la cha\u00eene logistique.","robots":{"index":"index","follow":"follow","max-snippet":"max-snippet:-1","max-image-preview":"max-image-preview:large","max-video-preview":"max-video-preview:-1"},"canonical":"https:\/\/www.bilogistik.com\/fr\/nous\/","og_locale":"fr_FR","og_type":"article","og_title":"\u00c0 propos de nous | Bilogistik","og_description":"Nous offrons une couverture globale et int\u00e9grale adapt\u00e9e aux besoins de chaque projet. Nous r\u00e9alisons toutes les op\u00e9rations de la cha\u00eene logistique.","og_url":"https:\/\/www.bilogistik.com\/fr\/nous\/","og_site_name":"Bilogistik","article_modified_time":"2021-12-17T09:35:03+00:00","og_image":[{"url":"https:\/\/www.bilogistik.com\/wp-content\/uploads\/2021\/09\/grupo-bilogistik.jpg","type":"","width":"","height":""}],"twitter_card":"summary_large_image","twitter_misc":{"Dur\u00e9e de lecture estim\u00e9e":"1 minute"},"schema":{"@context":"https:\/\/schema.org","@graph":[{"@type":"WebPage","@id":"https:\/\/www.bilogistik.com\/fr\/nous\/","url":"https:\/\/www.bilogistik.com\/fr\/nous\/","name":"\u00c0 propos de nous | Bilogistik","isPartOf":{"@id":"https:\/\/www.bilogistik.com\/fr\/#website"},"primaryImageOfPage":{"@id":"https:\/\/www.bilogistik.com\/fr\/nous\/#primaryimage"},"image":{"@id":"https:\/\/www.bilogistik.com\/fr\/nous\/#primaryimage"},"thumbnailUrl":"https:\/\/www.bilogistik.com\/wp-content\/uploads\/2021\/09\/grupo-bilogistik.jpg","datePublished":"2021-08-25T11:34:24+00:00","dateModified":"2021-12-17T09:35:03+00:00","description":"Nous offrons une couverture globale et int\u00e9grale adapt\u00e9e aux besoins de chaque projet. Nous r\u00e9alisons toutes les op\u00e9rations de la cha\u00eene logistique.","inLanguage":"fr-FR","potentialAction":[{"@type":"ReadAction","target":["https:\/\/www.bilogistik.com\/fr\/nous\/"]}]},{"@type":"ImageObject","inLanguage":"fr-FR","@id":"https:\/\/www.bilogistik.com\/fr\/nous\/#primaryimage","url":"https:\/\/www.bilogistik.com\/wp-content\/uploads\/2021\/09\/grupo-bilogistik.jpg","contentUrl":"https:\/\/www.bilogistik.com\/wp-content\/uploads\/2021\/09\/grupo-bilogistik.jpg"},{"@type":"WebSite","@id":"https:\/\/www.bilogistik.com\/fr\/#website","url":"https:\/\/www.bilogistik.com\/fr\/","name":"Bilogistik","description":"","potentialAction":[{"@type":"SearchAction","target":{"@type":"EntryPoint","urlTemplate":"https:\/\/www.bilogistik.com\/fr\/?s={search_term_string}"},"query-input":{"@type":"PropertyValueSpecification","valueRequired":true,"valueName":"search_term_string"}}],"inLanguage":"fr-FR"}]}},"_links":{"self":[{"href":"https:\/\/www.bilogistik.com\/fr\/wp-json\/wp\/v2\/pages\/3311","targetHints":{"allow":["GET"]}}],"collection":[{"href":"https:\/\/www.bilogistik.com\/fr\/wp-json\/wp\/v2\/pages"}],"about":[{"href":"https:\/\/www.bilogistik.com\/fr\/wp-json\/wp\/v2\/types\/page"}],"author":[{"embeddable":true,"href":"https:\/\/www.bilogistik.com\/fr\/wp-json\/wp\/v2\/users\/1"}],"replies":[{"embeddable":true,"href":"https:\/\/www.bilogistik.com\/fr\/wp-json\/wp\/v2\/comments?post=3311"}],"version-history":[{"count":0,"href":"https:\/\/www.bilogistik.com\/fr\/wp-json\/wp\/v2\/pages\/3311\/revisions"}],"wp:attachment":[{"href":"https:\/\/www.bilogistik.com\/fr\/wp-json\/wp\/v2\/media?parent=3311"}],"curies":[{"name":"wp","href":"https:\/\/api.w.org\/{rel}","templated":true}]}}