{"id":3217,"date":"2021-08-25T11:48:43","date_gmt":"2021-08-25T11:48:43","guid":{"rendered":"https:\/\/www.bilogistik.com\/us\/nuestros-clientes\/"},"modified":"2021-12-17T09:41:47","modified_gmt":"2021-12-17T09:41:47","slug":"our-customers","status":"publish","type":"page","link":"https:\/\/www.bilogistik.com\/en\/us\/our-customers\/","title":{"rendered":"Our customers"},"content":{"rendered":"\r\n<header class=\"entry-header\" style=\"background-image:url(\/wp-content\/uploads\/bg-nuestros-clientes.jpg);\">\r\n<div class=\"container\">\r\n<h1 class=\"entry-title\">Our customers<\/h1>\r\n<p>At Bilogistik we have extensive experience in goods transport, both nationally and internationally, and in all types of industrial sectors. We offer personalised solutions and provide a response to any logistics requirements.<\/p>\r\n<\/div>\r\n<\/header>\r\n\r\n\r\n\r\n<section>\r\n<div class=\"row\">\r\n<div class=\"col-6\">\r\n<img decoding=\"async\" src=\"https:\/\/www.bilogistik.com\/wp-content\/uploads\/2021\/09\/sectores-industriales.jpg\" alt=\"Sectores Industriales\">\r\n<\/div>\r\n<div class=\"col-6\">\r\n<h2>Industrial sectors<\/h2>\r\n<p>We take care of transporting goods for all types of industrial sectors.<\/p> \r\n\r\n<p>We work with qualified personnel, officially approved vehicles and experience enabling us to optimise the supply chain to ensure that your goods arrive intact and having experienced no danger on the way.<\/p>\r\n<a class=\"button cta-info\" href=\"https:\/\/www.bilogistik.com\/en\/us\/our-customers\/sectors\/\">More information<\/a>\r\n<\/div><\/div>\r\n<\/section>\r\n\r\n\r\n\r\n<section>\r\n<div class=\"row\">\r\n<div class=\"col-6\">\r\n<h2>Geographic areas<\/h2>\r\n<p>At Bilogistik we accompany you in the international transport of your goods. We provide you with a global service for every stage of the logistics chain, with maximum efficiency and transparency wherever they go.<\/p>\r\n<a class=\"button cta-info\" href=\"https:\/\/www.bilogistik.com\/en\/us\/our-customers\/geographic-areas\/\">More information<\/a>\r\n<\/div>\r\n<div class=\"col-6\">\r\n<img decoding=\"async\" src=\"https:\/\/www.bilogistik.com\/wp-content\/uploads\/2021\/09\/areas-geograficas.jpg\" alt=\"\u00c1reas Geogr\u00e1ficas\">\r\n<\/div><\/div>\r\n<\/section>\r\n\r\n\r\n\r\n<section class=\"text-center max-900 doble-margin\">\r\n<h2>Clientes<\/h2>\r\n<p>En Bilogistik contamos con amplia experiencia en el desarrollo de soluciones log\u00edsticas \u00e1giles y de alto valor. Ayudamos a empresas de todo tipo de sectores a mantener su liderazgo, as\u00ed como a potenciar su competitividad con nuestras soluciones a medida.<\/p>\r\n<ul class=\"clientes\">\r\n<li><img decoding=\"async\" src=\"https:\/\/www.bilogistik.com\/wp-content\/uploads\/2021\/09\/logo-repsol.png\" alt=\"Logo Repsol\" \/><\/li>\r\n<li><img decoding=\"async\" src=\"https:\/\/www.bilogistik.com\/wp-content\/uploads\/2021\/09\/logo-petronor.png\" alt=\"Logo Petronor\" \/><\/li>\r\n<li><img decoding=\"async\" src=\"https:\/\/www.bilogistik.com\/wp-content\/uploads\/2021\/09\/logo-nizi.png\" alt=\"Logo Nizi\" \/><\/li>\r\n<li><img decoding=\"async\" src=\"https:\/\/www.bilogistik.com\/wp-content\/uploads\/2021\/09\/logo-rio-tinto.png\" alt=\"Logo Riotinto\" \/><\/li>\r\n<\/ul>\r\n<\/section>\r\n\r\n\r\n\r\n<section>\r\n<div class=\"row\">\r\n<div class=\"col-6\">\r\n<img decoding=\"async\" src=\"https:\/\/www.bilogistik.com\/wp-content\/uploads\/2021\/10\/contacto.jpg\" alt=\"Contacta con Bilogistik\">\r\n<\/div>\r\n<div class=\"col-6\">\r\n<h2 class=\"oscuro lower\">Contacta con nuestros expertos<\/h2>\r\n<p>\u00bfQuieres saber m\u00e1s sobre nuestros servicios log\u00edsticos?<\/p>\r\n<p>\u00bfDeseas solicitar un presupuesto? <br>Contacta con nuestro equipo de expertos para una atenci\u00f3n personalizada.<\/p>\r\n<a class=\"button cta-primary\" href=\"https:\/\/www.bilogistik.com\/contacto\/\">Contactar<\/a>\r\n<a class=\"button cta-primary\" href=\"https:\/\/www.bilogistik.com\/contacto\/pide-presupuesto\/\">Solicita presupuesto<\/a>\r\n<\/div>\r\n<\/div><\/section>\r\n\r\n\r\n\r\n<p><\/p>\r\n","protected":false},"excerpt":{"rendered":"<p>Our customers At Bilogistik we have extensive experience in goods transport, both nationally and internationally, and in all types of industrial sectors. We offer personalised [&hellip;]<\/p>\n","protected":false},"author":1,"featured_media":0,"parent":3121,"menu_order":2,"comment_status":"closed","ping_status":"closed","template":"","meta":{"om_disable_all_campaigns":false,"_monsterinsights_skip_tracking":false,"_monsterinsights_sitenote_active":false,"_monsterinsights_sitenote_note":"","_monsterinsights_sitenote_category":0,"footnotes":""},"class_list":["post-3217","page","type-page","status-publish","hentry"],"aioseo_notices":[],"yoast_head":"<!-- This site is optimized with the Yoast SEO plugin v27.5 - https:\/\/yoast.com\/product\/yoast-seo-wordpress\/ -->\n<title>Our customers | Bilogistik<\/title>\n<meta name=\"description\" content=\"We have extensive experience in national and international goods transport. See which companies have placed their trust in our integral service.\" \/>\n<meta name=\"robots\" content=\"index, follow, max-snippet:-1, max-image-preview:large, max-video-preview:-1\" \/>\n<link rel=\"canonical\" href=\"https:\/\/www.bilogistik.com\/en\/us\/our-customers\/\" \/>\n<meta property=\"og:locale\" content=\"en_US\" \/>\n<meta property=\"og:type\" content=\"article\" \/>\n<meta property=\"og:title\" content=\"Our customers | Bilogistik\" \/>\n<meta property=\"og:description\" content=\"We have extensive experience in national and international goods transport. See which companies have placed their trust in our integral service.\" \/>\n<meta property=\"og:url\" content=\"https:\/\/www.bilogistik.com\/en\/us\/our-customers\/\" \/>\n<meta property=\"og:site_name\" content=\"Bilogistik\" \/>\n<meta property=\"article:modified_time\" content=\"2021-12-17T09:41:47+00:00\" \/>\n<meta property=\"og:image\" content=\"https:\/\/www.bilogistik.com\/wp-content\/uploads\/2021\/09\/sectores-industriales.jpg\" \/>\n<meta name=\"twitter:card\" content=\"summary_large_image\" \/>\n<meta name=\"twitter:label1\" content=\"Est. reading time\" \/>\n\t<meta name=\"twitter:data1\" content=\"1 minute\" \/>\n<script type=\"application\/ld+json\" class=\"yoast-schema-graph\">{\"@context\":\"https:\\\/\\\/schema.org\",\"@graph\":[{\"@type\":\"WebPage\",\"@id\":\"https:\\\/\\\/www.bilogistik.com\\\/en\\\/us\\\/our-customers\\\/\",\"url\":\"https:\\\/\\\/www.bilogistik.com\\\/en\\\/us\\\/our-customers\\\/\",\"name\":\"Our customers | Bilogistik\",\"isPartOf\":{\"@id\":\"https:\\\/\\\/www.bilogistik.com\\\/en\\\/#website\"},\"primaryImageOfPage\":{\"@id\":\"https:\\\/\\\/www.bilogistik.com\\\/en\\\/us\\\/our-customers\\\/#primaryimage\"},\"image\":{\"@id\":\"https:\\\/\\\/www.bilogistik.com\\\/en\\\/us\\\/our-customers\\\/#primaryimage\"},\"thumbnailUrl\":\"https:\\\/\\\/www.bilogistik.com\\\/wp-content\\\/uploads\\\/2021\\\/09\\\/sectores-industriales.jpg\",\"datePublished\":\"2021-08-25T11:48:43+00:00\",\"dateModified\":\"2021-12-17T09:41:47+00:00\",\"description\":\"We have extensive experience in national and international goods transport. See which companies have placed their trust in our integral service.\",\"breadcrumb\":{\"@id\":\"https:\\\/\\\/www.bilogistik.com\\\/en\\\/us\\\/our-customers\\\/#breadcrumb\"},\"inLanguage\":\"en-US\",\"potentialAction\":[{\"@type\":\"ReadAction\",\"target\":[\"https:\\\/\\\/www.bilogistik.com\\\/en\\\/us\\\/our-customers\\\/\"]}]},{\"@type\":\"ImageObject\",\"inLanguage\":\"en-US\",\"@id\":\"https:\\\/\\\/www.bilogistik.com\\\/en\\\/us\\\/our-customers\\\/#primaryimage\",\"url\":\"https:\\\/\\\/www.bilogistik.com\\\/wp-content\\\/uploads\\\/2021\\\/09\\\/sectores-industriales.jpg\",\"contentUrl\":\"https:\\\/\\\/www.bilogistik.com\\\/wp-content\\\/uploads\\\/2021\\\/09\\\/sectores-industriales.jpg\"},{\"@type\":\"BreadcrumbList\",\"@id\":\"https:\\\/\\\/www.bilogistik.com\\\/en\\\/us\\\/our-customers\\\/#breadcrumb\",\"itemListElement\":[{\"@type\":\"ListItem\",\"position\":1,\"name\":\"About us\",\"item\":\"https:\\\/\\\/www.bilogistik.com\\\/en\\\/us\\\/\"},{\"@type\":\"ListItem\",\"position\":2,\"name\":\"Our customers\"}]},{\"@type\":\"WebSite\",\"@id\":\"https:\\\/\\\/www.bilogistik.com\\\/en\\\/#website\",\"url\":\"https:\\\/\\\/www.bilogistik.com\\\/en\\\/\",\"name\":\"Bilogistik\",\"description\":\"\",\"potentialAction\":[{\"@type\":\"SearchAction\",\"target\":{\"@type\":\"EntryPoint\",\"urlTemplate\":\"https:\\\/\\\/www.bilogistik.com\\\/en\\\/?s={search_term_string}\"},\"query-input\":{\"@type\":\"PropertyValueSpecification\",\"valueRequired\":true,\"valueName\":\"search_term_string\"}}],\"inLanguage\":\"en-US\"}]}<\/script>\n<!-- \/ Yoast SEO plugin. -->","yoast_head_json":{"title":"Our customers | Bilogistik","description":"We have extensive experience in national and international goods transport. See which companies have placed their trust in our integral service.","robots":{"index":"index","follow":"follow","max-snippet":"max-snippet:-1","max-image-preview":"max-image-preview:large","max-video-preview":"max-video-preview:-1"},"canonical":"https:\/\/www.bilogistik.com\/en\/us\/our-customers\/","og_locale":"en_US","og_type":"article","og_title":"Our customers | Bilogistik","og_description":"We have extensive experience in national and international goods transport. See which companies have placed their trust in our integral service.","og_url":"https:\/\/www.bilogistik.com\/en\/us\/our-customers\/","og_site_name":"Bilogistik","article_modified_time":"2021-12-17T09:41:47+00:00","og_image":[{"url":"https:\/\/www.bilogistik.com\/wp-content\/uploads\/2021\/09\/sectores-industriales.jpg","type":"","width":"","height":""}],"twitter_card":"summary_large_image","twitter_misc":{"Est. reading time":"1 minute"},"schema":{"@context":"https:\/\/schema.org","@graph":[{"@type":"WebPage","@id":"https:\/\/www.bilogistik.com\/en\/us\/our-customers\/","url":"https:\/\/www.bilogistik.com\/en\/us\/our-customers\/","name":"Our customers | Bilogistik","isPartOf":{"@id":"https:\/\/www.bilogistik.com\/en\/#website"},"primaryImageOfPage":{"@id":"https:\/\/www.bilogistik.com\/en\/us\/our-customers\/#primaryimage"},"image":{"@id":"https:\/\/www.bilogistik.com\/en\/us\/our-customers\/#primaryimage"},"thumbnailUrl":"https:\/\/www.bilogistik.com\/wp-content\/uploads\/2021\/09\/sectores-industriales.jpg","datePublished":"2021-08-25T11:48:43+00:00","dateModified":"2021-12-17T09:41:47+00:00","description":"We have extensive experience in national and international goods transport. See which companies have placed their trust in our integral service.","breadcrumb":{"@id":"https:\/\/www.bilogistik.com\/en\/us\/our-customers\/#breadcrumb"},"inLanguage":"en-US","potentialAction":[{"@type":"ReadAction","target":["https:\/\/www.bilogistik.com\/en\/us\/our-customers\/"]}]},{"@type":"ImageObject","inLanguage":"en-US","@id":"https:\/\/www.bilogistik.com\/en\/us\/our-customers\/#primaryimage","url":"https:\/\/www.bilogistik.com\/wp-content\/uploads\/2021\/09\/sectores-industriales.jpg","contentUrl":"https:\/\/www.bilogistik.com\/wp-content\/uploads\/2021\/09\/sectores-industriales.jpg"},{"@type":"BreadcrumbList","@id":"https:\/\/www.bilogistik.com\/en\/us\/our-customers\/#breadcrumb","itemListElement":[{"@type":"ListItem","position":1,"name":"About us","item":"https:\/\/www.bilogistik.com\/en\/us\/"},{"@type":"ListItem","position":2,"name":"Our customers"}]},{"@type":"WebSite","@id":"https:\/\/www.bilogistik.com\/en\/#website","url":"https:\/\/www.bilogistik.com\/en\/","name":"Bilogistik","description":"","potentialAction":[{"@type":"SearchAction","target":{"@type":"EntryPoint","urlTemplate":"https:\/\/www.bilogistik.com\/en\/?s={search_term_string}"},"query-input":{"@type":"PropertyValueSpecification","valueRequired":true,"valueName":"search_term_string"}}],"inLanguage":"en-US"}]}},"_links":{"self":[{"href":"https:\/\/www.bilogistik.com\/en\/wp-json\/wp\/v2\/pages\/3217","targetHints":{"allow":["GET"]}}],"collection":[{"href":"https:\/\/www.bilogistik.com\/en\/wp-json\/wp\/v2\/pages"}],"about":[{"href":"https:\/\/www.bilogistik.com\/en\/wp-json\/wp\/v2\/types\/page"}],"author":[{"embeddable":true,"href":"https:\/\/www.bilogistik.com\/en\/wp-json\/wp\/v2\/users\/1"}],"replies":[{"embeddable":true,"href":"https:\/\/www.bilogistik.com\/en\/wp-json\/wp\/v2\/comments?post=3217"}],"version-history":[{"count":0,"href":"https:\/\/www.bilogistik.com\/en\/wp-json\/wp\/v2\/pages\/3217\/revisions"}],"up":[{"embeddable":true,"href":"https:\/\/www.bilogistik.com\/en\/wp-json\/wp\/v2\/pages\/3121"}],"wp:attachment":[{"href":"https:\/\/www.bilogistik.com\/en\/wp-json\/wp\/v2\/media?parent=3217"}],"curies":[{"name":"wp","href":"https:\/\/api.w.org\/{rel}","templated":true}]}}