{"id":3214,"date":"2021-08-26T10:30:57","date_gmt":"2021-08-26T10:30:57","guid":{"rendered":"https:\/\/www.bilogistik.com\/logistics-services\/aduanas\/"},"modified":"2021-12-17T10:45:31","modified_gmt":"2021-12-17T10:45:31","slug":"customs","status":"publish","type":"page","link":"https:\/\/www.bilogistik.com\/en\/logistics-services\/customs\/","title":{"rendered":"Customs clearance"},"content":{"rendered":"<header class=\"entry-header\" style=\"background-image: url('\/wp-content\/uploads\/bg-gestion-aduanas.jpg');\">\r\n<div class=\"container\">\r\n<h1 class=\"entry-title\">Customs clearance<\/h1>\r\n<p>Bilogistik provides customs agents to manage all port and customs formalities so that you don\u2019t have to worry about bureaucracy.<\/p>\r\n<p>Our knowledge of the different kinds of goods and the regulations applicable to every mode of transport means that we can enable a fast and transparent service while avoiding delays due to legal or duty issues.<\/p>\r\n<\/div>\r\n<\/header>\r\n\r\n\r\n<section>\r\n<h2 class=\"text-center max-900\">The benefits of our Customs Clearance service are:<\/h2>\r\n<ul class=\"lista-iconos\">\r\n<li><img decoding=\"async\" src=\"https:\/\/www.bilogistik.com\/wp-content\/uploads\/icono-tramites.svg\" alt=\"Todos los tr\u00e1mites\" \/>\r\n<p>We complete all of the necessary formalities.<\/p>\r\n<\/li>\r\n<li><img decoding=\"async\" src=\"https:\/\/www.bilogistik.com\/wp-content\/uploads\/icono-manipulacion-almacenaje.svg\" alt=\"Agilidad y seguridad\" \/>\r\n<p>Greater speed and safety of the logistics operation.<\/p>\r\n<\/li>\r\n<li><img decoding=\"async\" src=\"https:\/\/www.bilogistik.com\/wp-content\/uploads\/icono-eficiencia-costes.svg\" alt=\"Eficiencia en costes\" \/>\r\n<p>Improved cost efficiency.<\/p>\r\n<\/li>\r\n<li><img decoding=\"async\" src=\"https:\/\/www.bilogistik.com\/wp-content\/uploads\/icono-transparencia-proceso.svg\" alt=\"Transparencia en los procesos\" \/>\r\n<p>Transparency in all processes.<\/p>\r\n<\/li>\r\n<\/ul>\r\n<p class=\"text-center\"><a class=\"button cta-primary\" href=\"https:\/\/www.bilogistik.com\/en\/contact\/\">More information<\/a><\/p>\r\n<\/section>\r\n\r\n\r\n\r\n<section>\r\n<div class=\"row\">\r\n<div class=\"col-6\"><img decoding=\"async\" src=\"https:\/\/www.bilogistik.com\/wp-content\/uploads\/2021\/09\/gestion-aduanas-internacionales.jpg\" alt=\"Gesti\u00f3n de aduanas internacionales\" \/><\/div>\r\n<div class=\"col-6\">\r\n<h2>International customs clearance<\/h2>\r\n<p>International trade regulations change constantly depending on the different national laws and agreements between countries or trading zones. It therefore makes sense to leave these formalities to the professionals, who will take charge of satisfying the requirements of customs authorities at all times.<\/p>\r\n<p>At Bilogistik we have experts and advisors on international tax laws and customs management. We complete the appropriate preliminary formalities and controls to ensure that your freight arrives in the destination country in time, with neither penalisations nor detentions.<\/p>\r\n<a class=\"button cta-primary\" href=\"https:\/\/www.bilogistik.com\/en\/contact\/request-quote\/\">Request a quote<\/a><\/div>\r\n<\/div>\r\n<\/section>\r\n\r\n\r\n\r\n<section>\r\n<h2>Customs clearance<\/h2>\r\n<p>Customs clearance encompasses all of the formalities and procedures required for goods entering and leaving a specific national territory. Its purpose is to control and approve their movement. A customs agent is therefore required to submit an information disclosure statement to the customs authority on behalf of the importer or exporter.<\/p>\r\n<p>At Bilogistik we offer you our customs clearance services for the different types of transport:<\/p>\r\n<div class=\"desplazados\">\r\n<div class=\"desplazado\">\r\n<h3>Rail freight customs clearance<\/h3>\r\n<p>We take care of correctly managing the Rail Consignment Note (CIM), in order that your cargo will reach its destination without delays or setbacks, guaranteeing the success of the logistics operation.<\/p>\r\n<\/div>\r\n<div class=\"desplazado\">\r\n<h3>Ocean freight customs clearance<\/h3>\r\n<p>We manage the Bill of Lading (B\/L) and Clean on Board certificate in order to streamline the ocean transport of your goods. Add the ship agent and charter options for an integral service.<\/p>\r\n<\/div>\r\n<\/div>\r\n<a class=\"button cta-info\" href=\"https:\/\/www.bilogistik.com\/en\/contact\/\">More information<\/a><\/section>\r\n\r\n\r\n\r\n<section class=\"medio-gris inverso\">\r\n<div class=\"container\">\r\n<div class=\"row\">\r\n<div class=\"col-6\">\r\n<h2>Integral customs clearance<\/h2>\r\n<p>We manage all duty and customs formalities for the importation of all types of goods so that you don\u2019t have to worry about anything. This will guarantee that the goods arrive at their destination with no detentions or surprises.<\/p>\r\n<p>This service also includes the filling out of all kinds of documents, as well as the management of customs warehouses (our own or bonded warehouse).<\/p>\r\n<a class=\"button cta-primary\" href=\"https:\/\/www.bilogistik.com\/en\/contact\/request-quote\/\">Request a quote<\/a><\/div>\r\n<div class=\"col-1\">\u00a0<\/div>\r\n<div class=\"col-5\"><img decoding=\"async\" src=\"https:\/\/www.bilogistik.com\/wp-content\/uploads\/2021\/09\/gestion-aduanera-integral.jpg\" alt=\"Gesti\u00f3n aduanera integral\" \/><\/div>\r\n<\/div>\r\n<\/div>\r\n<\/section>\r\n\r\n\r\n\r\n<section>\r\n<h2>Otros servicios log\u00edsticos<\/h2>\r\n<p>En Bilogistik disponemos de todo tipo de soluciones transporte:<\/p>\r\n<ul class=\"servicios-list\">\r\n<li class=\"multimodal\">\r\n<h3>Multimodal transport<\/h3>\r\n<a class=\"button simple dark cta-info\" href=\"https:\/\/www.bilogistik.com\/en\/logistics-services\/multimodal-transport\/\">More information<\/a><\/li>\r\n<li class=\"flete\">\r\n<h3>Maritime chartering<\/h3>\r\n<a class=\"button simple dark cta-info\" href=\"https:\/\/www.bilogistik.com\/en\/logistics-services\/maritime-chartering\/\">More information<\/a><\/li>\r\n<li class=\"consigna\">\r\n<h3>Ship agency<\/h3>\r\n<a class=\"button simple dark cta-info\" href=\"https:\/\/www.bilogistik.com\/en\/logistics-services\/ship-agent\/\">More information<\/a><\/li>\r\n<li class=\"almacena\">\r\n<h3>Storage<\/h3>\r\n<a class=\"button simple dark cta-info\" href=\"https:\/\/www.bilogistik.com\/en\/logistics-services\/storage\/\">More information<\/a><\/li>\r\n<li class=\"agente\">\r\n<h3>Forwarding agent<\/h3>\r\n<a class=\"button simple dark cta-info\" href=\"https:\/\/www.bilogistik.com\/en\/logistics-services\/forwarding\/\">More information<\/a><\/li>\r\n<\/ul>\r\n<\/section>\r\n\r\n\r\n\r\n<section>\r\n<h2>Transporte de todo tipo <br>de Mercanc\u00edas<\/h2>\r\n<ul class=\"material-list\">\r\n<li class=\"mineral\">\r\n\t<h3>Minerales<\/h3>\r\n\t<p>Transportamos tu carga mineral de forma eficiente y adaptada a tus necesidades log\u00edsticas, sea cual sea la dificultad del terreno. Te acompa\u00f1amos en cada fase de la cadena de suministro.<\/p>\r\n\t<a class=\"button simple cta-info\" href=\"https:\/\/www.bilogistik.com\/transporte-materias-primas\/minerales\/\">M\u00e1s informaci\u00f3n<\/a>\r\n<\/li>\r\n<li class=\"metal\">\r\n\t<h3>Metales<\/h3>\r\n\t<p>Dise\u00f1amos una soluci\u00f3n a medida para el transporte de todo tipo de metales, sea un pedido recurrente o puntual. Optimizamos cada proceso para una entrega en \u00f3ptimas condiciones y con total transparencia.<\/p>\r\n\t<a class=\"button simple cta-info\" href=\"https:\/\/www.bilogistik.com\/transporte-materias-primas\/metales\/\">M\u00e1s informaci\u00f3n<\/a>\r\n<\/li>\r\n<li class=\"caucho\">\r\n\t<h3>Caucho<\/h3>\r\n\t<p>Soluciones para el transporte de caucho, ya sea a granel, en forma de neum\u00e1ticos o productos derivados. Dise\u00f1amos la soluci\u00f3n log\u00edstica m\u00e1s adecuada y eficiente para que tus mercanc\u00edas lleguen en perfectas condiciones.<\/p>\r\n\t<a class=\"button simple cta-info\" href=\"https:\/\/www.bilogistik.com\/transporte-materias-primas\/caucho\/\">M\u00e1s informaci\u00f3n<\/a>\r\n<\/li>\r\n<li class=\"peligrosa\">\r\n\t<h3>Mercanc\u00edas Peligrosas<\/h3>\r\n\t<p>Tenemos la soluci\u00f3n log\u00edstica id\u00f3nea para el transporte de mercanc\u00edas peligrosas, como explosivos o corrosivos. Garantizamos una soluci\u00f3n log\u00edstica integral, cumpliendo con todos los est\u00e1ndares de seguridad.<\/p>\r\n\t<a class=\"button simple cta-info\" href=\"https:\/\/www.bilogistik.com\/transporte-materias-primas\/mercancias-peligrosas\/\">M\u00e1s informaci\u00f3n<\/a>\r\n<\/li>\r\n<\/ul>\r\n<\/section>\r\n\r\n\r\n\r\n<section class=\"full full-gris\">\r\n<div class=\"container\">\r\n<div class=\"row\">\r\n<div class=\"col-6\">\r\n<img decoding=\"async\" src=\"https:\/\/www.bilogistik.com\/wp-content\/uploads\/2021\/10\/soluciones-cargas-especiales.jpg\" alt=\"Soluciones para Cargas Especiales y de Proyecto\">\r\n<\/div>\r\n<div class=\"col-6\">\r\n<h2 class=\"lower\">Soluciones para cargas especiales y de proyecto<\/h2>\r\n<p>Gracias a la experiencia en log\u00edstica de nuestro equipo, desde Bilogistik te ofrecemos nuestro servicio de transporte de cargas especiales, tanto de forma puntual como dentro de un proyecto industrial con desplazamientos continuados.<\/p>\r\n<a href=\"https:\/\/www.bilogistik.com\/cargas-especiales-proyecto\/\" class=\"button cta-info\">M\u00e1s informaci\u00f3n<\/a>\r\n<\/div><\/div>\r\n<\/div><\/section>\r\n\r\n\r\n\r\n<section>\r\n<div class=\"row\">\r\n<div class=\"col-6\">\r\n<img decoding=\"async\" src=\"https:\/\/www.bilogistik.com\/wp-content\/uploads\/2021\/10\/contacto.jpg\" alt=\"Contacta con Bilogistik\">\r\n<\/div>\r\n<div class=\"col-6\">\r\n<h2 class=\"oscuro lower\">Contacta con nuestros expertos<\/h2>\r\n<p>\u00bfQuieres saber m\u00e1s sobre nuestros servicios log\u00edsticos?<\/p>\r\n<p>\u00bfDeseas solicitar un presupuesto? <br>Contacta con nuestro equipo de expertos para una atenci\u00f3n personalizada.<\/p>\r\n<a class=\"button cta-primary\" href=\"https:\/\/www.bilogistik.com\/contacto\/\">Contactar<\/a>\r\n<a class=\"button cta-primary\" href=\"https:\/\/www.bilogistik.com\/contacto\/pide-presupuesto\/\">Solicita presupuesto<\/a>\r\n<\/div>\r\n<\/div><\/section>\r\n\r\n\r\n\r\n<p><\/p>\r\n","protected":false},"excerpt":{"rendered":"<p>Customs clearance Bilogistik provides customs agents to manage all port and customs formalities so that you don\u2019t have to worry about bureaucracy. Our knowledge of [&hellip;]<\/p>\n","protected":false},"author":1,"featured_media":0,"parent":3185,"menu_order":6,"comment_status":"closed","ping_status":"closed","template":"","meta":{"om_disable_all_campaigns":false,"_monsterinsights_skip_tracking":false,"_monsterinsights_sitenote_active":false,"_monsterinsights_sitenote_note":"","_monsterinsights_sitenote_category":0,"footnotes":""},"class_list":["post-3214","page","type-page","status-publish","hentry"],"aioseo_notices":[],"yoast_head":"<!-- This site is optimized with the Yoast SEO plugin v27.4 - https:\/\/yoast.com\/product\/yoast-seo-wordpress\/ -->\n<title>Customs clearance | Bilogistik<\/title>\n<meta name=\"description\" content=\"We take care of all aspects related to duties and customs. Find out more and avoid potential delays due to legal formalities.\" \/>\n<meta name=\"robots\" content=\"index, follow, max-snippet:-1, max-image-preview:large, max-video-preview:-1\" \/>\n<link rel=\"canonical\" href=\"https:\/\/www.bilogistik.com\/en\/logistics-services\/customs\/\" \/>\n<meta property=\"og:locale\" content=\"en_US\" \/>\n<meta property=\"og:type\" content=\"article\" \/>\n<meta property=\"og:title\" content=\"Customs clearance | Bilogistik\" \/>\n<meta property=\"og:description\" content=\"We take care of all aspects related to duties and customs. Find out more and avoid potential delays due to legal formalities.\" \/>\n<meta property=\"og:url\" content=\"https:\/\/www.bilogistik.com\/en\/logistics-services\/customs\/\" \/>\n<meta property=\"og:site_name\" content=\"Bilogistik\" \/>\n<meta property=\"article:modified_time\" content=\"2021-12-17T10:45:31+00:00\" \/>\n<meta property=\"og:image\" content=\"https:\/\/www.bilogistik.com\/wp-content\/uploads\/icono-tramites.svg\" \/>\n<meta name=\"twitter:card\" content=\"summary_large_image\" \/>\n<meta name=\"twitter:label1\" content=\"Est. reading time\" \/>\n\t<meta name=\"twitter:data1\" content=\"4 minutes\" \/>\n<script type=\"application\/ld+json\" class=\"yoast-schema-graph\">{\"@context\":\"https:\\\/\\\/schema.org\",\"@graph\":[{\"@type\":\"WebPage\",\"@id\":\"https:\\\/\\\/www.bilogistik.com\\\/en\\\/logistics-services\\\/customs\\\/\",\"url\":\"https:\\\/\\\/www.bilogistik.com\\\/en\\\/logistics-services\\\/customs\\\/\",\"name\":\"Customs clearance | Bilogistik\",\"isPartOf\":{\"@id\":\"https:\\\/\\\/www.bilogistik.com\\\/en\\\/#website\"},\"primaryImageOfPage\":{\"@id\":\"https:\\\/\\\/www.bilogistik.com\\\/en\\\/logistics-services\\\/customs\\\/#primaryimage\"},\"image\":{\"@id\":\"https:\\\/\\\/www.bilogistik.com\\\/en\\\/logistics-services\\\/customs\\\/#primaryimage\"},\"thumbnailUrl\":\"https:\\\/\\\/www.bilogistik.com\\\/wp-content\\\/uploads\\\/icono-tramites.svg\",\"datePublished\":\"2021-08-26T10:30:57+00:00\",\"dateModified\":\"2021-12-17T10:45:31+00:00\",\"description\":\"We take care of all aspects related to duties and customs. Find out more and avoid potential delays due to legal formalities.\",\"breadcrumb\":{\"@id\":\"https:\\\/\\\/www.bilogistik.com\\\/en\\\/logistics-services\\\/customs\\\/#breadcrumb\"},\"inLanguage\":\"en-US\",\"potentialAction\":[{\"@type\":\"ReadAction\",\"target\":[\"https:\\\/\\\/www.bilogistik.com\\\/en\\\/logistics-services\\\/customs\\\/\"]}]},{\"@type\":\"ImageObject\",\"inLanguage\":\"en-US\",\"@id\":\"https:\\\/\\\/www.bilogistik.com\\\/en\\\/logistics-services\\\/customs\\\/#primaryimage\",\"url\":\"https:\\\/\\\/www.bilogistik.com\\\/wp-content\\\/uploads\\\/icono-tramites.svg\",\"contentUrl\":\"https:\\\/\\\/www.bilogistik.com\\\/wp-content\\\/uploads\\\/icono-tramites.svg\"},{\"@type\":\"BreadcrumbList\",\"@id\":\"https:\\\/\\\/www.bilogistik.com\\\/en\\\/logistics-services\\\/customs\\\/#breadcrumb\",\"itemListElement\":[{\"@type\":\"ListItem\",\"position\":1,\"name\":\"Logistics services\",\"item\":\"https:\\\/\\\/www.bilogistik.com\\\/en\\\/logistics-services\\\/\"},{\"@type\":\"ListItem\",\"position\":2,\"name\":\"Customs clearance\"}]},{\"@type\":\"WebSite\",\"@id\":\"https:\\\/\\\/www.bilogistik.com\\\/en\\\/#website\",\"url\":\"https:\\\/\\\/www.bilogistik.com\\\/en\\\/\",\"name\":\"Bilogistik\",\"description\":\"\",\"potentialAction\":[{\"@type\":\"SearchAction\",\"target\":{\"@type\":\"EntryPoint\",\"urlTemplate\":\"https:\\\/\\\/www.bilogistik.com\\\/en\\\/?s={search_term_string}\"},\"query-input\":{\"@type\":\"PropertyValueSpecification\",\"valueRequired\":true,\"valueName\":\"search_term_string\"}}],\"inLanguage\":\"en-US\"}]}<\/script>\n<!-- \/ Yoast SEO plugin. -->","yoast_head_json":{"title":"Customs clearance | Bilogistik","description":"We take care of all aspects related to duties and customs. Find out more and avoid potential delays due to legal formalities.","robots":{"index":"index","follow":"follow","max-snippet":"max-snippet:-1","max-image-preview":"max-image-preview:large","max-video-preview":"max-video-preview:-1"},"canonical":"https:\/\/www.bilogistik.com\/en\/logistics-services\/customs\/","og_locale":"en_US","og_type":"article","og_title":"Customs clearance | Bilogistik","og_description":"We take care of all aspects related to duties and customs. Find out more and avoid potential delays due to legal formalities.","og_url":"https:\/\/www.bilogistik.com\/en\/logistics-services\/customs\/","og_site_name":"Bilogistik","article_modified_time":"2021-12-17T10:45:31+00:00","og_image":[{"url":"https:\/\/www.bilogistik.com\/wp-content\/uploads\/icono-tramites.svg","type":"","width":"","height":""}],"twitter_card":"summary_large_image","twitter_misc":{"Est. reading time":"4 minutes"},"schema":{"@context":"https:\/\/schema.org","@graph":[{"@type":"WebPage","@id":"https:\/\/www.bilogistik.com\/en\/logistics-services\/customs\/","url":"https:\/\/www.bilogistik.com\/en\/logistics-services\/customs\/","name":"Customs clearance | Bilogistik","isPartOf":{"@id":"https:\/\/www.bilogistik.com\/en\/#website"},"primaryImageOfPage":{"@id":"https:\/\/www.bilogistik.com\/en\/logistics-services\/customs\/#primaryimage"},"image":{"@id":"https:\/\/www.bilogistik.com\/en\/logistics-services\/customs\/#primaryimage"},"thumbnailUrl":"https:\/\/www.bilogistik.com\/wp-content\/uploads\/icono-tramites.svg","datePublished":"2021-08-26T10:30:57+00:00","dateModified":"2021-12-17T10:45:31+00:00","description":"We take care of all aspects related to duties and customs. Find out more and avoid potential delays due to legal formalities.","breadcrumb":{"@id":"https:\/\/www.bilogistik.com\/en\/logistics-services\/customs\/#breadcrumb"},"inLanguage":"en-US","potentialAction":[{"@type":"ReadAction","target":["https:\/\/www.bilogistik.com\/en\/logistics-services\/customs\/"]}]},{"@type":"ImageObject","inLanguage":"en-US","@id":"https:\/\/www.bilogistik.com\/en\/logistics-services\/customs\/#primaryimage","url":"https:\/\/www.bilogistik.com\/wp-content\/uploads\/icono-tramites.svg","contentUrl":"https:\/\/www.bilogistik.com\/wp-content\/uploads\/icono-tramites.svg"},{"@type":"BreadcrumbList","@id":"https:\/\/www.bilogistik.com\/en\/logistics-services\/customs\/#breadcrumb","itemListElement":[{"@type":"ListItem","position":1,"name":"Logistics services","item":"https:\/\/www.bilogistik.com\/en\/logistics-services\/"},{"@type":"ListItem","position":2,"name":"Customs clearance"}]},{"@type":"WebSite","@id":"https:\/\/www.bilogistik.com\/en\/#website","url":"https:\/\/www.bilogistik.com\/en\/","name":"Bilogistik","description":"","potentialAction":[{"@type":"SearchAction","target":{"@type":"EntryPoint","urlTemplate":"https:\/\/www.bilogistik.com\/en\/?s={search_term_string}"},"query-input":{"@type":"PropertyValueSpecification","valueRequired":true,"valueName":"search_term_string"}}],"inLanguage":"en-US"}]}},"_links":{"self":[{"href":"https:\/\/www.bilogistik.com\/en\/wp-json\/wp\/v2\/pages\/3214","targetHints":{"allow":["GET"]}}],"collection":[{"href":"https:\/\/www.bilogistik.com\/en\/wp-json\/wp\/v2\/pages"}],"about":[{"href":"https:\/\/www.bilogistik.com\/en\/wp-json\/wp\/v2\/types\/page"}],"author":[{"embeddable":true,"href":"https:\/\/www.bilogistik.com\/en\/wp-json\/wp\/v2\/users\/1"}],"replies":[{"embeddable":true,"href":"https:\/\/www.bilogistik.com\/en\/wp-json\/wp\/v2\/comments?post=3214"}],"version-history":[{"count":0,"href":"https:\/\/www.bilogistik.com\/en\/wp-json\/wp\/v2\/pages\/3214\/revisions"}],"up":[{"embeddable":true,"href":"https:\/\/www.bilogistik.com\/en\/wp-json\/wp\/v2\/pages\/3185"}],"wp:attachment":[{"href":"https:\/\/www.bilogistik.com\/en\/wp-json\/wp\/v2\/media?parent=3214"}],"curies":[{"name":"wp","href":"https:\/\/api.w.org\/{rel}","templated":true}]}}