{"id":3211,"date":"2021-08-26T10:29:44","date_gmt":"2021-08-26T10:29:44","guid":{"rendered":"https:\/\/www.bilogistik.com\/logistics-services\/transitario\/"},"modified":"2021-12-17T10:42:17","modified_gmt":"2021-12-17T10:42:17","slug":"forwarding","status":"publish","type":"page","link":"https:\/\/www.bilogistik.com\/en\/logistics-services\/forwarding\/","title":{"rendered":"Forwarding"},"content":{"rendered":"<header class=\"entry-header\" style=\"background-image: url('\/wp-content\/uploads\/bg-agente-transitario.jpg');\">\r\n<div class=\"container\">\r\n<h1 class=\"entry-title\">Forwarding<\/h1>\r\n<p>At Bilogistik we offer you our forwarding agent service. Whether you are an importer or exporter, we proceed on your behalf and in your interest to organise the safe, efficient and profitable transport of your goods. In other words, we offer you our expert service in order that an apparently complicated operation will run like clockwork.<\/p>\r\n<p>We contract the transport, select the most efficient route considering time and costs, take out insurance policies, choose the right packaging for the cargo and manage its storage and\/or distribution. All of these are decisions which mark the difference when measuring the efficiency of a logistics operation.<\/p>\r\n<\/div>\r\n<\/header>\r\n\r\n\r\n<section>\r\n<h2>How does our Forwarding Agent service help you?<\/h2>\r\n<div class=\"desplazados\">\r\n<div class=\"desplazado\">\r\n<p>Recommendation and advice on costs. We offer you the most profitable and effective alternative (charter costs, port and customs costs, consular fees, special documentation costs, insurance policies, etc.).<\/p>\r\n<\/div>\r\n<div class=\"desplazado\">\r\n<p>Preparation and presentation of the documentation required to export goods and for the different participating agents.<\/p>\r\n<\/div>\r\n<div class=\"desplazado\">\r\n<p>Advice on freight transport, packaging and stowage. This includes using groupage freight to obtain lower costs in the event of partial container loads.<\/p>\r\n<\/div>\r\n<div class=\"desplazado\">\r\n<p>Reservation of the necessary freight space in a means of transport, as well as taking care of the cargo storage and\/or distribution.<\/p>\r\n<\/div>\r\n<div class=\"desplazado\">\r\n<p>Completion of formalities with customs agents in foreign countries in order to ensure compliance with regulations.<\/p>\r\n<\/div>\r\n<div class=\"desplazado\">\r\n<p>Simplified processes and formalities. We solve all potential setbacks that may arise with an international shipment.<\/p>\r\n<\/div>\r\n<\/div>\r\n<a class=\"button cta-primary\" href=\"https:\/\/www.bilogistik.com\/en\/contact\/\">More information<\/a><\/section>\r\n\r\n\r\n\r\n<section>\r\n<div class=\"row\">\r\n<div class=\"col-6\"><img decoding=\"async\" src=\"https:\/\/www.bilogistik.com\/wp-content\/uploads\/2021\/09\/transitario-internacional.jpg\" alt=\"Transitario internacional\" \/><\/div>\r\n<div class=\"col-6\">\r\n<h2>International forwarding<\/h2>\r\n<p>The role of the international forwarding agent takes on particular importance in guaranteeing the successful outcome of an international freight shipment, given that they act as an intermediary between the sender of the shipment and the national transport companies to ensure efficient and interference-free transport from the country of origin to that of the destination.<\/p>\r\n<p>At Bilogistik we have an expert team of international forwarding agents. This enables us organise shipments for importers and exporters while acting as a guarantor in order that the commercial operations proceed according to the agreed conditions and without prejudice to any of the parties involved.<\/p>\r\n<a class=\"button cta-primary\" href=\"https:\/\/www.bilogistik.com\/en\/contact\/request-quote\/\">Request a quote<\/a><\/div>\r\n<\/div>\r\n<\/section>\r\n\r\n\r\n\r\n<section>\r\n<h2>Other logistics services<\/h2>\r\n<p>At Bilogistik we have all types of transport solutions:<\/p>\r\n<ul class=\"servicios-list\">\r\n<li class=\"multimodal\">\r\n<h3>Multimodal transport<\/h3>\r\n<a class=\"button simple dark cta-info\" href=\"https:\/\/www.bilogistik.com\/en\/logistics-services\/multimodal-transport\/\">More information<\/a><\/li>\r\n<li class=\"flete\">\r\n<h3>Maritime chartering<\/h3>\r\n<a class=\"button simple dark cta-info\" href=\"https:\/\/www.bilogistik.com\/en\/logistics-services\/maritime-chartering\/\">More information<\/a><\/li>\r\n<li class=\"consigna\">\r\n<h3>Ship agency<\/h3>\r\n<a class=\"button simple dark cta-info\" href=\"https:\/\/www.bilogistik.com\/en\/logistics-services\/ship-agent\/\">More information<\/a><\/li>\r\n<li class=\"almacena\">\r\n<h3>Storage<\/h3>\r\n<a class=\"button simple dark cta-info\" href=\"https:\/\/www.bilogistik.com\/en\/logistics-services\/storage\/\">More information<\/a><\/li>\r\n<li class=\"aduana\">\r\n<h3>Customs management<\/h3>\r\n<a class=\"button simple dark cta-info\" href=\"https:\/\/www.bilogistik.com\/en\/logistics-services\/customs\/\">More information<\/a><\/li>\r\n<\/ul>\r\n<\/section>\r\n\r\n\r\n\r\n<section>\r\n<h2>Transporte de todo tipo <br>de Mercanc\u00edas<\/h2>\r\n<ul class=\"material-list\">\r\n<li class=\"mineral\">\r\n\t<h3>Minerales<\/h3>\r\n\t<p>Transportamos tu carga mineral de forma eficiente y adaptada a tus necesidades log\u00edsticas, sea cual sea la dificultad del terreno. Te acompa\u00f1amos en cada fase de la cadena de suministro.<\/p>\r\n\t<a class=\"button simple cta-info\" href=\"https:\/\/www.bilogistik.com\/transporte-materias-primas\/minerales\/\">M\u00e1s informaci\u00f3n<\/a>\r\n<\/li>\r\n<li class=\"metal\">\r\n\t<h3>Metales<\/h3>\r\n\t<p>Dise\u00f1amos una soluci\u00f3n a medida para el transporte de todo tipo de metales, sea un pedido recurrente o puntual. Optimizamos cada proceso para una entrega en \u00f3ptimas condiciones y con total transparencia.<\/p>\r\n\t<a class=\"button simple cta-info\" href=\"https:\/\/www.bilogistik.com\/transporte-materias-primas\/metales\/\">M\u00e1s informaci\u00f3n<\/a>\r\n<\/li>\r\n<li class=\"caucho\">\r\n\t<h3>Caucho<\/h3>\r\n\t<p>Soluciones para el transporte de caucho, ya sea a granel, en forma de neum\u00e1ticos o productos derivados. Dise\u00f1amos la soluci\u00f3n log\u00edstica m\u00e1s adecuada y eficiente para que tus mercanc\u00edas lleguen en perfectas condiciones.<\/p>\r\n\t<a class=\"button simple cta-info\" href=\"https:\/\/www.bilogistik.com\/transporte-materias-primas\/caucho\/\">M\u00e1s informaci\u00f3n<\/a>\r\n<\/li>\r\n<li class=\"peligrosa\">\r\n\t<h3>Mercanc\u00edas Peligrosas<\/h3>\r\n\t<p>Tenemos la soluci\u00f3n log\u00edstica id\u00f3nea para el transporte de mercanc\u00edas peligrosas, como explosivos o corrosivos. Garantizamos una soluci\u00f3n log\u00edstica integral, cumpliendo con todos los est\u00e1ndares de seguridad.<\/p>\r\n\t<a class=\"button simple cta-info\" href=\"https:\/\/www.bilogistik.com\/transporte-materias-primas\/mercancias-peligrosas\/\">M\u00e1s informaci\u00f3n<\/a>\r\n<\/li>\r\n<\/ul>\r\n<\/section>\r\n\r\n\r\n\r\n<section class=\"full full-gris\">\r\n<div class=\"container\">\r\n<div class=\"row\">\r\n<div class=\"col-6\">\r\n<img decoding=\"async\" src=\"https:\/\/www.bilogistik.com\/wp-content\/uploads\/2021\/10\/soluciones-cargas-especiales.jpg\" alt=\"Soluciones para Cargas Especiales y de Proyecto\">\r\n<\/div>\r\n<div class=\"col-6\">\r\n<h2 class=\"lower\">Soluciones para cargas especiales y de proyecto<\/h2>\r\n<p>Gracias a la experiencia en log\u00edstica de nuestro equipo, desde Bilogistik te ofrecemos nuestro servicio de transporte de cargas especiales, tanto de forma puntual como dentro de un proyecto industrial con desplazamientos continuados.<\/p>\r\n<a href=\"https:\/\/www.bilogistik.com\/cargas-especiales-proyecto\/\" class=\"button cta-info\">M\u00e1s informaci\u00f3n<\/a>\r\n<\/div><\/div>\r\n<\/div><\/section>\r\n\r\n\r\n\r\n<section>\r\n<div class=\"row\">\r\n<div class=\"col-6\">\r\n<img decoding=\"async\" src=\"https:\/\/www.bilogistik.com\/wp-content\/uploads\/2021\/10\/contacto.jpg\" alt=\"Contacta con Bilogistik\">\r\n<\/div>\r\n<div class=\"col-6\">\r\n<h2 class=\"oscuro lower\">Contacta con nuestros expertos<\/h2>\r\n<p>\u00bfQuieres saber m\u00e1s sobre nuestros servicios log\u00edsticos?<\/p>\r\n<p>\u00bfDeseas solicitar un presupuesto? <br>Contacta con nuestro equipo de expertos para una atenci\u00f3n personalizada.<\/p>\r\n<a class=\"button cta-primary\" href=\"https:\/\/www.bilogistik.com\/contacto\/\">Contactar<\/a>\r\n<a class=\"button cta-primary\" href=\"https:\/\/www.bilogistik.com\/contacto\/pide-presupuesto\/\">Solicita presupuesto<\/a>\r\n<\/div>\r\n<\/div><\/section>\r\n\r\n\r\n\r\n<p><\/p>\r\n","protected":false},"excerpt":{"rendered":"<p>Forwarding At Bilogistik we offer you our forwarding agent service. Whether you are an importer or exporter, we proceed on your behalf and in your [&hellip;]<\/p>\n","protected":false},"author":1,"featured_media":0,"parent":3185,"menu_order":5,"comment_status":"closed","ping_status":"closed","template":"","meta":{"om_disable_all_campaigns":false,"_monsterinsights_skip_tracking":false,"_monsterinsights_sitenote_active":false,"_monsterinsights_sitenote_note":"","_monsterinsights_sitenote_category":0,"footnotes":""},"class_list":["post-3211","page","type-page","status-publish","hentry"],"aioseo_notices":[],"yoast_head":"<!-- This site is optimized with the Yoast SEO plugin v27.6 - https:\/\/yoast.com\/product\/yoast-seo-wordpress\/ -->\n<title>Forwarding | Bilogistik<\/title>\n<meta name=\"description\" content=\"At Bilogistik we will make the necessary port decisions to guarantee the efficiency of your maritime logistics operation.\" \/>\n<meta name=\"robots\" content=\"index, follow, max-snippet:-1, max-image-preview:large, max-video-preview:-1\" \/>\n<link rel=\"canonical\" href=\"https:\/\/www.bilogistik.com\/en\/logistics-services\/forwarding\/\" \/>\n<meta property=\"og:locale\" content=\"en_US\" \/>\n<meta property=\"og:type\" content=\"article\" \/>\n<meta property=\"og:title\" content=\"Forwarding | Bilogistik\" \/>\n<meta property=\"og:description\" content=\"At Bilogistik we will make the necessary port decisions to guarantee the efficiency of your maritime logistics operation.\" \/>\n<meta property=\"og:url\" content=\"https:\/\/www.bilogistik.com\/en\/logistics-services\/forwarding\/\" \/>\n<meta property=\"og:site_name\" content=\"Bilogistik\" \/>\n<meta property=\"article:modified_time\" content=\"2021-12-17T10:42:17+00:00\" \/>\n<meta property=\"og:image\" content=\"https:\/\/www.bilogistik.com\/wp-content\/uploads\/2021\/09\/transitario-internacional.jpg\" \/>\n<meta name=\"twitter:card\" content=\"summary_large_image\" \/>\n<meta name=\"twitter:label1\" content=\"Est. reading time\" \/>\n\t<meta name=\"twitter:data1\" content=\"2 minutes\" \/>\n<script type=\"application\/ld+json\" class=\"yoast-schema-graph\">{\"@context\":\"https:\\\/\\\/schema.org\",\"@graph\":[{\"@type\":\"WebPage\",\"@id\":\"https:\\\/\\\/www.bilogistik.com\\\/en\\\/logistics-services\\\/forwarding\\\/\",\"url\":\"https:\\\/\\\/www.bilogistik.com\\\/en\\\/logistics-services\\\/forwarding\\\/\",\"name\":\"Forwarding | Bilogistik\",\"isPartOf\":{\"@id\":\"https:\\\/\\\/www.bilogistik.com\\\/en\\\/#website\"},\"primaryImageOfPage\":{\"@id\":\"https:\\\/\\\/www.bilogistik.com\\\/en\\\/logistics-services\\\/forwarding\\\/#primaryimage\"},\"image\":{\"@id\":\"https:\\\/\\\/www.bilogistik.com\\\/en\\\/logistics-services\\\/forwarding\\\/#primaryimage\"},\"thumbnailUrl\":\"https:\\\/\\\/www.bilogistik.com\\\/wp-content\\\/uploads\\\/2021\\\/09\\\/transitario-internacional.jpg\",\"datePublished\":\"2021-08-26T10:29:44+00:00\",\"dateModified\":\"2021-12-17T10:42:17+00:00\",\"description\":\"At Bilogistik we will make the necessary port decisions to guarantee the efficiency of your maritime logistics operation.\",\"breadcrumb\":{\"@id\":\"https:\\\/\\\/www.bilogistik.com\\\/en\\\/logistics-services\\\/forwarding\\\/#breadcrumb\"},\"inLanguage\":\"en-US\",\"potentialAction\":[{\"@type\":\"ReadAction\",\"target\":[\"https:\\\/\\\/www.bilogistik.com\\\/en\\\/logistics-services\\\/forwarding\\\/\"]}]},{\"@type\":\"ImageObject\",\"inLanguage\":\"en-US\",\"@id\":\"https:\\\/\\\/www.bilogistik.com\\\/en\\\/logistics-services\\\/forwarding\\\/#primaryimage\",\"url\":\"https:\\\/\\\/www.bilogistik.com\\\/wp-content\\\/uploads\\\/2021\\\/09\\\/transitario-internacional.jpg\",\"contentUrl\":\"https:\\\/\\\/www.bilogistik.com\\\/wp-content\\\/uploads\\\/2021\\\/09\\\/transitario-internacional.jpg\"},{\"@type\":\"BreadcrumbList\",\"@id\":\"https:\\\/\\\/www.bilogistik.com\\\/en\\\/logistics-services\\\/forwarding\\\/#breadcrumb\",\"itemListElement\":[{\"@type\":\"ListItem\",\"position\":1,\"name\":\"Logistics services\",\"item\":\"https:\\\/\\\/www.bilogistik.com\\\/en\\\/logistics-services\\\/\"},{\"@type\":\"ListItem\",\"position\":2,\"name\":\"Forwarding\"}]},{\"@type\":\"WebSite\",\"@id\":\"https:\\\/\\\/www.bilogistik.com\\\/en\\\/#website\",\"url\":\"https:\\\/\\\/www.bilogistik.com\\\/en\\\/\",\"name\":\"Bilogistik\",\"description\":\"\",\"potentialAction\":[{\"@type\":\"SearchAction\",\"target\":{\"@type\":\"EntryPoint\",\"urlTemplate\":\"https:\\\/\\\/www.bilogistik.com\\\/en\\\/?s={search_term_string}\"},\"query-input\":{\"@type\":\"PropertyValueSpecification\",\"valueRequired\":true,\"valueName\":\"search_term_string\"}}],\"inLanguage\":\"en-US\"}]}<\/script>\n<!-- \/ Yoast SEO plugin. -->","yoast_head_json":{"title":"Forwarding | Bilogistik","description":"At Bilogistik we will make the necessary port decisions to guarantee the efficiency of your maritime logistics operation.","robots":{"index":"index","follow":"follow","max-snippet":"max-snippet:-1","max-image-preview":"max-image-preview:large","max-video-preview":"max-video-preview:-1"},"canonical":"https:\/\/www.bilogistik.com\/en\/logistics-services\/forwarding\/","og_locale":"en_US","og_type":"article","og_title":"Forwarding | Bilogistik","og_description":"At Bilogistik we will make the necessary port decisions to guarantee the efficiency of your maritime logistics operation.","og_url":"https:\/\/www.bilogistik.com\/en\/logistics-services\/forwarding\/","og_site_name":"Bilogistik","article_modified_time":"2021-12-17T10:42:17+00:00","og_image":[{"url":"https:\/\/www.bilogistik.com\/wp-content\/uploads\/2021\/09\/transitario-internacional.jpg","type":"","width":"","height":""}],"twitter_card":"summary_large_image","twitter_misc":{"Est. reading time":"2 minutes"},"schema":{"@context":"https:\/\/schema.org","@graph":[{"@type":"WebPage","@id":"https:\/\/www.bilogistik.com\/en\/logistics-services\/forwarding\/","url":"https:\/\/www.bilogistik.com\/en\/logistics-services\/forwarding\/","name":"Forwarding | Bilogistik","isPartOf":{"@id":"https:\/\/www.bilogistik.com\/en\/#website"},"primaryImageOfPage":{"@id":"https:\/\/www.bilogistik.com\/en\/logistics-services\/forwarding\/#primaryimage"},"image":{"@id":"https:\/\/www.bilogistik.com\/en\/logistics-services\/forwarding\/#primaryimage"},"thumbnailUrl":"https:\/\/www.bilogistik.com\/wp-content\/uploads\/2021\/09\/transitario-internacional.jpg","datePublished":"2021-08-26T10:29:44+00:00","dateModified":"2021-12-17T10:42:17+00:00","description":"At Bilogistik we will make the necessary port decisions to guarantee the efficiency of your maritime logistics operation.","breadcrumb":{"@id":"https:\/\/www.bilogistik.com\/en\/logistics-services\/forwarding\/#breadcrumb"},"inLanguage":"en-US","potentialAction":[{"@type":"ReadAction","target":["https:\/\/www.bilogistik.com\/en\/logistics-services\/forwarding\/"]}]},{"@type":"ImageObject","inLanguage":"en-US","@id":"https:\/\/www.bilogistik.com\/en\/logistics-services\/forwarding\/#primaryimage","url":"https:\/\/www.bilogistik.com\/wp-content\/uploads\/2021\/09\/transitario-internacional.jpg","contentUrl":"https:\/\/www.bilogistik.com\/wp-content\/uploads\/2021\/09\/transitario-internacional.jpg"},{"@type":"BreadcrumbList","@id":"https:\/\/www.bilogistik.com\/en\/logistics-services\/forwarding\/#breadcrumb","itemListElement":[{"@type":"ListItem","position":1,"name":"Logistics services","item":"https:\/\/www.bilogistik.com\/en\/logistics-services\/"},{"@type":"ListItem","position":2,"name":"Forwarding"}]},{"@type":"WebSite","@id":"https:\/\/www.bilogistik.com\/en\/#website","url":"https:\/\/www.bilogistik.com\/en\/","name":"Bilogistik","description":"","potentialAction":[{"@type":"SearchAction","target":{"@type":"EntryPoint","urlTemplate":"https:\/\/www.bilogistik.com\/en\/?s={search_term_string}"},"query-input":{"@type":"PropertyValueSpecification","valueRequired":true,"valueName":"search_term_string"}}],"inLanguage":"en-US"}]}},"_links":{"self":[{"href":"https:\/\/www.bilogistik.com\/en\/wp-json\/wp\/v2\/pages\/3211","targetHints":{"allow":["GET"]}}],"collection":[{"href":"https:\/\/www.bilogistik.com\/en\/wp-json\/wp\/v2\/pages"}],"about":[{"href":"https:\/\/www.bilogistik.com\/en\/wp-json\/wp\/v2\/types\/page"}],"author":[{"embeddable":true,"href":"https:\/\/www.bilogistik.com\/en\/wp-json\/wp\/v2\/users\/1"}],"replies":[{"embeddable":true,"href":"https:\/\/www.bilogistik.com\/en\/wp-json\/wp\/v2\/comments?post=3211"}],"version-history":[{"count":0,"href":"https:\/\/www.bilogistik.com\/en\/wp-json\/wp\/v2\/pages\/3211\/revisions"}],"up":[{"embeddable":true,"href":"https:\/\/www.bilogistik.com\/en\/wp-json\/wp\/v2\/pages\/3185"}],"wp:attachment":[{"href":"https:\/\/www.bilogistik.com\/en\/wp-json\/wp\/v2\/media?parent=3211"}],"curies":[{"name":"wp","href":"https:\/\/api.w.org\/{rel}","templated":true}]}}