{"id":3208,"date":"2021-08-26T10:28:42","date_gmt":"2021-08-26T10:28:42","guid":{"rendered":"https:\/\/www.bilogistik.com\/logistics-services\/almacenamiento\/"},"modified":"2021-12-17T10:38:32","modified_gmt":"2021-12-17T10:38:32","slug":"storage","status":"publish","type":"page","link":"https:\/\/www.bilogistik.com\/en\/logistics-services\/storage\/","title":{"rendered":"Storage"},"content":{"rendered":"<header class=\"entry-header\" style=\"background-image: url('\/wp-content\/uploads\/bg-almacenamiento.jpg');\">\r\n<div class=\"container\">\r\n<h1 class=\"entry-title\">Storage<\/h1>\r\n<p>As experts in advanced logistics and as part of our integral service, at Bilogistik we offer you our storage service for goods in transit. We receive your goods and keep them safe until the date of their shipment, both in our external storage and in the bonded warehouse in the Port of Bilbao.<\/p>\r\n<\/div>\r\n<\/header>\r\n\r\n\r\n<section>\r\n<h2 class=\"text-center max-900\">The benefits of our storage service<\/h2>\r\n<p class=\"max-900\">Storage both in a bonded warehouse and in our external storage with duty and customs benefits for the cargo:<\/p>\r\n<ul class=\"lista-iconos\">\r\n<li style=\"max-width: 450px;\"><img decoding=\"async\" src=\"https:\/\/www.bilogistik.com\/wp-content\/uploads\/icono-deposito-aduanero.svg\" alt=\"Dep\u00f3sito aduanero\" \/>\r\n<p>Customs warehouse (DA): <br \/>the goods can stay in these facilities for an unlimited time independently of their origin, nature, quantity or destination, without paying duty until they leave the premises.\u2028<\/p>\r\n<\/li>\r\n<li style=\"max-width: 450px;\"><img decoding=\"async\" src=\"https:\/\/www.bilogistik.com\/wp-content\/uploads\/icono-deposito-distinto.svg\" alt=\"Dep\u00f3sito distinto del aduanero\" \/>\r\n<p>Warehouse authorisation different from that of customs (DDA): <br \/>any Community company can use these facilities to store goods imported within the EU without paying VAT in advance or having to go through customs.<\/p>\r\n<\/li>\r\n<\/ul>\r\n<p class=\"text-center\"><a class=\"button cta-primary\" href=\"https:\/\/www.bilogistik.com\/en\/contact\/\">More information<\/a><\/p>\r\n<\/section>\r\n\r\n\r\n\r\n<section>\r\n<div class=\"row\">\r\n<div class=\"col-6\"><img decoding=\"async\" src=\"https:\/\/www.bilogistik.com\/wp-content\/uploads\/2021\/09\/almacenamiento-deposito-franco.jpg\" alt=\"Almacenamiento en dep\u00f3sito franco\" \/><\/div>\r\n<div class=\"col-6\">\r\n<h2>Bonded warehouse storage<\/h2>\r\n<p>At Bilogistik we work with the Bilbao Bonded Warehouse, a bonded storage area created to foster international trade, given that it accepts all kinds of goods corresponding to imports and exports between countries and offers a great deal of independence for the arrival and departure of any kind of freight.<\/p>\r\n<p>The warehouse has a surface area of 35,000m2 and has 11 modern storage areas equipped with state-of-the-art auxiliary machinery for freight handling and maintenance.<\/p>\r\n<a class=\"button cta-primary\" href=\"https:\/\/www.bilogistik.com\/en\/contact\/request-quote\/\">Request a quote<\/a><\/div>\r\n<\/div>\r\n<\/section>\r\n\r\n\r\n\r\n<section class=\"medio-gris inverso\">\r\n<div class=\"container\">\r\n<div class=\"row\">\r\n<div class=\"col-6\">\r\n<h2>External storage<\/h2>\r\n<p>We manage the external storage of your goods in our own warehouse alongside the Port of Bilbao. Entrust us with the storage of your freight, no matter what it is, and we will keep it safe until its shipment date. We offer all of the options that your freight may need.<\/p>\r\n<p>In addition, as part of our integral service, the external storage facility includes the reception and shipping of goods, control of the product both on arrival and departure and the completion of administrative and customs formalities.<\/p>\r\n<a class=\"button cta-primary\" href=\"https:\/\/www.bilogistik.com\/en\/contact\/request-quote\/\">Request a quote<\/a><\/div>\r\n<div class=\"col-1\">\u00a0<\/div>\r\n<div class=\"col-5\"><img decoding=\"async\" src=\"https:\/\/www.bilogistik.com\/wp-content\/uploads\/2021\/09\/almacenamiento-almacen-exterior.jpg\" alt=\"Almacenamiento en almac\u00e9n exterior\" \/><\/div>\r\n<\/div>\r\n<\/div>\r\n<\/section>\r\n\r\n\r\n\r\n<section>\r\n<div class=\"row\">\r\n<div class=\"col-6\"><img decoding=\"async\" src=\"https:\/\/www.bilogistik.com\/wp-content\/uploads\/2021\/09\/almacenamiento-manipulacion-mercancias.jpg\" alt=\"Almacenamiento y manipulaci\u00f3n de todo tipo de mercanc\u00edas\" \/><\/div>\r\n<div class=\"col-6\">\r\n<h2>Storage and handling of all types of goods<\/h2>\r\n<p>At Bilogistik we adapt the complete storage and handling process to the type, quantity and volume of goods you entrust to us. We have specialised means and equipment for adequately handling and storing all types of freight, from bulk goods to heavy cargoes.<\/p>\r\n<p>In addition, your goods will always be watched over by a team of security professionals to guarantee its safety and prevent problems of any kind. When your cargo leaves our storage facility, it will do so in perfect conditions and with the same tax benefits as a bonded warehouse.<\/p>\r\n<a class=\"button cta-info\" href=\"https:\/\/www.bilogistik.com\/en\/contact\/\">More information<\/a><\/div>\r\n<\/div>\r\n<\/section>\r\n\r\n\r\n\r\n<section>\r\n<h2>Other logistics services<\/h2>\r\n<p>At Bilogistik we have all types of transport solutions:<\/p>\r\n<ul class=\"servicios-list\">\r\n<li class=\"multimodal\">\r\n<h3>Multimodal transport<\/h3>\r\n<a class=\"button simple dark cta-info\" href=\"https:\/\/www.bilogistik.com\/en\/logistics-services\/multimodal-transport\/\">More information<\/a><\/li>\r\n<li class=\"flete\">\r\n<h3>Maritime chartering<\/h3>\r\n<a class=\"button simple dark cta-info\" href=\"https:\/\/www.bilogistik.com\/en\/logistics-services\/maritime-chartering\/\">More information<\/a><\/li>\r\n<li class=\"consigna\">\r\n<h3>Ship agency<\/h3>\r\n<a class=\"button simple dark cta-info\" href=\"https:\/\/www.bilogistik.com\/en\/logistics-services\/ship-agent\/\">More information<\/a><\/li>\r\n<li class=\"agente\">\r\n<h3>Forwarding agent<\/h3>\r\n<a class=\"button simple dark cta-info\" href=\"https:\/\/www.bilogistik.com\/en\/logistics-services\/forwarding\/\">More information<\/a><\/li>\r\n<li class=\"aduana\">\r\n<h3>Customs management<\/h3>\r\n<a class=\"button simple dark cta-info\" href=\"https:\/\/www.bilogistik.com\/en\/logistics-services\/customs\/\">More information<\/a><\/li>\r\n<\/ul>\r\n<\/section>\r\n\r\n\r\n\r\n<section>\r\n<h2>Transporte de todo tipo <br>de Mercanc\u00edas<\/h2>\r\n<ul class=\"material-list\">\r\n<li class=\"mineral\">\r\n\t<h3>Minerales<\/h3>\r\n\t<p>Transportamos tu carga mineral de forma eficiente y adaptada a tus necesidades log\u00edsticas, sea cual sea la dificultad del terreno. Te acompa\u00f1amos en cada fase de la cadena de suministro.<\/p>\r\n\t<a class=\"button simple cta-info\" href=\"https:\/\/www.bilogistik.com\/transporte-materias-primas\/minerales\/\">M\u00e1s informaci\u00f3n<\/a>\r\n<\/li>\r\n<li class=\"metal\">\r\n\t<h3>Metales<\/h3>\r\n\t<p>Dise\u00f1amos una soluci\u00f3n a medida para el transporte de todo tipo de metales, sea un pedido recurrente o puntual. Optimizamos cada proceso para una entrega en \u00f3ptimas condiciones y con total transparencia.<\/p>\r\n\t<a class=\"button simple cta-info\" href=\"https:\/\/www.bilogistik.com\/transporte-materias-primas\/metales\/\">M\u00e1s informaci\u00f3n<\/a>\r\n<\/li>\r\n<li class=\"caucho\">\r\n\t<h3>Caucho<\/h3>\r\n\t<p>Soluciones para el transporte de caucho, ya sea a granel, en forma de neum\u00e1ticos o productos derivados. Dise\u00f1amos la soluci\u00f3n log\u00edstica m\u00e1s adecuada y eficiente para que tus mercanc\u00edas lleguen en perfectas condiciones.<\/p>\r\n\t<a class=\"button simple cta-info\" href=\"https:\/\/www.bilogistik.com\/transporte-materias-primas\/caucho\/\">M\u00e1s informaci\u00f3n<\/a>\r\n<\/li>\r\n<li class=\"peligrosa\">\r\n\t<h3>Mercanc\u00edas Peligrosas<\/h3>\r\n\t<p>Tenemos la soluci\u00f3n log\u00edstica id\u00f3nea para el transporte de mercanc\u00edas peligrosas, como explosivos o corrosivos. Garantizamos una soluci\u00f3n log\u00edstica integral, cumpliendo con todos los est\u00e1ndares de seguridad.<\/p>\r\n\t<a class=\"button simple cta-info\" href=\"https:\/\/www.bilogistik.com\/transporte-materias-primas\/mercancias-peligrosas\/\">M\u00e1s informaci\u00f3n<\/a>\r\n<\/li>\r\n<\/ul>\r\n<\/section>\r\n\r\n\r\n\r\n<section class=\"full full-gris\">\r\n<div class=\"container\">\r\n<div class=\"row\">\r\n<div class=\"col-6\">\r\n<img decoding=\"async\" src=\"https:\/\/www.bilogistik.com\/wp-content\/uploads\/2021\/10\/soluciones-cargas-especiales.jpg\" alt=\"Soluciones para Cargas Especiales y de Proyecto\">\r\n<\/div>\r\n<div class=\"col-6\">\r\n<h2 class=\"lower\">Soluciones para cargas especiales y de proyecto<\/h2>\r\n<p>Gracias a la experiencia en log\u00edstica de nuestro equipo, desde Bilogistik te ofrecemos nuestro servicio de transporte de cargas especiales, tanto de forma puntual como dentro de un proyecto industrial con desplazamientos continuados.<\/p>\r\n<a href=\"https:\/\/www.bilogistik.com\/cargas-especiales-proyecto\/\" class=\"button cta-info\">M\u00e1s informaci\u00f3n<\/a>\r\n<\/div><\/div>\r\n<\/div><\/section>\r\n\r\n\r\n\r\n<section>\r\n<div class=\"row\">\r\n<div class=\"col-6\">\r\n<img decoding=\"async\" src=\"https:\/\/www.bilogistik.com\/wp-content\/uploads\/2021\/10\/contacto.jpg\" alt=\"Contacta con Bilogistik\">\r\n<\/div>\r\n<div class=\"col-6\">\r\n<h2 class=\"oscuro lower\">Contacta con nuestros expertos<\/h2>\r\n<p>\u00bfQuieres saber m\u00e1s sobre nuestros servicios log\u00edsticos?<\/p>\r\n<p>\u00bfDeseas solicitar un presupuesto? <br>Contacta con nuestro equipo de expertos para una atenci\u00f3n personalizada.<\/p>\r\n<a class=\"button cta-primary\" href=\"https:\/\/www.bilogistik.com\/contacto\/\">Contactar<\/a>\r\n<a class=\"button cta-primary\" href=\"https:\/\/www.bilogistik.com\/contacto\/pide-presupuesto\/\">Solicita presupuesto<\/a>\r\n<\/div>\r\n<\/div><\/section>\r\n\r\n\r\n\r\n<p><\/p>\r\n","protected":false},"excerpt":{"rendered":"<p>Storage As experts in advanced logistics and as part of our integral service, at Bilogistik we offer you our storage service for goods in transit. [&hellip;]<\/p>\n","protected":false},"author":1,"featured_media":0,"parent":3185,"menu_order":4,"comment_status":"closed","ping_status":"closed","template":"","meta":{"om_disable_all_campaigns":false,"_monsterinsights_skip_tracking":false,"_monsterinsights_sitenote_active":false,"_monsterinsights_sitenote_note":"","_monsterinsights_sitenote_category":0,"footnotes":""},"class_list":["post-3208","page","type-page","status-publish","hentry"],"aioseo_notices":[],"yoast_head":"<!-- This site is optimized with the Yoast SEO plugin v27.6 - https:\/\/yoast.com\/product\/yoast-seo-wordpress\/ -->\n<title>Storage | Bilogistik<\/title>\n<meta name=\"description\" content=\"Keep your freight under control with our storage service until the time comes for its shipment. Find out more about our warehouses and storage areas.\" \/>\n<meta name=\"robots\" content=\"index, follow, max-snippet:-1, max-image-preview:large, max-video-preview:-1\" \/>\n<link rel=\"canonical\" href=\"https:\/\/www.bilogistik.com\/en\/logistics-services\/storage\/\" \/>\n<meta property=\"og:locale\" content=\"en_US\" \/>\n<meta property=\"og:type\" content=\"article\" \/>\n<meta property=\"og:title\" content=\"Storage | Bilogistik\" \/>\n<meta property=\"og:description\" content=\"Keep your freight under control with our storage service until the time comes for its shipment. Find out more about our warehouses and storage areas.\" \/>\n<meta property=\"og:url\" content=\"https:\/\/www.bilogistik.com\/en\/logistics-services\/storage\/\" \/>\n<meta property=\"og:site_name\" content=\"Bilogistik\" \/>\n<meta property=\"article:modified_time\" content=\"2021-12-17T10:38:32+00:00\" \/>\n<meta property=\"og:image\" content=\"https:\/\/www.bilogistik.com\/wp-content\/uploads\/icono-deposito-aduanero.svg\" \/>\n<meta name=\"twitter:card\" content=\"summary_large_image\" \/>\n<meta name=\"twitter:label1\" content=\"Est. reading time\" \/>\n\t<meta name=\"twitter:data1\" content=\"3 minutes\" \/>\n<script type=\"application\/ld+json\" class=\"yoast-schema-graph\">{\"@context\":\"https:\\\/\\\/schema.org\",\"@graph\":[{\"@type\":\"WebPage\",\"@id\":\"https:\\\/\\\/www.bilogistik.com\\\/en\\\/logistics-services\\\/storage\\\/\",\"url\":\"https:\\\/\\\/www.bilogistik.com\\\/en\\\/logistics-services\\\/storage\\\/\",\"name\":\"Storage | Bilogistik\",\"isPartOf\":{\"@id\":\"https:\\\/\\\/www.bilogistik.com\\\/en\\\/#website\"},\"primaryImageOfPage\":{\"@id\":\"https:\\\/\\\/www.bilogistik.com\\\/en\\\/logistics-services\\\/storage\\\/#primaryimage\"},\"image\":{\"@id\":\"https:\\\/\\\/www.bilogistik.com\\\/en\\\/logistics-services\\\/storage\\\/#primaryimage\"},\"thumbnailUrl\":\"https:\\\/\\\/www.bilogistik.com\\\/wp-content\\\/uploads\\\/icono-deposito-aduanero.svg\",\"datePublished\":\"2021-08-26T10:28:42+00:00\",\"dateModified\":\"2021-12-17T10:38:32+00:00\",\"description\":\"Keep your freight under control with our storage service until the time comes for its shipment. Find out more about our warehouses and storage areas.\",\"breadcrumb\":{\"@id\":\"https:\\\/\\\/www.bilogistik.com\\\/en\\\/logistics-services\\\/storage\\\/#breadcrumb\"},\"inLanguage\":\"en-US\",\"potentialAction\":[{\"@type\":\"ReadAction\",\"target\":[\"https:\\\/\\\/www.bilogistik.com\\\/en\\\/logistics-services\\\/storage\\\/\"]}]},{\"@type\":\"ImageObject\",\"inLanguage\":\"en-US\",\"@id\":\"https:\\\/\\\/www.bilogistik.com\\\/en\\\/logistics-services\\\/storage\\\/#primaryimage\",\"url\":\"https:\\\/\\\/www.bilogistik.com\\\/wp-content\\\/uploads\\\/icono-deposito-aduanero.svg\",\"contentUrl\":\"https:\\\/\\\/www.bilogistik.com\\\/wp-content\\\/uploads\\\/icono-deposito-aduanero.svg\"},{\"@type\":\"BreadcrumbList\",\"@id\":\"https:\\\/\\\/www.bilogistik.com\\\/en\\\/logistics-services\\\/storage\\\/#breadcrumb\",\"itemListElement\":[{\"@type\":\"ListItem\",\"position\":1,\"name\":\"Logistics services\",\"item\":\"https:\\\/\\\/www.bilogistik.com\\\/en\\\/logistics-services\\\/\"},{\"@type\":\"ListItem\",\"position\":2,\"name\":\"Storage\"}]},{\"@type\":\"WebSite\",\"@id\":\"https:\\\/\\\/www.bilogistik.com\\\/en\\\/#website\",\"url\":\"https:\\\/\\\/www.bilogistik.com\\\/en\\\/\",\"name\":\"Bilogistik\",\"description\":\"\",\"potentialAction\":[{\"@type\":\"SearchAction\",\"target\":{\"@type\":\"EntryPoint\",\"urlTemplate\":\"https:\\\/\\\/www.bilogistik.com\\\/en\\\/?s={search_term_string}\"},\"query-input\":{\"@type\":\"PropertyValueSpecification\",\"valueRequired\":true,\"valueName\":\"search_term_string\"}}],\"inLanguage\":\"en-US\"}]}<\/script>\n<!-- \/ Yoast SEO plugin. -->","yoast_head_json":{"title":"Storage | Bilogistik","description":"Keep your freight under control with our storage service until the time comes for its shipment. Find out more about our warehouses and storage areas.","robots":{"index":"index","follow":"follow","max-snippet":"max-snippet:-1","max-image-preview":"max-image-preview:large","max-video-preview":"max-video-preview:-1"},"canonical":"https:\/\/www.bilogistik.com\/en\/logistics-services\/storage\/","og_locale":"en_US","og_type":"article","og_title":"Storage | Bilogistik","og_description":"Keep your freight under control with our storage service until the time comes for its shipment. Find out more about our warehouses and storage areas.","og_url":"https:\/\/www.bilogistik.com\/en\/logistics-services\/storage\/","og_site_name":"Bilogistik","article_modified_time":"2021-12-17T10:38:32+00:00","og_image":[{"url":"https:\/\/www.bilogistik.com\/wp-content\/uploads\/icono-deposito-aduanero.svg","type":"","width":"","height":""}],"twitter_card":"summary_large_image","twitter_misc":{"Est. reading time":"3 minutes"},"schema":{"@context":"https:\/\/schema.org","@graph":[{"@type":"WebPage","@id":"https:\/\/www.bilogistik.com\/en\/logistics-services\/storage\/","url":"https:\/\/www.bilogistik.com\/en\/logistics-services\/storage\/","name":"Storage | Bilogistik","isPartOf":{"@id":"https:\/\/www.bilogistik.com\/en\/#website"},"primaryImageOfPage":{"@id":"https:\/\/www.bilogistik.com\/en\/logistics-services\/storage\/#primaryimage"},"image":{"@id":"https:\/\/www.bilogistik.com\/en\/logistics-services\/storage\/#primaryimage"},"thumbnailUrl":"https:\/\/www.bilogistik.com\/wp-content\/uploads\/icono-deposito-aduanero.svg","datePublished":"2021-08-26T10:28:42+00:00","dateModified":"2021-12-17T10:38:32+00:00","description":"Keep your freight under control with our storage service until the time comes for its shipment. Find out more about our warehouses and storage areas.","breadcrumb":{"@id":"https:\/\/www.bilogistik.com\/en\/logistics-services\/storage\/#breadcrumb"},"inLanguage":"en-US","potentialAction":[{"@type":"ReadAction","target":["https:\/\/www.bilogistik.com\/en\/logistics-services\/storage\/"]}]},{"@type":"ImageObject","inLanguage":"en-US","@id":"https:\/\/www.bilogistik.com\/en\/logistics-services\/storage\/#primaryimage","url":"https:\/\/www.bilogistik.com\/wp-content\/uploads\/icono-deposito-aduanero.svg","contentUrl":"https:\/\/www.bilogistik.com\/wp-content\/uploads\/icono-deposito-aduanero.svg"},{"@type":"BreadcrumbList","@id":"https:\/\/www.bilogistik.com\/en\/logistics-services\/storage\/#breadcrumb","itemListElement":[{"@type":"ListItem","position":1,"name":"Logistics services","item":"https:\/\/www.bilogistik.com\/en\/logistics-services\/"},{"@type":"ListItem","position":2,"name":"Storage"}]},{"@type":"WebSite","@id":"https:\/\/www.bilogistik.com\/en\/#website","url":"https:\/\/www.bilogistik.com\/en\/","name":"Bilogistik","description":"","potentialAction":[{"@type":"SearchAction","target":{"@type":"EntryPoint","urlTemplate":"https:\/\/www.bilogistik.com\/en\/?s={search_term_string}"},"query-input":{"@type":"PropertyValueSpecification","valueRequired":true,"valueName":"search_term_string"}}],"inLanguage":"en-US"}]}},"_links":{"self":[{"href":"https:\/\/www.bilogistik.com\/en\/wp-json\/wp\/v2\/pages\/3208","targetHints":{"allow":["GET"]}}],"collection":[{"href":"https:\/\/www.bilogistik.com\/en\/wp-json\/wp\/v2\/pages"}],"about":[{"href":"https:\/\/www.bilogistik.com\/en\/wp-json\/wp\/v2\/types\/page"}],"author":[{"embeddable":true,"href":"https:\/\/www.bilogistik.com\/en\/wp-json\/wp\/v2\/users\/1"}],"replies":[{"embeddable":true,"href":"https:\/\/www.bilogistik.com\/en\/wp-json\/wp\/v2\/comments?post=3208"}],"version-history":[{"count":0,"href":"https:\/\/www.bilogistik.com\/en\/wp-json\/wp\/v2\/pages\/3208\/revisions"}],"up":[{"embeddable":true,"href":"https:\/\/www.bilogistik.com\/en\/wp-json\/wp\/v2\/pages\/3185"}],"wp:attachment":[{"href":"https:\/\/www.bilogistik.com\/en\/wp-json\/wp\/v2\/media?parent=3208"}],"curies":[{"name":"wp","href":"https:\/\/api.w.org\/{rel}","templated":true}]}}