{"id":3205,"date":"2021-08-26T10:26:42","date_gmt":"2021-08-26T10:26:42","guid":{"rendered":"https:\/\/www.bilogistik.com\/logistics-services\/consignatario-buques\/"},"modified":"2021-12-17T10:35:36","modified_gmt":"2021-12-17T10:35:36","slug":"ship-agent","status":"publish","type":"page","link":"https:\/\/www.bilogistik.com\/en\/logistics-services\/ship-agent\/","title":{"rendered":"Ship agent"},"content":{"rendered":"\r\n<header class=\"entry-header\" style=\"background-image:url(\/wp-content\/uploads\/bg-consignatario-buques.jpg);\">\r\n<div class=\"container\">\r\n<h1 class=\"entry-title\">Ship agent<\/h1>\r\n<p>As specialists in maritime logistics operations, at Bilogistik we offer you our ship agent service. Intermediaries on your behalf, we take care of all necessary formalities to reduce the amount of time spent in any Spanish port.<\/p>\r\n<\/div>\r\n<\/header>\r\n\r\n\r\n\r\n<section>\r\n<h2>How does our Ship Agent service help you?<\/h2>\r\n<p class=\"limit-850\">Our ship agency team takes responsibility for the ship from the moment it comes into the port, guaranteeing that all of the formalities required in the port are carried out efficiently and saving costs.<\/p>\r\n<ul class=\"contenedores\">\r\n<li>\r\n\t<img decoding=\"async\" src=\"https:\/\/www.bilogistik.com\/wp-content\/uploads\/2021\/09\/funciones-comerciales.jpg\" alt=\"Funciones comerciales\">\r\n\t<h3>Commercial functions<\/h3>\r\n\t<p>We provide shippers or forwarding agents with transport services and hire transport for the ship.<\/p>\r\n<\/li>\r\n<li>\r\n\t<img decoding=\"async\" src=\"https:\/\/www.bilogistik.com\/wp-content\/uploads\/2021\/09\/funciones-operativas.jpg\" alt=\"Funciones operativas\">\r\n\t<h3>Operational functions<\/h3>\r\n\t<p>We offer the ship or its crew all of the management services related to their stay in the port.<\/p>\r\n\t<p>This includes all procedures required when arriving to and departing from the mooring, port or customs authority formalities, monitoring operations in the port and managing the right to enter and stay in the port. This includes the supply of provisions and fuel and the hiring of personnel.<\/p>\r\n<\/li>\r\n<li>\r\n\t<img decoding=\"async\" src=\"https:\/\/www.bilogistik.com\/wp-content\/uploads\/2021\/09\/funciones-gestion-mercancia.jpg\" alt=\"Funciones de gesti\u00f3n de la mercanc\u00eda\">\r\n\t<h3>Freight management functions<\/h3>\r\n\t<p>We take care of submitting the off-loading manifest to the customs and of issuing the Delivery Order enabling the owner to withdraw the goods, as well as for hiring personnel to load, unload, stow and unstow the cargo.<\/p>\r\n<\/li>\r\n<\/ul>\r\n<p class=\"text-center\"><a class=\"button cta-primary\" href=\"https:\/\/www.bilogistik.com\/en\/contact\/\">More information<\/a><\/p>\r\n<\/section>\r\n\r\n\r\n\r\n<section>\r\n<h2>Other logistics services<\/h2>\r\n<p>At Bilogistik we have all kinds of transport solutions:<\/p>\r\n<ul class=\"servicios-list\">\r\n<li class=\"multimodal\">\r\n\t<h3>Multimodal transport<\/h3>\r\n\t<a class=\"button simple dark cta-info\" href=\"https:\/\/www.bilogistik.com\/en\/logistics-services\/multimodal-transport\/\">More information<\/a>\r\n<\/li>\r\n<li class=\"flete\">\r\n\t<h3>Maritime chartering<\/h3>\r\n\t<a class=\"button simple dark cta-info\" href=\"https:\/\/www.bilogistik.com\/en\/logistics-services\/maritime-chartering\/\">More information<\/a>\r\n<\/li>\r\n<li class=\"almacena\">\r\n\t<h3>Storage<\/h3>\r\n\t<a class=\"button simple dark cta-info\" href=\"https:\/\/www.bilogistik.com\/en\/logistics-services\/storage\/\">More information<\/a>\r\n<\/li>\r\n<li class=\"agente\">\r\n\t<h3>Forwarding agent<\/h3>\r\n\t<a class=\"button simple dark cta-info\" href=\"https:\/\/www.bilogistik.com\/en\/logistics-services\/forwarding\/\">More information<\/a>\r\n<\/li>\r\n<li class=\"aduana\">\r\n\t<h3>Customs management<\/h3>\r\n\t<a class=\"button simple dark cta-info\" href=\"https:\/\/www.bilogistik.com\/en\/logistics-services\/customs\/\">More information<\/a>\r\n<\/li>\r\n<\/ul>\r\n<\/section>\r\n\r\n\r\n\r\n<section>\r\n<h2>Transporte de todo tipo <br>de Mercanc\u00edas<\/h2>\r\n<ul class=\"material-list\">\r\n<li class=\"mineral\">\r\n\t<h3>Minerales<\/h3>\r\n\t<p>Transportamos tu carga mineral de forma eficiente y adaptada a tus necesidades log\u00edsticas, sea cual sea la dificultad del terreno. Te acompa\u00f1amos en cada fase de la cadena de suministro.<\/p>\r\n\t<a class=\"button simple cta-info\" href=\"https:\/\/www.bilogistik.com\/transporte-materias-primas\/minerales\/\">M\u00e1s informaci\u00f3n<\/a>\r\n<\/li>\r\n<li class=\"metal\">\r\n\t<h3>Metales<\/h3>\r\n\t<p>Dise\u00f1amos una soluci\u00f3n a medida para el transporte de todo tipo de metales, sea un pedido recurrente o puntual. Optimizamos cada proceso para una entrega en \u00f3ptimas condiciones y con total transparencia.<\/p>\r\n\t<a class=\"button simple cta-info\" href=\"https:\/\/www.bilogistik.com\/transporte-materias-primas\/metales\/\">M\u00e1s informaci\u00f3n<\/a>\r\n<\/li>\r\n<li class=\"caucho\">\r\n\t<h3>Caucho<\/h3>\r\n\t<p>Soluciones para el transporte de caucho, ya sea a granel, en forma de neum\u00e1ticos o productos derivados. Dise\u00f1amos la soluci\u00f3n log\u00edstica m\u00e1s adecuada y eficiente para que tus mercanc\u00edas lleguen en perfectas condiciones.<\/p>\r\n\t<a class=\"button simple cta-info\" href=\"https:\/\/www.bilogistik.com\/transporte-materias-primas\/caucho\/\">M\u00e1s informaci\u00f3n<\/a>\r\n<\/li>\r\n<li class=\"peligrosa\">\r\n\t<h3>Mercanc\u00edas Peligrosas<\/h3>\r\n\t<p>Tenemos la soluci\u00f3n log\u00edstica id\u00f3nea para el transporte de mercanc\u00edas peligrosas, como explosivos o corrosivos. Garantizamos una soluci\u00f3n log\u00edstica integral, cumpliendo con todos los est\u00e1ndares de seguridad.<\/p>\r\n\t<a class=\"button simple cta-info\" href=\"https:\/\/www.bilogistik.com\/transporte-materias-primas\/mercancias-peligrosas\/\">M\u00e1s informaci\u00f3n<\/a>\r\n<\/li>\r\n<\/ul>\r\n<\/section>\r\n\r\n\r\n\r\n<section class=\"full full-gris\">\r\n<div class=\"container\">\r\n<div class=\"row\">\r\n<div class=\"col-6\">\r\n<img decoding=\"async\" src=\"https:\/\/www.bilogistik.com\/wp-content\/uploads\/2021\/10\/soluciones-cargas-especiales.jpg\" alt=\"Soluciones para Cargas Especiales y de Proyecto\">\r\n<\/div>\r\n<div class=\"col-6\">\r\n<h2 class=\"lower\">Soluciones para cargas especiales y de proyecto<\/h2>\r\n<p>Gracias a la experiencia en log\u00edstica de nuestro equipo, desde Bilogistik te ofrecemos nuestro servicio de transporte de cargas especiales, tanto de forma puntual como dentro de un proyecto industrial con desplazamientos continuados.<\/p>\r\n<a href=\"https:\/\/www.bilogistik.com\/cargas-especiales-proyecto\/\" class=\"button cta-info\">M\u00e1s informaci\u00f3n<\/a>\r\n<\/div><\/div>\r\n<\/div><\/section>\r\n\r\n\r\n\r\n<section>\r\n<div class=\"row\">\r\n<div class=\"col-6\">\r\n<img decoding=\"async\" src=\"https:\/\/www.bilogistik.com\/wp-content\/uploads\/2021\/10\/contacto.jpg\" alt=\"Contacta con Bilogistik\">\r\n<\/div>\r\n<div class=\"col-6\">\r\n<h2 class=\"oscuro lower\">Contacta con nuestros expertos<\/h2>\r\n<p>\u00bfQuieres saber m\u00e1s sobre nuestros servicios log\u00edsticos?<\/p>\r\n<p>\u00bfDeseas solicitar un presupuesto? <br>Contacta con nuestro equipo de expertos para una atenci\u00f3n personalizada.<\/p>\r\n<a class=\"button cta-primary\" href=\"https:\/\/www.bilogistik.com\/contacto\/\">Contactar<\/a>\r\n<a class=\"button cta-primary\" href=\"https:\/\/www.bilogistik.com\/contacto\/pide-presupuesto\/\">Solicita presupuesto<\/a>\r\n<\/div>\r\n<\/div><\/section>\r\n\r\n\r\n\r\n<p><\/p>\r\n","protected":false},"excerpt":{"rendered":"<p>Ship agent As specialists in maritime logistics operations, at Bilogistik we offer you our ship agent service. Intermediaries on your behalf, we take care of [&hellip;]<\/p>\n","protected":false},"author":1,"featured_media":0,"parent":3185,"menu_order":3,"comment_status":"closed","ping_status":"closed","template":"","meta":{"om_disable_all_campaigns":false,"_monsterinsights_skip_tracking":false,"_monsterinsights_sitenote_active":false,"_monsterinsights_sitenote_note":"","_monsterinsights_sitenote_category":0,"footnotes":""},"class_list":["post-3205","page","type-page","status-publish","hentry"],"aioseo_notices":[],"yoast_head":"<!-- This site is optimized with the Yoast SEO plugin v27.6 - https:\/\/yoast.com\/product\/yoast-seo-wordpress\/ -->\n<title>Ship Agent | Bilogistik<\/title>\n<meta name=\"description\" content=\"Bilogistik takes care of all formalities required to speed up port procedures and reduce the time spent in any Spanish port.\" \/>\n<meta name=\"robots\" content=\"index, follow, max-snippet:-1, max-image-preview:large, max-video-preview:-1\" \/>\n<link rel=\"canonical\" href=\"https:\/\/www.bilogistik.com\/en\/logistics-services\/ship-agent\/\" \/>\n<meta property=\"og:locale\" content=\"en_US\" \/>\n<meta property=\"og:type\" content=\"article\" \/>\n<meta property=\"og:title\" content=\"Ship Agent | Bilogistik\" \/>\n<meta property=\"og:description\" content=\"Bilogistik takes care of all formalities required to speed up port procedures and reduce the time spent in any Spanish port.\" \/>\n<meta property=\"og:url\" content=\"https:\/\/www.bilogistik.com\/en\/logistics-services\/ship-agent\/\" \/>\n<meta property=\"og:site_name\" content=\"Bilogistik\" \/>\n<meta property=\"article:modified_time\" content=\"2021-12-17T10:35:36+00:00\" \/>\n<meta property=\"og:image\" content=\"https:\/\/www.bilogistik.com\/wp-content\/uploads\/2021\/09\/funciones-comerciales.jpg\" \/>\n<meta name=\"twitter:card\" content=\"summary_large_image\" \/>\n<meta name=\"twitter:label1\" content=\"Est. reading time\" \/>\n\t<meta name=\"twitter:data1\" content=\"2 minutes\" \/>\n<script type=\"application\/ld+json\" class=\"yoast-schema-graph\">{\"@context\":\"https:\\\/\\\/schema.org\",\"@graph\":[{\"@type\":\"WebPage\",\"@id\":\"https:\\\/\\\/www.bilogistik.com\\\/en\\\/logistics-services\\\/ship-agent\\\/\",\"url\":\"https:\\\/\\\/www.bilogistik.com\\\/en\\\/logistics-services\\\/ship-agent\\\/\",\"name\":\"Ship Agent | Bilogistik\",\"isPartOf\":{\"@id\":\"https:\\\/\\\/www.bilogistik.com\\\/en\\\/#website\"},\"primaryImageOfPage\":{\"@id\":\"https:\\\/\\\/www.bilogistik.com\\\/en\\\/logistics-services\\\/ship-agent\\\/#primaryimage\"},\"image\":{\"@id\":\"https:\\\/\\\/www.bilogistik.com\\\/en\\\/logistics-services\\\/ship-agent\\\/#primaryimage\"},\"thumbnailUrl\":\"https:\\\/\\\/www.bilogistik.com\\\/wp-content\\\/uploads\\\/2021\\\/09\\\/funciones-comerciales.jpg\",\"datePublished\":\"2021-08-26T10:26:42+00:00\",\"dateModified\":\"2021-12-17T10:35:36+00:00\",\"description\":\"Bilogistik takes care of all formalities required to speed up port procedures and reduce the time spent in any Spanish port.\",\"breadcrumb\":{\"@id\":\"https:\\\/\\\/www.bilogistik.com\\\/en\\\/logistics-services\\\/ship-agent\\\/#breadcrumb\"},\"inLanguage\":\"en-US\",\"potentialAction\":[{\"@type\":\"ReadAction\",\"target\":[\"https:\\\/\\\/www.bilogistik.com\\\/en\\\/logistics-services\\\/ship-agent\\\/\"]}]},{\"@type\":\"ImageObject\",\"inLanguage\":\"en-US\",\"@id\":\"https:\\\/\\\/www.bilogistik.com\\\/en\\\/logistics-services\\\/ship-agent\\\/#primaryimage\",\"url\":\"https:\\\/\\\/www.bilogistik.com\\\/wp-content\\\/uploads\\\/2021\\\/09\\\/funciones-comerciales.jpg\",\"contentUrl\":\"https:\\\/\\\/www.bilogistik.com\\\/wp-content\\\/uploads\\\/2021\\\/09\\\/funciones-comerciales.jpg\"},{\"@type\":\"BreadcrumbList\",\"@id\":\"https:\\\/\\\/www.bilogistik.com\\\/en\\\/logistics-services\\\/ship-agent\\\/#breadcrumb\",\"itemListElement\":[{\"@type\":\"ListItem\",\"position\":1,\"name\":\"Logistics services\",\"item\":\"https:\\\/\\\/www.bilogistik.com\\\/en\\\/logistics-services\\\/\"},{\"@type\":\"ListItem\",\"position\":2,\"name\":\"Ship agent\"}]},{\"@type\":\"WebSite\",\"@id\":\"https:\\\/\\\/www.bilogistik.com\\\/en\\\/#website\",\"url\":\"https:\\\/\\\/www.bilogistik.com\\\/en\\\/\",\"name\":\"Bilogistik\",\"description\":\"\",\"potentialAction\":[{\"@type\":\"SearchAction\",\"target\":{\"@type\":\"EntryPoint\",\"urlTemplate\":\"https:\\\/\\\/www.bilogistik.com\\\/en\\\/?s={search_term_string}\"},\"query-input\":{\"@type\":\"PropertyValueSpecification\",\"valueRequired\":true,\"valueName\":\"search_term_string\"}}],\"inLanguage\":\"en-US\"}]}<\/script>\n<!-- \/ Yoast SEO plugin. -->","yoast_head_json":{"title":"Ship Agent | Bilogistik","description":"Bilogistik takes care of all formalities required to speed up port procedures and reduce the time spent in any Spanish port.","robots":{"index":"index","follow":"follow","max-snippet":"max-snippet:-1","max-image-preview":"max-image-preview:large","max-video-preview":"max-video-preview:-1"},"canonical":"https:\/\/www.bilogistik.com\/en\/logistics-services\/ship-agent\/","og_locale":"en_US","og_type":"article","og_title":"Ship Agent | Bilogistik","og_description":"Bilogistik takes care of all formalities required to speed up port procedures and reduce the time spent in any Spanish port.","og_url":"https:\/\/www.bilogistik.com\/en\/logistics-services\/ship-agent\/","og_site_name":"Bilogistik","article_modified_time":"2021-12-17T10:35:36+00:00","og_image":[{"url":"https:\/\/www.bilogistik.com\/wp-content\/uploads\/2021\/09\/funciones-comerciales.jpg","type":"","width":"","height":""}],"twitter_card":"summary_large_image","twitter_misc":{"Est. reading time":"2 minutes"},"schema":{"@context":"https:\/\/schema.org","@graph":[{"@type":"WebPage","@id":"https:\/\/www.bilogistik.com\/en\/logistics-services\/ship-agent\/","url":"https:\/\/www.bilogistik.com\/en\/logistics-services\/ship-agent\/","name":"Ship Agent | Bilogistik","isPartOf":{"@id":"https:\/\/www.bilogistik.com\/en\/#website"},"primaryImageOfPage":{"@id":"https:\/\/www.bilogistik.com\/en\/logistics-services\/ship-agent\/#primaryimage"},"image":{"@id":"https:\/\/www.bilogistik.com\/en\/logistics-services\/ship-agent\/#primaryimage"},"thumbnailUrl":"https:\/\/www.bilogistik.com\/wp-content\/uploads\/2021\/09\/funciones-comerciales.jpg","datePublished":"2021-08-26T10:26:42+00:00","dateModified":"2021-12-17T10:35:36+00:00","description":"Bilogistik takes care of all formalities required to speed up port procedures and reduce the time spent in any Spanish port.","breadcrumb":{"@id":"https:\/\/www.bilogistik.com\/en\/logistics-services\/ship-agent\/#breadcrumb"},"inLanguage":"en-US","potentialAction":[{"@type":"ReadAction","target":["https:\/\/www.bilogistik.com\/en\/logistics-services\/ship-agent\/"]}]},{"@type":"ImageObject","inLanguage":"en-US","@id":"https:\/\/www.bilogistik.com\/en\/logistics-services\/ship-agent\/#primaryimage","url":"https:\/\/www.bilogistik.com\/wp-content\/uploads\/2021\/09\/funciones-comerciales.jpg","contentUrl":"https:\/\/www.bilogistik.com\/wp-content\/uploads\/2021\/09\/funciones-comerciales.jpg"},{"@type":"BreadcrumbList","@id":"https:\/\/www.bilogistik.com\/en\/logistics-services\/ship-agent\/#breadcrumb","itemListElement":[{"@type":"ListItem","position":1,"name":"Logistics services","item":"https:\/\/www.bilogistik.com\/en\/logistics-services\/"},{"@type":"ListItem","position":2,"name":"Ship agent"}]},{"@type":"WebSite","@id":"https:\/\/www.bilogistik.com\/en\/#website","url":"https:\/\/www.bilogistik.com\/en\/","name":"Bilogistik","description":"","potentialAction":[{"@type":"SearchAction","target":{"@type":"EntryPoint","urlTemplate":"https:\/\/www.bilogistik.com\/en\/?s={search_term_string}"},"query-input":{"@type":"PropertyValueSpecification","valueRequired":true,"valueName":"search_term_string"}}],"inLanguage":"en-US"}]}},"_links":{"self":[{"href":"https:\/\/www.bilogistik.com\/en\/wp-json\/wp\/v2\/pages\/3205","targetHints":{"allow":["GET"]}}],"collection":[{"href":"https:\/\/www.bilogistik.com\/en\/wp-json\/wp\/v2\/pages"}],"about":[{"href":"https:\/\/www.bilogistik.com\/en\/wp-json\/wp\/v2\/types\/page"}],"author":[{"embeddable":true,"href":"https:\/\/www.bilogistik.com\/en\/wp-json\/wp\/v2\/users\/1"}],"replies":[{"embeddable":true,"href":"https:\/\/www.bilogistik.com\/en\/wp-json\/wp\/v2\/comments?post=3205"}],"version-history":[{"count":0,"href":"https:\/\/www.bilogistik.com\/en\/wp-json\/wp\/v2\/pages\/3205\/revisions"}],"up":[{"embeddable":true,"href":"https:\/\/www.bilogistik.com\/en\/wp-json\/wp\/v2\/pages\/3185"}],"wp:attachment":[{"href":"https:\/\/www.bilogistik.com\/en\/wp-json\/wp\/v2\/media?parent=3205"}],"curies":[{"name":"wp","href":"https:\/\/api.w.org\/{rel}","templated":true}]}}