{"id":3188,"date":"2021-08-26T09:28:42","date_gmt":"2021-08-26T09:28:42","guid":{"rendered":"https:\/\/www.bilogistik.com\/logistics-services\/transporte-multimodal\/"},"modified":"2021-12-17T10:17:57","modified_gmt":"2021-12-17T10:17:57","slug":"multimodal-transport","status":"publish","type":"page","link":"https:\/\/www.bilogistik.com\/en\/logistics-services\/multimodal-transport\/","title":{"rendered":"Multimodal transport"},"content":{"rendered":"<header class=\"entry-header\" style=\"background-image: url('\/wp-content\/uploads\/bg-transporte-multimodal.jpg');\">\r\n<div class=\"container\">\r\n<h1 class=\"entry-title\">Multimodal transport<\/h1>\r\n<p>At Bilogistik we organise multimodal transport for all kinds of goods. This type of operation involves combining two or more means of transport to guarantee that the goods will reach their destination, always ensuring a door-to-door service. However, the goods stay in the same container all the way.<\/p>\r\n<p>Combined transport is the best option for overcoming the challenges of transport between territories far from one another. Thus, the greater the distance, the greater the importance of the part played by the multimodal transport of goods.<\/p>\r\n<\/div>\r\n<\/header>\r\n\r\n\r\n<section>\r\n<h2 class=\"text-center max-900\">The benefits of our multimodal transport service are<\/h2>\r\n<ul class=\"lista-iconos\">\r\n<li><img decoding=\"async\" src=\"https:\/\/www.bilogistik.com\/wp-content\/uploads\/icono-unico-contrato.svg\" alt=\"Contrato \u00fanico\" \/>\r\n<p>A single transport contract.<\/p>\r\n<\/li>\r\n<li><img decoding=\"async\" src=\"https:\/\/www.bilogistik.com\/wp-content\/uploads\/icono-manipulacion-almacenaje.svg\" alt=\"Sin manipular la carga\" \/>\r\n<p>No need to handle the load when changing means of transport.<\/p>\r\n<\/li>\r\n<li><img decoding=\"async\" src=\"https:\/\/www.bilogistik.com\/wp-content\/uploads\/icono-servicio-logistico-integral.svg\" alt=\"Agilidad y seguridad\" \/>\r\n<p>Greater speed and safety in the logistics operation.<\/p>\r\n<\/li>\r\n<li><img decoding=\"async\" src=\"https:\/\/www.bilogistik.com\/wp-content\/uploads\/icono-eficiencia-costes.svg\" alt=\"Eficiencia en costes\" \/>\r\n<p>Greater cost efficiency.<\/p>\r\n<\/li>\r\n<li><img decoding=\"async\" src=\"https:\/\/www.bilogistik.com\/wp-content\/uploads\/icono-energias-renovables.svg\" alt=\"Menor consumo energ\u00e9tico\" \/>\r\n<p>Lower consumption of energy, resources and emissions.<\/p>\r\n<\/li>\r\n<li><img decoding=\"async\" src=\"https:\/\/www.bilogistik.com\/wp-content\/uploads\/icono-transparencia-proceso.svg\" alt=\"Transparencia en los procesos\" \/>\r\n<p>Transparency in the processes.<\/p>\r\n<\/li>\r\n<\/ul>\r\n<p class=\"text-center cta-primary\"><a class=\"button\" href=\"https:\/\/www.bilogistik.com\/en\/contact\/\">More information<\/a><\/p>\r\n<\/section>\r\n\r\n\r\n\r\n<section>\r\n<h2>Combinations<\/h2>\r\n<p class=\"limit-850\">We design personalised multimodal solutions, tailoring them to suit the cargo type and taking the best aspect of each means of transport to optimise the routes. This means that we obtain the greatest efficiency with respect to processes, time and costs.<\/p>\r\n<p>The most frequent combinations in this type of transport are:<\/p>\r\n<ul class=\"contenedores combi\">\r\n<li><img decoding=\"async\" src=\"https:\/\/www.bilogistik.com\/wp-content\/uploads\/2021\/09\/combinaciones-multimodal-maritimo.jpg\" alt=\"Multimodal mar\u00edtimo y por carretera\" \/>\r\n<h3>Multimodal sea and road transport<\/h3>\r\n<\/li>\r\n<li><img decoding=\"async\" src=\"https:\/\/www.bilogistik.com\/wp-content\/uploads\/2021\/09\/combinaciones-multimodal-ferroviario.jpg\" alt=\"Multimodal ferroviario y por carretera\" \/>\r\n<h3>Multimodal rail and <br \/>road transport<\/h3>\r\n<\/li>\r\n<\/ul>\r\n<a class=\"button cta-primary\" href=\"https:\/\/www.bilogistik.com\/en\/contact\/request-quote\/\">Request a quote<\/a><\/section>\r\n\r\n\r\n\r\n<section>\r\n<h2>Container types<\/h2>\r\n<p class=\"limit-850\">At Bilogistik we adapt to the logistics needs of your cargo. We have the ideal multimodal container to guarantee that your goods will travel safety and in perfect condition.<\/p>\r\n<ul class=\"contenedores\">\r\n<li><img decoding=\"async\" src=\"https:\/\/www.bilogistik.com\/wp-content\/uploads\/2021\/10\/contenedor-bulk.jpg\" alt=\"Contenedor bulk\" \/>\r\n<h3>Bulk container<\/h3>\r\n<p>Ideal for bulk loads given its characteristic openings for easy emptying.<\/p>\r\n<\/li>\r\n<li><img decoding=\"async\" src=\"https:\/\/www.bilogistik.com\/wp-content\/uploads\/2021\/10\/contenedor-tank.jpg\" alt=\"Contenedor cisterna o tank\" \/>\r\n<h3>Cistern or tank container<\/h3>\r\n<p>Suitable for bulk liquids or liquified gases.<\/p>\r\n<\/li>\r\n<li><img decoding=\"async\" src=\"https:\/\/www.bilogistik.com\/wp-content\/uploads\/2021\/10\/contenedor-open-side.jpg\" alt=\"Contenedor de apertura lateral u open side\" \/>\r\n<h3>Open side container<\/h3>\r\n<p>For very bulky goods, such as heavy machinery, pipes or special equipment.<\/p>\r\n<\/li>\r\n<li><img decoding=\"async\" src=\"https:\/\/www.bilogistik.com\/wp-content\/uploads\/2021\/10\/contenedor-open-top.jpg\" alt=\"Contenedor open top half-height\" \/>\r\n<h3>Open-top container<\/h3>\r\n<p>Perfect for very bulky goods such as minerals and semi-finished products.<\/p>\r\n<\/li>\r\n<li><img decoding=\"async\" src=\"https:\/\/www.bilogistik.com\/wp-content\/uploads\/2021\/10\/contenedor-flat.jpg\" alt=\"Plataforma flat\" \/>\r\n<h3>Flat platform<\/h3>\r\n<p>For very bulky goods that are too big for a conventional container. The platform is covered with a resistant tarpaulin to protect the cargo.<\/p>\r\n<\/li>\r\n<\/ul>\r\n<\/section>\r\n\r\n\r\n\r\n<section>\r\n<div class=\"row\">\r\n<div class=\"col-6\"><img decoding=\"async\" src=\"https:\/\/www.bilogistik.com\/wp-content\/uploads\/2021\/09\/transporte-mercancias-peligrosas.jpg\" alt=\"Transporte multimodal de mercanc\u00edas peligrosas\" \/><\/div>\r\n<div class=\"col-6\">\r\n<h2>Multimodal transport of dangerous goods<\/h2>\r\n<p>The complexity involved in the multimodal transport of dangerous goods lies in the fact that the necessary specifications change according to the type of transport at hand. It is therefore important to have a team of experts equipped with the required permits and certifications.<\/p>\r\n<p>At Bilogistik we take care of the necessary formalities to meet all legal requirements when transporting dangerous goods by multimodal means.<\/p>\r\n<a class=\"button cta-info\" href=\"https:\/\/www.bilogistik.com\/en\/raw-material-transport\/dangerous-goods\/\">More information<\/a><\/div>\r\n<\/div>\r\n<\/section>\r\n\r\n\r\n\r\n<section>\r\n<h2>Our logistics services<\/h2>\r\n<p>As experts in all types of transport, at Bilogistik we accompany you at every stage of the supply chain with our custom solutions:<\/p>\r\n<ul class=\"servicios-list\">\r\n<li class=\"flete\">\r\n<h3>Maritime chartering<\/h3>\r\n<a class=\"button simple dark cta-info\" href=\"https:\/\/www.bilogistik.com\/en\/logistics-services\/maritime-chartering\/\">More information<\/a><\/li>\r\n<li class=\"consigna\">\r\n<h3>Ship agency<\/h3>\r\n<a class=\"button simple dark cta-info\" href=\"https:\/\/www.bilogistik.com\/en\/logistics-services\/ship-agent\/\">More information<\/a><\/li>\r\n<li class=\"almacena\">\r\n<h3>Storage<\/h3>\r\n<a class=\"button simple dark cta-info\" href=\"https:\/\/www.bilogistik.com\/en\/logistics-services\/storage\/\">More information<\/a><\/li>\r\n<li class=\"agente\">\r\n<h3>Forwarding agent<\/h3>\r\n<a class=\"button simple dark cta-info\" href=\"https:\/\/www.bilogistik.com\/en\/logistics-services\/forwarding\/\">More information<\/a><\/li>\r\n<li class=\"aduana\">\r\n<h3>Customs management<\/h3>\r\n<a class=\"button simple dark cta-info\" href=\"https:\/\/www.bilogistik.com\/en\/logistics-services\/customs\/\">More information<\/a><\/li>\r\n<\/ul>\r\n<\/section>\r\n\r\n\r\n\r\n<section>\r\n<h2>Transporte de todo tipo <br>de Mercanc\u00edas<\/h2>\r\n<ul class=\"material-list\">\r\n<li class=\"mineral\">\r\n\t<h3>Minerales<\/h3>\r\n\t<p>Transportamos tu carga mineral de forma eficiente y adaptada a tus necesidades log\u00edsticas, sea cual sea la dificultad del terreno. Te acompa\u00f1amos en cada fase de la cadena de suministro.<\/p>\r\n\t<a class=\"button simple cta-info\" href=\"https:\/\/www.bilogistik.com\/transporte-materias-primas\/minerales\/\">M\u00e1s informaci\u00f3n<\/a>\r\n<\/li>\r\n<li class=\"metal\">\r\n\t<h3>Metales<\/h3>\r\n\t<p>Dise\u00f1amos una soluci\u00f3n a medida para el transporte de todo tipo de metales, sea un pedido recurrente o puntual. Optimizamos cada proceso para una entrega en \u00f3ptimas condiciones y con total transparencia.<\/p>\r\n\t<a class=\"button simple cta-info\" href=\"https:\/\/www.bilogistik.com\/transporte-materias-primas\/metales\/\">M\u00e1s informaci\u00f3n<\/a>\r\n<\/li>\r\n<li class=\"caucho\">\r\n\t<h3>Caucho<\/h3>\r\n\t<p>Soluciones para el transporte de caucho, ya sea a granel, en forma de neum\u00e1ticos o productos derivados. Dise\u00f1amos la soluci\u00f3n log\u00edstica m\u00e1s adecuada y eficiente para que tus mercanc\u00edas lleguen en perfectas condiciones.<\/p>\r\n\t<a class=\"button simple cta-info\" href=\"https:\/\/www.bilogistik.com\/transporte-materias-primas\/caucho\/\">M\u00e1s informaci\u00f3n<\/a>\r\n<\/li>\r\n<li class=\"peligrosa\">\r\n\t<h3>Mercanc\u00edas Peligrosas<\/h3>\r\n\t<p>Tenemos la soluci\u00f3n log\u00edstica id\u00f3nea para el transporte de mercanc\u00edas peligrosas, como explosivos o corrosivos. Garantizamos una soluci\u00f3n log\u00edstica integral, cumpliendo con todos los est\u00e1ndares de seguridad.<\/p>\r\n\t<a class=\"button simple cta-info\" href=\"https:\/\/www.bilogistik.com\/transporte-materias-primas\/mercancias-peligrosas\/\">M\u00e1s informaci\u00f3n<\/a>\r\n<\/li>\r\n<\/ul>\r\n<\/section>\r\n\r\n\r\n\r\n<section class=\"full full-gris\">\r\n<div class=\"container\">\r\n<div class=\"row\">\r\n<div class=\"col-6\">\r\n<img decoding=\"async\" src=\"https:\/\/www.bilogistik.com\/wp-content\/uploads\/2021\/10\/soluciones-cargas-especiales.jpg\" alt=\"Soluciones para Cargas Especiales y de Proyecto\">\r\n<\/div>\r\n<div class=\"col-6\">\r\n<h2 class=\"lower\">Soluciones para cargas especiales y de proyecto<\/h2>\r\n<p>Gracias a la experiencia en log\u00edstica de nuestro equipo, desde Bilogistik te ofrecemos nuestro servicio de transporte de cargas especiales, tanto de forma puntual como dentro de un proyecto industrial con desplazamientos continuados.<\/p>\r\n<a href=\"https:\/\/www.bilogistik.com\/cargas-especiales-proyecto\/\" class=\"button cta-info\">M\u00e1s informaci\u00f3n<\/a>\r\n<\/div><\/div>\r\n<\/div><\/section>\r\n\r\n\r\n\r\n<section>\r\n<div class=\"row\">\r\n<div class=\"col-6\">\r\n<img decoding=\"async\" src=\"https:\/\/www.bilogistik.com\/wp-content\/uploads\/2021\/10\/contacto.jpg\" alt=\"Contacta con Bilogistik\">\r\n<\/div>\r\n<div class=\"col-6\">\r\n<h2 class=\"oscuro lower\">Contacta con nuestros expertos<\/h2>\r\n<p>\u00bfQuieres saber m\u00e1s sobre nuestros servicios log\u00edsticos?<\/p>\r\n<p>\u00bfDeseas solicitar un presupuesto? <br>Contacta con nuestro equipo de expertos para una atenci\u00f3n personalizada.<\/p>\r\n<a class=\"button cta-primary\" href=\"https:\/\/www.bilogistik.com\/contacto\/\">Contactar<\/a>\r\n<a class=\"button cta-primary\" href=\"https:\/\/www.bilogistik.com\/contacto\/pide-presupuesto\/\">Solicita presupuesto<\/a>\r\n<\/div>\r\n<\/div><\/section>\r\n\r\n\r\n\r\n<p><\/p>\r\n","protected":false},"excerpt":{"rendered":"<p>Multimodal transport At Bilogistik we organise multimodal transport for all kinds of goods. This type of operation involves combining two or more means of transport [&hellip;]<\/p>\n","protected":false},"author":1,"featured_media":0,"parent":3185,"menu_order":1,"comment_status":"closed","ping_status":"closed","template":"","meta":{"om_disable_all_campaigns":false,"_monsterinsights_skip_tracking":false,"_monsterinsights_sitenote_active":false,"_monsterinsights_sitenote_note":"","_monsterinsights_sitenote_category":0,"footnotes":""},"class_list":["post-3188","page","type-page","status-publish","hentry"],"aioseo_notices":[],"yoast_head":"<!-- This site is optimized with the Yoast SEO plugin v27.4 - https:\/\/yoast.com\/product\/yoast-seo-wordpress\/ -->\n<title>Multimodal transport | Bilogistik<\/title>\n<meta name=\"description\" content=\"Discover our multimodal logistics service in which we combine air, land and sea transport.\" \/>\n<meta name=\"robots\" content=\"index, follow, max-snippet:-1, max-image-preview:large, max-video-preview:-1\" \/>\n<link rel=\"canonical\" href=\"https:\/\/www.bilogistik.com\/en\/logistics-services\/multimodal-transport\/\" \/>\n<meta property=\"og:locale\" content=\"en_US\" \/>\n<meta property=\"og:type\" content=\"article\" \/>\n<meta property=\"og:title\" content=\"Multimodal transport | Bilogistik\" \/>\n<meta property=\"og:description\" content=\"Discover our multimodal logistics service in which we combine air, land and sea transport.\" \/>\n<meta property=\"og:url\" content=\"https:\/\/www.bilogistik.com\/en\/logistics-services\/multimodal-transport\/\" \/>\n<meta property=\"og:site_name\" content=\"Bilogistik\" \/>\n<meta property=\"article:modified_time\" content=\"2021-12-17T10:17:57+00:00\" \/>\n<meta property=\"og:image\" content=\"https:\/\/www.bilogistik.com\/wp-content\/uploads\/icono-unico-contrato.svg\" \/>\n<meta name=\"twitter:card\" content=\"summary_large_image\" \/>\n<meta name=\"twitter:label1\" content=\"Est. reading time\" \/>\n\t<meta name=\"twitter:data1\" content=\"5 minutes\" \/>\n<script type=\"application\/ld+json\" class=\"yoast-schema-graph\">{\"@context\":\"https:\\\/\\\/schema.org\",\"@graph\":[{\"@type\":\"WebPage\",\"@id\":\"https:\\\/\\\/www.bilogistik.com\\\/en\\\/logistics-services\\\/multimodal-transport\\\/\",\"url\":\"https:\\\/\\\/www.bilogistik.com\\\/en\\\/logistics-services\\\/multimodal-transport\\\/\",\"name\":\"Multimodal transport | Bilogistik\",\"isPartOf\":{\"@id\":\"https:\\\/\\\/www.bilogistik.com\\\/en\\\/#website\"},\"primaryImageOfPage\":{\"@id\":\"https:\\\/\\\/www.bilogistik.com\\\/en\\\/logistics-services\\\/multimodal-transport\\\/#primaryimage\"},\"image\":{\"@id\":\"https:\\\/\\\/www.bilogistik.com\\\/en\\\/logistics-services\\\/multimodal-transport\\\/#primaryimage\"},\"thumbnailUrl\":\"https:\\\/\\\/www.bilogistik.com\\\/wp-content\\\/uploads\\\/icono-unico-contrato.svg\",\"datePublished\":\"2021-08-26T09:28:42+00:00\",\"dateModified\":\"2021-12-17T10:17:57+00:00\",\"description\":\"Discover our multimodal logistics service in which we combine air, land and sea transport.\",\"breadcrumb\":{\"@id\":\"https:\\\/\\\/www.bilogistik.com\\\/en\\\/logistics-services\\\/multimodal-transport\\\/#breadcrumb\"},\"inLanguage\":\"en-US\",\"potentialAction\":[{\"@type\":\"ReadAction\",\"target\":[\"https:\\\/\\\/www.bilogistik.com\\\/en\\\/logistics-services\\\/multimodal-transport\\\/\"]}]},{\"@type\":\"ImageObject\",\"inLanguage\":\"en-US\",\"@id\":\"https:\\\/\\\/www.bilogistik.com\\\/en\\\/logistics-services\\\/multimodal-transport\\\/#primaryimage\",\"url\":\"https:\\\/\\\/www.bilogistik.com\\\/wp-content\\\/uploads\\\/icono-unico-contrato.svg\",\"contentUrl\":\"https:\\\/\\\/www.bilogistik.com\\\/wp-content\\\/uploads\\\/icono-unico-contrato.svg\"},{\"@type\":\"BreadcrumbList\",\"@id\":\"https:\\\/\\\/www.bilogistik.com\\\/en\\\/logistics-services\\\/multimodal-transport\\\/#breadcrumb\",\"itemListElement\":[{\"@type\":\"ListItem\",\"position\":1,\"name\":\"Logistics services\",\"item\":\"https:\\\/\\\/www.bilogistik.com\\\/en\\\/logistics-services\\\/\"},{\"@type\":\"ListItem\",\"position\":2,\"name\":\"Multimodal transport\"}]},{\"@type\":\"WebSite\",\"@id\":\"https:\\\/\\\/www.bilogistik.com\\\/en\\\/#website\",\"url\":\"https:\\\/\\\/www.bilogistik.com\\\/en\\\/\",\"name\":\"Bilogistik\",\"description\":\"\",\"potentialAction\":[{\"@type\":\"SearchAction\",\"target\":{\"@type\":\"EntryPoint\",\"urlTemplate\":\"https:\\\/\\\/www.bilogistik.com\\\/en\\\/?s={search_term_string}\"},\"query-input\":{\"@type\":\"PropertyValueSpecification\",\"valueRequired\":true,\"valueName\":\"search_term_string\"}}],\"inLanguage\":\"en-US\"}]}<\/script>\n<!-- \/ Yoast SEO plugin. -->","yoast_head_json":{"title":"Multimodal transport | Bilogistik","description":"Discover our multimodal logistics service in which we combine air, land and sea transport.","robots":{"index":"index","follow":"follow","max-snippet":"max-snippet:-1","max-image-preview":"max-image-preview:large","max-video-preview":"max-video-preview:-1"},"canonical":"https:\/\/www.bilogistik.com\/en\/logistics-services\/multimodal-transport\/","og_locale":"en_US","og_type":"article","og_title":"Multimodal transport | Bilogistik","og_description":"Discover our multimodal logistics service in which we combine air, land and sea transport.","og_url":"https:\/\/www.bilogistik.com\/en\/logistics-services\/multimodal-transport\/","og_site_name":"Bilogistik","article_modified_time":"2021-12-17T10:17:57+00:00","og_image":[{"url":"https:\/\/www.bilogistik.com\/wp-content\/uploads\/icono-unico-contrato.svg","type":"","width":"","height":""}],"twitter_card":"summary_large_image","twitter_misc":{"Est. reading time":"5 minutes"},"schema":{"@context":"https:\/\/schema.org","@graph":[{"@type":"WebPage","@id":"https:\/\/www.bilogistik.com\/en\/logistics-services\/multimodal-transport\/","url":"https:\/\/www.bilogistik.com\/en\/logistics-services\/multimodal-transport\/","name":"Multimodal transport | Bilogistik","isPartOf":{"@id":"https:\/\/www.bilogistik.com\/en\/#website"},"primaryImageOfPage":{"@id":"https:\/\/www.bilogistik.com\/en\/logistics-services\/multimodal-transport\/#primaryimage"},"image":{"@id":"https:\/\/www.bilogistik.com\/en\/logistics-services\/multimodal-transport\/#primaryimage"},"thumbnailUrl":"https:\/\/www.bilogistik.com\/wp-content\/uploads\/icono-unico-contrato.svg","datePublished":"2021-08-26T09:28:42+00:00","dateModified":"2021-12-17T10:17:57+00:00","description":"Discover our multimodal logistics service in which we combine air, land and sea transport.","breadcrumb":{"@id":"https:\/\/www.bilogistik.com\/en\/logistics-services\/multimodal-transport\/#breadcrumb"},"inLanguage":"en-US","potentialAction":[{"@type":"ReadAction","target":["https:\/\/www.bilogistik.com\/en\/logistics-services\/multimodal-transport\/"]}]},{"@type":"ImageObject","inLanguage":"en-US","@id":"https:\/\/www.bilogistik.com\/en\/logistics-services\/multimodal-transport\/#primaryimage","url":"https:\/\/www.bilogistik.com\/wp-content\/uploads\/icono-unico-contrato.svg","contentUrl":"https:\/\/www.bilogistik.com\/wp-content\/uploads\/icono-unico-contrato.svg"},{"@type":"BreadcrumbList","@id":"https:\/\/www.bilogistik.com\/en\/logistics-services\/multimodal-transport\/#breadcrumb","itemListElement":[{"@type":"ListItem","position":1,"name":"Logistics services","item":"https:\/\/www.bilogistik.com\/en\/logistics-services\/"},{"@type":"ListItem","position":2,"name":"Multimodal transport"}]},{"@type":"WebSite","@id":"https:\/\/www.bilogistik.com\/en\/#website","url":"https:\/\/www.bilogistik.com\/en\/","name":"Bilogistik","description":"","potentialAction":[{"@type":"SearchAction","target":{"@type":"EntryPoint","urlTemplate":"https:\/\/www.bilogistik.com\/en\/?s={search_term_string}"},"query-input":{"@type":"PropertyValueSpecification","valueRequired":true,"valueName":"search_term_string"}}],"inLanguage":"en-US"}]}},"_links":{"self":[{"href":"https:\/\/www.bilogistik.com\/en\/wp-json\/wp\/v2\/pages\/3188","targetHints":{"allow":["GET"]}}],"collection":[{"href":"https:\/\/www.bilogistik.com\/en\/wp-json\/wp\/v2\/pages"}],"about":[{"href":"https:\/\/www.bilogistik.com\/en\/wp-json\/wp\/v2\/types\/page"}],"author":[{"embeddable":true,"href":"https:\/\/www.bilogistik.com\/en\/wp-json\/wp\/v2\/users\/1"}],"replies":[{"embeddable":true,"href":"https:\/\/www.bilogistik.com\/en\/wp-json\/wp\/v2\/comments?post=3188"}],"version-history":[{"count":0,"href":"https:\/\/www.bilogistik.com\/en\/wp-json\/wp\/v2\/pages\/3188\/revisions"}],"up":[{"embeddable":true,"href":"https:\/\/www.bilogistik.com\/en\/wp-json\/wp\/v2\/pages\/3185"}],"wp:attachment":[{"href":"https:\/\/www.bilogistik.com\/en\/wp-json\/wp\/v2\/media?parent=3188"}],"curies":[{"name":"wp","href":"https:\/\/api.w.org\/{rel}","templated":true}]}}