{"id":3135,"date":"2021-08-25T11:43:27","date_gmt":"2021-08-25T11:43:27","guid":{"rendered":"https:\/\/www.bilogistik.com\/us\/bilogistik-group\/atxapunte\/"},"modified":"2021-12-20T10:25:33","modified_gmt":"2021-12-20T10:25:33","slug":"atxapunte","status":"publish","type":"page","link":"https:\/\/www.bilogistik.com\/en\/us\/bilogistik-group\/atxapunte\/","title":{"rendered":"Atxapunte"},"content":{"rendered":"\r\n<header class=\"entry-header\" style=\"background-image:url(\/wp-content\/uploads\/bg-atxapunte.jpg);min-height:400px\">\r\n<div class=\"container\">\r\n<h1 class=\"entry-title\">Atxapunte<\/h1>\r\n<\/div>\r\n<\/header>\r\n\r\n\r\n\r\n<section class=\"medio-gris\">\r\n<div class=\"container\">\r\n<div class=\"row\">\r\n<div class=\"col-5\">\r\n<img decoding=\"async\" src=\"https:\/\/www.bilogistik.com\/wp-content\/uploads\/2021\/10\/que-es-atxapunte.jpg\" alt=\"Atxapunte\">\r\n<\/div>\r\n<div class=\"col-1\">\r\n<\/div>\r\n<div class=\"col-6\">\r\n<h2>What is Atxapunte?<\/h2>\r\n<p>Atxapunte is a transport company belonging to the Bilogistik Group, with its facilities in the Port of Bilbao, which specialises in bulk cargoes of iron and steel products.<\/p>\r\n\r\n<p>Our company provides the road transport aspect of the logistics chain operated by the group. We have an extensive network of collaborators exclusively dedicated to the activity.<\/p>\r\n\r\n<p>Thanks to our fleet of 8 tractor units and 15 tipper trailers, we adapt to the traffic of bulk goods both nationally and internationally.<\/p>\r\n<\/div><\/div>\r\n<\/div><\/section>\r\n\r\n\r\n\r\n<section>\r\n<h2 class=\"text-center\">Bilogistik Group<\/h2>\r\n<ul class=\"servicios grupo\">\r\n<li><img decoding=\"async\" src=\"https:\/\/www.bilogistik.com\/wp-content\/uploads\/2021\/12\/grupo-bilogistik-navisa.jpg\" alt=\"NAVISA ALFASHIP\" \/>\r\n<h3>NAVISA ALFASHIP<\/h3>\r\n<p><strong>Multimodal transport<\/strong><\/p>\r\n<p>A professional team in ship agency procedures at both national and international level.<\/p>\r\n<a class=\"button simple cta-info\" href=\"https:\/\/www.bilogistik.com\/en\/us\/bilogistik-group\/navisa\/\">More information<\/a><\/li>\r\n<li><img decoding=\"async\" src=\"https:\/\/www.bilogistik.com\/wp-content\/uploads\/2021\/12\/grupo-bilogistik-ancoa.jpg\" alt=\"ANCOA XXI\" \/>\r\n<h3>ANCOA XXI<\/h3>\r\n<p><strong>Land transport<\/strong><\/p>\r\n<p>Specialist company dedicated to the transport of solid bulk cargo, petcoke, sulphur and asphalt.<\/p>\r\n<a class=\"button simple cta-info\" href=\"https:\/\/www.bilogistik.com\/en\/us\/bilogistik-group\/ancoa-xxi\/\">More information<\/a><\/li>\r\n<\/ul>\r\n<\/section>\r\n\r\n\r\n\r\n<section class=\"text-center max-900 doble-margin\">\r\n<h2>Clientes<\/h2>\r\n<p>En Bilogistik contamos con amplia experiencia en el desarrollo de soluciones log\u00edsticas \u00e1giles y de alto valor. Ayudamos a empresas de todo tipo de sectores a mantener su liderazgo, as\u00ed como a potenciar su competitividad con nuestras soluciones a medida.<\/p>\r\n<ul class=\"clientes\">\r\n<li><img decoding=\"async\" src=\"https:\/\/www.bilogistik.com\/wp-content\/uploads\/2021\/09\/logo-repsol.png\" alt=\"Logo Repsol\" \/><\/li>\r\n<li><img decoding=\"async\" src=\"https:\/\/www.bilogistik.com\/wp-content\/uploads\/2021\/09\/logo-petronor.png\" alt=\"Logo Petronor\" \/><\/li>\r\n<li><img decoding=\"async\" src=\"https:\/\/www.bilogistik.com\/wp-content\/uploads\/2021\/09\/logo-nizi.png\" alt=\"Logo Nizi\" \/><\/li>\r\n<li><img decoding=\"async\" src=\"https:\/\/www.bilogistik.com\/wp-content\/uploads\/2021\/09\/logo-rio-tinto.png\" alt=\"Logo Riotinto\" \/><\/li>\r\n<\/ul>\r\n<\/section>\r\n\r\n\r\n\r\n<section>\r\n<div class=\"row\">\r\n<div class=\"col-6\">\r\n<img decoding=\"async\" src=\"https:\/\/www.bilogistik.com\/wp-content\/uploads\/2021\/10\/contacto.jpg\" alt=\"Contacta con Bilogistik\">\r\n<\/div>\r\n<div class=\"col-6\">\r\n<h2 class=\"oscuro lower\">Contacta con nuestros expertos<\/h2>\r\n<p>\u00bfQuieres saber m\u00e1s sobre nuestros servicios log\u00edsticos?<\/p>\r\n<p>\u00bfDeseas solicitar un presupuesto? <br>Contacta con nuestro equipo de expertos para una atenci\u00f3n personalizada.<\/p>\r\n<a class=\"button cta-primary\" href=\"https:\/\/www.bilogistik.com\/contacto\/\">Contactar<\/a>\r\n<a class=\"button cta-primary\" href=\"https:\/\/www.bilogistik.com\/contacto\/pide-presupuesto\/\">Solicita presupuesto<\/a>\r\n<\/div>\r\n<\/div><\/section>\r\n\r\n\r\n\r\n<p><\/p>\r\n","protected":false},"excerpt":{"rendered":"<p>Atxapunte What is Atxapunte? Atxapunte is a transport company belonging to the Bilogistik Group, with its facilities in the Port of Bilbao, which specialises in [&hellip;]<\/p>\n","protected":false},"author":1,"featured_media":0,"parent":3106,"menu_order":2,"comment_status":"closed","ping_status":"closed","template":"","meta":{"om_disable_all_campaigns":false,"_monsterinsights_skip_tracking":false,"_monsterinsights_sitenote_active":false,"_monsterinsights_sitenote_note":"","_monsterinsights_sitenote_category":0,"footnotes":""},"class_list":["post-3135","page","type-page","status-publish","hentry"],"aioseo_notices":[],"yoast_head":"<!-- This site is optimized with the Yoast SEO plugin v27.5 - https:\/\/yoast.com\/product\/yoast-seo-wordpress\/ -->\n<title>Atxapunte | Bilogistik Group<\/title>\n<meta name=\"description\" content=\"Atxapunte, specialist providers of highly efficient and quality land transport for bulk goods, a member of the Bilogistik Group.\" \/>\n<meta name=\"robots\" content=\"index, follow, max-snippet:-1, max-image-preview:large, max-video-preview:-1\" \/>\n<link rel=\"canonical\" href=\"https:\/\/www.bilogistik.com\/en\/us\/bilogistik-group\/atxapunte\/\" \/>\n<meta property=\"og:locale\" content=\"en_US\" \/>\n<meta property=\"og:type\" content=\"article\" \/>\n<meta property=\"og:title\" content=\"Atxapunte | Bilogistik Group\" \/>\n<meta property=\"og:description\" content=\"Atxapunte, specialist providers of highly efficient and quality land transport for bulk goods, a member of the Bilogistik Group.\" \/>\n<meta property=\"og:url\" content=\"https:\/\/www.bilogistik.com\/en\/us\/bilogistik-group\/atxapunte\/\" \/>\n<meta property=\"og:site_name\" content=\"Bilogistik\" \/>\n<meta property=\"article:modified_time\" content=\"2021-12-20T10:25:33+00:00\" \/>\n<meta property=\"og:image\" content=\"https:\/\/www.bilogistik.com\/wp-content\/uploads\/2021\/10\/que-es-atxapunte.jpg\" \/>\n<meta name=\"twitter:card\" content=\"summary_large_image\" \/>\n<meta name=\"twitter:label1\" content=\"Est. reading time\" \/>\n\t<meta name=\"twitter:data1\" content=\"1 minute\" \/>\n<script type=\"application\/ld+json\" class=\"yoast-schema-graph\">{\"@context\":\"https:\\\/\\\/schema.org\",\"@graph\":[{\"@type\":\"WebPage\",\"@id\":\"https:\\\/\\\/www.bilogistik.com\\\/en\\\/us\\\/bilogistik-group\\\/atxapunte\\\/\",\"url\":\"https:\\\/\\\/www.bilogistik.com\\\/en\\\/us\\\/bilogistik-group\\\/atxapunte\\\/\",\"name\":\"Atxapunte | Bilogistik Group\",\"isPartOf\":{\"@id\":\"https:\\\/\\\/www.bilogistik.com\\\/en\\\/#website\"},\"primaryImageOfPage\":{\"@id\":\"https:\\\/\\\/www.bilogistik.com\\\/en\\\/us\\\/bilogistik-group\\\/atxapunte\\\/#primaryimage\"},\"image\":{\"@id\":\"https:\\\/\\\/www.bilogistik.com\\\/en\\\/us\\\/bilogistik-group\\\/atxapunte\\\/#primaryimage\"},\"thumbnailUrl\":\"https:\\\/\\\/www.bilogistik.com\\\/wp-content\\\/uploads\\\/2021\\\/10\\\/que-es-atxapunte.jpg\",\"datePublished\":\"2021-08-25T11:43:27+00:00\",\"dateModified\":\"2021-12-20T10:25:33+00:00\",\"description\":\"Atxapunte, specialist providers of highly efficient and quality land transport for bulk goods, a member of the Bilogistik Group.\",\"breadcrumb\":{\"@id\":\"https:\\\/\\\/www.bilogistik.com\\\/en\\\/us\\\/bilogistik-group\\\/atxapunte\\\/#breadcrumb\"},\"inLanguage\":\"en-US\",\"potentialAction\":[{\"@type\":\"ReadAction\",\"target\":[\"https:\\\/\\\/www.bilogistik.com\\\/en\\\/us\\\/bilogistik-group\\\/atxapunte\\\/\"]}]},{\"@type\":\"ImageObject\",\"inLanguage\":\"en-US\",\"@id\":\"https:\\\/\\\/www.bilogistik.com\\\/en\\\/us\\\/bilogistik-group\\\/atxapunte\\\/#primaryimage\",\"url\":\"https:\\\/\\\/www.bilogistik.com\\\/wp-content\\\/uploads\\\/2021\\\/10\\\/que-es-atxapunte.jpg\",\"contentUrl\":\"https:\\\/\\\/www.bilogistik.com\\\/wp-content\\\/uploads\\\/2021\\\/10\\\/que-es-atxapunte.jpg\"},{\"@type\":\"BreadcrumbList\",\"@id\":\"https:\\\/\\\/www.bilogistik.com\\\/en\\\/us\\\/bilogistik-group\\\/atxapunte\\\/#breadcrumb\",\"itemListElement\":[{\"@type\":\"ListItem\",\"position\":1,\"name\":\"About us\",\"item\":\"https:\\\/\\\/www.bilogistik.com\\\/en\\\/us\\\/\"},{\"@type\":\"ListItem\",\"position\":2,\"name\":\"Bilogistik Group\",\"item\":\"https:\\\/\\\/www.bilogistik.com\\\/en\\\/us\\\/bilogistik-group\\\/\"},{\"@type\":\"ListItem\",\"position\":3,\"name\":\"Atxapunte\"}]},{\"@type\":\"WebSite\",\"@id\":\"https:\\\/\\\/www.bilogistik.com\\\/en\\\/#website\",\"url\":\"https:\\\/\\\/www.bilogistik.com\\\/en\\\/\",\"name\":\"Bilogistik\",\"description\":\"\",\"potentialAction\":[{\"@type\":\"SearchAction\",\"target\":{\"@type\":\"EntryPoint\",\"urlTemplate\":\"https:\\\/\\\/www.bilogistik.com\\\/en\\\/?s={search_term_string}\"},\"query-input\":{\"@type\":\"PropertyValueSpecification\",\"valueRequired\":true,\"valueName\":\"search_term_string\"}}],\"inLanguage\":\"en-US\"}]}<\/script>\n<!-- \/ Yoast SEO plugin. -->","yoast_head_json":{"title":"Atxapunte | Bilogistik Group","description":"Atxapunte, specialist providers of highly efficient and quality land transport for bulk goods, a member of the Bilogistik Group.","robots":{"index":"index","follow":"follow","max-snippet":"max-snippet:-1","max-image-preview":"max-image-preview:large","max-video-preview":"max-video-preview:-1"},"canonical":"https:\/\/www.bilogistik.com\/en\/us\/bilogistik-group\/atxapunte\/","og_locale":"en_US","og_type":"article","og_title":"Atxapunte | Bilogistik Group","og_description":"Atxapunte, specialist providers of highly efficient and quality land transport for bulk goods, a member of the Bilogistik Group.","og_url":"https:\/\/www.bilogistik.com\/en\/us\/bilogistik-group\/atxapunte\/","og_site_name":"Bilogistik","article_modified_time":"2021-12-20T10:25:33+00:00","og_image":[{"url":"https:\/\/www.bilogistik.com\/wp-content\/uploads\/2021\/10\/que-es-atxapunte.jpg","type":"","width":"","height":""}],"twitter_card":"summary_large_image","twitter_misc":{"Est. reading time":"1 minute"},"schema":{"@context":"https:\/\/schema.org","@graph":[{"@type":"WebPage","@id":"https:\/\/www.bilogistik.com\/en\/us\/bilogistik-group\/atxapunte\/","url":"https:\/\/www.bilogistik.com\/en\/us\/bilogistik-group\/atxapunte\/","name":"Atxapunte | Bilogistik Group","isPartOf":{"@id":"https:\/\/www.bilogistik.com\/en\/#website"},"primaryImageOfPage":{"@id":"https:\/\/www.bilogistik.com\/en\/us\/bilogistik-group\/atxapunte\/#primaryimage"},"image":{"@id":"https:\/\/www.bilogistik.com\/en\/us\/bilogistik-group\/atxapunte\/#primaryimage"},"thumbnailUrl":"https:\/\/www.bilogistik.com\/wp-content\/uploads\/2021\/10\/que-es-atxapunte.jpg","datePublished":"2021-08-25T11:43:27+00:00","dateModified":"2021-12-20T10:25:33+00:00","description":"Atxapunte, specialist providers of highly efficient and quality land transport for bulk goods, a member of the Bilogistik Group.","breadcrumb":{"@id":"https:\/\/www.bilogistik.com\/en\/us\/bilogistik-group\/atxapunte\/#breadcrumb"},"inLanguage":"en-US","potentialAction":[{"@type":"ReadAction","target":["https:\/\/www.bilogistik.com\/en\/us\/bilogistik-group\/atxapunte\/"]}]},{"@type":"ImageObject","inLanguage":"en-US","@id":"https:\/\/www.bilogistik.com\/en\/us\/bilogistik-group\/atxapunte\/#primaryimage","url":"https:\/\/www.bilogistik.com\/wp-content\/uploads\/2021\/10\/que-es-atxapunte.jpg","contentUrl":"https:\/\/www.bilogistik.com\/wp-content\/uploads\/2021\/10\/que-es-atxapunte.jpg"},{"@type":"BreadcrumbList","@id":"https:\/\/www.bilogistik.com\/en\/us\/bilogistik-group\/atxapunte\/#breadcrumb","itemListElement":[{"@type":"ListItem","position":1,"name":"About us","item":"https:\/\/www.bilogistik.com\/en\/us\/"},{"@type":"ListItem","position":2,"name":"Bilogistik Group","item":"https:\/\/www.bilogistik.com\/en\/us\/bilogistik-group\/"},{"@type":"ListItem","position":3,"name":"Atxapunte"}]},{"@type":"WebSite","@id":"https:\/\/www.bilogistik.com\/en\/#website","url":"https:\/\/www.bilogistik.com\/en\/","name":"Bilogistik","description":"","potentialAction":[{"@type":"SearchAction","target":{"@type":"EntryPoint","urlTemplate":"https:\/\/www.bilogistik.com\/en\/?s={search_term_string}"},"query-input":{"@type":"PropertyValueSpecification","valueRequired":true,"valueName":"search_term_string"}}],"inLanguage":"en-US"}]}},"_links":{"self":[{"href":"https:\/\/www.bilogistik.com\/en\/wp-json\/wp\/v2\/pages\/3135","targetHints":{"allow":["GET"]}}],"collection":[{"href":"https:\/\/www.bilogistik.com\/en\/wp-json\/wp\/v2\/pages"}],"about":[{"href":"https:\/\/www.bilogistik.com\/en\/wp-json\/wp\/v2\/types\/page"}],"author":[{"embeddable":true,"href":"https:\/\/www.bilogistik.com\/en\/wp-json\/wp\/v2\/users\/1"}],"replies":[{"embeddable":true,"href":"https:\/\/www.bilogistik.com\/en\/wp-json\/wp\/v2\/comments?post=3135"}],"version-history":[{"count":0,"href":"https:\/\/www.bilogistik.com\/en\/wp-json\/wp\/v2\/pages\/3135\/revisions"}],"up":[{"embeddable":true,"href":"https:\/\/www.bilogistik.com\/en\/wp-json\/wp\/v2\/pages\/3106"}],"wp:attachment":[{"href":"https:\/\/www.bilogistik.com\/en\/wp-json\/wp\/v2\/media?parent=3135"}],"curies":[{"name":"wp","href":"https:\/\/api.w.org\/{rel}","templated":true}]}}